{"id":2911,"date":"2024-10-03T14:08:57","date_gmt":"2024-10-03T12:08:57","guid":{"rendered":"https:\/\/www.kierr.nl\/erklaerung-zum-datenschutz\/"},"modified":"2025-05-16T12:33:29","modified_gmt":"2025-05-16T10:33:29","slug":"erklaerung-zum-datenschutz","status":"publish","type":"page","link":"https:\/\/kierr.nl\/de\/erklaerung-zum-datenschutz\/","title":{"rendered":"Erkl\u00e4rung zum Datenschutz"},"content":{"rendered":"\t\t<div data-elementor-type=\"wp-page\" data-elementor-id=\"2911\" class=\"elementor elementor-2911 elementor-2877\" data-elementor-post-type=\"page\">\n\t\t\t\t<div class=\"elementor-element elementor-element-b1dde98 e-flex e-con-boxed e-con e-parent\" data-id=\"b1dde98\" data-element_type=\"container\" data-e-type=\"container\">\n\t\t\t\t\t<div class=\"e-con-inner\">\n\t\t\t\t<div class=\"elementor-element elementor-element-8626587 elementor-widget elementor-widget-text-editor\" data-id=\"8626587\" data-element_type=\"widget\" data-e-type=\"widget\" data-widget_type=\"text-editor.default\">\n\t\t\t\t<div class=\"elementor-widget-container\">\n\t\t\t\t\t\t\t\t\t<h2>ERKL\u00c4RUNG ZUM DATENSCHUTZ<\/h2><h5>VERARBEITETE PERSONENBEZOGENE DATEN<\/h5><p>Kierr kann personenbezogene Daten \u00fcber Sie verarbeiten, weil Sie die Dienste von Kierr in Anspruch nehmen und\/oder weil Sie diese Daten selbst an Kierr weitergeben, wenn Sie ein Kontaktformular auf der Website ausf\u00fcllen. Kierr kann die folgenden personenbezogenen Daten verarbeiten: <\/p><p>- Ihr Vor- und Nachname<\/p><p>- Ihre Adressdaten<\/p><p>- Ihre Telefonnummer<\/p><p>- Ihre E-Mail Adresse<\/p><p>- Ihre IP-Adresse<\/p><h5>WARUM KIERR DATEN BRAUCHT<\/h5><p>Kierr verarbeitet Ihre personenbezogenen Daten, um Sie telefonisch zu kontaktieren, wenn Sie dies w\u00fcnschen, und\/oder um Sie schriftlich (per E-Mail und\/oder per Post) zu kontaktieren, falls Sie telefonisch nicht erreichbar sind. Dar\u00fcber hinaus kann Kierr Ihre personenbezogenen Daten zur Erf\u00fcllung eines Vertrages mit Ihnen verwenden, der in der Regel aus juristischen Dienstleistungen besteht. <\/p><h5>WIE LANGE KIERR DATEN SPEICHERT<\/h5><p>Kierr wird Ihre pers\u00f6nlichen Daten nicht l\u00e4nger aufbewahren als unbedingt notwendig, um die Zwecke zu erf\u00fcllen, f\u00fcr die Ihre Daten erhoben wurden. Ihre Daten werden nicht l\u00e4nger als ein Jahr aufbewahrt, wenn kein Vertrag mit Ihnen geschlossen wird. <\/p><h5>MIT ANDEREN TEILEN<\/h5><p>Kierr wird Ihre pers\u00f6nlichen Daten nur dann an Dritte weitergeben, wenn dies f\u00fcr die Erf\u00fcllung eines Vertrags mit Ihnen oder zur Erf\u00fcllung einer gesetzlichen Verpflichtung erforderlich ist.<\/p><h5>KARTIERUNG DES WEBSITE-VERKEHRS<\/h5><p>Die Kierr-Website erfasst allgemeine Besucherdaten, einschlie\u00dflich der IP-Adresse Ihres Computers und der Uhrzeit des Abrufs sowie der von Ihrem Browser gesendeten Daten. Diese Daten werden f\u00fcr Analysen des Besuchs- und Klickverhaltens auf der Website verwendet. Kierr verwendet diese Informationen, um die Funktionsweise der Website zu verbessern. Diese Daten sind so weit wie m\u00f6glich anonymisiert und werden nicht an Dritte weitergegeben.   <\/p><h5>GOOGLE-ANALYSEN<\/h5><p>Kierr verwendet Google Analytics, um zu verfolgen, wie Nutzer die Website nutzen und wie effektiv die Adwords-Anzeigen von Kierr auf den Google-Suchergebnisseiten sind. Die so gewonnenen Informationen, einschlie\u00dflich der Adresse Ihres Computers (IP-Adresse), werden an Google \u00fcbertragen und von Google auf Servern in den Vereinigten Staaten gespeichert. Bitte lesen Sie die Datenschutzbestimmungen von Google f\u00fcr weitere Informationen. Die Datenschutzbestimmungen von Google Analytics finden Sie auch hier. Google verwendet diese Informationen, um zu verfolgen, wie unsere Website genutzt wird, um Kierr Berichte \u00fcber die Website zur Verf\u00fcgung zu stellen und um seine Werbekunden mit Informationen \u00fcber die Effektivit\u00e4t ihrer Kampagnen zu versorgen. Google wird diese Informationen gegebenenfalls an Dritte \u00fcbertragen, sofern dies gesetzlich vorgeschrieben ist oder soweit Dritte diese Daten im Auftrag von Google verarbeiten. Kierr hat hierauf keinen Einfluss. Kierr hat Google nicht die Erlaubnis erteilt, die durch Kierr erhaltenen Analytics-Informationen f\u00fcr andere Google-Dienste zu verwenden.       <\/p><h5>FACEBOOK PIXEL<\/h5><p>Diese Website verwendet ein Facebook-Pixel. Dies ist ein von Facebook bereitgestelltes Analysetool. Dieses Tool hilft uns bei der Analyse der Website, mit der wir das Facebook-Erlebnis unserer Nutzer verbessern k\u00f6nnen. Die von diesem Cookie erzeugten Informationen werden an die Server von Facebook \u00fcbermittelt und dort gespeichert. Der Cookie speichert nur Informationen dar\u00fcber, welche Facebook-Nutzer die Website besuchen und welche Seiten sie besucht haben. Au\u00dferdem verfolgt dieses Pixel das Verhalten der Nutzer, nachdem sie eine Facebook-Anzeige gesehen oder angeklickt haben. Auf diese Weise bewertet Facebook die Wirksamkeit der Anzeigen. Dank des Pixels ist es uns m\u00f6glich, Website-Besuchern auch eine Anzeige auf der Facebook-Plattform zu zeigen. Die erhaltenen Daten sind f\u00fcr uns anonym und geben uns keine weiteren Informationen \u00fcber Ihre Identit\u00e4t. Die Daten werden jedoch von Facebook gespeichert und so verarbeitet, dass sie mit einem bestimmten Benutzerprofil verkn\u00fcpft werden k\u00f6nnen. Facebook kann die Daten daher f\u00fcr seine eigenen Werbezwecke nutzen. Lesen Sie <a href=\"https:\/\/www.facebook.com\/about\/privacy\/\">die Datenschutzbestimmungen von Facebook<\/a> hier.          <\/p><h5>COOKIES<\/h5><p>\"Was ist ein Keks?<br>Wir verwenden Cookies auf dieser Website. Ein Cookie ist eine einfache kleine Datei, die mit Seiten dieser Website [und\/oder Flash-Anwendungen] verschickt und von Ihrem Browser auf der Festplatte Ihres Computers gespeichert wird. Die darin gespeicherten Informationen k\u00f6nnen bei Ihrem n\u00e4chsten Besuch an unsere Server zur\u00fcckgeschickt werden.\"  <\/p><p>\" Verwendung von Session-Cookies<br>Ein Session-Cookie erm\u00f6glicht es uns zu sehen, welche Teile der Website Sie bei diesem Besuch angesehen haben. Dies erm\u00f6glicht es uns, unseren Service so weit wie m\u00f6glich an das Surfverhalten unserer Besucher anzupassen. Diese Cookies werden automatisch gel\u00f6scht, sobald Sie Ihren Webbrowser schlie\u00dfen.\"  <\/p><p>\"Tracking-Cookies\" von unseren Werbekunden<br>Mit Ihrer Erlaubnis platzieren unsere Werbekunden \"Tracking-Cookies\" auf Ihrem Ger\u00e4t. Sie verwenden diese Cookies, um zu verfolgen, welche Seiten Sie in ihrem Netzwerk besuchen, um ein Profil Ihres Online-Surfverhaltens zu erstellen. Dieses Profil wird teilweise auf der Grundlage \u00e4hnlicher Informationen erstellt, die sie von Ihren Besuchen auf anderen Websites aus ihrem Netzwerk erhalten. Dieses Profil ist nicht mit Ihrem Namen, Ihrer Adresse, Ihrer E-Mail-Adresse und dergleichen verkn\u00fcpft, die uns bekannt sind, sondern dient lediglich dazu, Werbung auf Ihr Profil abzustimmen, damit sie f\u00fcr Sie so relevant wie m\u00f6glich ist.\"   <\/p><p><br>\"Weitere Informationen zur Aktivierung, Deaktivierung und L\u00f6schung von Cookies finden Sie in der Anleitung und\/oder in der Hilfefunktion Ihres Browsers.<\/p><h5>DATEN EINSEHEN, \u00c4NDERN ODER L\u00d6SCHEN<\/h5><p>Sie haben das Recht, Ihre pers\u00f6nlichen Daten einzusehen, zu korrigieren oder zu l\u00f6schen. Sie k\u00f6nnen einen Antrag auf Einsicht, Berichtigung oder L\u00f6schung an <a href=\"mailto:info@kierr.nl\">info@kierr.nl senden .<\/a> Kierr wird Ihre Anfrage so schnell wie m\u00f6glich, jedoch innerhalb von vier Wochen, beantworten.  <\/p><h5>SAFE<\/h5><p>Kierr nimmt den Schutz Ihrer Daten ernst und ergreift geeignete Ma\u00dfnahmen zum Schutz vor Missbrauch, Verlust, unbefugtem Zugriff, unerw\u00fcnschter Offenlegung und unbefugter \u00c4nderung. Die Kierr-Website verwendet ein zuverl\u00e4ssiges SSL-Zertifikat, um sicherzustellen, dass Ihre pers\u00f6nlichen Daten nicht in die falschen H\u00e4nde geraten. <\/p><p>Wenn Sie das Gef\u00fchl haben, dass Ihre Daten nicht sicher sind oder es Anzeichen f\u00fcr einen Missbrauch gibt, oder wenn Sie weitere Informationen \u00fcber die Sicherheit der von Kierr erfassten pers\u00f6nlichen Daten w\u00fcnschen, wenden Sie sich bitte an Kierr unter info@kierr.nl. <a href=\"https:\/\/kierr.nl\/de\/\">www.kierr.nl<\/a> ist eine Website von Kierr.<\/p><p>Registrierungsnummer der Handelskammer: 96662263<\/p><p>E-Mail Adresse: info@kierr.nl<\/p>\t\t\t\t\t\t\t\t<\/div>\n\t\t\t\t<\/div>\n\t\t\t\t\t<\/div>\n\t\t\t\t<\/div>\n\t\t\t\t<\/div>\n\t\t","protected":false},"excerpt":{"rendered":"<p>ERKL\u00c4RUNG ZUM DATENSCHUTZ VERARBEITETE PERSONENBEZOGENE DATEN Kierr kann personenbezogene Daten \u00fcber Sie verarbeiten, weil Sie die Dienste von Kierr in Anspruch nehmen und\/oder weil Sie diese Daten selbst an Kierr weitergeben, wenn Sie ein Kontaktformular auf der Website ausf\u00fcllen. Kierr kann die folgenden personenbezogenen Daten verarbeiten: - Ihr Vor- und Nachname - Ihre Adressdaten - [&hellip;]<\/p>\n","protected":false},"author":3,"featured_media":0,"parent":0,"menu_order":0,"comment_status":"closed","ping_status":"closed","template":"","meta":{"_acf_changed":false,"site-sidebar-layout":"no-sidebar","site-content-layout":"page-builder","ast-site-content-layout":"full-width-container","site-content-style":"default","site-sidebar-style":"default","ast-global-header-display":"","ast-banner-title-visibility":"","ast-main-header-display":"","ast-hfb-above-header-display":"","ast-hfb-below-header-display":"","ast-hfb-mobile-header-display":"","site-post-title":"disabled","ast-breadcrumbs-content":"","ast-featured-img":"disabled","footer-sml-layout":"","ast-disable-related-posts":"","theme-transparent-header-meta":"","adv-header-id-meta":"","stick-header-meta":"","header-above-stick-meta":"","header-main-stick-meta":"","header-below-stick-meta":"","astra-migrate-meta-layouts":"default","ast-page-background-enabled":"default","ast-page-background-meta":{"desktop":{"background-color":"var(--ast-global-color-4)","background-image":"","background-repeat":"repeat","background-position":"center center","background-size":"auto","background-attachment":"scroll","background-type":"","background-media":"","overlay-type":"","overlay-color":"","overlay-opacity":"","overlay-gradient":""},"tablet":{"background-color":"","background-image":"","background-repeat":"repeat","background-position":"center center","background-size":"auto","background-attachment":"scroll","background-type":"","background-media":"","overlay-type":"","overlay-color":"","overlay-opacity":"","overlay-gradient":""},"mobile":{"background-color":"","background-image":"","background-repeat":"repeat","background-position":"center center","background-size":"auto","background-attachment":"scroll","background-type":"","background-media":"","overlay-type":"","overlay-color":"","overlay-opacity":"","overlay-gradient":""}},"ast-content-background-meta":{"desktop":{"background-color":"var(--ast-global-color-5)","background-image":"","background-repeat":"repeat","background-position":"center center","background-size":"auto","background-attachment":"scroll","background-type":"","background-media":"","overlay-type":"","overlay-color":"","overlay-opacity":"","overlay-gradient":""},"tablet":{"background-color":"var(--ast-global-color-5)","background-image":"","background-repeat":"repeat","background-position":"center center","background-size":"auto","background-attachment":"scroll","background-type":"","background-media":"","overlay-type":"","overlay-color":"","overlay-opacity":"","overlay-gradient":""},"mobile":{"background-color":"var(--ast-global-color-5)","background-image":"","background-repeat":"repeat","background-position":"center center","background-size":"auto","background-attachment":"scroll","background-type":"","background-media":"","overlay-type":"","overlay-color":"","overlay-opacity":"","overlay-gradient":""}},"footnotes":""},"class_list":["post-2911","page","type-page","status-publish","hentry"],"acf":[],"yoast_head":"<!-- This site is optimized with the Yoast SEO plugin v27.4 - https:\/\/yoast.com\/product\/yoast-seo-wordpress\/ -->\n<title>Erkl\u00e4rung zum Datenschutz - Kierr.nl<\/title>\n<meta name=\"robots\" content=\"index, follow, max-snippet:-1, max-image-preview:large, max-video-preview:-1\" \/>\n<link rel=\"canonical\" href=\"https:\/\/kierr.nl\/de\/erklaerung-zum-datenschutz\/\" \/>\n<meta property=\"og:locale\" content=\"de_DE\" \/>\n<meta property=\"og:type\" content=\"article\" \/>\n<meta property=\"og:title\" content=\"Erkl\u00e4rung zum Datenschutz - Kierr.nl\" \/>\n<meta property=\"og:description\" content=\"ERKL\u00c4RUNG ZUM DATENSCHUTZ VERARBEITETE PERSONENBEZOGENE DATEN Kierr kann personenbezogene Daten \u00fcber Sie verarbeiten, weil Sie die Dienste von Kierr in Anspruch nehmen und\/oder weil Sie diese Daten selbst an Kierr weitergeben, wenn Sie ein Kontaktformular auf der Website ausf\u00fcllen. Kierr kann die folgenden personenbezogenen Daten verarbeiten: - Ihr Vor- und Nachname - Ihre Adressdaten - [&hellip;]\" \/>\n<meta property=\"og:url\" content=\"https:\/\/kierr.nl\/de\/erklaerung-zum-datenschutz\/\" \/>\n<meta property=\"og:site_name\" content=\"Kierr.nl\" \/>\n<meta property=\"article:modified_time\" content=\"2025-05-16T10:33:29+00:00\" \/>\n<meta name=\"twitter:card\" content=\"summary_large_image\" \/>\n<meta name=\"twitter:label1\" content=\"Gesch\u00e4tzte Lesezeit\" \/>\n\t<meta name=\"twitter:data1\" content=\"5 Minuten\" \/>\n<script type=\"application\/ld+json\" class=\"yoast-schema-graph\">{\"@context\":\"https:\\\/\\\/schema.org\",\"@graph\":[{\"@type\":\"WebPage\",\"@id\":\"https:\\\/\\\/kierr.nl\\\/de\\\/erklaerung-zum-datenschutz\\\/\",\"url\":\"https:\\\/\\\/kierr.nl\\\/de\\\/erklaerung-zum-datenschutz\\\/\",\"name\":\"Erkl\u00e4rung zum Datenschutz - Kierr.nl\",\"isPartOf\":{\"@id\":\"https:\\\/\\\/kierr.nl\\\/de\\\/#website\"},\"datePublished\":\"2024-10-03T12:08:57+00:00\",\"dateModified\":\"2025-05-16T10:33:29+00:00\",\"breadcrumb\":{\"@id\":\"https:\\\/\\\/kierr.nl\\\/de\\\/erklaerung-zum-datenschutz\\\/#breadcrumb\"},\"inLanguage\":\"de\",\"potentialAction\":[{\"@type\":\"ReadAction\",\"target\":[\"https:\\\/\\\/kierr.nl\\\/de\\\/erklaerung-zum-datenschutz\\\/\"]}]},{\"@type\":\"BreadcrumbList\",\"@id\":\"https:\\\/\\\/kierr.nl\\\/de\\\/erklaerung-zum-datenschutz\\\/#breadcrumb\",\"itemListElement\":[{\"@type\":\"ListItem\",\"position\":1,\"name\":\"Startseite\",\"item\":\"https:\\\/\\\/kierr.nl\\\/de\\\/\"},{\"@type\":\"ListItem\",\"position\":2,\"name\":\"Erkl\u00e4rung zum Datenschutz\"}]},{\"@type\":\"WebSite\",\"@id\":\"https:\\\/\\\/kierr.nl\\\/de\\\/#website\",\"url\":\"https:\\\/\\\/kierr.nl\\\/de\\\/\",\"name\":\"Kierr.nl\",\"description\":\"Deur- en raambeslag\",\"potentialAction\":[{\"@type\":\"SearchAction\",\"target\":{\"@type\":\"EntryPoint\",\"urlTemplate\":\"https:\\\/\\\/kierr.nl\\\/de\\\/?s={search_term_string}\"},\"query-input\":{\"@type\":\"PropertyValueSpecification\",\"valueRequired\":true,\"valueName\":\"search_term_string\"}}],\"inLanguage\":\"de\"}]}<\/script>\n<!-- \/ Yoast SEO plugin. -->","yoast_head_json":{"title":"Erkl\u00e4rung zum Datenschutz - Kierr.nl","robots":{"index":"index","follow":"follow","max-snippet":"max-snippet:-1","max-image-preview":"max-image-preview:large","max-video-preview":"max-video-preview:-1"},"canonical":"https:\/\/kierr.nl\/de\/erklaerung-zum-datenschutz\/","og_locale":"de_DE","og_type":"article","og_title":"Erkl\u00e4rung zum Datenschutz - Kierr.nl","og_description":"ERKL\u00c4RUNG ZUM DATENSCHUTZ VERARBEITETE PERSONENBEZOGENE DATEN Kierr kann personenbezogene Daten \u00fcber Sie verarbeiten, weil Sie die Dienste von Kierr in Anspruch nehmen und\/oder weil Sie diese Daten selbst an Kierr weitergeben, wenn Sie ein Kontaktformular auf der Website ausf\u00fcllen. Kierr kann die folgenden personenbezogenen Daten verarbeiten: - Ihr Vor- und Nachname - Ihre Adressdaten - [&hellip;]","og_url":"https:\/\/kierr.nl\/de\/erklaerung-zum-datenschutz\/","og_site_name":"Kierr.nl","article_modified_time":"2025-05-16T10:33:29+00:00","twitter_card":"summary_large_image","twitter_misc":{"Gesch\u00e4tzte Lesezeit":"5 Minuten"},"schema":{"@context":"https:\/\/schema.org","@graph":[{"@type":"WebPage","@id":"https:\/\/kierr.nl\/de\/erklaerung-zum-datenschutz\/","url":"https:\/\/kierr.nl\/de\/erklaerung-zum-datenschutz\/","name":"Erkl\u00e4rung zum Datenschutz - Kierr.nl","isPartOf":{"@id":"https:\/\/kierr.nl\/de\/#website"},"datePublished":"2024-10-03T12:08:57+00:00","dateModified":"2025-05-16T10:33:29+00:00","breadcrumb":{"@id":"https:\/\/kierr.nl\/de\/erklaerung-zum-datenschutz\/#breadcrumb"},"inLanguage":"de","potentialAction":[{"@type":"ReadAction","target":["https:\/\/kierr.nl\/de\/erklaerung-zum-datenschutz\/"]}]},{"@type":"BreadcrumbList","@id":"https:\/\/kierr.nl\/de\/erklaerung-zum-datenschutz\/#breadcrumb","itemListElement":[{"@type":"ListItem","position":1,"name":"Startseite","item":"https:\/\/kierr.nl\/de\/"},{"@type":"ListItem","position":2,"name":"Erkl\u00e4rung zum Datenschutz"}]},{"@type":"WebSite","@id":"https:\/\/kierr.nl\/de\/#website","url":"https:\/\/kierr.nl\/de\/","name":"Kierr.nl","description":"Deur- en raambeslag","potentialAction":[{"@type":"SearchAction","target":{"@type":"EntryPoint","urlTemplate":"https:\/\/kierr.nl\/de\/?s={search_term_string}"},"query-input":{"@type":"PropertyValueSpecification","valueRequired":true,"valueName":"search_term_string"}}],"inLanguage":"de"}]}},"_links":{"self":[{"href":"https:\/\/kierr.nl\/de\/wp-json\/wp\/v2\/pages\/2911","targetHints":{"allow":["GET"]}}],"collection":[{"href":"https:\/\/kierr.nl\/de\/wp-json\/wp\/v2\/pages"}],"about":[{"href":"https:\/\/kierr.nl\/de\/wp-json\/wp\/v2\/types\/page"}],"author":[{"embeddable":true,"href":"https:\/\/kierr.nl\/de\/wp-json\/wp\/v2\/users\/3"}],"replies":[{"embeddable":true,"href":"https:\/\/kierr.nl\/de\/wp-json\/wp\/v2\/comments?post=2911"}],"version-history":[{"count":2,"href":"https:\/\/kierr.nl\/de\/wp-json\/wp\/v2\/pages\/2911\/revisions"}],"predecessor-version":[{"id":4733,"href":"https:\/\/kierr.nl\/de\/wp-json\/wp\/v2\/pages\/2911\/revisions\/4733"}],"wp:attachment":[{"href":"https:\/\/kierr.nl\/de\/wp-json\/wp\/v2\/media?parent=2911"}],"curies":[{"name":"wp","href":"https:\/\/api.w.org\/{rel}","templated":true}]}}