{"id":2914,"date":"2024-10-03T14:06:58","date_gmt":"2024-10-03T12:06:58","guid":{"rendered":"https:\/\/www.kierr.nl\/haftungsausschluss\/"},"modified":"2024-10-17T12:37:58","modified_gmt":"2024-10-17T10:37:58","slug":"haftungsausschluss","status":"publish","type":"page","link":"https:\/\/kierr.nl\/de\/haftungsausschluss\/","title":{"rendered":"Haftungsausschluss"},"content":{"rendered":"\t\t<div data-elementor-type=\"wp-page\" data-elementor-id=\"2914\" class=\"elementor elementor-2914 elementor-2865\" data-elementor-post-type=\"page\">\n\t\t\t\t<div class=\"elementor-element elementor-element-974e941 e-flex e-con-boxed e-con e-parent\" data-id=\"974e941\" data-element_type=\"container\" data-e-type=\"container\">\n\t\t\t\t\t<div class=\"e-con-inner\">\n\t\t\t\t<div class=\"elementor-element elementor-element-43d7e14 elementor-widget elementor-widget-text-editor\" data-id=\"43d7e14\" data-element_type=\"widget\" data-e-type=\"widget\" data-widget_type=\"text-editor.default\">\n\t\t\t\t<div class=\"elementor-widget-container\">\n\t\t\t\t\t\t\t\t\t<h1 class=\"title\">Haftungsausschluss<\/h1>\n<p>Diese Seite enth\u00e4lt die allgemeinen Gesch\u00e4ftsbedingungen von www.kierr.nl, wie sie von Kierr zur Verf\u00fcgung gestellt werden.<br \/>\nIn diesen Gesch\u00e4ftsbedingungen geben wir die Bedingungen an, unter denen wir Ihnen die Informationen auf unserer Website zur Verf\u00fcgung stellen. <\/p>\n<p><strong>Informationen<\/strong><\/p>\n<p>Kierr hat bei der Zusammenstellung und Entwicklung dieser Website und der darin enthaltenen Informationen gro\u00dfe Sorgfalt walten lassen.<br \/>\nKierr \u00fcbernimmt keine Garantie f\u00fcr die Richtigkeit und Vollst\u00e4ndigkeit der auf dieser Website bereitgestellten Informationen.<br \/>\nAus den beschriebenen Produkten und Dienstleistungen sowie den angegebenen Preisen k\u00f6nnen keine Rechte abgeleitet werden.<br \/>\nDie Informationen auf dieser Website k\u00f6nnen von Kierr jederzeit ge\u00e4ndert werden.   <\/p>\n<p><strong>Haftung<\/strong><\/p>\n<p>Kierr \u00fcbernimmt keine Haftung f\u00fcr direkte oder indirekte Sch\u00e4den, die dem Besucher der Website und\/oder Dritten durch die Nutzung dieser Website und der auf dieser Website bereitgestellten Informationen entstehen.<br \/>\nKierr kann das kontinuierliche und fehlerfreie Funktionieren dieser Website nicht garantieren.<br \/>\nDie Website www.kierr.nl wird regelm\u00e4\u00dfig auf (Computer-)Viren gepr\u00fcft, aber die Abwesenheit von Viren, die den Betrieb Ihres Computers und\/oder Ihrer Peripherieger\u00e4te beeintr\u00e4chtigen k\u00f6nnten, kann leider nicht garantiert werden.  <\/p>\n<p><strong>Preise<\/strong><\/p>\n<p>Bei den Preisen auf unserer Website bem\u00fchen wir uns, die Realit\u00e4t und die vorgesehenen Preise so sorgf\u00e4ltig wie m\u00f6glich wiederzugeben.<br \/>\nDiesbez\u00fcgliche Fehler, die als Programmier- oder Tippfehler erkennbar sind, stellen niemals einen Grund dar, einen Vertrag oder eine Vereinbarung mit Kierr zu fordern oder anzunehmen. <\/p>\n<p><strong>Hyperlinks zu Websites Dritter<\/strong><\/p>\n<p>Diese Website kann Hyperlinks zu Websites Dritter enthalten.<br \/>\nKierr ist in keiner Weise verantwortlich und \u00fcbernimmt daher keinerlei Haftung f\u00fcr den Inhalt und die Nutzung dieser Websites oder f\u00fcr etwaige Folgen oder Sch\u00e4den, die durch den Besuch von mit dieser Website verlinkten Websites Dritter entstehen. <\/p>\n<p><strong>Datenschutz<\/strong><\/p>\n<p>Alle Daten, die der Benutzer Kierr zur Verf\u00fcgung stellt, werden als vertrauliche Informationen betrachtet und werden, sofern nicht ausdr\u00fccklich anders angegeben, von Kierr nicht an Dritte weitergegeben, es sei denn, dies ist gesetzlich vorgeschrieben oder wird von den Justizbeh\u00f6rden verlangt.<\/p>\n<p><strong>\u00c4nderungen an diesen Bedingungen<\/strong><\/p>\n<p>Kierr beh\u00e4lt sich das Recht vor, die Bedingungen und Konditionen, unter denen die Website angeboten wird, ohne weitere Ank\u00fcndigung zu \u00e4ndern.<br \/>\nSolche \u00c4nderungen treten sofort nach Ver\u00f6ffentlichung auf der Website in Kraft. <\/p>\n<p><strong>Anwendbares Recht<\/strong><\/p>\n<p>Diese Bedingungen unterliegen dem niederl\u00e4ndischen Recht.<\/p>\n\t\t\t\t\t\t\t\t<\/div>\n\t\t\t\t<\/div>\n\t\t\t\t\t<\/div>\n\t\t\t\t<\/div>\n\t\t\t\t<\/div>\n\t\t","protected":false},"excerpt":{"rendered":"<p>Haftungsausschluss Diese Seite enth\u00e4lt die allgemeinen Gesch\u00e4ftsbedingungen von www.kierr.nl, wie sie von Kierr zur Verf\u00fcgung gestellt werden. In diesen Gesch\u00e4ftsbedingungen geben wir die Bedingungen an, unter denen wir Ihnen die Informationen auf unserer Website zur Verf\u00fcgung stellen. Informationen Kierr hat bei der Zusammenstellung und Entwicklung dieser Website und der darin enthaltenen Informationen gro\u00dfe Sorgfalt walten [&hellip;]<\/p>\n","protected":false},"author":3,"featured_media":0,"parent":0,"menu_order":0,"comment_status":"closed","ping_status":"closed","template":"","meta":{"_acf_changed":false,"site-sidebar-layout":"no-sidebar","site-content-layout":"page-builder","ast-site-content-layout":"full-width-container","site-content-style":"default","site-sidebar-style":"default","ast-global-header-display":"","ast-banner-title-visibility":"","ast-main-header-display":"","ast-hfb-above-header-display":"","ast-hfb-below-header-display":"","ast-hfb-mobile-header-display":"","site-post-title":"disabled","ast-breadcrumbs-content":"","ast-featured-img":"disabled","footer-sml-layout":"","ast-disable-related-posts":"","theme-transparent-header-meta":"","adv-header-id-meta":"","stick-header-meta":"","header-above-stick-meta":"","header-main-stick-meta":"","header-below-stick-meta":"","astra-migrate-meta-layouts":"default","ast-page-background-enabled":"default","ast-page-background-meta":{"desktop":{"background-color":"var(--ast-global-color-4)","background-image":"","background-repeat":"repeat","background-position":"center center","background-size":"auto","background-attachment":"scroll","background-type":"","background-media":"","overlay-type":"","overlay-color":"","overlay-opacity":"","overlay-gradient":""},"tablet":{"background-color":"","background-image":"","background-repeat":"repeat","background-position":"center center","background-size":"auto","background-attachment":"scroll","background-type":"","background-media":"","overlay-type":"","overlay-color":"","overlay-opacity":"","overlay-gradient":""},"mobile":{"background-color":"","background-image":"","background-repeat":"repeat","background-position":"center center","background-size":"auto","background-attachment":"scroll","background-type":"","background-media":"","overlay-type":"","overlay-color":"","overlay-opacity":"","overlay-gradient":""}},"ast-content-background-meta":{"desktop":{"background-color":"var(--ast-global-color-5)","background-image":"","background-repeat":"repeat","background-position":"center center","background-size":"auto","background-attachment":"scroll","background-type":"","background-media":"","overlay-type":"","overlay-color":"","overlay-opacity":"","overlay-gradient":""},"tablet":{"background-color":"var(--ast-global-color-5)","background-image":"","background-repeat":"repeat","background-position":"center center","background-size":"auto","background-attachment":"scroll","background-type":"","background-media":"","overlay-type":"","overlay-color":"","overlay-opacity":"","overlay-gradient":""},"mobile":{"background-color":"var(--ast-global-color-5)","background-image":"","background-repeat":"repeat","background-position":"center center","background-size":"auto","background-attachment":"scroll","background-type":"","background-media":"","overlay-type":"","overlay-color":"","overlay-opacity":"","overlay-gradient":""}},"footnotes":""},"class_list":["post-2914","page","type-page","status-publish","hentry"],"acf":[],"yoast_head":"<!-- This site is optimized with the Yoast SEO plugin v27.4 - https:\/\/yoast.com\/product\/yoast-seo-wordpress\/ -->\n<title>Haftungsausschluss - Kierr.nl<\/title>\n<meta name=\"description\" content=\"Haftungsausschluss von Kierr.co.uk. Diese Seite enth\u00e4lt die Allgemeinen Gesch\u00e4ftsbedingungen von www.kierr.nl, die von Kierr zur Verf\u00fcgung gestellt werden.\" \/>\n<meta name=\"robots\" content=\"index, follow, max-snippet:-1, max-image-preview:large, max-video-preview:-1\" \/>\n<link rel=\"canonical\" href=\"https:\/\/kierr.nl\/de\/haftungsausschluss\/\" \/>\n<meta property=\"og:locale\" content=\"de_DE\" \/>\n<meta property=\"og:type\" content=\"article\" \/>\n<meta property=\"og:title\" content=\"Haftungsausschluss - Kierr.nl\" \/>\n<meta property=\"og:description\" content=\"Haftungsausschluss von Kierr.co.uk. Diese Seite enth\u00e4lt die Allgemeinen Gesch\u00e4ftsbedingungen von www.kierr.nl, die von Kierr zur Verf\u00fcgung gestellt werden.\" \/>\n<meta property=\"og:url\" content=\"https:\/\/kierr.nl\/de\/haftungsausschluss\/\" \/>\n<meta property=\"og:site_name\" content=\"Kierr.nl\" \/>\n<meta property=\"article:modified_time\" content=\"2024-10-17T10:37:58+00:00\" \/>\n<meta name=\"twitter:card\" content=\"summary_large_image\" \/>\n<meta name=\"twitter:label1\" content=\"Gesch\u00e4tzte Lesezeit\" \/>\n\t<meta name=\"twitter:data1\" content=\"2 Minuten\" \/>\n<script type=\"application\/ld+json\" class=\"yoast-schema-graph\">{\"@context\":\"https:\\\/\\\/schema.org\",\"@graph\":[{\"@type\":\"WebPage\",\"@id\":\"https:\\\/\\\/kierr.nl\\\/de\\\/haftungsausschluss\\\/\",\"url\":\"https:\\\/\\\/kierr.nl\\\/de\\\/haftungsausschluss\\\/\",\"name\":\"Haftungsausschluss - Kierr.nl\",\"isPartOf\":{\"@id\":\"https:\\\/\\\/kierr.nl\\\/de\\\/#website\"},\"datePublished\":\"2024-10-03T12:06:58+00:00\",\"dateModified\":\"2024-10-17T10:37:58+00:00\",\"description\":\"Haftungsausschluss von Kierr.co.uk. Diese Seite enth\u00e4lt die Allgemeinen Gesch\u00e4ftsbedingungen von www.kierr.nl, die von Kierr zur Verf\u00fcgung gestellt werden.\",\"breadcrumb\":{\"@id\":\"https:\\\/\\\/kierr.nl\\\/de\\\/haftungsausschluss\\\/#breadcrumb\"},\"inLanguage\":\"de\",\"potentialAction\":[{\"@type\":\"ReadAction\",\"target\":[\"https:\\\/\\\/kierr.nl\\\/de\\\/haftungsausschluss\\\/\"]}]},{\"@type\":\"BreadcrumbList\",\"@id\":\"https:\\\/\\\/kierr.nl\\\/de\\\/haftungsausschluss\\\/#breadcrumb\",\"itemListElement\":[{\"@type\":\"ListItem\",\"position\":1,\"name\":\"Startseite\",\"item\":\"https:\\\/\\\/kierr.nl\\\/de\\\/\"},{\"@type\":\"ListItem\",\"position\":2,\"name\":\"Haftungsausschluss\"}]},{\"@type\":\"WebSite\",\"@id\":\"https:\\\/\\\/kierr.nl\\\/de\\\/#website\",\"url\":\"https:\\\/\\\/kierr.nl\\\/de\\\/\",\"name\":\"Kierr.nl\",\"description\":\"Deur- en raambeslag\",\"potentialAction\":[{\"@type\":\"SearchAction\",\"target\":{\"@type\":\"EntryPoint\",\"urlTemplate\":\"https:\\\/\\\/kierr.nl\\\/de\\\/?s={search_term_string}\"},\"query-input\":{\"@type\":\"PropertyValueSpecification\",\"valueRequired\":true,\"valueName\":\"search_term_string\"}}],\"inLanguage\":\"de\"}]}<\/script>\n<!-- \/ Yoast SEO plugin. -->","yoast_head_json":{"title":"Haftungsausschluss - Kierr.nl","description":"Haftungsausschluss von Kierr.co.uk. Diese Seite enth\u00e4lt die Allgemeinen Gesch\u00e4ftsbedingungen von www.kierr.nl, die von Kierr zur Verf\u00fcgung gestellt werden.","robots":{"index":"index","follow":"follow","max-snippet":"max-snippet:-1","max-image-preview":"max-image-preview:large","max-video-preview":"max-video-preview:-1"},"canonical":"https:\/\/kierr.nl\/de\/haftungsausschluss\/","og_locale":"de_DE","og_type":"article","og_title":"Haftungsausschluss - Kierr.nl","og_description":"Haftungsausschluss von Kierr.co.uk. Diese Seite enth\u00e4lt die Allgemeinen Gesch\u00e4ftsbedingungen von www.kierr.nl, die von Kierr zur Verf\u00fcgung gestellt werden.","og_url":"https:\/\/kierr.nl\/de\/haftungsausschluss\/","og_site_name":"Kierr.nl","article_modified_time":"2024-10-17T10:37:58+00:00","twitter_card":"summary_large_image","twitter_misc":{"Gesch\u00e4tzte Lesezeit":"2 Minuten"},"schema":{"@context":"https:\/\/schema.org","@graph":[{"@type":"WebPage","@id":"https:\/\/kierr.nl\/de\/haftungsausschluss\/","url":"https:\/\/kierr.nl\/de\/haftungsausschluss\/","name":"Haftungsausschluss - Kierr.nl","isPartOf":{"@id":"https:\/\/kierr.nl\/de\/#website"},"datePublished":"2024-10-03T12:06:58+00:00","dateModified":"2024-10-17T10:37:58+00:00","description":"Haftungsausschluss von Kierr.co.uk. Diese Seite enth\u00e4lt die Allgemeinen Gesch\u00e4ftsbedingungen von www.kierr.nl, die von Kierr zur Verf\u00fcgung gestellt werden.","breadcrumb":{"@id":"https:\/\/kierr.nl\/de\/haftungsausschluss\/#breadcrumb"},"inLanguage":"de","potentialAction":[{"@type":"ReadAction","target":["https:\/\/kierr.nl\/de\/haftungsausschluss\/"]}]},{"@type":"BreadcrumbList","@id":"https:\/\/kierr.nl\/de\/haftungsausschluss\/#breadcrumb","itemListElement":[{"@type":"ListItem","position":1,"name":"Startseite","item":"https:\/\/kierr.nl\/de\/"},{"@type":"ListItem","position":2,"name":"Haftungsausschluss"}]},{"@type":"WebSite","@id":"https:\/\/kierr.nl\/de\/#website","url":"https:\/\/kierr.nl\/de\/","name":"Kierr.nl","description":"Deur- en raambeslag","potentialAction":[{"@type":"SearchAction","target":{"@type":"EntryPoint","urlTemplate":"https:\/\/kierr.nl\/de\/?s={search_term_string}"},"query-input":{"@type":"PropertyValueSpecification","valueRequired":true,"valueName":"search_term_string"}}],"inLanguage":"de"}]}},"_links":{"self":[{"href":"https:\/\/kierr.nl\/de\/wp-json\/wp\/v2\/pages\/2914","targetHints":{"allow":["GET"]}}],"collection":[{"href":"https:\/\/kierr.nl\/de\/wp-json\/wp\/v2\/pages"}],"about":[{"href":"https:\/\/kierr.nl\/de\/wp-json\/wp\/v2\/types\/page"}],"author":[{"embeddable":true,"href":"https:\/\/kierr.nl\/de\/wp-json\/wp\/v2\/users\/3"}],"replies":[{"embeddable":true,"href":"https:\/\/kierr.nl\/de\/wp-json\/wp\/v2\/comments?post=2914"}],"version-history":[{"count":0,"href":"https:\/\/kierr.nl\/de\/wp-json\/wp\/v2\/pages\/2914\/revisions"}],"wp:attachment":[{"href":"https:\/\/kierr.nl\/de\/wp-json\/wp\/v2\/media?parent=2914"}],"curies":[{"name":"wp","href":"https:\/\/api.w.org\/{rel}","templated":true}]}}