{"id":2918,"date":"2024-10-03T13:48:52","date_gmt":"2024-10-03T11:48:52","guid":{"rendered":"https:\/\/www.kierr.nl\/allgemeine-bedingungen-und-konditionen\/"},"modified":"2025-05-16T12:33:29","modified_gmt":"2025-05-16T10:33:29","slug":"allgemeine-bedingungen-und-konditionen","status":"publish","type":"page","link":"https:\/\/kierr.nl\/de\/allgemeine-bedingungen-und-konditionen\/","title":{"rendered":"Allgemeine Bedingungen und Konditionen"},"content":{"rendered":"\t\t<div data-elementor-type=\"wp-page\" data-elementor-id=\"2918\" class=\"elementor elementor-2918 elementor-2858\" data-elementor-post-type=\"page\">\n\t\t\t\t<div class=\"elementor-element elementor-element-c98d5ba e-flex e-con-boxed e-con e-parent\" data-id=\"c98d5ba\" data-element_type=\"container\" data-e-type=\"container\">\n\t\t\t\t\t<div class=\"e-con-inner\">\n\t\t\t\t<div class=\"elementor-element elementor-element-4f3385c elementor-widget elementor-widget-text-editor\" data-id=\"4f3385c\" data-element_type=\"widget\" data-e-type=\"widget\" data-widget_type=\"text-editor.default\">\n\t\t\t\t<div class=\"elementor-widget-container\">\n\t\t\t\t\t\t\t\t\t<h2><strong>Allgemeine Gesch\u00e4ftsbedingungen Kierr<\/strong><\/h2><p><strong>Das Inhaltsverzeichnis:<\/strong><\/p><p>Artikel 1 - Definitionen<\/p><p>Artikel 2 - Identit\u00e4t des Unternehmers<\/p><p>Artikel 3 - Anwendbarkeit<\/p><p>Artikel 4 - Das Angebot<\/p><p>Artikel 5 - Die Vereinbarung<\/p><p>Artikel 6 - Recht auf Widerruf<\/p><p>Artikel 7 - Kosten im Falle des R\u00fccktritts<\/p><p>Artikel 8 - Einhaltung und Garantie<\/p><p>Artikel 9 - Lieferung und Ausf\u00fchrung<\/p><p>Artikel 10 - Beschwerdeverfahren<\/p><p>Artikel 11 - Rechtsstreitigkeiten<\/p><p class=\"NormalWeb\"><strong>Artikel 1 - Definitionen<\/strong><\/p><p class=\"NormalWeb\">In diesen Bedingungen gelten die folgenden Definitionen:<\/p><p class=\"NormalWeb\"><strong>Widerrufsfrist<\/strong>: die Frist, innerhalb derer der Verbraucher von seinem Widerrufsrecht Gebrauch machen kann;<\/p><p><strong>Verbraucher<\/strong>: die nat\u00fcrliche Person, die nicht in Aus\u00fcbung eines Berufs oder Gewerbes handelt und einen Fernabsatzvertrag mit dem Unternehmer abschlie\u00dft;<\/p><p><strong>Tag<\/strong>: Kalendertag;<\/p><p><strong>Laufzeitgesch\u00e4ft<\/strong>: ein Fernabsatzvertrag, der sich auf eine Reihe von Produkten und\/oder Dienstleistungen bezieht, deren Liefer- und\/oder Kaufverpflichtung \u00fcber einen bestimmten Zeitraum verteilt ist;<\/p><p><strong>Widerrufsrecht<\/strong>: die M\u00f6glichkeit f\u00fcr den Verbraucher, den Fernabsatzvertrag innerhalb der Bedenkzeit zu widerrufen;<\/p><p><strong>Unternehmer<\/strong>: die nat\u00fcrliche oder juristische Person, die Verbrauchern im Fernabsatz Produkte und\/oder Dienstleistungen anbietet;<\/p><p><strong>Allgemeine Gesch\u00e4ftsbedingungen<\/strong>: die vorliegenden Allgemeinen Gesch\u00e4ftsbedingungen des Unternehmers.<\/p><p class=\"NormalWeb\"><strong>Artikel 2 - Identit\u00e4t des Unternehmers<\/strong><\/p><p>Kierr<\/p><p>Postelstraat 5 Lieshout;<\/p><p>E-Mail Adresse: <a href=\"mailto:info@kierr.nl\">info@kierr.nl<\/a><\/p><p>Nummer der Handelskammer: 96662263<\/p><p>Umsatzsteuer-Identifikationsnummer: NL867704275B01<\/p><p><strong> <\/strong><\/p><p><strong>Artikel 3 - Anwendbarkeit<\/strong><\/p><ol><li>Diese allgemeinen Gesch\u00e4ftsbedingungen gelten f\u00fcr jedes Angebot des Unternehmers und f\u00fcr jeden Fernabsatzvertrag und jede Bestellung, die zwischen Unternehmer und Verbraucher abgeschlossen werden.<\/li><li>Sollten eine oder mehrere Bestimmungen dieser Allgemeinen Gesch\u00e4ftsbedingungen zu irgendeinem Zeitpunkt ganz oder teilweise unwirksam oder nichtig sein, so bleiben der Vertrag und diese Gesch\u00e4ftsbedingungen im \u00dcbrigen in Kraft und die betreffende Bestimmung wird unverz\u00fcglich im gegenseitigen Einvernehmen durch eine Bestimmung ersetzt, die dem Sinn der urspr\u00fcnglichen Bestimmung so weit wie m\u00f6glich nahe kommt.<\/li><li>Situationen, die nicht von diesen Allgemeinen Gesch\u00e4ftsbedingungen abgedeckt werden, sind \"im Geiste\" dieser Allgemeinen Gesch\u00e4ftsbedingungen zu beurteilen.<\/li><li>Unklarheiten \u00fcber die Auslegung oder den Inhalt einer oder mehrerer Bestimmungen unserer Allgemeinen Gesch\u00e4ftsbedingungen sind 'im Geiste' dieser Allgemeinen Gesch\u00e4ftsbedingungen zu interpretieren.<\/li><\/ol><p class=\"NormalWeb\"><strong>Artikel 4 - Das Angebot<\/strong><\/p><ol><li>Wenn ein Angebot eine begrenzte G\u00fcltigkeitsdauer hat oder an Bedingungen gekn\u00fcpft ist, wird dies im Angebot ausdr\u00fccklich angegeben.<\/li><li>Das Angebot ist freibleibend. Der Unternehmer ist berechtigt, das Angebot zu \u00e4ndern und anzupassen. <\/li><li>Das Angebot enth\u00e4lt eine vollst\u00e4ndige und genaue Beschreibung der angebotenen Produkte und\/oder Dienstleistungen. Die Beschreibung ist ausreichend detailliert, um dem Verbraucher eine angemessene Bewertung des Angebots zu erm\u00f6glichen. Wenn der Unternehmer Bilder verwendet, sind diese eine wahrheitsgetreue Darstellung der angebotenen Produkte und\/oder Dienstleistungen. Offensichtliche Fehler oder offensichtliche Irrt\u00fcmer im Angebot binden den Unternehmer nicht.   <\/li><li>Alle Bilder, Spezifikationen und Daten im Angebot sind indikativ und k\u00f6nnen kein Grund f\u00fcr eine Entsch\u00e4digung oder Aufl\u00f6sung des Vertrags sein.<\/li><li>Die zu den Produkten geh\u00f6renden Bilder sind eine getreue Darstellung der angebotenen Produkte. Der Betreiber kann nicht garantieren, dass die dargestellten Farben genau mit den tats\u00e4chlichen Farben der Produkte \u00fcbereinstimmen. <\/li><li>Jedes Angebot enth\u00e4lt solche Informationen, dass dem Verbraucher klar ist, welche Rechte und Pflichten mit der Annahme des Angebots verbunden sind. Dies betrifft insbesondere: <\/li><\/ol><p class=\"NormalWeb\"><strong>Artikel 5 - Die Vereinbarung<\/strong><\/p><ol><li>Vorbehaltlich der Bestimmungen in Absatz 4 kommt der Vertrag in dem Moment zustande, in dem der Verbraucher das Angebot annimmt und die darin festgelegten Bedingungen erf\u00fcllt.<\/li><li>Wenn der Verbraucher das Angebot auf elektronischem Wege angenommen hat, wird der Unternehmer den Eingang der Annahme des Angebots unverz\u00fcglich auf elektronischem Wege best\u00e4tigen. Solange der Erhalt dieser Annahme vom Unternehmer nicht best\u00e4tigt wurde, kann der Verbraucher den Vertrag aufl\u00f6sen. <\/li><li>Wenn der Vertrag auf elektronischem Wege geschlossen wird, trifft der Unternehmer geeignete technische und organisatorische Ma\u00dfnahmen zum Schutz der elektronischen Daten\u00fcbertragung und sorgt f\u00fcr eine sichere Webumgebung. Wenn der Verbraucher elektronisch bezahlen kann, wird der Unternehmer angemessene Sicherheitsma\u00dfnahmen beachten. <\/li><li>Der Unternehmer kann sich - innerhalb des gesetzlichen Rahmens - dar\u00fcber informieren, ob der Verbraucher seinen Zahlungsverpflichtungen nachkommen kann, sowie \u00fcber all jene Tatsachen und Faktoren, die f\u00fcr einen verantwortungsvollen Abschluss des Fernabsatzvertrags wichtig sind. Wenn der Unternehmer auf der Grundlage dieser Untersuchung gute Gr\u00fcnde hat, den Vertrag nicht abzuschlie\u00dfen, ist er berechtigt, eine Bestellung oder einen Antrag abzulehnen oder die Ausf\u00fchrung unter Angabe von Gr\u00fcnden an besondere Bedingungen zu kn\u00fcpfen. <\/li><\/ol><p class=\"NormalWeb\"><strong> <\/strong><\/p><p class=\"NormalWeb\"><strong>Artikel 6 - Recht auf Widerruf<\/strong><\/p><p><em>Bei Lieferung der Produkte:<\/em><\/p><ol><li>Beim Kauf von Produkten hat der Verbraucher die M\u00f6glichkeit, den Vertrag ohne Angabe von Gr\u00fcnden 14 Tage lang aufzul\u00f6sen. Diese Bedenkzeit beginnt am Tag nach Erhalt des Produkts durch den Verbraucher oder einen zuvor vom Verbraucher benannten und dem Unternehmer mitgeteilten Vertreter. <\/li><li>W\u00e4hrend der Bedenkzeit wird der Verbraucher das Produkt und seine Verpackung sorgf\u00e4ltig behandeln. Er wird das Produkt nur in dem Ma\u00dfe auspacken oder benutzen, wie es notwendig ist, um zu beurteilen, ob er das Produkt behalten m\u00f6chte. Wenn er von seinem Widerrufsrecht Gebrauch macht, sendet er das Produkt mit dem gesamten gelieferten Zubeh\u00f6r und - wenn vern\u00fcnftigerweise m\u00f6glich - im Originalzustand und in der Originalverpackung an den Unternehmer zur\u00fcck, und zwar gem\u00e4\u00df den angemessenen und klaren Anweisungen des Unternehmers.  <\/li><li>Wenn der Verbraucher von seinem Widerrufsrecht Gebrauch machen m\u00f6chte, ist er verpflichtet, dies dem Unternehmer innerhalb von 14 Tagen nach Erhalt des Produkts mitzuteilen. Nachdem der Verbraucher mitgeteilt hat, dass er von seinem Widerrufsrecht Gebrauch machen m\u00f6chte, muss er die Ware innerhalb von 14 Tagen zur\u00fccksenden. Der Verbraucher muss nachweisen, dass die gelieferte Ware rechtzeitig zur\u00fcckgeschickt wurde, zum Beispiel durch einen Versandnachweis.  <\/li><li>Wenn der Kunde seinen Wunsch, von seinem Widerrufsrecht Gebrauch zu machen, nicht ge\u00e4u\u00dfert hat oder das Produkt nach Ablauf der in den Abs\u00e4tzen 2 und 3 genannten Fristen nicht an den Unternehmer zur\u00fcckgegeben hat, ist der Kauf eine Tatsache.<\/li><\/ol><p><strong> <\/strong><\/p><p><strong>Artikel 7 - Kosten im Falle des R\u00fccktritts<\/strong><\/p><ol><li>Wenn der Verbraucher von seinem Widerrufsrecht Gebrauch macht, gehen h\u00f6chstens die Kosten der R\u00fccksendung zu seinen Lasten.<\/li><li>Wenn der Verbraucher einen Betrag gezahlt hat, erstattet der Unternehmer diesen Betrag so schnell wie m\u00f6glich, sp\u00e4testens jedoch 14 Tage nach dem Widerruf. Die R\u00fcckerstattung erfolgt \u00fcber dieselbe Zahlungsmethode, die der Verbraucher verwendet hat, es sei denn, der Verbraucher stimmt ausdr\u00fccklich einer anderen Zahlungsmethode zu. <\/li><li>Wenn das Produkt durch unvorsichtigen Umgang des Verbrauchers selbst besch\u00e4digt wird, haftet der Verbraucher f\u00fcr eine eventuelle Wertminderung des Produkts.<\/li><li>Der Verbraucher kann nicht f\u00fcr die Wertminderung des Produkts haftbar gemacht werden, wenn der Unternehmer nicht alle gesetzlich vorgeschriebenen Informationen \u00fcber das Widerrufsrecht erteilt hat, dies sollte vor Abschluss des Kaufvertrags geschehen.<\/li><\/ol><p class=\"NormalWeb\"><strong>Artikel 8 - Einhaltung und Garantie<\/strong><\/p><ol><li>Der Unternehmer garantiert, dass die Produkte und\/oder Dienstleistungen dem Vertrag, den im Angebot genannten Spezifikationen, den angemessenen Anforderungen an die Tauglichkeit und\/oder Verwendbarkeit und den zum Zeitpunkt des Vertragsabschlusses bestehenden gesetzlichen Bestimmungen und\/oder beh\u00f6rdlichen Vorschriften entsprechen. Falls vereinbart, garantiert der Unternehmer auch, dass das Produkt f\u00fcr einen anderen als den normalen Gebrauch geeignet ist. <\/li><li>Eine vom Unternehmer, Hersteller oder Importeur geleistete Garantie ber\u00fchrt nicht die gesetzlichen Rechte und Anspr\u00fcche, die der Verbraucher gegen\u00fcber dem Unternehmer auf der Grundlage des Vertrags geltend machen kann.<\/li><li>Fehlerhafte oder falsch gelieferte Produkte m\u00fcssen dem Unternehmer innerhalb von 4 Wochen nach Lieferung schriftlich mitgeteilt werden. Die Produkte m\u00fcssen in der Originalverpackung und im Neuzustand zur\u00fcckgeschickt werden. <\/li><li>Die Garantiezeit des Unternehmers entspricht der Garantiezeit des Herstellers. Der Unternehmer ist jedoch niemals verantwortlich f\u00fcr die endg\u00fcltige Eignung der Produkte f\u00fcr jede einzelne Anwendung durch den Verbraucher, noch f\u00fcr irgendeine Beratung bez\u00fcglich des Gebrauchs oder der Anwendung der Produkte. <\/li><li>Die Garantie gilt nicht, wenn:<\/li><\/ol><ul><li>Der Verbraucher hat die gelieferten Produkte selbst repariert und\/oder modifiziert oder sie von Dritten reparieren und\/oder modifizieren lassen;<\/li><li>Die gelieferten Produkte wurden anormalen Bedingungen ausgesetzt oder anderweitig nachl\u00e4ssig oder entgegen den Anweisungen des Unternehmers behandelt und\/oder auf der Verpackung behandelt;<\/li><li>Die Mangelhaftigkeit ist ganz oder teilweise das Ergebnis von Vorschriften, die von der Regierung bez\u00fcglich der Art oder Qualit\u00e4t der verwendeten Materialien erlassen wurden oder werden.<\/li><\/ul><p class=\"NormalWeb\"><strong>Artikel 9 - Lieferung und Ausf\u00fchrung<\/strong><\/p><ol><li>Der Unternehmer wird bei der Entgegennahme und Ausf\u00fchrung von Produktbestellungen und bei der Beurteilung von Anfragen zur Erbringung von Dienstleistungen die gr\u00f6\u00dftm\u00f6gliche Sorgfalt walten lassen.<\/li><li>Der Ort der Lieferung ist die Adresse, die der Verbraucher dem Unternehmen mitgeteilt hat.<\/li><li>Vorbehaltlich der Bestimmungen in Absatz 4 dieses Artikels wird das Unternehmen angenommene Bestellungen so schnell wie m\u00f6glich, sp\u00e4testens jedoch innerhalb von 30 Tagen ausf\u00fchren, es sei denn, der Verbraucher hat einer l\u00e4ngeren Lieferfrist zugestimmt. Wenn sich die Lieferung verz\u00f6gert oder wenn eine Bestellung nicht oder nur teilweise ausgef\u00fchrt werden kann, wird der Verbraucher sp\u00e4testens 30 Tage nach der Bestellung dar\u00fcber informiert. In diesem Fall hat der Verbraucher das Recht, den Vertrag ohne Kosten aufzul\u00f6sen. Der Verbraucher hat keinen Anspruch auf eine Entsch\u00e4digung.   <\/li><li>Alle Lieferfristen sind indikativ. Der Verbraucher kann aus den genannten Fristen keine Rechte ableiten. Die \u00dcberschreitung einer Frist berechtigt den Verbraucher nicht zu einer Entsch\u00e4digung.  <\/li><li>Im Falle einer Aufl\u00f6sung gem\u00e4\u00df Absatz 3 dieses Artikels erstattet der Unternehmer den vom Verbraucher gezahlten Betrag so schnell wie m\u00f6glich, sp\u00e4testens jedoch innerhalb von 14 Tagen nach der Aufl\u00f6sung.<\/li><li>Wenn sich die Lieferung eines bestellten Produkts als unm\u00f6glich erweist, bem\u00fcht sich der Unternehmer um die Lieferung eines Ersatzartikels. Sp\u00e4testens bei der Lieferung wird in klarer und verst\u00e4ndlicher Weise mitgeteilt, dass ein Ersatzartikel geliefert wird. Bei Ersatzartikeln kann das Widerrufsrecht nicht ausgeschlossen werden. Die Kosten einer eventuellen R\u00fccksendung tr\u00e4gt der Unternehmer.   <\/li><li>Das Risiko der Besch\u00e4digung und\/oder des Verlusts von Produkten liegt beim Unternehmer bis zum Zeitpunkt der \u00dcbergabe an den Verbraucher oder einen zuvor benannten und dem Unternehmer bekannt gegebenen Vertreter, sofern nicht ausdr\u00fccklich etwas anderes vereinbart wurde.<\/li><\/ol><p class=\"NormalWeb\"><strong>Artikel 10 - Beschwerdeverfahren<\/strong><\/p><ol><li>Beschwerden \u00fcber die Erf\u00fcllung des Vertrages m\u00fcssen innerhalb von 7 Tagen, nachdem der Verbraucher die M\u00e4ngel festgestellt hat, vollst\u00e4ndig und deutlich beschrieben beim Unternehmer eingereicht werden.<\/li><li>Beschwerden, die beim Unternehmer eingereicht werden, werden innerhalb einer Frist von 14 Tagen ab dem Eingangsdatum beantwortet. Wenn eine Beschwerde eine vorhersehbar l\u00e4ngere Bearbeitungszeit erfordert, antwortet der Unternehmer innerhalb der 14-Tage-Frist mit einer Empfangsbest\u00e4tigung und einem Hinweis darauf, wann der Verbraucher mit einer ausf\u00fchrlicheren Antwort rechnen kann. <\/li><li>Eine Beschwerde f\u00fchrt nicht zur Aussetzung der Verpflichtungen des Betreibers, es sei denn, der Betreiber gibt schriftlich etwas anderes an.<\/li><li>Wenn eine Beanstandung vom Betreiber f\u00fcr berechtigt befunden wird, wird der Betreiber nach seinem Ermessen die gelieferten Produkte entweder kostenlos ersetzen oder reparieren.<\/li><\/ol><p class=\"NormalWeb\"><strong>Artikel 11 - Rechtsstreitigkeiten<\/strong><\/p><ol><li>Auf Vertr\u00e4ge zwischen dem Unternehmer und dem Verbraucher, auf die sich diese allgemeinen Gesch\u00e4ftsbedingungen beziehen, findet ausschlie\u00dflich niederl\u00e4ndisches Recht Anwendung. Auch wenn der Verbraucher im Ausland wohnt. <\/li><li>Das Wiener Kaufrecht findet keine Anwendung.<\/li><\/ol>\t\t\t\t\t\t\t\t<\/div>\n\t\t\t\t<\/div>\n\t\t\t\t\t<\/div>\n\t\t\t\t<\/div>\n\t\t\t\t<\/div>\n\t\t","protected":false},"excerpt":{"rendered":"<p>Allgemeine Gesch\u00e4ftsbedingungen Kierr Das Inhaltsverzeichnis: Artikel 1 - Definitionen Artikel 2 - Identit\u00e4t des Unternehmers Artikel 3 - Anwendbarkeit Artikel 4 - Das Angebot Artikel 5 - Die Vereinbarung Artikel 6 - Recht auf Widerruf Artikel 7 - Kosten im Falle des R\u00fccktritts Artikel 8 - Einhaltung und Garantie Artikel 9 - Lieferung und Ausf\u00fchrung [&hellip;]<\/p>\n","protected":false},"author":3,"featured_media":0,"parent":0,"menu_order":0,"comment_status":"closed","ping_status":"closed","template":"","meta":{"_acf_changed":false,"site-sidebar-layout":"no-sidebar","site-content-layout":"page-builder","ast-site-content-layout":"full-width-container","site-content-style":"default","site-sidebar-style":"default","ast-global-header-display":"","ast-banner-title-visibility":"","ast-main-header-display":"","ast-hfb-above-header-display":"","ast-hfb-below-header-display":"","ast-hfb-mobile-header-display":"","site-post-title":"disabled","ast-breadcrumbs-content":"","ast-featured-img":"disabled","footer-sml-layout":"","ast-disable-related-posts":"","theme-transparent-header-meta":"","adv-header-id-meta":"","stick-header-meta":"","header-above-stick-meta":"","header-main-stick-meta":"","header-below-stick-meta":"","astra-migrate-meta-layouts":"default","ast-page-background-enabled":"default","ast-page-background-meta":{"desktop":{"background-color":"var(--ast-global-color-4)","background-image":"","background-repeat":"repeat","background-position":"center center","background-size":"auto","background-attachment":"scroll","background-type":"","background-media":"","overlay-type":"","overlay-color":"","overlay-opacity":"","overlay-gradient":""},"tablet":{"background-color":"","background-image":"","background-repeat":"repeat","background-position":"center center","background-size":"auto","background-attachment":"scroll","background-type":"","background-media":"","overlay-type":"","overlay-color":"","overlay-opacity":"","overlay-gradient":""},"mobile":{"background-color":"","background-image":"","background-repeat":"repeat","background-position":"center center","background-size":"auto","background-attachment":"scroll","background-type":"","background-media":"","overlay-type":"","overlay-color":"","overlay-opacity":"","overlay-gradient":""}},"ast-content-background-meta":{"desktop":{"background-color":"var(--ast-global-color-5)","background-image":"","background-repeat":"repeat","background-position":"center center","background-size":"auto","background-attachment":"scroll","background-type":"","background-media":"","overlay-type":"","overlay-color":"","overlay-opacity":"","overlay-gradient":""},"tablet":{"background-color":"var(--ast-global-color-5)","background-image":"","background-repeat":"repeat","background-position":"center center","background-size":"auto","background-attachment":"scroll","background-type":"","background-media":"","overlay-type":"","overlay-color":"","overlay-opacity":"","overlay-gradient":""},"mobile":{"background-color":"var(--ast-global-color-5)","background-image":"","background-repeat":"repeat","background-position":"center center","background-size":"auto","background-attachment":"scroll","background-type":"","background-media":"","overlay-type":"","overlay-color":"","overlay-opacity":"","overlay-gradient":""}},"footnotes":""},"class_list":["post-2918","page","type-page","status-publish","hentry"],"acf":[],"yoast_head":"<!-- This site is optimized with the Yoast SEO plugin v27.4 - https:\/\/yoast.com\/product\/yoast-seo-wordpress\/ -->\n<title>Allgemeine Bedingungen und Konditionen - Kierr.nl<\/title>\n<meta name=\"description\" content=\"Lesen Sie hier die Allgemeinen Gesch\u00e4ftsbedingungen von Kierr.nl. Identit\u00e4t des Unternehmers Kierr.co.uk. E-Mail Adresse: info@kierstandhouder.nl. Nummer der Handelskammer: 71267867.\" \/>\n<meta name=\"robots\" content=\"index, follow, max-snippet:-1, max-image-preview:large, max-video-preview:-1\" \/>\n<link rel=\"canonical\" href=\"https:\/\/kierr.nl\/de\/allgemeine-bedingungen-und-konditionen\/\" \/>\n<meta property=\"og:locale\" content=\"de_DE\" \/>\n<meta property=\"og:type\" content=\"article\" \/>\n<meta property=\"og:title\" content=\"Allgemeine Bedingungen und Konditionen - Kierr.nl\" \/>\n<meta property=\"og:description\" content=\"Lesen Sie hier die Allgemeinen Gesch\u00e4ftsbedingungen von Kierr.nl. Identit\u00e4t des Unternehmers Kierr.co.uk. E-Mail Adresse: info@kierstandhouder.nl. Nummer der Handelskammer: 71267867.\" \/>\n<meta property=\"og:url\" content=\"https:\/\/kierr.nl\/de\/allgemeine-bedingungen-und-konditionen\/\" \/>\n<meta property=\"og:site_name\" content=\"Kierr.nl\" \/>\n<meta property=\"article:modified_time\" content=\"2025-05-16T10:33:29+00:00\" \/>\n<meta name=\"twitter:card\" content=\"summary_large_image\" \/>\n<meta name=\"twitter:label1\" content=\"Gesch\u00e4tzte Lesezeit\" \/>\n\t<meta name=\"twitter:data1\" content=\"9 Minuten\" \/>\n<script type=\"application\/ld+json\" class=\"yoast-schema-graph\">{\"@context\":\"https:\\\/\\\/schema.org\",\"@graph\":[{\"@type\":\"WebPage\",\"@id\":\"https:\\\/\\\/kierr.nl\\\/de\\\/allgemeine-bedingungen-und-konditionen\\\/\",\"url\":\"https:\\\/\\\/kierr.nl\\\/de\\\/allgemeine-bedingungen-und-konditionen\\\/\",\"name\":\"Allgemeine Bedingungen und Konditionen - Kierr.nl\",\"isPartOf\":{\"@id\":\"https:\\\/\\\/kierr.nl\\\/de\\\/#website\"},\"datePublished\":\"2024-10-03T11:48:52+00:00\",\"dateModified\":\"2025-05-16T10:33:29+00:00\",\"description\":\"Lesen Sie hier die Allgemeinen Gesch\u00e4ftsbedingungen von Kierr.nl. Identit\u00e4t des Unternehmers Kierr.co.uk. E-Mail Adresse: info@kierstandhouder.nl. Nummer der Handelskammer: 71267867.\",\"breadcrumb\":{\"@id\":\"https:\\\/\\\/kierr.nl\\\/de\\\/allgemeine-bedingungen-und-konditionen\\\/#breadcrumb\"},\"inLanguage\":\"de\",\"potentialAction\":[{\"@type\":\"ReadAction\",\"target\":[\"https:\\\/\\\/kierr.nl\\\/de\\\/allgemeine-bedingungen-und-konditionen\\\/\"]}]},{\"@type\":\"BreadcrumbList\",\"@id\":\"https:\\\/\\\/kierr.nl\\\/de\\\/allgemeine-bedingungen-und-konditionen\\\/#breadcrumb\",\"itemListElement\":[{\"@type\":\"ListItem\",\"position\":1,\"name\":\"Startseite\",\"item\":\"https:\\\/\\\/kierr.nl\\\/de\\\/\"},{\"@type\":\"ListItem\",\"position\":2,\"name\":\"Allgemeine Bedingungen und Konditionen\"}]},{\"@type\":\"WebSite\",\"@id\":\"https:\\\/\\\/kierr.nl\\\/de\\\/#website\",\"url\":\"https:\\\/\\\/kierr.nl\\\/de\\\/\",\"name\":\"Kierr.nl\",\"description\":\"Deur- en raambeslag\",\"potentialAction\":[{\"@type\":\"SearchAction\",\"target\":{\"@type\":\"EntryPoint\",\"urlTemplate\":\"https:\\\/\\\/kierr.nl\\\/de\\\/?s={search_term_string}\"},\"query-input\":{\"@type\":\"PropertyValueSpecification\",\"valueRequired\":true,\"valueName\":\"search_term_string\"}}],\"inLanguage\":\"de\"}]}<\/script>\n<!-- \/ Yoast SEO plugin. -->","yoast_head_json":{"title":"Allgemeine Bedingungen und Konditionen - Kierr.nl","description":"Lesen Sie hier die Allgemeinen Gesch\u00e4ftsbedingungen von Kierr.nl. Identit\u00e4t des Unternehmers Kierr.co.uk. E-Mail Adresse: info@kierstandhouder.nl. Nummer der Handelskammer: 71267867.","robots":{"index":"index","follow":"follow","max-snippet":"max-snippet:-1","max-image-preview":"max-image-preview:large","max-video-preview":"max-video-preview:-1"},"canonical":"https:\/\/kierr.nl\/de\/allgemeine-bedingungen-und-konditionen\/","og_locale":"de_DE","og_type":"article","og_title":"Allgemeine Bedingungen und Konditionen - Kierr.nl","og_description":"Lesen Sie hier die Allgemeinen Gesch\u00e4ftsbedingungen von Kierr.nl. Identit\u00e4t des Unternehmers Kierr.co.uk. E-Mail Adresse: info@kierstandhouder.nl. Nummer der Handelskammer: 71267867.","og_url":"https:\/\/kierr.nl\/de\/allgemeine-bedingungen-und-konditionen\/","og_site_name":"Kierr.nl","article_modified_time":"2025-05-16T10:33:29+00:00","twitter_card":"summary_large_image","twitter_misc":{"Gesch\u00e4tzte Lesezeit":"9 Minuten"},"schema":{"@context":"https:\/\/schema.org","@graph":[{"@type":"WebPage","@id":"https:\/\/kierr.nl\/de\/allgemeine-bedingungen-und-konditionen\/","url":"https:\/\/kierr.nl\/de\/allgemeine-bedingungen-und-konditionen\/","name":"Allgemeine Bedingungen und Konditionen - Kierr.nl","isPartOf":{"@id":"https:\/\/kierr.nl\/de\/#website"},"datePublished":"2024-10-03T11:48:52+00:00","dateModified":"2025-05-16T10:33:29+00:00","description":"Lesen Sie hier die Allgemeinen Gesch\u00e4ftsbedingungen von Kierr.nl. Identit\u00e4t des Unternehmers Kierr.co.uk. E-Mail Adresse: info@kierstandhouder.nl. Nummer der Handelskammer: 71267867.","breadcrumb":{"@id":"https:\/\/kierr.nl\/de\/allgemeine-bedingungen-und-konditionen\/#breadcrumb"},"inLanguage":"de","potentialAction":[{"@type":"ReadAction","target":["https:\/\/kierr.nl\/de\/allgemeine-bedingungen-und-konditionen\/"]}]},{"@type":"BreadcrumbList","@id":"https:\/\/kierr.nl\/de\/allgemeine-bedingungen-und-konditionen\/#breadcrumb","itemListElement":[{"@type":"ListItem","position":1,"name":"Startseite","item":"https:\/\/kierr.nl\/de\/"},{"@type":"ListItem","position":2,"name":"Allgemeine Bedingungen und Konditionen"}]},{"@type":"WebSite","@id":"https:\/\/kierr.nl\/de\/#website","url":"https:\/\/kierr.nl\/de\/","name":"Kierr.nl","description":"Deur- en raambeslag","potentialAction":[{"@type":"SearchAction","target":{"@type":"EntryPoint","urlTemplate":"https:\/\/kierr.nl\/de\/?s={search_term_string}"},"query-input":{"@type":"PropertyValueSpecification","valueRequired":true,"valueName":"search_term_string"}}],"inLanguage":"de"}]}},"_links":{"self":[{"href":"https:\/\/kierr.nl\/de\/wp-json\/wp\/v2\/pages\/2918","targetHints":{"allow":["GET"]}}],"collection":[{"href":"https:\/\/kierr.nl\/de\/wp-json\/wp\/v2\/pages"}],"about":[{"href":"https:\/\/kierr.nl\/de\/wp-json\/wp\/v2\/types\/page"}],"author":[{"embeddable":true,"href":"https:\/\/kierr.nl\/de\/wp-json\/wp\/v2\/users\/3"}],"replies":[{"embeddable":true,"href":"https:\/\/kierr.nl\/de\/wp-json\/wp\/v2\/comments?post=2918"}],"version-history":[{"count":2,"href":"https:\/\/kierr.nl\/de\/wp-json\/wp\/v2\/pages\/2918\/revisions"}],"predecessor-version":[{"id":4727,"href":"https:\/\/kierr.nl\/de\/wp-json\/wp\/v2\/pages\/2918\/revisions\/4727"}],"wp:attachment":[{"href":"https:\/\/kierr.nl\/de\/wp-json\/wp\/v2\/media?parent=2918"}],"curies":[{"name":"wp","href":"https:\/\/api.w.org\/{rel}","templated":true}]}}