{"id":2938,"date":"2024-08-12T12:41:06","date_gmt":"2024-08-12T10:41:06","guid":{"rendered":"https:\/\/www.kierr.nl\/erlaeuterung-der-arten-von-fensterscheren\/"},"modified":"2024-10-17T12:40:23","modified_gmt":"2024-10-17T10:40:23","slug":"erlaeuterung-der-arten-von-fensterscheren","status":"publish","type":"page","link":"https:\/\/kierr.nl\/de\/erlaeuterung-der-arten-von-fensterscheren\/","title":{"rendered":"Erl\u00e4uterung der Arten von Fensterscheren"},"content":{"rendered":"\t\t<div data-elementor-type=\"wp-page\" data-elementor-id=\"2938\" class=\"elementor elementor-2938 elementor-2190\" data-elementor-post-type=\"page\">\n\t\t\t\t<div class=\"elementor-element elementor-element-4ba3060c e-flex e-con-boxed e-con e-parent\" data-id=\"4ba3060c\" data-element_type=\"container\" data-e-type=\"container\">\n\t\t\t\t\t<div class=\"e-con-inner\">\n\t\t<div class=\"elementor-element elementor-element-4b593ec1 e-con-full e-flex e-con e-child\" data-id=\"4b593ec1\" data-element_type=\"container\" data-e-type=\"container\">\n\t\t<div class=\"elementor-element elementor-element-2ce3d319 e-con-full e-flex e-con e-child\" data-id=\"2ce3d319\" data-element_type=\"container\" data-e-type=\"container\">\n\t\t<div class=\"elementor-element elementor-element-f38d8fa e-con-full e-flex e-con e-child\" data-id=\"f38d8fa\" data-element_type=\"container\" data-e-type=\"container\">\n\t\t\t\t<div class=\"elementor-element elementor-element-553d13e7 elementor-widget elementor-widget-heading\" data-id=\"553d13e7\" data-element_type=\"widget\" data-e-type=\"widget\" data-widget_type=\"heading.default\">\n\t\t\t\t<div class=\"elementor-widget-container\">\n\t\t\t\t\t<h1 class=\"elementor-heading-title elementor-size-default\">Fensterst\u00fctzen<\/h1>\t\t\t\t<\/div>\n\t\t\t\t<\/div>\n\t\t\t\t<\/div>\n\t\t\t\t<\/div>\n\t\t\t\t<\/div>\n\t\t\t\t\t<\/div>\n\t\t\t\t<\/div>\n\t\t<div class=\"elementor-element elementor-element-16c09c18 e-flex e-con-boxed e-con e-parent\" data-id=\"16c09c18\" data-element_type=\"container\" data-e-type=\"container\">\n\t\t\t\t\t<div class=\"e-con-inner\">\n\t\t<div class=\"elementor-element elementor-element-30f403a8 e-con-full e-flex e-con e-child\" data-id=\"30f403a8\" data-element_type=\"container\" data-e-type=\"container\">\n\t\t\t\t<div class=\"elementor-element elementor-element-5520635d elementor-widget elementor-widget-heading\" data-id=\"5520635d\" data-element_type=\"widget\" data-e-type=\"widget\" data-widget_type=\"heading.default\">\n\t\t\t\t<div class=\"elementor-widget-container\">\n\t\t\t\t\t<h2 class=\"elementor-heading-title elementor-size-default\">Kierr Flex Schl\u00fcsselanh\u00e4nger<\/h2>\t\t\t\t<\/div>\n\t\t\t\t<\/div>\n\t\t\t\t<div class=\"elementor-element elementor-element-17d6e9b8 elementor-widget elementor-widget-text-editor\" data-id=\"17d6e9b8\" data-element_type=\"widget\" data-e-type=\"widget\" data-widget_type=\"text-editor.default\">\n\t\t\t\t<div class=\"elementor-widget-container\">\n\t\t\t\t\t\t\t\t\t<p>Die Kierr Flex Spalthalter sind verstellbar und aus <b>leichtem Aluminium<\/b> gefertigt.<br \/>\nDie <b>gro\u00dfen, flexiblen Kunststoffklammern<\/b> mit Moosgummischutz sind perfekt f\u00fcr den Einsatz auf Kunststoff, Holz und Aluminium geeignet, ohne dass Sie bohren oder schrauben m\u00fcssen!<br \/>\nDie Kierr Flex Fensterscheren\/Fensterbefestiger haben ein <b>elegantes Aussehen<\/b> und verf\u00fcgen \u00fcber <b>gro\u00dfe, leicht zu drehende R\u00e4ndelkn\u00f6pfe<\/b>, mit denen Sie die \u00d6ffnung Ihres Fensters leichter einstellen k\u00f6nnen.  <\/p>\n\t\t\t\t\t\t\t\t<\/div>\n\t\t\t\t<\/div>\n\t\t<div class=\"elementor-element elementor-element-4151e9b2 e-con-full e-flex e-con e-child\" data-id=\"4151e9b2\" data-element_type=\"container\" data-e-type=\"container\">\n\t\t\t\t<div class=\"elementor-element elementor-element-cb9a301 elementor-mobile-align-justify elementor-widget-mobile__width-inherit elementor-widget elementor-widget-button\" data-id=\"cb9a301\" data-element_type=\"widget\" data-e-type=\"widget\" data-widget_type=\"button.default\">\n\t\t\t\t<div class=\"elementor-widget-container\">\n\t\t\t\t\t\t\t\t\t<div class=\"elementor-button-wrapper\">\n\t\t\t\t\t<a class=\"elementor-button elementor-button-link elementor-size-sm\" href=\"https:\/\/www.kierr.nl\/de\/fenster-oeffnen-kierr-flex\/\">\n\t\t\t\t\t\t<span class=\"elementor-button-content-wrapper\">\n\t\t\t\t\t\t\t\t\t<span class=\"elementor-button-text\">Kierr Flex Systeme<\/span>\n\t\t\t\t\t<\/span>\n\t\t\t\t\t<\/a>\n\t\t\t\t<\/div>\n\t\t\t\t\t\t\t\t<\/div>\n\t\t\t\t<\/div>\n\t\t\t\t<div class=\"elementor-element elementor-element-7ecd791d elementor-mobile-align-justify elementor-widget-mobile__width-inherit elementor-widget elementor-widget-button\" data-id=\"7ecd791d\" data-element_type=\"widget\" data-e-type=\"widget\" data-widget_type=\"button.default\">\n\t\t\t\t<div class=\"elementor-widget-container\">\n\t\t\t\t\t\t\t\t\t<div class=\"elementor-button-wrapper\">\n\t\t\t\t\t<a class=\"elementor-button elementor-button-link elementor-size-sm\" href=\"https:\/\/www.welkombijspynn.nl\/kierr\/product-categorie\/deurbeslag\/deurvastzetter\/?filter_systeem=zonder-boren-en-schroeven&#038;query_type_systeem=or\">\n\t\t\t\t\t\t<span class=\"elementor-button-content-wrapper\">\n\t\t\t\t\t\t\t\t\t<span class=\"elementor-button-text\">Direkt bestellen<\/span>\n\t\t\t\t\t<\/span>\n\t\t\t\t\t<\/a>\n\t\t\t\t<\/div>\n\t\t\t\t\t\t\t\t<\/div>\n\t\t\t\t<\/div>\n\t\t\t\t<\/div>\n\t\t\t\t<\/div>\n\t\t<div class=\"elementor-element elementor-element-1cd9cc26 e-con-full e-flex e-con e-child\" data-id=\"1cd9cc26\" data-element_type=\"container\" data-e-type=\"container\">\n\t\t\t\t<div class=\"elementor-element elementor-element-428c106a elementor-widget elementor-widget-image\" data-id=\"428c106a\" data-element_type=\"widget\" data-e-type=\"widget\" data-widget_type=\"image.default\">\n\t\t\t\t<div class=\"elementor-widget-container\">\n\t\t\t\t\t\t\t\t\t\t\t\t\t\t\t<img fetchpriority=\"high\" decoding=\"async\" width=\"1024\" height=\"684\" src=\"https:\/\/kierr.nl\/wp-content\/uploads\/2024\/08\/MBF03790-scaled-1-1024x684.jpg\" class=\"attachment-large size-large wp-image-2942\" alt=\"Kierr Flex 100 raamuitzetter\" srcset=\"https:\/\/kierr.nl\/wp-content\/uploads\/2024\/08\/MBF03790-scaled-1-1024x684.jpg 1024w, https:\/\/kierr.nl\/wp-content\/uploads\/2024\/08\/MBF03790-scaled-1-800x534.jpg 800w, https:\/\/kierr.nl\/wp-content\/uploads\/2024\/08\/MBF03790-scaled-1-300x200.jpg 300w, https:\/\/kierr.nl\/wp-content\/uploads\/2024\/08\/MBF03790-scaled-1-768x513.jpg 768w, https:\/\/kierr.nl\/wp-content\/uploads\/2024\/08\/MBF03790-scaled-1-1536x1026.jpg 1536w, https:\/\/kierr.nl\/wp-content\/uploads\/2024\/08\/MBF03790-scaled-1-2048x1368.jpg 2048w\" sizes=\"(max-width: 1024px) 100vw, 1024px\" \/>\t\t\t\t\t\t\t\t\t\t\t\t\t\t\t<\/div>\n\t\t\t\t<\/div>\n\t\t\t\t<\/div>\n\t\t\t\t\t<\/div>\n\t\t\t\t<\/div>\n\t\t<div class=\"elementor-element elementor-element-5bf485bd e-flex e-con-boxed e-con e-parent\" data-id=\"5bf485bd\" data-element_type=\"container\" data-e-type=\"container\">\n\t\t\t\t\t<div class=\"e-con-inner\">\n\t\t<div class=\"elementor-element elementor-element-3eafb820 e-con-full e-flex e-con e-child\" data-id=\"3eafb820\" data-element_type=\"container\" data-e-type=\"container\">\n\t\t\t\t<div class=\"elementor-element elementor-element-12370496 elementor-widget elementor-widget-image\" data-id=\"12370496\" data-element_type=\"widget\" data-e-type=\"widget\" data-widget_type=\"image.default\">\n\t\t\t\t<div class=\"elementor-widget-container\">\n\t\t\t\t\t\t\t\t\t\t\t\t\t\t\t<img decoding=\"async\" width=\"1024\" height=\"576\" src=\"https:\/\/kierr.nl\/wp-content\/uploads\/2024\/08\/Kierr-click-100-B-1024x576.jpg\" class=\"attachment-large size-large wp-image-2943\" alt=\"Kierr Click 100 zonder boren en schroeven raamuitzetter tevens geschikt om kiepstand te verkleinen.\" srcset=\"https:\/\/kierr.nl\/wp-content\/uploads\/2024\/08\/Kierr-click-100-B-1024x576.jpg 1024w, https:\/\/kierr.nl\/wp-content\/uploads\/2024\/08\/Kierr-click-100-B-800x450.jpg 800w, https:\/\/kierr.nl\/wp-content\/uploads\/2024\/08\/Kierr-click-100-B-300x169.jpg 300w, https:\/\/kierr.nl\/wp-content\/uploads\/2024\/08\/Kierr-click-100-B-768x432.jpg 768w, https:\/\/kierr.nl\/wp-content\/uploads\/2024\/08\/Kierr-click-100-B-1536x864.jpg 1536w, https:\/\/kierr.nl\/wp-content\/uploads\/2024\/08\/Kierr-click-100-B.jpg 1920w\" sizes=\"(max-width: 1024px) 100vw, 1024px\" \/>\t\t\t\t\t\t\t\t\t\t\t\t\t\t\t<\/div>\n\t\t\t\t<\/div>\n\t\t\t\t<\/div>\n\t\t<div class=\"elementor-element elementor-element-7e4a5353 e-con-full e-flex e-con e-child\" data-id=\"7e4a5353\" data-element_type=\"container\" data-e-type=\"container\">\n\t\t\t\t<div class=\"elementor-element elementor-element-28fb893e elementor-widget elementor-widget-heading\" data-id=\"28fb893e\" data-element_type=\"widget\" data-e-type=\"widget\" data-widget_type=\"heading.default\">\n\t\t\t\t<div class=\"elementor-widget-container\">\n\t\t\t\t\t<h2 class=\"elementor-heading-title elementor-size-default\">Kierr Klick<\/h2>\t\t\t\t<\/div>\n\t\t\t\t<\/div>\n\t\t\t\t<div class=\"elementor-element elementor-element-6b281183 elementor-widget elementor-widget-text-editor\" data-id=\"6b281183\" data-element_type=\"widget\" data-e-type=\"widget\" data-widget_type=\"text-editor.default\">\n\t\t\t\t<div class=\"elementor-widget-container\">\n\t\t\t\t\t\t\t\t\t<p>Der Kierr Click 100 ist aus <b>Aluminium<\/b> gefertigt.<br \/>\nDer Kierr Click 100 funktioniert nicht mit Klemmlamellen, sondern mit <b>einem Magnetsystem<\/b>, das Sie mit sehr starkem doppelseitigem Klebeband an Ihren Rahmen und Ihr Fenster kleben k\u00f6nnen, ohne bohren und schrauben zu m\u00fcssen.<br \/>\nDer Kierr Click 100 Kippbegrenzer eignet sich zur <b>Verringerung des Spaltes bei Kippfenstern<\/b> und auch zum <b>\u00d6ffnen von nach innen gekippten Fenstern<\/b>.<br \/>\nAlso auch perfekt, wenn Sie ein Kippfenster haben, das zu weit ge\u00f6ffnet ist und zu viel kalte oder warme Luft hereinl\u00e4sst.<br \/>\nDer Vorteil eines magnetischen Systems ist, dass Sie den Kippbegrenzer ganz <b>einfach entfernen<\/b> k\u00f6nnen und das Fenster <b>leicht \u00f6ffnen und schlie\u00dfen<\/b> k\u00f6nnen, da sich die Magnete automatisch mit dem ge\u00f6ffneten Fenster bewegen.    <\/p>\n\t\t\t\t\t\t\t\t<\/div>\n\t\t\t\t<\/div>\n\t\t<div class=\"elementor-element elementor-element-3203d62b e-con-full e-flex e-con e-child\" data-id=\"3203d62b\" data-element_type=\"container\" data-e-type=\"container\">\n\t\t\t\t<div class=\"elementor-element elementor-element-7c023126 elementor-mobile-align-justify elementor-widget-mobile__width-inherit elementor-widget elementor-widget-button\" data-id=\"7c023126\" data-element_type=\"widget\" data-e-type=\"widget\" data-widget_type=\"button.default\">\n\t\t\t\t<div class=\"elementor-widget-container\">\n\t\t\t\t\t\t\t\t\t<div class=\"elementor-button-wrapper\">\n\t\t\t\t\t<a class=\"elementor-button elementor-button-link elementor-size-sm\" href=\"https:\/\/www.kierr.nl\/de\/fensteroeffner-klick-100\/\">\n\t\t\t\t\t\t<span class=\"elementor-button-content-wrapper\">\n\t\t\t\t\t\t\t\t\t<span class=\"elementor-button-text\">Kierr Click 100 Systeme<\/span>\n\t\t\t\t\t<\/span>\n\t\t\t\t\t<\/a>\n\t\t\t\t<\/div>\n\t\t\t\t\t\t\t\t<\/div>\n\t\t\t\t<\/div>\n\t\t\t\t<div class=\"elementor-element elementor-element-523f2f68 elementor-mobile-align-justify elementor-widget-mobile__width-inherit elementor-widget elementor-widget-button\" data-id=\"523f2f68\" data-element_type=\"widget\" data-e-type=\"widget\" data-widget_type=\"button.default\">\n\t\t\t\t<div class=\"elementor-widget-container\">\n\t\t\t\t\t\t\t\t\t<div class=\"elementor-button-wrapper\">\n\t\t\t\t\t<a class=\"elementor-button elementor-button-link elementor-size-sm\" href=\"https:\/\/www.welkombijspynn.nl\/kierr\/product\/ki\/\">\n\t\t\t\t\t\t<span class=\"elementor-button-content-wrapper\">\n\t\t\t\t\t\t\t\t\t<span class=\"elementor-button-text\">Direkt bestellen<\/span>\n\t\t\t\t\t<\/span>\n\t\t\t\t\t<\/a>\n\t\t\t\t<\/div>\n\t\t\t\t\t\t\t\t<\/div>\n\t\t\t\t<\/div>\n\t\t\t\t<\/div>\n\t\t\t\t<\/div>\n\t\t\t\t\t<\/div>\n\t\t\t\t<\/div>\n\t\t\t\t<\/div>\n\t\t","protected":false},"excerpt":{"rendered":"<p>Fensterst\u00fctzen Kierr Flex Schl\u00fcsselanh\u00e4nger Die Kierr Flex Spalthalter sind verstellbar und aus leichtem Aluminium gefertigt. Die gro\u00dfen, flexiblen Kunststoffklammern mit Moosgummischutz sind perfekt f\u00fcr den Einsatz auf Kunststoff, Holz und Aluminium geeignet, ohne dass Sie bohren oder schrauben m\u00fcssen! Die Kierr Flex Fensterscheren\/Fensterbefestiger haben ein elegantes Aussehen und verf\u00fcgen \u00fcber gro\u00dfe, leicht zu drehende R\u00e4ndelkn\u00f6pfe, [&hellip;]<\/p>\n","protected":false},"author":3,"featured_media":0,"parent":0,"menu_order":0,"comment_status":"closed","ping_status":"closed","template":"","meta":{"_acf_changed":false,"site-sidebar-layout":"no-sidebar","site-content-layout":"page-builder","ast-site-content-layout":"full-width-container","site-content-style":"default","site-sidebar-style":"default","ast-global-header-display":"","ast-banner-title-visibility":"","ast-main-header-display":"","ast-hfb-above-header-display":"","ast-hfb-below-header-display":"","ast-hfb-mobile-header-display":"","site-post-title":"disabled","ast-breadcrumbs-content":"","ast-featured-img":"disabled","footer-sml-layout":"","ast-disable-related-posts":"","theme-transparent-header-meta":"","adv-header-id-meta":"","stick-header-meta":"","header-above-stick-meta":"","header-main-stick-meta":"","header-below-stick-meta":"","astra-migrate-meta-layouts":"default","ast-page-background-enabled":"default","ast-page-background-meta":{"desktop":{"background-color":"var(--ast-global-color-4)","background-image":"","background-repeat":"repeat","background-position":"center center","background-size":"auto","background-attachment":"scroll","background-type":"","background-media":"","overlay-type":"","overlay-color":"","overlay-opacity":"","overlay-gradient":""},"tablet":{"background-color":"","background-image":"","background-repeat":"repeat","background-position":"center center","background-size":"auto","background-attachment":"scroll","background-type":"","background-media":"","overlay-type":"","overlay-color":"","overlay-opacity":"","overlay-gradient":""},"mobile":{"background-color":"","background-image":"","background-repeat":"repeat","background-position":"center center","background-size":"auto","background-attachment":"scroll","background-type":"","background-media":"","overlay-type":"","overlay-color":"","overlay-opacity":"","overlay-gradient":""}},"ast-content-background-meta":{"desktop":{"background-color":"var(--ast-global-color-5)","background-image":"","background-repeat":"repeat","background-position":"center center","background-size":"auto","background-attachment":"scroll","background-type":"","background-media":"","overlay-type":"","overlay-color":"","overlay-opacity":"","overlay-gradient":""},"tablet":{"background-color":"var(--ast-global-color-5)","background-image":"","background-repeat":"repeat","background-position":"center center","background-size":"auto","background-attachment":"scroll","background-type":"","background-media":"","overlay-type":"","overlay-color":"","overlay-opacity":"","overlay-gradient":""},"mobile":{"background-color":"var(--ast-global-color-5)","background-image":"","background-repeat":"repeat","background-position":"center center","background-size":"auto","background-attachment":"scroll","background-type":"","background-media":"","overlay-type":"","overlay-color":"","overlay-opacity":"","overlay-gradient":""}},"footnotes":""},"class_list":["post-2938","page","type-page","status-publish","hentry"],"acf":[],"yoast_head":"<!-- This site is optimized with the Yoast SEO plugin v27.4 - https:\/\/yoast.com\/product\/yoast-seo-wordpress\/ -->\n<title>- Erl\u00e4uterung der Arten von Fensterscheren Kierr.nl<\/title>\n<meta name=\"description\" content=\"Erl\u00e4uterung der Arten von Fensterscheren. Verschiedene Typen: Flex und Classic. Gr\u00f6\u00dfen: 100 oder 200. Befestigung ohne Bohren oder Schrauben. Alle Produkte ansehen.\" \/>\n<meta name=\"robots\" content=\"index, follow, max-snippet:-1, max-image-preview:large, max-video-preview:-1\" \/>\n<link rel=\"canonical\" href=\"https:\/\/kierr.nl\/de\/erlaeuterung-der-arten-von-fensterscheren\/\" \/>\n<meta property=\"og:locale\" content=\"de_DE\" \/>\n<meta property=\"og:type\" content=\"article\" \/>\n<meta property=\"og:title\" content=\"- Erl\u00e4uterung der Arten von Fensterscheren Kierr.nl\" \/>\n<meta property=\"og:description\" content=\"Erl\u00e4uterung der Arten von Fensterscheren. Verschiedene Typen: Flex und Classic. Gr\u00f6\u00dfen: 100 oder 200. Befestigung ohne Bohren oder Schrauben. Alle Produkte ansehen.\" \/>\n<meta property=\"og:url\" content=\"https:\/\/kierr.nl\/de\/erlaeuterung-der-arten-von-fensterscheren\/\" \/>\n<meta property=\"og:site_name\" content=\"Kierr.nl\" \/>\n<meta property=\"article:modified_time\" content=\"2024-10-17T10:40:23+00:00\" \/>\n<meta property=\"og:image\" content=\"https:\/\/kierr.nl\/wp-content\/uploads\/2024\/08\/MBF03790-scaled-1-1024x684.jpg\" \/>\n<meta name=\"twitter:card\" content=\"summary_large_image\" \/>\n<meta name=\"twitter:label1\" content=\"Gesch\u00e4tzte Lesezeit\" \/>\n\t<meta name=\"twitter:data1\" content=\"1\u00a0Minute\" \/>\n<script type=\"application\/ld+json\" class=\"yoast-schema-graph\">{\"@context\":\"https:\\\/\\\/schema.org\",\"@graph\":[{\"@type\":\"WebPage\",\"@id\":\"https:\\\/\\\/kierr.nl\\\/de\\\/erlaeuterung-der-arten-von-fensterscheren\\\/\",\"url\":\"https:\\\/\\\/kierr.nl\\\/de\\\/erlaeuterung-der-arten-von-fensterscheren\\\/\",\"name\":\"- Erl\u00e4uterung der Arten von Fensterscheren Kierr.nl\",\"isPartOf\":{\"@id\":\"https:\\\/\\\/kierr.nl\\\/de\\\/#website\"},\"primaryImageOfPage\":{\"@id\":\"https:\\\/\\\/kierr.nl\\\/de\\\/erlaeuterung-der-arten-von-fensterscheren\\\/#primaryimage\"},\"image\":{\"@id\":\"https:\\\/\\\/kierr.nl\\\/de\\\/erlaeuterung-der-arten-von-fensterscheren\\\/#primaryimage\"},\"thumbnailUrl\":\"https:\\\/\\\/kierr.nl\\\/wp-content\\\/uploads\\\/2024\\\/08\\\/MBF03790-scaled-1-1024x684.jpg\",\"datePublished\":\"2024-08-12T10:41:06+00:00\",\"dateModified\":\"2024-10-17T10:40:23+00:00\",\"description\":\"Erl\u00e4uterung der Arten von Fensterscheren. Verschiedene Typen: Flex und Classic. Gr\u00f6\u00dfen: 100 oder 200. Befestigung ohne Bohren oder Schrauben. Alle Produkte ansehen.\",\"breadcrumb\":{\"@id\":\"https:\\\/\\\/kierr.nl\\\/de\\\/erlaeuterung-der-arten-von-fensterscheren\\\/#breadcrumb\"},\"inLanguage\":\"de\",\"potentialAction\":[{\"@type\":\"ReadAction\",\"target\":[\"https:\\\/\\\/kierr.nl\\\/de\\\/erlaeuterung-der-arten-von-fensterscheren\\\/\"]}]},{\"@type\":\"ImageObject\",\"inLanguage\":\"de\",\"@id\":\"https:\\\/\\\/kierr.nl\\\/de\\\/erlaeuterung-der-arten-von-fensterscheren\\\/#primaryimage\",\"url\":\"https:\\\/\\\/kierr.nl\\\/wp-content\\\/uploads\\\/2024\\\/08\\\/MBF03790-scaled-1-1024x684.jpg\",\"contentUrl\":\"https:\\\/\\\/kierr.nl\\\/wp-content\\\/uploads\\\/2024\\\/08\\\/MBF03790-scaled-1-1024x684.jpg\"},{\"@type\":\"BreadcrumbList\",\"@id\":\"https:\\\/\\\/kierr.nl\\\/de\\\/erlaeuterung-der-arten-von-fensterscheren\\\/#breadcrumb\",\"itemListElement\":[{\"@type\":\"ListItem\",\"position\":1,\"name\":\"Startseite\",\"item\":\"https:\\\/\\\/kierr.nl\\\/de\\\/\"},{\"@type\":\"ListItem\",\"position\":2,\"name\":\"Erl\u00e4uterung der Arten von Fensterscheren\"}]},{\"@type\":\"WebSite\",\"@id\":\"https:\\\/\\\/kierr.nl\\\/de\\\/#website\",\"url\":\"https:\\\/\\\/kierr.nl\\\/de\\\/\",\"name\":\"Kierr.nl\",\"description\":\"Deur- en raambeslag\",\"potentialAction\":[{\"@type\":\"SearchAction\",\"target\":{\"@type\":\"EntryPoint\",\"urlTemplate\":\"https:\\\/\\\/kierr.nl\\\/de\\\/?s={search_term_string}\"},\"query-input\":{\"@type\":\"PropertyValueSpecification\",\"valueRequired\":true,\"valueName\":\"search_term_string\"}}],\"inLanguage\":\"de\"}]}<\/script>\n<!-- \/ Yoast SEO plugin. -->","yoast_head_json":{"title":"- Erl\u00e4uterung der Arten von Fensterscheren Kierr.nl","description":"Erl\u00e4uterung der Arten von Fensterscheren. Verschiedene Typen: Flex und Classic. Gr\u00f6\u00dfen: 100 oder 200. Befestigung ohne Bohren oder Schrauben. Alle Produkte ansehen.","robots":{"index":"index","follow":"follow","max-snippet":"max-snippet:-1","max-image-preview":"max-image-preview:large","max-video-preview":"max-video-preview:-1"},"canonical":"https:\/\/kierr.nl\/de\/erlaeuterung-der-arten-von-fensterscheren\/","og_locale":"de_DE","og_type":"article","og_title":"- Erl\u00e4uterung der Arten von Fensterscheren Kierr.nl","og_description":"Erl\u00e4uterung der Arten von Fensterscheren. Verschiedene Typen: Flex und Classic. Gr\u00f6\u00dfen: 100 oder 200. Befestigung ohne Bohren oder Schrauben. Alle Produkte ansehen.","og_url":"https:\/\/kierr.nl\/de\/erlaeuterung-der-arten-von-fensterscheren\/","og_site_name":"Kierr.nl","article_modified_time":"2024-10-17T10:40:23+00:00","og_image":[{"url":"https:\/\/kierr.nl\/wp-content\/uploads\/2024\/08\/MBF03790-scaled-1-1024x684.jpg","type":"","width":"","height":""}],"twitter_card":"summary_large_image","twitter_misc":{"Gesch\u00e4tzte Lesezeit":"1\u00a0Minute"},"schema":{"@context":"https:\/\/schema.org","@graph":[{"@type":"WebPage","@id":"https:\/\/kierr.nl\/de\/erlaeuterung-der-arten-von-fensterscheren\/","url":"https:\/\/kierr.nl\/de\/erlaeuterung-der-arten-von-fensterscheren\/","name":"- Erl\u00e4uterung der Arten von Fensterscheren Kierr.nl","isPartOf":{"@id":"https:\/\/kierr.nl\/de\/#website"},"primaryImageOfPage":{"@id":"https:\/\/kierr.nl\/de\/erlaeuterung-der-arten-von-fensterscheren\/#primaryimage"},"image":{"@id":"https:\/\/kierr.nl\/de\/erlaeuterung-der-arten-von-fensterscheren\/#primaryimage"},"thumbnailUrl":"https:\/\/kierr.nl\/wp-content\/uploads\/2024\/08\/MBF03790-scaled-1-1024x684.jpg","datePublished":"2024-08-12T10:41:06+00:00","dateModified":"2024-10-17T10:40:23+00:00","description":"Erl\u00e4uterung der Arten von Fensterscheren. Verschiedene Typen: Flex und Classic. Gr\u00f6\u00dfen: 100 oder 200. Befestigung ohne Bohren oder Schrauben. Alle Produkte ansehen.","breadcrumb":{"@id":"https:\/\/kierr.nl\/de\/erlaeuterung-der-arten-von-fensterscheren\/#breadcrumb"},"inLanguage":"de","potentialAction":[{"@type":"ReadAction","target":["https:\/\/kierr.nl\/de\/erlaeuterung-der-arten-von-fensterscheren\/"]}]},{"@type":"ImageObject","inLanguage":"de","@id":"https:\/\/kierr.nl\/de\/erlaeuterung-der-arten-von-fensterscheren\/#primaryimage","url":"https:\/\/kierr.nl\/wp-content\/uploads\/2024\/08\/MBF03790-scaled-1-1024x684.jpg","contentUrl":"https:\/\/kierr.nl\/wp-content\/uploads\/2024\/08\/MBF03790-scaled-1-1024x684.jpg"},{"@type":"BreadcrumbList","@id":"https:\/\/kierr.nl\/de\/erlaeuterung-der-arten-von-fensterscheren\/#breadcrumb","itemListElement":[{"@type":"ListItem","position":1,"name":"Startseite","item":"https:\/\/kierr.nl\/de\/"},{"@type":"ListItem","position":2,"name":"Erl\u00e4uterung der Arten von Fensterscheren"}]},{"@type":"WebSite","@id":"https:\/\/kierr.nl\/de\/#website","url":"https:\/\/kierr.nl\/de\/","name":"Kierr.nl","description":"Deur- en raambeslag","potentialAction":[{"@type":"SearchAction","target":{"@type":"EntryPoint","urlTemplate":"https:\/\/kierr.nl\/de\/?s={search_term_string}"},"query-input":{"@type":"PropertyValueSpecification","valueRequired":true,"valueName":"search_term_string"}}],"inLanguage":"de"}]}},"_links":{"self":[{"href":"https:\/\/kierr.nl\/de\/wp-json\/wp\/v2\/pages\/2938","targetHints":{"allow":["GET"]}}],"collection":[{"href":"https:\/\/kierr.nl\/de\/wp-json\/wp\/v2\/pages"}],"about":[{"href":"https:\/\/kierr.nl\/de\/wp-json\/wp\/v2\/types\/page"}],"author":[{"embeddable":true,"href":"https:\/\/kierr.nl\/de\/wp-json\/wp\/v2\/users\/3"}],"replies":[{"embeddable":true,"href":"https:\/\/kierr.nl\/de\/wp-json\/wp\/v2\/comments?post=2938"}],"version-history":[{"count":0,"href":"https:\/\/kierr.nl\/de\/wp-json\/wp\/v2\/pages\/2938\/revisions"}],"wp:attachment":[{"href":"https:\/\/kierr.nl\/de\/wp-json\/wp\/v2\/media?parent=2938"}],"curies":[{"name":"wp","href":"https:\/\/api.w.org\/{rel}","templated":true}]}}