{"id":2946,"date":"2024-08-14T11:24:37","date_gmt":"2024-08-14T09:24:37","guid":{"rendered":"https:\/\/www.kierr.nl\/haustier-erklaerung-arten-von-tuerfeststellern\/"},"modified":"2024-10-16T16:34:15","modified_gmt":"2024-10-16T14:34:15","slug":"haustier-erklaerung-arten-von-tuerfeststellern","status":"publish","type":"page","link":"https:\/\/kierr.nl\/de\/haustier-erklaerung-arten-von-tuerfeststellern\/","title":{"rendered":"Haustier Erkl\u00e4rung Arten von T\u00fcrfeststellern"},"content":{"rendered":"\t\t<div data-elementor-type=\"wp-page\" data-elementor-id=\"2946\" class=\"elementor elementor-2946 elementor-2271\" data-elementor-post-type=\"page\">\n\t\t\t\t<div class=\"elementor-element elementor-element-67a76752 e-flex e-con-boxed e-con e-parent\" data-id=\"67a76752\" data-element_type=\"container\" data-e-type=\"container\">\n\t\t\t\t\t<div class=\"e-con-inner\">\n\t\t<div class=\"elementor-element elementor-element-1ac5444f e-con-full e-flex e-con e-child\" data-id=\"1ac5444f\" data-element_type=\"container\" data-e-type=\"container\">\n\t\t<div class=\"elementor-element elementor-element-344e3f2f e-con-full e-flex e-con e-child\" data-id=\"344e3f2f\" data-element_type=\"container\" data-e-type=\"container\">\n\t\t<div class=\"elementor-element elementor-element-6860a2a7 e-con-full e-flex e-con e-child\" data-id=\"6860a2a7\" data-element_type=\"container\" data-e-type=\"container\">\n\t\t\t\t<div class=\"elementor-element elementor-element-1159ded3 elementor-widget elementor-widget-heading\" data-id=\"1159ded3\" data-element_type=\"widget\" data-e-type=\"widget\" data-widget_type=\"heading.default\">\n\t\t\t\t<div class=\"elementor-widget-container\">\n\t\t\t\t\t<h1 class=\"elementor-heading-title elementor-size-default\">T\u00fcrstopper f\u00fcr Haustiere<\/h1>\t\t\t\t<\/div>\n\t\t\t\t<\/div>\n\t\t\t\t<\/div>\n\t\t\t\t<\/div>\n\t\t\t\t<\/div>\n\t\t\t\t\t<\/div>\n\t\t\t\t<\/div>\n\t\t<div class=\"elementor-element elementor-element-2838675f e-flex e-con-boxed e-con e-parent\" data-id=\"2838675f\" data-element_type=\"container\" data-e-type=\"container\">\n\t\t\t\t\t<div class=\"e-con-inner\">\n\t\t<div class=\"elementor-element elementor-element-66f20b3c e-con-full e-flex e-con e-child\" data-id=\"66f20b3c\" data-element_type=\"container\" data-e-type=\"container\">\n\t\t\t\t<div class=\"elementor-element elementor-element-5dd1c68f elementor-widget elementor-widget-heading\" data-id=\"5dd1c68f\" data-element_type=\"widget\" data-e-type=\"widget\" data-widget_type=\"heading.default\">\n\t\t\t\t<div class=\"elementor-widget-container\">\n\t\t\t\t\t<h2 class=\"elementor-heading-title elementor-size-default\">Kierr Flex<\/h2>\t\t\t\t<\/div>\n\t\t\t\t<\/div>\n\t\t\t\t<div class=\"elementor-element elementor-element-39f476d7 elementor-widget elementor-widget-text-editor\" data-id=\"39f476d7\" data-element_type=\"widget\" data-e-type=\"widget\" data-widget_type=\"text-editor.default\">\n\t\t\t\t<div class=\"elementor-widget-container\">\n\t\t\t\t\t\t\t\t\t<p>Die Aluminiummodelle der Kierr Flex Kierstandhouder sind sehr gut <b>f\u00fcr Haustiere<\/b> geeignet. Dank der <b>gr\u00f6\u00dferen Kunststoff-Klemmlamellen<\/b> mit Zellgummischutz lassen sich die Kierr Flex Scheren auch an Kunststoff, Holz und Aluminium befestigen, ohne dass gebohrt oder geschraubt werden muss! Die Kierr Flex T\u00fcrschlie\u00dfer haben ein <b>elegantes Aussehen<\/b> und sind leicht und einfach zu montieren. Die Kierr Flex Modelle haben <b>leicht zu bedienende R\u00e4ndelkn\u00f6pfe<\/b>. Damit k\u00f6nnen Sie die gew\u00fcnschte \u00d6ffnung Ihrer T\u00fcr einstellen, um <b>Ihr Haustier<\/b> entweder <b>hinaus- oder hineinzulassen<\/b>. Die gr\u00f6\u00dferen Versionen Kierr Flex 200 und Kierr Flex 300 haben au\u00dferdem ein <b>Scharnier, das das \u00d6ffnen des Kierr erleichtert, wenn Sie hindurchgehen m\u00f6chten, ohne den St\u00e4nder<\/b> zu <b>entfernen<\/b>.     <\/p>\n\t\t\t\t\t\t\t\t<\/div>\n\t\t\t\t<\/div>\n\t\t<div class=\"elementor-element elementor-element-264cdf12 e-con-full e-flex e-con e-child\" data-id=\"264cdf12\" data-element_type=\"container\" data-e-type=\"container\">\n\t\t\t\t<div class=\"elementor-element elementor-element-245ae2cc elementor-mobile-align-justify elementor-widget-mobile__width-inherit elementor-widget elementor-widget-button\" data-id=\"245ae2cc\" data-element_type=\"widget\" data-e-type=\"widget\" data-widget_type=\"button.default\">\n\t\t\t\t<div class=\"elementor-widget-container\">\n\t\t\t\t\t\t\t\t\t<div class=\"elementor-button-wrapper\">\n\t\t\t\t\t<a class=\"elementor-button elementor-button-link elementor-size-sm\" href=\"https:\/\/kierr.nl\/de\/haustiertuer-rueckhaltesystem-und-fensterschutzgitter-kierr-flex\/\">\n\t\t\t\t\t\t<span class=\"elementor-button-content-wrapper\">\n\t\t\t\t\t\t\t\t\t<span class=\"elementor-button-text\">Kierr Flex Systeme<\/span>\n\t\t\t\t\t<\/span>\n\t\t\t\t\t<\/a>\n\t\t\t\t<\/div>\n\t\t\t\t\t\t\t\t<\/div>\n\t\t\t\t<\/div>\n\t\t\t\t<div class=\"elementor-element elementor-element-b7fb4dd elementor-mobile-align-justify elementor-widget-mobile__width-inherit elementor-widget elementor-widget-button\" data-id=\"b7fb4dd\" data-element_type=\"widget\" data-e-type=\"widget\" data-widget_type=\"button.default\">\n\t\t\t\t<div class=\"elementor-widget-container\">\n\t\t\t\t\t\t\t\t\t<div class=\"elementor-button-wrapper\">\n\t\t\t\t\t<a class=\"elementor-button elementor-button-link elementor-size-sm\" href=\"https:\/\/kierr.nl\/product-categorie\/deurbeslag\/deurvastzetter\/?filter_systeem=zonder-boren-en-schroeven&#038;query_type_systeem=or\">\n\t\t\t\t\t\t<span class=\"elementor-button-content-wrapper\">\n\t\t\t\t\t\t\t\t\t<span class=\"elementor-button-text\">Direkt bestellen<\/span>\n\t\t\t\t\t<\/span>\n\t\t\t\t\t<\/a>\n\t\t\t\t<\/div>\n\t\t\t\t\t\t\t\t<\/div>\n\t\t\t\t<\/div>\n\t\t\t\t<\/div>\n\t\t\t\t<\/div>\n\t\t<div class=\"elementor-element elementor-element-3a548f83 e-con-full e-flex e-con e-child\" data-id=\"3a548f83\" data-element_type=\"container\" data-e-type=\"container\">\n\t\t\t\t<div class=\"elementor-element elementor-element-6ee43986 elementor-widget elementor-widget-image\" data-id=\"6ee43986\" data-element_type=\"widget\" data-e-type=\"widget\" data-widget_type=\"image.default\">\n\t\t\t\t<div class=\"elementor-widget-container\">\n\t\t\t\t\t\t\t\t\t\t\t\t\t\t\t<img fetchpriority=\"high\" decoding=\"async\" width=\"960\" height=\"720\" src=\"https:\/\/kierr.nl\/wp-content\/uploads\/2024\/08\/Dieren-deur-raam-vastzetter.jpg\" class=\"attachment-large size-large wp-image-2947\" alt=\"Kierr Flex 100 kierstandhouder op de deur voor het binnenhouden van katten\" srcset=\"https:\/\/kierr.nl\/wp-content\/uploads\/2024\/08\/Dieren-deur-raam-vastzetter.jpg 960w, https:\/\/kierr.nl\/wp-content\/uploads\/2024\/08\/Dieren-deur-raam-vastzetter-800x600.jpg 800w, https:\/\/kierr.nl\/wp-content\/uploads\/2024\/08\/Dieren-deur-raam-vastzetter-300x225.jpg 300w, https:\/\/kierr.nl\/wp-content\/uploads\/2024\/08\/Dieren-deur-raam-vastzetter-768x576.jpg 768w\" sizes=\"(max-width: 960px) 100vw, 960px\" \/>\t\t\t\t\t\t\t\t\t\t\t\t\t\t\t<\/div>\n\t\t\t\t<\/div>\n\t\t\t\t<\/div>\n\t\t\t\t\t<\/div>\n\t\t\t\t<\/div>\n\t\t\t\t<\/div>\n\t\t","protected":false},"excerpt":{"rendered":"<p>T\u00fcrstopper f\u00fcr Haustiere Kierr Flex Die Aluminiummodelle der Kierr Flex Kierstandhouder sind sehr gut f\u00fcr Haustiere geeignet. Dank der gr\u00f6\u00dferen Kunststoff-Klemmlamellen mit Zellgummischutz lassen sich die Kierr Flex Scheren auch an Kunststoff, Holz und Aluminium befestigen, ohne dass gebohrt oder geschraubt werden muss! Die Kierr Flex T\u00fcrschlie\u00dfer haben ein elegantes Aussehen und sind leicht und [&hellip;]<\/p>\n","protected":false},"author":3,"featured_media":0,"parent":0,"menu_order":0,"comment_status":"closed","ping_status":"closed","template":"","meta":{"_acf_changed":false,"site-sidebar-layout":"no-sidebar","site-content-layout":"page-builder","ast-site-content-layout":"full-width-container","site-content-style":"default","site-sidebar-style":"default","ast-global-header-display":"","ast-banner-title-visibility":"","ast-main-header-display":"","ast-hfb-above-header-display":"","ast-hfb-below-header-display":"","ast-hfb-mobile-header-display":"","site-post-title":"disabled","ast-breadcrumbs-content":"","ast-featured-img":"disabled","footer-sml-layout":"","ast-disable-related-posts":"","theme-transparent-header-meta":"","adv-header-id-meta":"","stick-header-meta":"","header-above-stick-meta":"","header-main-stick-meta":"","header-below-stick-meta":"","astra-migrate-meta-layouts":"default","ast-page-background-enabled":"default","ast-page-background-meta":{"desktop":{"background-color":"var(--ast-global-color-4)","background-image":"","background-repeat":"repeat","background-position":"center center","background-size":"auto","background-attachment":"scroll","background-type":"","background-media":"","overlay-type":"","overlay-color":"","overlay-opacity":"","overlay-gradient":""},"tablet":{"background-color":"","background-image":"","background-repeat":"repeat","background-position":"center center","background-size":"auto","background-attachment":"scroll","background-type":"","background-media":"","overlay-type":"","overlay-color":"","overlay-opacity":"","overlay-gradient":""},"mobile":{"background-color":"","background-image":"","background-repeat":"repeat","background-position":"center center","background-size":"auto","background-attachment":"scroll","background-type":"","background-media":"","overlay-type":"","overlay-color":"","overlay-opacity":"","overlay-gradient":""}},"ast-content-background-meta":{"desktop":{"background-color":"var(--ast-global-color-5)","background-image":"","background-repeat":"repeat","background-position":"center center","background-size":"auto","background-attachment":"scroll","background-type":"","background-media":"","overlay-type":"","overlay-color":"","overlay-opacity":"","overlay-gradient":""},"tablet":{"background-color":"var(--ast-global-color-5)","background-image":"","background-repeat":"repeat","background-position":"center center","background-size":"auto","background-attachment":"scroll","background-type":"","background-media":"","overlay-type":"","overlay-color":"","overlay-opacity":"","overlay-gradient":""},"mobile":{"background-color":"var(--ast-global-color-5)","background-image":"","background-repeat":"repeat","background-position":"center center","background-size":"auto","background-attachment":"scroll","background-type":"","background-media":"","overlay-type":"","overlay-color":"","overlay-opacity":"","overlay-gradient":""}},"footnotes":""},"class_list":["post-2946","page","type-page","status-publish","hentry"],"acf":[],"yoast_head":"<!-- This site is optimized with the Yoast SEO plugin v27.4 - https:\/\/yoast.com\/product\/yoast-seo-wordpress\/ -->\n<title>Haustier Erkl\u00e4rung Arten von T\u00fcrfeststellern - Kierr.nl<\/title>\n<meta name=\"description\" content=\"Erl\u00e4uterung der Arten von Fenster- und T\u00fcrstoppern f\u00fcr Haustiere. Material: Aluminium oder rostfreier Stahl. Typen: Flexx oder Classic. Einfache Befestigung ohne Bohren.\" \/>\n<meta name=\"robots\" content=\"index, follow, max-snippet:-1, max-image-preview:large, max-video-preview:-1\" \/>\n<link rel=\"canonical\" href=\"https:\/\/kierr.nl\/de\/haustier-erklaerung-arten-von-tuerfeststellern\/\" \/>\n<meta property=\"og:locale\" content=\"de_DE\" \/>\n<meta property=\"og:type\" content=\"article\" \/>\n<meta property=\"og:title\" content=\"Haustier Erkl\u00e4rung Arten von T\u00fcrfeststellern - Kierr.nl\" \/>\n<meta property=\"og:description\" content=\"Erl\u00e4uterung der Arten von Fenster- und T\u00fcrstoppern f\u00fcr Haustiere. Material: Aluminium oder rostfreier Stahl. Typen: Flexx oder Classic. Einfache Befestigung ohne Bohren.\" \/>\n<meta property=\"og:url\" content=\"https:\/\/kierr.nl\/de\/haustier-erklaerung-arten-von-tuerfeststellern\/\" \/>\n<meta property=\"og:site_name\" content=\"Kierr.nl\" \/>\n<meta property=\"article:modified_time\" content=\"2024-10-16T14:34:15+00:00\" \/>\n<meta property=\"og:image\" content=\"https:\/\/www.kierr.nl\/wp-content\/uploads\/2024\/08\/Dieren-deur-raam-vastzetter.jpg\" \/>\n<meta name=\"twitter:card\" content=\"summary_large_image\" \/>\n<meta name=\"twitter:label1\" content=\"Gesch\u00e4tzte Lesezeit\" \/>\n\t<meta name=\"twitter:data1\" content=\"1\u00a0Minute\" \/>\n<script type=\"application\/ld+json\" class=\"yoast-schema-graph\">{\"@context\":\"https:\\\/\\\/schema.org\",\"@graph\":[{\"@type\":\"WebPage\",\"@id\":\"https:\\\/\\\/kierr.nl\\\/de\\\/haustier-erklaerung-arten-von-tuerfeststellern\\\/\",\"url\":\"https:\\\/\\\/kierr.nl\\\/de\\\/haustier-erklaerung-arten-von-tuerfeststellern\\\/\",\"name\":\"Haustier Erkl\u00e4rung Arten von T\u00fcrfeststellern - Kierr.nl\",\"isPartOf\":{\"@id\":\"https:\\\/\\\/kierr.nl\\\/de\\\/#website\"},\"primaryImageOfPage\":{\"@id\":\"https:\\\/\\\/kierr.nl\\\/de\\\/haustier-erklaerung-arten-von-tuerfeststellern\\\/#primaryimage\"},\"image\":{\"@id\":\"https:\\\/\\\/kierr.nl\\\/de\\\/haustier-erklaerung-arten-von-tuerfeststellern\\\/#primaryimage\"},\"thumbnailUrl\":\"https:\\\/\\\/www.kierr.nl\\\/wp-content\\\/uploads\\\/2024\\\/08\\\/Dieren-deur-raam-vastzetter.jpg\",\"datePublished\":\"2024-08-14T09:24:37+00:00\",\"dateModified\":\"2024-10-16T14:34:15+00:00\",\"description\":\"Erl\u00e4uterung der Arten von Fenster- und T\u00fcrstoppern f\u00fcr Haustiere. Material: Aluminium oder rostfreier Stahl. Typen: Flexx oder Classic. Einfache Befestigung ohne Bohren.\",\"breadcrumb\":{\"@id\":\"https:\\\/\\\/kierr.nl\\\/de\\\/haustier-erklaerung-arten-von-tuerfeststellern\\\/#breadcrumb\"},\"inLanguage\":\"de\",\"potentialAction\":[{\"@type\":\"ReadAction\",\"target\":[\"https:\\\/\\\/kierr.nl\\\/de\\\/haustier-erklaerung-arten-von-tuerfeststellern\\\/\"]}]},{\"@type\":\"ImageObject\",\"inLanguage\":\"de\",\"@id\":\"https:\\\/\\\/kierr.nl\\\/de\\\/haustier-erklaerung-arten-von-tuerfeststellern\\\/#primaryimage\",\"url\":\"https:\\\/\\\/www.kierr.nl\\\/wp-content\\\/uploads\\\/2024\\\/08\\\/Dieren-deur-raam-vastzetter.jpg\",\"contentUrl\":\"https:\\\/\\\/www.kierr.nl\\\/wp-content\\\/uploads\\\/2024\\\/08\\\/Dieren-deur-raam-vastzetter.jpg\"},{\"@type\":\"BreadcrumbList\",\"@id\":\"https:\\\/\\\/kierr.nl\\\/de\\\/haustier-erklaerung-arten-von-tuerfeststellern\\\/#breadcrumb\",\"itemListElement\":[{\"@type\":\"ListItem\",\"position\":1,\"name\":\"Startseite\",\"item\":\"https:\\\/\\\/kierr.nl\\\/de\\\/\"},{\"@type\":\"ListItem\",\"position\":2,\"name\":\"Haustier Erkl\u00e4rung Arten von T\u00fcrfeststellern\"}]},{\"@type\":\"WebSite\",\"@id\":\"https:\\\/\\\/kierr.nl\\\/de\\\/#website\",\"url\":\"https:\\\/\\\/kierr.nl\\\/de\\\/\",\"name\":\"Kierr.nl\",\"description\":\"Deur- en raambeslag\",\"potentialAction\":[{\"@type\":\"SearchAction\",\"target\":{\"@type\":\"EntryPoint\",\"urlTemplate\":\"https:\\\/\\\/kierr.nl\\\/de\\\/?s={search_term_string}\"},\"query-input\":{\"@type\":\"PropertyValueSpecification\",\"valueRequired\":true,\"valueName\":\"search_term_string\"}}],\"inLanguage\":\"de\"}]}<\/script>\n<!-- \/ Yoast SEO plugin. -->","yoast_head_json":{"title":"Haustier Erkl\u00e4rung Arten von T\u00fcrfeststellern - Kierr.nl","description":"Erl\u00e4uterung der Arten von Fenster- und T\u00fcrstoppern f\u00fcr Haustiere. Material: Aluminium oder rostfreier Stahl. Typen: Flexx oder Classic. Einfache Befestigung ohne Bohren.","robots":{"index":"index","follow":"follow","max-snippet":"max-snippet:-1","max-image-preview":"max-image-preview:large","max-video-preview":"max-video-preview:-1"},"canonical":"https:\/\/kierr.nl\/de\/haustier-erklaerung-arten-von-tuerfeststellern\/","og_locale":"de_DE","og_type":"article","og_title":"Haustier Erkl\u00e4rung Arten von T\u00fcrfeststellern - Kierr.nl","og_description":"Erl\u00e4uterung der Arten von Fenster- und T\u00fcrstoppern f\u00fcr Haustiere. Material: Aluminium oder rostfreier Stahl. Typen: Flexx oder Classic. Einfache Befestigung ohne Bohren.","og_url":"https:\/\/kierr.nl\/de\/haustier-erklaerung-arten-von-tuerfeststellern\/","og_site_name":"Kierr.nl","article_modified_time":"2024-10-16T14:34:15+00:00","og_image":[{"url":"https:\/\/www.kierr.nl\/wp-content\/uploads\/2024\/08\/Dieren-deur-raam-vastzetter.jpg","type":"","width":"","height":""}],"twitter_card":"summary_large_image","twitter_misc":{"Gesch\u00e4tzte Lesezeit":"1\u00a0Minute"},"schema":{"@context":"https:\/\/schema.org","@graph":[{"@type":"WebPage","@id":"https:\/\/kierr.nl\/de\/haustier-erklaerung-arten-von-tuerfeststellern\/","url":"https:\/\/kierr.nl\/de\/haustier-erklaerung-arten-von-tuerfeststellern\/","name":"Haustier Erkl\u00e4rung Arten von T\u00fcrfeststellern - Kierr.nl","isPartOf":{"@id":"https:\/\/kierr.nl\/de\/#website"},"primaryImageOfPage":{"@id":"https:\/\/kierr.nl\/de\/haustier-erklaerung-arten-von-tuerfeststellern\/#primaryimage"},"image":{"@id":"https:\/\/kierr.nl\/de\/haustier-erklaerung-arten-von-tuerfeststellern\/#primaryimage"},"thumbnailUrl":"https:\/\/www.kierr.nl\/wp-content\/uploads\/2024\/08\/Dieren-deur-raam-vastzetter.jpg","datePublished":"2024-08-14T09:24:37+00:00","dateModified":"2024-10-16T14:34:15+00:00","description":"Erl\u00e4uterung der Arten von Fenster- und T\u00fcrstoppern f\u00fcr Haustiere. Material: Aluminium oder rostfreier Stahl. Typen: Flexx oder Classic. Einfache Befestigung ohne Bohren.","breadcrumb":{"@id":"https:\/\/kierr.nl\/de\/haustier-erklaerung-arten-von-tuerfeststellern\/#breadcrumb"},"inLanguage":"de","potentialAction":[{"@type":"ReadAction","target":["https:\/\/kierr.nl\/de\/haustier-erklaerung-arten-von-tuerfeststellern\/"]}]},{"@type":"ImageObject","inLanguage":"de","@id":"https:\/\/kierr.nl\/de\/haustier-erklaerung-arten-von-tuerfeststellern\/#primaryimage","url":"https:\/\/www.kierr.nl\/wp-content\/uploads\/2024\/08\/Dieren-deur-raam-vastzetter.jpg","contentUrl":"https:\/\/www.kierr.nl\/wp-content\/uploads\/2024\/08\/Dieren-deur-raam-vastzetter.jpg"},{"@type":"BreadcrumbList","@id":"https:\/\/kierr.nl\/de\/haustier-erklaerung-arten-von-tuerfeststellern\/#breadcrumb","itemListElement":[{"@type":"ListItem","position":1,"name":"Startseite","item":"https:\/\/kierr.nl\/de\/"},{"@type":"ListItem","position":2,"name":"Haustier Erkl\u00e4rung Arten von T\u00fcrfeststellern"}]},{"@type":"WebSite","@id":"https:\/\/kierr.nl\/de\/#website","url":"https:\/\/kierr.nl\/de\/","name":"Kierr.nl","description":"Deur- en raambeslag","potentialAction":[{"@type":"SearchAction","target":{"@type":"EntryPoint","urlTemplate":"https:\/\/kierr.nl\/de\/?s={search_term_string}"},"query-input":{"@type":"PropertyValueSpecification","valueRequired":true,"valueName":"search_term_string"}}],"inLanguage":"de"}]}},"_links":{"self":[{"href":"https:\/\/kierr.nl\/de\/wp-json\/wp\/v2\/pages\/2946","targetHints":{"allow":["GET"]}}],"collection":[{"href":"https:\/\/kierr.nl\/de\/wp-json\/wp\/v2\/pages"}],"about":[{"href":"https:\/\/kierr.nl\/de\/wp-json\/wp\/v2\/types\/page"}],"author":[{"embeddable":true,"href":"https:\/\/kierr.nl\/de\/wp-json\/wp\/v2\/users\/3"}],"replies":[{"embeddable":true,"href":"https:\/\/kierr.nl\/de\/wp-json\/wp\/v2\/comments?post=2946"}],"version-history":[{"count":0,"href":"https:\/\/kierr.nl\/de\/wp-json\/wp\/v2\/pages\/2946\/revisions"}],"wp:attachment":[{"href":"https:\/\/kierr.nl\/de\/wp-json\/wp\/v2\/media?parent=2946"}],"curies":[{"name":"wp","href":"https:\/\/api.w.org\/{rel}","templated":true}]}}