{"id":2956,"date":"2024-07-24T14:14:22","date_gmt":"2024-07-24T12:14:22","guid":{"rendered":"https:\/\/www.kierr.nl\/tuerfeststeller-kierr-hold-100\/"},"modified":"2024-10-30T15:16:42","modified_gmt":"2024-10-30T14:16:42","slug":"tuerfeststeller-kierr-hold-100","status":"publish","type":"page","link":"https:\/\/kierr.nl\/de\/tuerfeststeller-kierr-hold-100\/","title":{"rendered":"T\u00fcrfeststeller Kierr halten 100"},"content":{"rendered":"\t\t<div data-elementor-type=\"wp-page\" data-elementor-id=\"2956\" class=\"elementor elementor-2956 elementor-2166\" data-elementor-post-type=\"page\">\n\t\t\t\t<div class=\"elementor-element elementor-element-48bab154 e-flex e-con-boxed e-con e-parent\" data-id=\"48bab154\" data-element_type=\"container\" data-e-type=\"container\">\n\t\t\t\t\t<div class=\"e-con-inner\">\n\t\t<div class=\"elementor-element elementor-element-bb4ffca e-con-full e-flex e-con e-child\" data-id=\"bb4ffca\" data-element_type=\"container\" data-e-type=\"container\">\n\t\t<div class=\"elementor-element elementor-element-63bfda89 e-con-full e-flex e-con e-child\" data-id=\"63bfda89\" data-element_type=\"container\" data-e-type=\"container\">\n\t\t<div class=\"elementor-element elementor-element-cd5a4bc e-con-full e-flex e-con e-child\" data-id=\"cd5a4bc\" data-element_type=\"container\" data-e-type=\"container\">\n\t\t\t\t<div class=\"elementor-element elementor-element-354f95bb elementor-widget elementor-widget-heading\" data-id=\"354f95bb\" data-element_type=\"widget\" data-e-type=\"widget\" data-widget_type=\"heading.default\">\n\t\t\t\t<div class=\"elementor-widget-container\">\n\t\t\t\t\t<h6 class=\"elementor-heading-title elementor-size-default\">Kierr halten<\/h6>\t\t\t\t<\/div>\n\t\t\t\t<\/div>\n\t\t\t\t<div class=\"elementor-element elementor-element-641ea3ba elementor-widget elementor-widget-heading\" data-id=\"641ea3ba\" data-element_type=\"widget\" data-e-type=\"widget\" data-widget_type=\"heading.default\">\n\t\t\t\t<div class=\"elementor-widget-container\">\n\t\t\t\t\t<h1 class=\"elementor-heading-title elementor-size-default\">T\u00fcrdr\u00fccker<\/h1>\t\t\t\t<\/div>\n\t\t\t\t<\/div>\n\t\t\t\t<\/div>\n\t\t\t\t<\/div>\n\t\t\t\t<\/div>\n\t\t\t\t\t<\/div>\n\t\t\t\t<\/div>\n\t\t<div class=\"elementor-element elementor-element-5175eb19 e-flex e-con-boxed e-con e-parent\" data-id=\"5175eb19\" data-element_type=\"container\" data-e-type=\"container\">\n\t\t\t\t\t<div class=\"e-con-inner\">\n\t\t<div class=\"elementor-element elementor-element-4bc777b8 e-con-full e-flex e-con e-child\" data-id=\"4bc777b8\" data-element_type=\"container\" data-e-type=\"container\">\n\t\t\t\t<div class=\"elementor-element elementor-element-333323cb elementor-widget elementor-widget-heading\" data-id=\"333323cb\" data-element_type=\"widget\" data-e-type=\"widget\" data-widget_type=\"heading.default\">\n\t\t\t\t<div class=\"elementor-widget-container\">\n\t\t\t\t\t<h2 class=\"elementor-heading-title elementor-size-default\">Kierr Hold T\u00fcrfeststeller<\/h2>\t\t\t\t<\/div>\n\t\t\t\t<\/div>\n\t\t\t\t<div class=\"elementor-element elementor-element-2bc1d8ce elementor-widget elementor-widget-text-editor\" data-id=\"2bc1d8ce\" data-element_type=\"widget\" data-e-type=\"widget\" data-widget_type=\"text-editor.default\">\n\t\t\t\t<div class=\"elementor-widget-container\">\n\t\t\t\t\t\t\t\t\t<p>Der Kierr Hold T\u00fcrfeststeller aus Edelstahl dient dazu, die T\u00fcr <b>mit einem Stopper<\/b> am Boden zu sichern.<br \/>\nDieser T\u00fcrstopper kann mit dem mitgelieferten, sehr starken doppelseitigen Klebeband befestigt werden. So k\u00f6nnen Sie dieses Produkt ganz einfach an Ihrer T\u00fcr anbringen <b>, ohne zu bohren oder zu schrauben!<\/b> Der Kierr 100 ist ideal f\u00fcr Innent\u00fcren, die st\u00e4ndig zuschlagen, und der Kierr 200 (gr\u00f6\u00dfere Version) f\u00fcr Au\u00dfent\u00fcren, da Au\u00dfent\u00fcren oft einen gr\u00f6\u00dferen Abstand zum Boden haben.<br \/>\nDie T\u00fcrfeststeller sind sehr einfach zu bedienen, indem Sie den T\u00fcrfeststeller mit dem Fu\u00df aufsetzen und den T\u00fcrfeststeller durch Dr\u00fccken des Entriegelungsmechanismus loslassen.  <\/p>\n\t\t\t\t\t\t\t\t<\/div>\n\t\t\t\t<\/div>\n\t\t\t\t<\/div>\n\t\t<div class=\"elementor-element elementor-element-7146df7e e-con-full e-flex e-con e-child\" data-id=\"7146df7e\" data-element_type=\"container\" data-e-type=\"container\">\n\t\t\t\t<div class=\"elementor-element elementor-element-7e74b43 elementor-widget elementor-widget-image\" data-id=\"7e74b43\" data-element_type=\"widget\" data-e-type=\"widget\" data-widget_type=\"image.default\">\n\t\t\t\t<div class=\"elementor-widget-container\">\n\t\t\t\t\t\t\t\t\t\t\t\t\t\t\t<img fetchpriority=\"high\" decoding=\"async\" width=\"640\" height=\"480\" src=\"https:\/\/kierr.nl\/wp-content\/uploads\/2024\/10\/1-Small.jpg\" class=\"attachment-large size-large wp-image-4185\" alt=\"Kierr Hold deurvastzetter buitendeur\" srcset=\"https:\/\/kierr.nl\/wp-content\/uploads\/2024\/10\/1-Small.jpg 640w, https:\/\/kierr.nl\/wp-content\/uploads\/2024\/10\/1-Small-300x225.jpg 300w\" sizes=\"(max-width: 640px) 100vw, 640px\" \/>\t\t\t\t\t\t\t\t\t\t\t\t\t\t\t<\/div>\n\t\t\t\t<\/div>\n\t\t\t\t<\/div>\n\t\t\t\t\t<\/div>\n\t\t\t\t<\/div>\n\t\t<div class=\"elementor-element elementor-element-28d0217d e-flex e-con-boxed e-con e-parent\" data-id=\"28d0217d\" data-element_type=\"container\" data-e-type=\"container\">\n\t\t\t\t\t<div class=\"e-con-inner\">\n\t\t<div class=\"elementor-element elementor-element-16870dbf e-con-full e-flex e-con e-child\" data-id=\"16870dbf\" data-element_type=\"container\" data-e-type=\"container\">\n\t\t\t\t<div class=\"elementor-element elementor-element-190ae13f elementor-grid-3 elementor-grid-mobile-1 elementor-grid-tablet-3 elementor-products-grid elementor-wc-products elementor-widget elementor-widget-woocommerce-products\" data-id=\"190ae13f\" data-element_type=\"widget\" data-e-type=\"widget\" data-widget_type=\"woocommerce-products.default\">\n\t\t\t\t<div class=\"elementor-widget-container\">\n\t\t\t\t\t<div class=\"woocommerce columns-3 \"><ul class=\"products elementor-grid columns-3\">\n<li class=\"desktop-align-center tablet-align-left mobile-align-left ast-product-gallery-layout-horizontal-slider ast-magnify-disabled ast-product-tabs-layout-horizontal product type-product post-3108 status-publish first instock product_cat-turbeschlage product_cat-turfeststeller has-post-thumbnail taxable shipping-taxable purchasable product-type-simple\">\n\t<a href=\"https:\/\/kierr.nl\/de\/product\/kierr-hold-200\/\" class=\"woocommerce-LoopProduct-link woocommerce-loop-product__link\"><img decoding=\"async\" width=\"800\" height=\"960\" src=\"https:\/\/kierr.nl\/wp-content\/uploads\/2024\/07\/Frame-1-NIEUW-zonder-800x960.jpg\" class=\"attachment-woocommerce_thumbnail size-woocommerce_thumbnail\" alt=\"Kierr hold 200 T\u00fcrfeststeller\" srcset=\"https:\/\/kierr.nl\/wp-content\/uploads\/2024\/07\/Frame-1-NIEUW-zonder-800x960.jpg 800w, https:\/\/kierr.nl\/wp-content\/uploads\/2024\/07\/Frame-1-NIEUW-zonder-250x300.jpg 250w, https:\/\/kierr.nl\/wp-content\/uploads\/2024\/07\/Frame-1-NIEUW-zonder-853x1024.jpg 853w, https:\/\/kierr.nl\/wp-content\/uploads\/2024\/07\/Frame-1-NIEUW-zonder-768x922.jpg 768w, https:\/\/kierr.nl\/wp-content\/uploads\/2024\/07\/Frame-1-NIEUW-zonder-1280x1536.jpg 1280w, https:\/\/kierr.nl\/wp-content\/uploads\/2024\/07\/Frame-1-NIEUW-zonder.jpg 1600w\" sizes=\"(max-width: 800px) 100vw, 800px\" \/><h2 class=\"woocommerce-loop-product__title\">Kierr Hold 200 Abstand von 8 cm zum Boden (ohne bohren und schrauben) mit Fu\u00dfsperre<\/h2>\n\t<span class=\"price\"><span class=\"woocommerce-Price-amount amount\"><bdi><span class=\"woocommerce-Price-currencySymbol\">&euro;<\/span>&nbsp;52,95<\/bdi><\/span><\/span>\n<\/a><a href=\"\/de\/wp-json\/wp\/v2\/pages\/2956?add-to-cart=3108\" aria-describedby=\"woocommerce_loop_add_to_cart_link_describedby_3108\" data-quantity=\"1\" class=\"button product_type_simple add_to_cart_button ajax_add_to_cart \" data-product_id=\"3108\" data-product_sku=\"8719327193716\" aria-label=\"In den Warenkorb legen: \u201eKierr Hold 200 Abstand von 8 cm zum Boden (ohne bohren und schrauben) mit Fu\u00dfsperre\u201c\" rel=\"nofollow\" data-success_message=\"\u201eKierr Hold 200 Abstand von 8 cm zum Boden (ohne bohren und schrauben) mit Fu\u00dfsperre\u201c wurde deinem Warenkorb hinzugef\u00fcgt\">In den Warenkorb<\/a>\t<span id=\"woocommerce_loop_add_to_cart_link_describedby_3108\" class=\"screen-reader-text\">\n\t\t\t<\/span>\n<\/li>\n<li class=\"desktop-align-center tablet-align-left mobile-align-left ast-product-gallery-layout-horizontal-slider ast-magnify-disabled ast-product-tabs-layout-horizontal product type-product post-3117 status-publish instock product_cat-turbeschlage product_cat-turfeststeller has-post-thumbnail taxable shipping-taxable purchasable product-type-simple\">\n\t<a href=\"https:\/\/kierr.nl\/de\/product\/kierr-hold-100-ausschlag-2-cm\/\" class=\"woocommerce-LoopProduct-link woocommerce-loop-product__link\"><img decoding=\"async\" width=\"800\" height=\"960\" src=\"https:\/\/kierr.nl\/wp-content\/uploads\/2024\/07\/Frame-1-zonder-4-800x960.jpg\" class=\"attachment-woocommerce_thumbnail size-woocommerce_thumbnail\" alt=\"Kierr hold 100 T\u00fcrfeststeller\" srcset=\"https:\/\/kierr.nl\/wp-content\/uploads\/2024\/07\/Frame-1-zonder-4-800x960.jpg 800w, https:\/\/kierr.nl\/wp-content\/uploads\/2024\/07\/Frame-1-zonder-4-250x300.jpg 250w, https:\/\/kierr.nl\/wp-content\/uploads\/2024\/07\/Frame-1-zonder-4-853x1024.jpg 853w, https:\/\/kierr.nl\/wp-content\/uploads\/2024\/07\/Frame-1-zonder-4-768x922.jpg 768w, https:\/\/kierr.nl\/wp-content\/uploads\/2024\/07\/Frame-1-zonder-4-1280x1536.jpg 1280w, https:\/\/kierr.nl\/wp-content\/uploads\/2024\/07\/Frame-1-zonder-4.jpg 1600w\" sizes=\"(max-width: 800px) 100vw, 800px\" \/><h2 class=\"woocommerce-loop-product__title\">Kierr Hold 100 Ausschlag 2 cm (ohne Bohren und Schrauben)<\/h2>\n\t<span class=\"price\"><span class=\"woocommerce-Price-amount amount\"><bdi><span class=\"woocommerce-Price-currencySymbol\">&euro;<\/span>&nbsp;36,90<\/bdi><\/span><\/span>\n<\/a><a href=\"\/de\/wp-json\/wp\/v2\/pages\/2956?add-to-cart=3117\" aria-describedby=\"woocommerce_loop_add_to_cart_link_describedby_3117\" data-quantity=\"1\" class=\"button product_type_simple add_to_cart_button ajax_add_to_cart \" data-product_id=\"3117\" data-product_sku=\"8719326439785\" aria-label=\"In den Warenkorb legen: \u201eKierr Hold 100 Ausschlag 2 cm (ohne Bohren und Schrauben)\u201c\" rel=\"nofollow\" data-success_message=\"\u201eKierr Hold 100 Ausschlag 2 cm (ohne Bohren und Schrauben)\u201c wurde deinem Warenkorb hinzugef\u00fcgt\">In den Warenkorb<\/a>\t<span id=\"woocommerce_loop_add_to_cart_link_describedby_3117\" class=\"screen-reader-text\">\n\t\t\t<\/span>\n<\/li>\n<\/ul>\n<\/div>\t\t\t\t<\/div>\n\t\t\t\t<\/div>\n\t\t\t\t<\/div>\n\t\t\t\t\t<\/div>\n\t\t\t\t<\/div>\n\t\t<div class=\"elementor-element elementor-element-483d1a30 e-flex e-con-boxed e-con e-parent\" data-id=\"483d1a30\" data-element_type=\"container\" data-e-type=\"container\">\n\t\t\t\t\t<div class=\"e-con-inner\">\n\t\t<div class=\"elementor-element elementor-element-72d874d7 e-con-full e-flex e-con e-child\" data-id=\"72d874d7\" data-element_type=\"container\" data-e-type=\"container\">\n\t\t\t\t<div class=\"elementor-element elementor-element-3fcac0fe elementor-widget elementor-widget-image\" data-id=\"3fcac0fe\" data-element_type=\"widget\" data-e-type=\"widget\" data-widget_type=\"image.default\">\n\t\t\t\t<div class=\"elementor-widget-container\">\n\t\t\t\t\t\t\t\t\t\t\t\t\t\t\t<img loading=\"lazy\" decoding=\"async\" width=\"640\" height=\"480\" src=\"https:\/\/kierr.nl\/wp-content\/uploads\/2024\/07\/4-Small.jpg\" class=\"attachment-large size-large wp-image-3025\" alt=\"T\u00fcrfeststeller an der Au\u00dfent\u00fcr\" srcset=\"https:\/\/kierr.nl\/wp-content\/uploads\/2024\/07\/4-Small.jpg 640w, https:\/\/kierr.nl\/wp-content\/uploads\/2024\/07\/4-Small-300x225.jpg 300w, https:\/\/kierr.nl\/wp-content\/uploads\/2024\/07\/4-Small-400x300.jpg 400w, https:\/\/kierr.nl\/wp-content\/uploads\/2024\/07\/4-Small-600x450.jpg 600w\" sizes=\"(max-width: 640px) 100vw, 640px\" \/>\t\t\t\t\t\t\t\t\t\t\t\t\t\t\t<\/div>\n\t\t\t\t<\/div>\n\t\t\t\t<\/div>\n\t\t<div class=\"elementor-element elementor-element-6ba1d925 e-con-full e-flex e-con e-child\" data-id=\"6ba1d925\" data-element_type=\"container\" data-e-type=\"container\">\n\t\t\t\t<div class=\"elementor-element elementor-element-489703e4 elementor-widget elementor-widget-heading\" data-id=\"489703e4\" data-element_type=\"widget\" data-e-type=\"widget\" data-widget_type=\"heading.default\">\n\t\t\t\t<div class=\"elementor-widget-container\">\n\t\t\t\t\t<h3 class=\"elementor-heading-title elementor-size-default\">Option T\u00fcrverriegelungstiere<\/h3>\t\t\t\t<\/div>\n\t\t\t\t<\/div>\n\t\t\t\t<div class=\"elementor-element elementor-element-1d153972 elementor-widget elementor-widget-text-editor\" data-id=\"1d153972\" data-element_type=\"widget\" data-e-type=\"widget\" data-widget_type=\"text-editor.default\">\n\t\t\t\t<div class=\"elementor-widget-container\">\n\t\t\t\t\t\t\t\t\t<p>M\u00f6chten Sie <b>zum Beispiel<\/b> Ihre <b>T\u00fcr f\u00fcr Ihr Haustier sichern?<\/b> Damit Ihr Hund oder Ihre Katze problemlos nach drau\u00dfen oder drinnen gehen kann?<br \/>\nDann ist der Kierr Hold auch eine L\u00f6sung <b>ohne Bohren und Schrauben!<\/b> Au\u00dferdem ist der Kierr Hold aus rostfreiem Stahl sehr gut zu gebrauchen, wenn Sie auch selbst oft <b>hindurchgehen wollen<\/b>.<br \/>\nMit dem Kierr Hold sichern Sie die T\u00fcr einfach, indem Sie den Stopper mit dem Fu\u00df nach unten dr\u00fccken und mit einem speziellen Ausl\u00f6semechanismus wieder freigeben.  <\/p>\n\t\t\t\t\t\t\t\t<\/div>\n\t\t\t\t<\/div>\n\t\t<div class=\"elementor-element elementor-element-208c3772 e-con-full e-flex e-con e-child\" data-id=\"208c3772\" data-element_type=\"container\" data-e-type=\"container\">\n\t\t\t\t<div class=\"elementor-element elementor-element-1ebf224f elementor-mobile-align-justify elementor-widget-mobile__width-inherit elementor-widget elementor-widget-button\" data-id=\"1ebf224f\" data-element_type=\"widget\" data-e-type=\"widget\" data-widget_type=\"button.default\">\n\t\t\t\t<div class=\"elementor-widget-container\">\n\t\t\t\t\t\t\t\t\t<div class=\"elementor-button-wrapper\">\n\t\t\t\t\t<a class=\"elementor-button elementor-button-link elementor-size-sm\" href=\"https:\/\/kierr.nl\/product\/kierr-hold-100\/\">\n\t\t\t\t\t\t<span class=\"elementor-button-content-wrapper\">\n\t\t\t\t\t\t\t\t\t<span class=\"elementor-button-text\">Bestellen Sie den Kierr Hold 100 hier!<\/span>\n\t\t\t\t\t<\/span>\n\t\t\t\t\t<\/a>\n\t\t\t\t<\/div>\n\t\t\t\t\t\t\t\t<\/div>\n\t\t\t\t<\/div>\n\t\t\t\t<div class=\"elementor-element elementor-element-dd741a7 elementor-mobile-align-justify elementor-widget-mobile__width-inherit elementor-widget elementor-widget-button\" data-id=\"dd741a7\" data-element_type=\"widget\" data-e-type=\"widget\" data-widget_type=\"button.default\">\n\t\t\t\t<div class=\"elementor-widget-container\">\n\t\t\t\t\t\t\t\t\t<div class=\"elementor-button-wrapper\">\n\t\t\t\t\t<a class=\"elementor-button elementor-button-link elementor-size-sm\" href=\"https:\/\/kierr.nl\/product\/kierr-hold-200\/\">\n\t\t\t\t\t\t<span class=\"elementor-button-content-wrapper\">\n\t\t\t\t\t\t\t\t\t<span class=\"elementor-button-text\">Bestellen Sie den Kierr Hold 200 hier!<\/span>\n\t\t\t\t\t<\/span>\n\t\t\t\t\t<\/a>\n\t\t\t\t<\/div>\n\t\t\t\t\t\t\t\t<\/div>\n\t\t\t\t<\/div>\n\t\t\t\t<\/div>\n\t\t\t\t<\/div>\n\t\t\t\t\t<\/div>\n\t\t\t\t<\/div>\n\t\t\t\t<\/div>\n\t\t","protected":false},"excerpt":{"rendered":"<p>Kierr halten T\u00fcrdr\u00fccker Kierr Hold T\u00fcrfeststeller Der Kierr Hold T\u00fcrfeststeller aus Edelstahl dient dazu, die T\u00fcr mit einem Stopper am Boden zu sichern. Dieser T\u00fcrstopper kann mit dem mitgelieferten, sehr starken doppelseitigen Klebeband befestigt werden. So k\u00f6nnen Sie dieses Produkt ganz einfach an Ihrer T\u00fcr anbringen , ohne zu bohren oder zu schrauben! Der Kierr [&hellip;]<\/p>\n","protected":false},"author":3,"featured_media":0,"parent":0,"menu_order":0,"comment_status":"closed","ping_status":"closed","template":"","meta":{"_acf_changed":false,"site-sidebar-layout":"no-sidebar","site-content-layout":"page-builder","ast-site-content-layout":"full-width-container","site-content-style":"default","site-sidebar-style":"default","ast-global-header-display":"","ast-banner-title-visibility":"","ast-main-header-display":"","ast-hfb-above-header-display":"","ast-hfb-below-header-display":"","ast-hfb-mobile-header-display":"","site-post-title":"disabled","ast-breadcrumbs-content":"","ast-featured-img":"disabled","footer-sml-layout":"","ast-disable-related-posts":"","theme-transparent-header-meta":"","adv-header-id-meta":"","stick-header-meta":"","header-above-stick-meta":"","header-main-stick-meta":"","header-below-stick-meta":"","astra-migrate-meta-layouts":"default","ast-page-background-enabled":"default","ast-page-background-meta":{"desktop":{"background-color":"var(--ast-global-color-4)","background-image":"","background-repeat":"repeat","background-position":"center center","background-size":"auto","background-attachment":"scroll","background-type":"","background-media":"","overlay-type":"","overlay-color":"","overlay-opacity":"","overlay-gradient":""},"tablet":{"background-color":"","background-image":"","background-repeat":"repeat","background-position":"center center","background-size":"auto","background-attachment":"scroll","background-type":"","background-media":"","overlay-type":"","overlay-color":"","overlay-opacity":"","overlay-gradient":""},"mobile":{"background-color":"","background-image":"","background-repeat":"repeat","background-position":"center center","background-size":"auto","background-attachment":"scroll","background-type":"","background-media":"","overlay-type":"","overlay-color":"","overlay-opacity":"","overlay-gradient":""}},"ast-content-background-meta":{"desktop":{"background-color":"var(--ast-global-color-5)","background-image":"","background-repeat":"repeat","background-position":"center center","background-size":"auto","background-attachment":"scroll","background-type":"","background-media":"","overlay-type":"","overlay-color":"","overlay-opacity":"","overlay-gradient":""},"tablet":{"background-color":"var(--ast-global-color-5)","background-image":"","background-repeat":"repeat","background-position":"center center","background-size":"auto","background-attachment":"scroll","background-type":"","background-media":"","overlay-type":"","overlay-color":"","overlay-opacity":"","overlay-gradient":""},"mobile":{"background-color":"var(--ast-global-color-5)","background-image":"","background-repeat":"repeat","background-position":"center center","background-size":"auto","background-attachment":"scroll","background-type":"","background-media":"","overlay-type":"","overlay-color":"","overlay-opacity":"","overlay-gradient":""}},"footnotes":""},"class_list":["post-2956","page","type-page","status-publish","hentry"],"acf":[],"yoast_head":"<!-- This site is optimized with the Yoast SEO plugin v27.4 - https:\/\/yoast.com\/product\/yoast-seo-wordpress\/ -->\n<title>T\u00fcrhalter (Kierr Hold) - Kierr Hold | Kierr<\/title>\n<meta name=\"description\" content=\"T\u00fcrhalter (Kierr Hold). Kierr Hold arbeitet mit sehr starkem doppelseitigem Klebeband. Der T\u00fcrhalter wird ohne Bohren und Schrauben angebracht!\" \/>\n<meta name=\"robots\" content=\"index, follow, max-snippet:-1, max-image-preview:large, max-video-preview:-1\" \/>\n<link rel=\"canonical\" href=\"https:\/\/kierr.nl\/de\/tuerfeststeller-kierr-hold-100\/\" \/>\n<meta property=\"og:locale\" content=\"de_DE\" \/>\n<meta property=\"og:type\" content=\"article\" \/>\n<meta property=\"og:title\" content=\"T\u00fcrhalter (Kierr Hold) - Kierr Hold | Kierr\" \/>\n<meta property=\"og:description\" content=\"T\u00fcrhalter (Kierr Hold). Kierr Hold arbeitet mit sehr starkem doppelseitigem Klebeband. Der T\u00fcrhalter wird ohne Bohren und Schrauben angebracht!\" \/>\n<meta property=\"og:url\" content=\"https:\/\/kierr.nl\/de\/tuerfeststeller-kierr-hold-100\/\" \/>\n<meta property=\"og:site_name\" content=\"Kierr.nl\" \/>\n<meta property=\"article:modified_time\" content=\"2024-10-30T14:16:42+00:00\" \/>\n<meta property=\"og:image\" content=\"https:\/\/kierr.nl\/wp-content\/uploads\/2024\/10\/1-Small.jpg\" \/>\n<meta name=\"twitter:card\" content=\"summary_large_image\" \/>\n<meta name=\"twitter:label1\" content=\"Gesch\u00e4tzte Lesezeit\" \/>\n\t<meta name=\"twitter:data1\" content=\"1\u00a0Minute\" \/>\n<script type=\"application\/ld+json\" class=\"yoast-schema-graph\">{\"@context\":\"https:\\\/\\\/schema.org\",\"@graph\":[{\"@type\":\"WebPage\",\"@id\":\"https:\\\/\\\/kierr.nl\\\/de\\\/tuerfeststeller-kierr-hold-100\\\/\",\"url\":\"https:\\\/\\\/kierr.nl\\\/de\\\/tuerfeststeller-kierr-hold-100\\\/\",\"name\":\"T\u00fcrhalter (Kierr Hold) - Kierr Hold | Kierr\",\"isPartOf\":{\"@id\":\"https:\\\/\\\/kierr.nl\\\/de\\\/#website\"},\"primaryImageOfPage\":{\"@id\":\"https:\\\/\\\/kierr.nl\\\/de\\\/tuerfeststeller-kierr-hold-100\\\/#primaryimage\"},\"image\":{\"@id\":\"https:\\\/\\\/kierr.nl\\\/de\\\/tuerfeststeller-kierr-hold-100\\\/#primaryimage\"},\"thumbnailUrl\":\"https:\\\/\\\/kierr.nl\\\/wp-content\\\/uploads\\\/2024\\\/10\\\/1-Small.jpg\",\"datePublished\":\"2024-07-24T12:14:22+00:00\",\"dateModified\":\"2024-10-30T14:16:42+00:00\",\"description\":\"T\u00fcrhalter (Kierr Hold). Kierr Hold arbeitet mit sehr starkem doppelseitigem Klebeband. Der T\u00fcrhalter wird ohne Bohren und Schrauben angebracht!\",\"breadcrumb\":{\"@id\":\"https:\\\/\\\/kierr.nl\\\/de\\\/tuerfeststeller-kierr-hold-100\\\/#breadcrumb\"},\"inLanguage\":\"de\",\"potentialAction\":[{\"@type\":\"ReadAction\",\"target\":[\"https:\\\/\\\/kierr.nl\\\/de\\\/tuerfeststeller-kierr-hold-100\\\/\"]}]},{\"@type\":\"ImageObject\",\"inLanguage\":\"de\",\"@id\":\"https:\\\/\\\/kierr.nl\\\/de\\\/tuerfeststeller-kierr-hold-100\\\/#primaryimage\",\"url\":\"https:\\\/\\\/kierr.nl\\\/wp-content\\\/uploads\\\/2024\\\/10\\\/1-Small.jpg\",\"contentUrl\":\"https:\\\/\\\/kierr.nl\\\/wp-content\\\/uploads\\\/2024\\\/10\\\/1-Small.jpg\"},{\"@type\":\"BreadcrumbList\",\"@id\":\"https:\\\/\\\/kierr.nl\\\/de\\\/tuerfeststeller-kierr-hold-100\\\/#breadcrumb\",\"itemListElement\":[{\"@type\":\"ListItem\",\"position\":1,\"name\":\"Startseite\",\"item\":\"https:\\\/\\\/kierr.nl\\\/de\\\/\"},{\"@type\":\"ListItem\",\"position\":2,\"name\":\"T\u00fcrfeststeller Kierr halten 100\"}]},{\"@type\":\"WebSite\",\"@id\":\"https:\\\/\\\/kierr.nl\\\/de\\\/#website\",\"url\":\"https:\\\/\\\/kierr.nl\\\/de\\\/\",\"name\":\"Kierr.nl\",\"description\":\"Deur- en raambeslag\",\"potentialAction\":[{\"@type\":\"SearchAction\",\"target\":{\"@type\":\"EntryPoint\",\"urlTemplate\":\"https:\\\/\\\/kierr.nl\\\/de\\\/?s={search_term_string}\"},\"query-input\":{\"@type\":\"PropertyValueSpecification\",\"valueRequired\":true,\"valueName\":\"search_term_string\"}}],\"inLanguage\":\"de\"}]}<\/script>\n<!-- \/ Yoast SEO plugin. -->","yoast_head_json":{"title":"T\u00fcrhalter (Kierr Hold) - Kierr Hold | Kierr","description":"T\u00fcrhalter (Kierr Hold). Kierr Hold arbeitet mit sehr starkem doppelseitigem Klebeband. Der T\u00fcrhalter wird ohne Bohren und Schrauben angebracht!","robots":{"index":"index","follow":"follow","max-snippet":"max-snippet:-1","max-image-preview":"max-image-preview:large","max-video-preview":"max-video-preview:-1"},"canonical":"https:\/\/kierr.nl\/de\/tuerfeststeller-kierr-hold-100\/","og_locale":"de_DE","og_type":"article","og_title":"T\u00fcrhalter (Kierr Hold) - Kierr Hold | Kierr","og_description":"T\u00fcrhalter (Kierr Hold). Kierr Hold arbeitet mit sehr starkem doppelseitigem Klebeband. Der T\u00fcrhalter wird ohne Bohren und Schrauben angebracht!","og_url":"https:\/\/kierr.nl\/de\/tuerfeststeller-kierr-hold-100\/","og_site_name":"Kierr.nl","article_modified_time":"2024-10-30T14:16:42+00:00","og_image":[{"url":"https:\/\/kierr.nl\/wp-content\/uploads\/2024\/10\/1-Small.jpg","type":"","width":"","height":""}],"twitter_card":"summary_large_image","twitter_misc":{"Gesch\u00e4tzte Lesezeit":"1\u00a0Minute"},"schema":{"@context":"https:\/\/schema.org","@graph":[{"@type":"WebPage","@id":"https:\/\/kierr.nl\/de\/tuerfeststeller-kierr-hold-100\/","url":"https:\/\/kierr.nl\/de\/tuerfeststeller-kierr-hold-100\/","name":"T\u00fcrhalter (Kierr Hold) - Kierr Hold | Kierr","isPartOf":{"@id":"https:\/\/kierr.nl\/de\/#website"},"primaryImageOfPage":{"@id":"https:\/\/kierr.nl\/de\/tuerfeststeller-kierr-hold-100\/#primaryimage"},"image":{"@id":"https:\/\/kierr.nl\/de\/tuerfeststeller-kierr-hold-100\/#primaryimage"},"thumbnailUrl":"https:\/\/kierr.nl\/wp-content\/uploads\/2024\/10\/1-Small.jpg","datePublished":"2024-07-24T12:14:22+00:00","dateModified":"2024-10-30T14:16:42+00:00","description":"T\u00fcrhalter (Kierr Hold). Kierr Hold arbeitet mit sehr starkem doppelseitigem Klebeband. Der T\u00fcrhalter wird ohne Bohren und Schrauben angebracht!","breadcrumb":{"@id":"https:\/\/kierr.nl\/de\/tuerfeststeller-kierr-hold-100\/#breadcrumb"},"inLanguage":"de","potentialAction":[{"@type":"ReadAction","target":["https:\/\/kierr.nl\/de\/tuerfeststeller-kierr-hold-100\/"]}]},{"@type":"ImageObject","inLanguage":"de","@id":"https:\/\/kierr.nl\/de\/tuerfeststeller-kierr-hold-100\/#primaryimage","url":"https:\/\/kierr.nl\/wp-content\/uploads\/2024\/10\/1-Small.jpg","contentUrl":"https:\/\/kierr.nl\/wp-content\/uploads\/2024\/10\/1-Small.jpg"},{"@type":"BreadcrumbList","@id":"https:\/\/kierr.nl\/de\/tuerfeststeller-kierr-hold-100\/#breadcrumb","itemListElement":[{"@type":"ListItem","position":1,"name":"Startseite","item":"https:\/\/kierr.nl\/de\/"},{"@type":"ListItem","position":2,"name":"T\u00fcrfeststeller Kierr halten 100"}]},{"@type":"WebSite","@id":"https:\/\/kierr.nl\/de\/#website","url":"https:\/\/kierr.nl\/de\/","name":"Kierr.nl","description":"Deur- en raambeslag","potentialAction":[{"@type":"SearchAction","target":{"@type":"EntryPoint","urlTemplate":"https:\/\/kierr.nl\/de\/?s={search_term_string}"},"query-input":{"@type":"PropertyValueSpecification","valueRequired":true,"valueName":"search_term_string"}}],"inLanguage":"de"}]}},"_links":{"self":[{"href":"https:\/\/kierr.nl\/de\/wp-json\/wp\/v2\/pages\/2956","targetHints":{"allow":["GET"]}}],"collection":[{"href":"https:\/\/kierr.nl\/de\/wp-json\/wp\/v2\/pages"}],"about":[{"href":"https:\/\/kierr.nl\/de\/wp-json\/wp\/v2\/types\/page"}],"author":[{"embeddable":true,"href":"https:\/\/kierr.nl\/de\/wp-json\/wp\/v2\/users\/3"}],"replies":[{"embeddable":true,"href":"https:\/\/kierr.nl\/de\/wp-json\/wp\/v2\/comments?post=2956"}],"version-history":[{"count":0,"href":"https:\/\/kierr.nl\/de\/wp-json\/wp\/v2\/pages\/2956\/revisions"}],"wp:attachment":[{"href":"https:\/\/kierr.nl\/de\/wp-json\/wp\/v2\/media?parent=2956"}],"curies":[{"name":"wp","href":"https:\/\/api.w.org\/{rel}","templated":true}]}}