{"id":3020,"date":"2024-07-05T08:53:31","date_gmt":"2024-07-05T08:53:31","guid":{"rendered":"https:\/\/www.kierr.nl\/product\/luxus-edelstahl-tuerknauf-dusche-griff-schwarz\/"},"modified":"2025-03-14T20:32:45","modified_gmt":"2025-03-14T19:32:45","slug":"luxus-edelstahl-tuerknauf-dusche-griff-schwarz","status":"publish","type":"product","link":"https:\/\/kierr.nl\/de\/product\/luxus-edelstahl-tuerknauf-dusche-griff-schwarz\/","title":{"rendered":"Kierr Luxury Edelstahl (Dusche) T\u00fcrknauf Griff (schwarz)"},"content":{"rendered":"<p class=\"lead\">Alle Funktionen auf einen Blick<\/p>\n<table class=\"shop_attributes table table-bordered attribute-table table-striped\">\n<thead>\n<tr>\n<th><strong>Eigenschaft<\/strong><\/th>\n<th><strong>Wert<\/strong><\/th>\n<\/tr>\n<\/thead>\n<tbody>\n<tr>\n<th><strong>Material<\/strong><\/th>\n<td class=\"product_dimensions\">ROSTFREIER STAHL<\/td>\n<\/tr>\n<tr>\n<th><strong>Form<\/strong><\/th>\n<td class=\"product_dimensions\">Rund<\/td>\n<\/tr>\n<tr>\n<th><strong>L\u00e4nge<\/strong><\/th>\n<td class=\"product_dimensions\">30 mm<\/td>\n<\/tr>\n<tr>\n<th><strong>Breite<\/strong><\/th>\n<td class=\"product_dimensions\">29,5 mm<\/td>\n<\/tr>\n<tr class=\"alt\">\n<th><strong>Farbe<\/strong><\/th>\n<td>Schwarz<\/td>\n<\/tr>\n<tr>\n<th><strong>Verkauft pro<\/strong><\/th>\n<td>Pro St\u00fcck, einschlie\u00dflich Befestigungsmaterial<\/td>\n<\/tr>\n<tr class=\"alt\">\n<th><strong>F\u00fcr was ist das Produkt geeignet<\/strong><\/th>\n<td>Glast\u00fcr (z.B. Duscht\u00fcr)<\/td>\n<\/tr>\n<tr>\n<th><strong>Pr\u00e4vention<\/strong><\/th>\n<td>Die Verwendung erfolgt auf eigene Gefahr.<\/td>\n<\/tr>\n<\/tbody>\n<\/table>\n","protected":false},"excerpt":{"rendered":"<div class=\"flex-shrink-0 flex flex-col relative items-end\">\n<div>\n<div class=\"pt-0\">\n<div class=\"gizmo-bot-avatar flex h-8 w-8 items-center justify-center overflow-hidden rounded-full\">\n<div class=\"relative p-1 rounded-sm flex items-center justify-center bg-token-main-surface-primary text-token-text-primary h-8 w-8\"><span style=\"font-size: 16px;\">De Luxe Edelstahl-T\u00fcrknauf (Dusche) <\/span><em style=\"font-size: 16px;\">Greifen<\/em><span style=\"font-size: 16px;\">  in Schwarz ist ebenfalls aus hochwertigem Edelstahl gefertigt und verf\u00fcgt \u00fcber eine stilvolle, runde Rille, die f\u00fcr hervorragenden Halt sorgt. Mit seinem luxuri\u00f6sen Aussehen und praktischen Design ist dieser T\u00fcrknauf eine perfekte Wahl f\u00fcr Glast\u00fcren in der Dusche und andere moderne Inneneinrichtungen. <\/span><\/div>\n<div><\/div>\n<\/div>\n<\/div>\n<\/div>\n<\/div>\n<p>\u2713 Als T\u00fcrknauf geeignet \u2713 F\u00fcr Glast\u00fcren geeignet \u2713 F\u00fcr Duscht\u00fcren geeignet \u2713 Luxuri\u00f6ser Look \u2713 Rostfreier Stahl<\/p>\n","protected":false},"featured_media":3022,"template":"","meta":{"_acf_changed":false,"site-sidebar-layout":"default","site-content-layout":"","ast-site-content-layout":"default","site-content-style":"default","site-sidebar-style":"default","ast-global-header-display":"","ast-banner-title-visibility":"","ast-main-header-display":"","ast-hfb-above-header-display":"","ast-hfb-below-header-display":"","ast-hfb-mobile-header-display":"","site-post-title":"","ast-breadcrumbs-content":"","ast-featured-img":"","footer-sml-layout":"","ast-disable-related-posts":"","theme-transparent-header-meta":"default","adv-header-id-meta":"","stick-header-meta":"","header-above-stick-meta":"","header-main-stick-meta":"","header-below-stick-meta":"","astra-migrate-meta-layouts":"default","ast-page-background-enabled":"default","ast-page-background-meta":{"desktop":{"background-color":"var(--ast-global-color-4)","background-image":"","background-repeat":"repeat","background-position":"center center","background-size":"auto","background-attachment":"scroll","background-type":"","background-media":"","overlay-type":"","overlay-color":"","overlay-opacity":"","overlay-gradient":""},"tablet":{"background-color":"","background-image":"","background-repeat":"repeat","background-position":"center center","background-size":"auto","background-attachment":"scroll","background-type":"","background-media":"","overlay-type":"","overlay-color":"","overlay-opacity":"","overlay-gradient":""},"mobile":{"background-color":"","background-image":"","background-repeat":"repeat","background-position":"center center","background-size":"auto","background-attachment":"scroll","background-type":"","background-media":"","overlay-type":"","overlay-color":"","overlay-opacity":"","overlay-gradient":""}},"ast-content-background-meta":{"desktop":{"background-color":"var(--ast-global-color-5)","background-image":"","background-repeat":"repeat","background-position":"center center","background-size":"auto","background-attachment":"scroll","background-type":"","background-media":"","overlay-type":"","overlay-color":"","overlay-opacity":"","overlay-gradient":""},"tablet":{"background-color":"var(--ast-global-color-5)","background-image":"","background-repeat":"repeat","background-position":"center center","background-size":"auto","background-attachment":"scroll","background-type":"","background-media":"","overlay-type":"","overlay-color":"","overlay-opacity":"","overlay-gradient":""},"mobile":{"background-color":"var(--ast-global-color-5)","background-image":"","background-repeat":"repeat","background-position":"center center","background-size":"auto","background-attachment":"scroll","background-type":"","background-media":"","overlay-type":"","overlay-color":"","overlay-opacity":"","overlay-gradient":""}}},"product_brand":[],"product_cat":[84,85],"product_tag":[],"class_list":{"0":"post-3020","1":"product","2":"type-product","3":"status-publish","4":"has-post-thumbnail","6":"product_cat-turbeschlage","7":"product_cat-turknauf","8":"desktop-align-center","9":"tablet-align-left","10":"mobile-align-left","11":"ast-product-gallery-layout-horizontal-slider","12":"ast-magnify-disabled","13":"ast-product-tabs-layout-horizontal","15":"first","16":"instock","17":"taxable","18":"shipping-taxable","19":"purchasable","20":"product-type-simple"},"acf":[],"yoast_head":"<!-- This site is optimized with the Yoast SEO plugin v27.4 - https:\/\/yoast.com\/product\/yoast-seo-wordpress\/ -->\n<title>Kierr Luxury Edelstahl (Dusche) T\u00fcrknauf Griff (schwarz) - Kierr.nl<\/title>\n<meta name=\"description\" content=\"Der luxuri\u00f6se T\u00fcrknauf aus schwarzem Edelstahl (Dusche) hat dank der runden Rille einen sehr guten Griff. Diese Art von T\u00fcrbeschlag hat ein luxuri\u00f6ses Aussehen.\" \/>\n<meta name=\"robots\" content=\"index, follow, max-snippet:-1, max-image-preview:large, max-video-preview:-1\" \/>\n<link rel=\"canonical\" href=\"https:\/\/kierr.nl\/de\/product\/luxus-edelstahl-tuerknauf-dusche-griff-schwarz\/\" \/>\n<meta property=\"og:locale\" content=\"de_DE\" \/>\n<meta property=\"og:type\" content=\"article\" \/>\n<meta property=\"og:title\" content=\"Kierr Luxury Edelstahl (Dusche) T\u00fcrknauf Griff (schwarz) - Kierr.nl\" \/>\n<meta property=\"og:description\" content=\"Der luxuri\u00f6se T\u00fcrknauf aus schwarzem Edelstahl (Dusche) hat dank der runden Rille einen sehr guten Griff. Diese Art von T\u00fcrbeschlag hat ein luxuri\u00f6ses Aussehen.\" \/>\n<meta property=\"og:url\" content=\"https:\/\/kierr.nl\/de\/product\/luxus-edelstahl-tuerknauf-dusche-griff-schwarz\/\" \/>\n<meta property=\"og:site_name\" content=\"Kierr.nl\" \/>\n<meta property=\"article:modified_time\" content=\"2025-03-14T19:32:45+00:00\" \/>\n<meta property=\"og:image\" content=\"https:\/\/kierr.nl\/wp-content\/uploads\/2024\/07\/IMG_8706-scaled-1.jpg\" \/>\n\t<meta property=\"og:image:width\" content=\"2560\" \/>\n\t<meta property=\"og:image:height\" content=\"2560\" \/>\n\t<meta property=\"og:image:type\" content=\"image\/jpeg\" \/>\n<meta name=\"twitter:card\" content=\"summary_large_image\" \/>\n<script type=\"application\/ld+json\" class=\"yoast-schema-graph\">{\"@context\":\"https:\\\/\\\/schema.org\",\"@graph\":[{\"@type\":\"WebPage\",\"@id\":\"https:\\\/\\\/kierr.nl\\\/de\\\/product\\\/luxus-edelstahl-tuerknauf-dusche-griff-schwarz\\\/\",\"url\":\"https:\\\/\\\/kierr.nl\\\/de\\\/product\\\/luxus-edelstahl-tuerknauf-dusche-griff-schwarz\\\/\",\"name\":\"Kierr Luxury Edelstahl (Dusche) T\u00fcrknauf Griff (schwarz) - Kierr.nl\",\"isPartOf\":{\"@id\":\"https:\\\/\\\/kierr.nl\\\/de\\\/#website\"},\"primaryImageOfPage\":{\"@id\":\"https:\\\/\\\/kierr.nl\\\/de\\\/product\\\/luxus-edelstahl-tuerknauf-dusche-griff-schwarz\\\/#primaryimage\"},\"image\":{\"@id\":\"https:\\\/\\\/kierr.nl\\\/de\\\/product\\\/luxus-edelstahl-tuerknauf-dusche-griff-schwarz\\\/#primaryimage\"},\"thumbnailUrl\":\"https:\\\/\\\/kierr.nl\\\/wp-content\\\/uploads\\\/2024\\\/07\\\/IMG_8706-scaled-1.jpg\",\"datePublished\":\"2024-07-05T08:53:31+00:00\",\"dateModified\":\"2025-03-14T19:32:45+00:00\",\"description\":\"Der luxuri\u00f6se T\u00fcrknauf aus schwarzem Edelstahl (Dusche) hat dank der runden Rille einen sehr guten Griff. Diese Art von T\u00fcrbeschlag hat ein luxuri\u00f6ses Aussehen.\",\"breadcrumb\":{\"@id\":\"https:\\\/\\\/kierr.nl\\\/de\\\/product\\\/luxus-edelstahl-tuerknauf-dusche-griff-schwarz\\\/#breadcrumb\"},\"inLanguage\":\"de\",\"potentialAction\":[{\"@type\":\"ReadAction\",\"target\":[\"https:\\\/\\\/kierr.nl\\\/de\\\/product\\\/luxus-edelstahl-tuerknauf-dusche-griff-schwarz\\\/\"]}]},{\"@type\":\"ImageObject\",\"inLanguage\":\"de\",\"@id\":\"https:\\\/\\\/kierr.nl\\\/de\\\/product\\\/luxus-edelstahl-tuerknauf-dusche-griff-schwarz\\\/#primaryimage\",\"url\":\"https:\\\/\\\/kierr.nl\\\/wp-content\\\/uploads\\\/2024\\\/07\\\/IMG_8706-scaled-1.jpg\",\"contentUrl\":\"https:\\\/\\\/kierr.nl\\\/wp-content\\\/uploads\\\/2024\\\/07\\\/IMG_8706-scaled-1.jpg\",\"width\":2560,\"height\":2560,\"caption\":\"Duscht\u00fcrknopf aus Edelstahl\"},{\"@type\":\"BreadcrumbList\",\"@id\":\"https:\\\/\\\/kierr.nl\\\/de\\\/product\\\/luxus-edelstahl-tuerknauf-dusche-griff-schwarz\\\/#breadcrumb\",\"itemListElement\":[{\"@type\":\"ListItem\",\"position\":1,\"name\":\"Startseite\",\"item\":\"https:\\\/\\\/kierr.nl\\\/de\\\/\"},{\"@type\":\"ListItem\",\"position\":2,\"name\":\"Shop\",\"item\":\"https:\\\/\\\/kierr.nl\\\/de\\\/shop\\\/\"},{\"@type\":\"ListItem\",\"position\":3,\"name\":\"Kierr Luxury Edelstahl (Dusche) T\u00fcrknauf Griff (schwarz)\"}]},{\"@type\":\"WebSite\",\"@id\":\"https:\\\/\\\/kierr.nl\\\/de\\\/#website\",\"url\":\"https:\\\/\\\/kierr.nl\\\/de\\\/\",\"name\":\"Kierr.nl\",\"description\":\"Deur- en raambeslag\",\"potentialAction\":[{\"@type\":\"SearchAction\",\"target\":{\"@type\":\"EntryPoint\",\"urlTemplate\":\"https:\\\/\\\/kierr.nl\\\/de\\\/?s={search_term_string}\"},\"query-input\":{\"@type\":\"PropertyValueSpecification\",\"valueRequired\":true,\"valueName\":\"search_term_string\"}}],\"inLanguage\":\"de\"}]}<\/script>\n<!-- \/ Yoast SEO plugin. -->","yoast_head_json":{"title":"Kierr Luxury Edelstahl (Dusche) T\u00fcrknauf Griff (schwarz) - Kierr.nl","description":"Der luxuri\u00f6se T\u00fcrknauf aus schwarzem Edelstahl (Dusche) hat dank der runden Rille einen sehr guten Griff. Diese Art von T\u00fcrbeschlag hat ein luxuri\u00f6ses Aussehen.","robots":{"index":"index","follow":"follow","max-snippet":"max-snippet:-1","max-image-preview":"max-image-preview:large","max-video-preview":"max-video-preview:-1"},"canonical":"https:\/\/kierr.nl\/de\/product\/luxus-edelstahl-tuerknauf-dusche-griff-schwarz\/","og_locale":"de_DE","og_type":"article","og_title":"Kierr Luxury Edelstahl (Dusche) T\u00fcrknauf Griff (schwarz) - Kierr.nl","og_description":"Der luxuri\u00f6se T\u00fcrknauf aus schwarzem Edelstahl (Dusche) hat dank der runden Rille einen sehr guten Griff. Diese Art von T\u00fcrbeschlag hat ein luxuri\u00f6ses Aussehen.","og_url":"https:\/\/kierr.nl\/de\/product\/luxus-edelstahl-tuerknauf-dusche-griff-schwarz\/","og_site_name":"Kierr.nl","article_modified_time":"2025-03-14T19:32:45+00:00","og_image":[{"width":2560,"height":2560,"url":"https:\/\/kierr.nl\/wp-content\/uploads\/2024\/07\/IMG_8706-scaled-1.jpg","type":"image\/jpeg"}],"twitter_card":"summary_large_image","schema":{"@context":"https:\/\/schema.org","@graph":[{"@type":"WebPage","@id":"https:\/\/kierr.nl\/de\/product\/luxus-edelstahl-tuerknauf-dusche-griff-schwarz\/","url":"https:\/\/kierr.nl\/de\/product\/luxus-edelstahl-tuerknauf-dusche-griff-schwarz\/","name":"Kierr Luxury Edelstahl (Dusche) T\u00fcrknauf Griff (schwarz) - Kierr.nl","isPartOf":{"@id":"https:\/\/kierr.nl\/de\/#website"},"primaryImageOfPage":{"@id":"https:\/\/kierr.nl\/de\/product\/luxus-edelstahl-tuerknauf-dusche-griff-schwarz\/#primaryimage"},"image":{"@id":"https:\/\/kierr.nl\/de\/product\/luxus-edelstahl-tuerknauf-dusche-griff-schwarz\/#primaryimage"},"thumbnailUrl":"https:\/\/kierr.nl\/wp-content\/uploads\/2024\/07\/IMG_8706-scaled-1.jpg","datePublished":"2024-07-05T08:53:31+00:00","dateModified":"2025-03-14T19:32:45+00:00","description":"Der luxuri\u00f6se T\u00fcrknauf aus schwarzem Edelstahl (Dusche) hat dank der runden Rille einen sehr guten Griff. Diese Art von T\u00fcrbeschlag hat ein luxuri\u00f6ses Aussehen.","breadcrumb":{"@id":"https:\/\/kierr.nl\/de\/product\/luxus-edelstahl-tuerknauf-dusche-griff-schwarz\/#breadcrumb"},"inLanguage":"de","potentialAction":[{"@type":"ReadAction","target":["https:\/\/kierr.nl\/de\/product\/luxus-edelstahl-tuerknauf-dusche-griff-schwarz\/"]}]},{"@type":"ImageObject","inLanguage":"de","@id":"https:\/\/kierr.nl\/de\/product\/luxus-edelstahl-tuerknauf-dusche-griff-schwarz\/#primaryimage","url":"https:\/\/kierr.nl\/wp-content\/uploads\/2024\/07\/IMG_8706-scaled-1.jpg","contentUrl":"https:\/\/kierr.nl\/wp-content\/uploads\/2024\/07\/IMG_8706-scaled-1.jpg","width":2560,"height":2560,"caption":"Duscht\u00fcrknopf aus Edelstahl"},{"@type":"BreadcrumbList","@id":"https:\/\/kierr.nl\/de\/product\/luxus-edelstahl-tuerknauf-dusche-griff-schwarz\/#breadcrumb","itemListElement":[{"@type":"ListItem","position":1,"name":"Startseite","item":"https:\/\/kierr.nl\/de\/"},{"@type":"ListItem","position":2,"name":"Shop","item":"https:\/\/kierr.nl\/de\/shop\/"},{"@type":"ListItem","position":3,"name":"Kierr Luxury Edelstahl (Dusche) T\u00fcrknauf Griff (schwarz)"}]},{"@type":"WebSite","@id":"https:\/\/kierr.nl\/de\/#website","url":"https:\/\/kierr.nl\/de\/","name":"Kierr.nl","description":"Deur- en raambeslag","potentialAction":[{"@type":"SearchAction","target":{"@type":"EntryPoint","urlTemplate":"https:\/\/kierr.nl\/de\/?s={search_term_string}"},"query-input":{"@type":"PropertyValueSpecification","valueRequired":true,"valueName":"search_term_string"}}],"inLanguage":"de"}]}},"_links":{"self":[{"href":"https:\/\/kierr.nl\/de\/wp-json\/wp\/v2\/product\/3020","targetHints":{"allow":["GET"]}}],"collection":[{"href":"https:\/\/kierr.nl\/de\/wp-json\/wp\/v2\/product"}],"about":[{"href":"https:\/\/kierr.nl\/de\/wp-json\/wp\/v2\/types\/product"}],"wp:featuredmedia":[{"embeddable":true,"href":"https:\/\/kierr.nl\/de\/wp-json\/wp\/v2\/media\/3022"}],"wp:attachment":[{"href":"https:\/\/kierr.nl\/de\/wp-json\/wp\/v2\/media?parent=3020"}],"wp:term":[{"taxonomy":"product_brand","embeddable":true,"href":"https:\/\/kierr.nl\/de\/wp-json\/wp\/v2\/product_brand?post=3020"},{"taxonomy":"product_cat","embeddable":true,"href":"https:\/\/kierr.nl\/de\/wp-json\/wp\/v2\/product_cat?post=3020"},{"taxonomy":"product_tag","embeddable":true,"href":"https:\/\/kierr.nl\/de\/wp-json\/wp\/v2\/product_tag?post=3020"}],"curies":[{"name":"wp","href":"https:\/\/api.w.org\/{rel}","templated":true}]}}