{"id":3021,"date":"2024-07-24T11:31:52","date_gmt":"2024-07-24T11:31:52","guid":{"rendered":"https:\/\/www.kierr.nl\/product\/tuerfeststeller-aus-edelstahl-firm-200-mit-8-cm-ueberstand\/"},"modified":"2025-05-16T12:32:54","modified_gmt":"2025-05-16T10:32:54","slug":"tuerfeststeller-aus-edelstahl-firm-200-mit-8-cm-ueberstand","status":"publish","type":"product","link":"https:\/\/kierr.nl\/de\/product\/tuerfeststeller-aus-edelstahl-firm-200-mit-8-cm-ueberstand\/","title":{"rendered":"Kierr T\u00fcrfeststeller aus Edelstahl Firm 200 clearance 8 cm"},"content":{"rendered":"<p>Der T\u00fcrfeststeller aus Edelstahl hat einen gr\u00f6\u00dferen \u00dcberstand, so dass Sie einen gr\u00f6\u00dferen Abstand zum Boden abdecken k\u00f6nnen, und eine extra gro\u00dfe Gummikappe. Au\u00dferdem l\u00e4sst sich dieser T\u00fcrfeststeller ganz einfach mit dem Fu\u00df entriegeln und verriegeln. Sie k\u00f6nnen den T\u00fcrfeststeller f\u00fcr eine T\u00fcr mit einem maximalen Abstand von 80 mm zum Boden verwenden. Daher ist dieser T\u00fcrfeststeller ideal f\u00fcr Au\u00dfent\u00fcren.   <\/p>\n<table class=\"shop_attributes table table-bordered attribute-table table-striped\" width=\"671\">\n<thead>\n<tr>\n<th><strong>Eigenschaft<\/strong><\/th>\n<th><strong>Wert<\/strong><\/th>\n<\/tr>\n<\/thead>\n<tbody>\n<tr>\n<th>Material<\/th>\n<td class=\"product_dimensions\">ROSTFREIER STAHL<\/td>\n<\/tr>\n<tr>\n<th><strong>Form<\/strong><\/th>\n<td class=\"product_dimensions\">Elegant<\/td>\n<\/tr>\n<tr>\n<th><strong>L\u00e4nge<\/strong><\/th>\n<td class=\"product_dimensions\">215 mm<\/td>\n<\/tr>\n<tr>\n<th><strong>Breite<\/strong><\/th>\n<td class=\"product_dimensions\">30 mm<\/td>\n<\/tr>\n<tr>\n<th><strong>Hub<\/strong><\/th>\n<td class=\"product_dimensions\">80 mm<\/td>\n<\/tr>\n<tr>\n<th><strong>Max. Gewicht der T\u00fcr<\/strong><\/th>\n<td class=\"product_dimensions\">60 kg.<\/td>\n<\/tr>\n<tr>\n<th><strong>Befestigung<\/strong><\/th>\n<td class=\"product_dimensions\">Mit Schrauben<\/td>\n<\/tr>\n<tr>\n<th><strong>Farbe<\/strong><\/th>\n<td>Silber<\/td>\n<\/tr>\n<tr class=\"alt\">\n<th><strong>Verkauft nach<\/strong><\/th>\n<td>Pro St\u00fcck<\/td>\n<\/tr>\n<tr class=\"alt\">\n<th><strong>F\u00fcr was ist das Produkt geeignet<\/strong><\/th>\n<td>T\u00fcraufh\u00e4nger<\/td>\n<\/tr>\n<tr>\n<th><strong>Pr\u00e4vention<\/strong><\/th>\n<td>Die Verwendung erfolgt auf eigene Gefahr.<\/td>\n<\/tr>\n<\/tbody>\n<\/table>\n","protected":false},"excerpt":{"rendered":"<p>Der gr\u00f6\u00dfere, elegante T\u00fcrstopper aus Edelstahl erm\u00f6glicht es Ihnen, T\u00fcren mittels eines T\u00fcrstoppers am Boden zu sichern: \u2713 Geeignet als T\u00fcrstopper \u2713 Extra gro\u00dfe Gummikappe \u2713 Extrem geeignet f\u00fcr Au\u00dfent\u00fcren \u2713 R\u00fcckhaltung bis maximal 80 mm (ab Unterkante T\u00fcr) \u2713 Einfaches Stoppen und Verriegeln<\/p>\n","protected":false},"featured_media":3909,"template":"","meta":{"_acf_changed":false,"site-sidebar-layout":"default","site-content-layout":"","ast-site-content-layout":"default","site-content-style":"default","site-sidebar-style":"default","ast-global-header-display":"","ast-banner-title-visibility":"","ast-main-header-display":"","ast-hfb-above-header-display":"","ast-hfb-below-header-display":"","ast-hfb-mobile-header-display":"","site-post-title":"","ast-breadcrumbs-content":"","ast-featured-img":"","footer-sml-layout":"","ast-disable-related-posts":"","theme-transparent-header-meta":"default","adv-header-id-meta":"","stick-header-meta":"","header-above-stick-meta":"","header-main-stick-meta":"","header-below-stick-meta":"","astra-migrate-meta-layouts":"default","ast-page-background-enabled":"default","ast-page-background-meta":{"desktop":{"background-color":"var(--ast-global-color-4)","background-image":"","background-repeat":"repeat","background-position":"center center","background-size":"auto","background-attachment":"scroll","background-type":"","background-media":"","overlay-type":"","overlay-color":"","overlay-opacity":"","overlay-gradient":""},"tablet":{"background-color":"","background-image":"","background-repeat":"repeat","background-position":"center center","background-size":"auto","background-attachment":"scroll","background-type":"","background-media":"","overlay-type":"","overlay-color":"","overlay-opacity":"","overlay-gradient":""},"mobile":{"background-color":"","background-image":"","background-repeat":"repeat","background-position":"center center","background-size":"auto","background-attachment":"scroll","background-type":"","background-media":"","overlay-type":"","overlay-color":"","overlay-opacity":"","overlay-gradient":""}},"ast-content-background-meta":{"desktop":{"background-color":"var(--ast-global-color-5)","background-image":"","background-repeat":"repeat","background-position":"center center","background-size":"auto","background-attachment":"scroll","background-type":"","background-media":"","overlay-type":"","overlay-color":"","overlay-opacity":"","overlay-gradient":""},"tablet":{"background-color":"var(--ast-global-color-5)","background-image":"","background-repeat":"repeat","background-position":"center center","background-size":"auto","background-attachment":"scroll","background-type":"","background-media":"","overlay-type":"","overlay-color":"","overlay-opacity":"","overlay-gradient":""},"mobile":{"background-color":"var(--ast-global-color-5)","background-image":"","background-repeat":"repeat","background-position":"center center","background-size":"auto","background-attachment":"scroll","background-type":"","background-media":"","overlay-type":"","overlay-color":"","overlay-opacity":"","overlay-gradient":""}}},"product_brand":[],"product_cat":[84,86],"product_tag":[],"class_list":{"0":"post-3021","1":"product","2":"type-product","3":"status-publish","4":"has-post-thumbnail","6":"product_cat-turbeschlage","7":"product_cat-turfeststeller","8":"product_shipping_class-briefkastenpaket","9":"desktop-align-center","10":"tablet-align-left","11":"mobile-align-left","12":"ast-product-gallery-layout-horizontal-slider","13":"ast-magnify-disabled","14":"ast-product-tabs-layout-horizontal","16":"first","17":"instock","18":"taxable","19":"shipping-taxable","20":"purchasable","21":"product-type-simple"},"acf":[],"yoast_head":"<!-- This site is optimized with the Yoast SEO plugin v27.4 - https:\/\/yoast.com\/product\/yoast-seo-wordpress\/ -->\n<title>Kierr T\u00fcrfeststeller aus Edelstahl Firm 200 clearance 8 cm - Kierr.nl<\/title>\n<meta name=\"description\" content=\"Der T\u00fcrfeststeller aus Edelstahl mit 8 cm Abstand und extra gro\u00dfer Gummikappe ist sehr leicht mit dem Fu\u00df zu bedienen, modern und auch f\u00fcr Au\u00dfent\u00fcren sehr gut geeignet.\" \/>\n<meta name=\"robots\" content=\"index, follow, max-snippet:-1, max-image-preview:large, max-video-preview:-1\" \/>\n<link rel=\"canonical\" href=\"https:\/\/kierr.nl\/de\/product\/tuerfeststeller-aus-edelstahl-firm-200-mit-8-cm-ueberstand\/\" \/>\n<meta property=\"og:locale\" content=\"de_DE\" \/>\n<meta property=\"og:type\" content=\"article\" \/>\n<meta property=\"og:title\" content=\"Kierr T\u00fcrfeststeller aus Edelstahl Firm 200 clearance 8 cm - Kierr.nl\" \/>\n<meta property=\"og:description\" content=\"Der T\u00fcrfeststeller aus Edelstahl mit 8 cm Abstand und extra gro\u00dfer Gummikappe ist sehr leicht mit dem Fu\u00df zu bedienen, modern und auch f\u00fcr Au\u00dfent\u00fcren sehr gut geeignet.\" \/>\n<meta property=\"og:url\" content=\"https:\/\/kierr.nl\/de\/product\/tuerfeststeller-aus-edelstahl-firm-200-mit-8-cm-ueberstand\/\" \/>\n<meta property=\"og:site_name\" content=\"Kierr.nl\" \/>\n<meta property=\"article:modified_time\" content=\"2025-05-16T10:32:54+00:00\" \/>\n<meta property=\"og:image\" content=\"https:\/\/kierr.nl\/wp-content\/uploads\/2024\/07\/Frame-1-met.jpg\" \/>\n\t<meta property=\"og:image:width\" content=\"1600\" \/>\n\t<meta property=\"og:image:height\" content=\"1920\" \/>\n\t<meta property=\"og:image:type\" content=\"image\/jpeg\" \/>\n<meta name=\"twitter:card\" content=\"summary_large_image\" \/>\n<meta name=\"twitter:label1\" content=\"Gesch\u00e4tzte Lesezeit\" \/>\n\t<meta name=\"twitter:data1\" content=\"1\u00a0Minute\" \/>\n<script type=\"application\/ld+json\" class=\"yoast-schema-graph\">{\"@context\":\"https:\\\/\\\/schema.org\",\"@graph\":[{\"@type\":\"WebPage\",\"@id\":\"https:\\\/\\\/kierr.nl\\\/de\\\/product\\\/tuerfeststeller-aus-edelstahl-firm-200-mit-8-cm-ueberstand\\\/\",\"url\":\"https:\\\/\\\/kierr.nl\\\/de\\\/product\\\/tuerfeststeller-aus-edelstahl-firm-200-mit-8-cm-ueberstand\\\/\",\"name\":\"Kierr T\u00fcrfeststeller aus Edelstahl Firm 200 clearance 8 cm - Kierr.nl\",\"isPartOf\":{\"@id\":\"https:\\\/\\\/kierr.nl\\\/de\\\/#website\"},\"primaryImageOfPage\":{\"@id\":\"https:\\\/\\\/kierr.nl\\\/de\\\/product\\\/tuerfeststeller-aus-edelstahl-firm-200-mit-8-cm-ueberstand\\\/#primaryimage\"},\"image\":{\"@id\":\"https:\\\/\\\/kierr.nl\\\/de\\\/product\\\/tuerfeststeller-aus-edelstahl-firm-200-mit-8-cm-ueberstand\\\/#primaryimage\"},\"thumbnailUrl\":\"https:\\\/\\\/kierr.nl\\\/wp-content\\\/uploads\\\/2024\\\/07\\\/Frame-1-met.jpg\",\"datePublished\":\"2024-07-24T11:31:52+00:00\",\"dateModified\":\"2025-05-16T10:32:54+00:00\",\"description\":\"Der T\u00fcrfeststeller aus Edelstahl mit 8 cm Abstand und extra gro\u00dfer Gummikappe ist sehr leicht mit dem Fu\u00df zu bedienen, modern und auch f\u00fcr Au\u00dfent\u00fcren sehr gut geeignet.\",\"breadcrumb\":{\"@id\":\"https:\\\/\\\/kierr.nl\\\/de\\\/product\\\/tuerfeststeller-aus-edelstahl-firm-200-mit-8-cm-ueberstand\\\/#breadcrumb\"},\"inLanguage\":\"de\",\"potentialAction\":[{\"@type\":\"ReadAction\",\"target\":[\"https:\\\/\\\/kierr.nl\\\/de\\\/product\\\/tuerfeststeller-aus-edelstahl-firm-200-mit-8-cm-ueberstand\\\/\"]}]},{\"@type\":\"ImageObject\",\"inLanguage\":\"de\",\"@id\":\"https:\\\/\\\/kierr.nl\\\/de\\\/product\\\/tuerfeststeller-aus-edelstahl-firm-200-mit-8-cm-ueberstand\\\/#primaryimage\",\"url\":\"https:\\\/\\\/kierr.nl\\\/wp-content\\\/uploads\\\/2024\\\/07\\\/Frame-1-met.jpg\",\"contentUrl\":\"https:\\\/\\\/kierr.nl\\\/wp-content\\\/uploads\\\/2024\\\/07\\\/Frame-1-met.jpg\",\"width\":1600,\"height\":1920,\"caption\":\"Kierr Firma 200 T\u00fcrdr\u00fccker\"},{\"@type\":\"BreadcrumbList\",\"@id\":\"https:\\\/\\\/kierr.nl\\\/de\\\/product\\\/tuerfeststeller-aus-edelstahl-firm-200-mit-8-cm-ueberstand\\\/#breadcrumb\",\"itemListElement\":[{\"@type\":\"ListItem\",\"position\":1,\"name\":\"Startseite\",\"item\":\"https:\\\/\\\/kierr.nl\\\/de\\\/\"},{\"@type\":\"ListItem\",\"position\":2,\"name\":\"Shop\",\"item\":\"https:\\\/\\\/kierr.nl\\\/de\\\/shop\\\/\"},{\"@type\":\"ListItem\",\"position\":3,\"name\":\"Kierr T\u00fcrfeststeller aus Edelstahl Firm 200 clearance 8 cm\"}]},{\"@type\":\"WebSite\",\"@id\":\"https:\\\/\\\/kierr.nl\\\/de\\\/#website\",\"url\":\"https:\\\/\\\/kierr.nl\\\/de\\\/\",\"name\":\"Kierr.nl\",\"description\":\"Deur- en raambeslag\",\"potentialAction\":[{\"@type\":\"SearchAction\",\"target\":{\"@type\":\"EntryPoint\",\"urlTemplate\":\"https:\\\/\\\/kierr.nl\\\/de\\\/?s={search_term_string}\"},\"query-input\":{\"@type\":\"PropertyValueSpecification\",\"valueRequired\":true,\"valueName\":\"search_term_string\"}}],\"inLanguage\":\"de\"}]}<\/script>\n<!-- \/ Yoast SEO plugin. -->","yoast_head_json":{"title":"Kierr T\u00fcrfeststeller aus Edelstahl Firm 200 clearance 8 cm - Kierr.nl","description":"Der T\u00fcrfeststeller aus Edelstahl mit 8 cm Abstand und extra gro\u00dfer Gummikappe ist sehr leicht mit dem Fu\u00df zu bedienen, modern und auch f\u00fcr Au\u00dfent\u00fcren sehr gut geeignet.","robots":{"index":"index","follow":"follow","max-snippet":"max-snippet:-1","max-image-preview":"max-image-preview:large","max-video-preview":"max-video-preview:-1"},"canonical":"https:\/\/kierr.nl\/de\/product\/tuerfeststeller-aus-edelstahl-firm-200-mit-8-cm-ueberstand\/","og_locale":"de_DE","og_type":"article","og_title":"Kierr T\u00fcrfeststeller aus Edelstahl Firm 200 clearance 8 cm - Kierr.nl","og_description":"Der T\u00fcrfeststeller aus Edelstahl mit 8 cm Abstand und extra gro\u00dfer Gummikappe ist sehr leicht mit dem Fu\u00df zu bedienen, modern und auch f\u00fcr Au\u00dfent\u00fcren sehr gut geeignet.","og_url":"https:\/\/kierr.nl\/de\/product\/tuerfeststeller-aus-edelstahl-firm-200-mit-8-cm-ueberstand\/","og_site_name":"Kierr.nl","article_modified_time":"2025-05-16T10:32:54+00:00","og_image":[{"width":1600,"height":1920,"url":"https:\/\/kierr.nl\/wp-content\/uploads\/2024\/07\/Frame-1-met.jpg","type":"image\/jpeg"}],"twitter_card":"summary_large_image","twitter_misc":{"Gesch\u00e4tzte Lesezeit":"1\u00a0Minute"},"schema":{"@context":"https:\/\/schema.org","@graph":[{"@type":"WebPage","@id":"https:\/\/kierr.nl\/de\/product\/tuerfeststeller-aus-edelstahl-firm-200-mit-8-cm-ueberstand\/","url":"https:\/\/kierr.nl\/de\/product\/tuerfeststeller-aus-edelstahl-firm-200-mit-8-cm-ueberstand\/","name":"Kierr T\u00fcrfeststeller aus Edelstahl Firm 200 clearance 8 cm - Kierr.nl","isPartOf":{"@id":"https:\/\/kierr.nl\/de\/#website"},"primaryImageOfPage":{"@id":"https:\/\/kierr.nl\/de\/product\/tuerfeststeller-aus-edelstahl-firm-200-mit-8-cm-ueberstand\/#primaryimage"},"image":{"@id":"https:\/\/kierr.nl\/de\/product\/tuerfeststeller-aus-edelstahl-firm-200-mit-8-cm-ueberstand\/#primaryimage"},"thumbnailUrl":"https:\/\/kierr.nl\/wp-content\/uploads\/2024\/07\/Frame-1-met.jpg","datePublished":"2024-07-24T11:31:52+00:00","dateModified":"2025-05-16T10:32:54+00:00","description":"Der T\u00fcrfeststeller aus Edelstahl mit 8 cm Abstand und extra gro\u00dfer Gummikappe ist sehr leicht mit dem Fu\u00df zu bedienen, modern und auch f\u00fcr Au\u00dfent\u00fcren sehr gut geeignet.","breadcrumb":{"@id":"https:\/\/kierr.nl\/de\/product\/tuerfeststeller-aus-edelstahl-firm-200-mit-8-cm-ueberstand\/#breadcrumb"},"inLanguage":"de","potentialAction":[{"@type":"ReadAction","target":["https:\/\/kierr.nl\/de\/product\/tuerfeststeller-aus-edelstahl-firm-200-mit-8-cm-ueberstand\/"]}]},{"@type":"ImageObject","inLanguage":"de","@id":"https:\/\/kierr.nl\/de\/product\/tuerfeststeller-aus-edelstahl-firm-200-mit-8-cm-ueberstand\/#primaryimage","url":"https:\/\/kierr.nl\/wp-content\/uploads\/2024\/07\/Frame-1-met.jpg","contentUrl":"https:\/\/kierr.nl\/wp-content\/uploads\/2024\/07\/Frame-1-met.jpg","width":1600,"height":1920,"caption":"Kierr Firma 200 T\u00fcrdr\u00fccker"},{"@type":"BreadcrumbList","@id":"https:\/\/kierr.nl\/de\/product\/tuerfeststeller-aus-edelstahl-firm-200-mit-8-cm-ueberstand\/#breadcrumb","itemListElement":[{"@type":"ListItem","position":1,"name":"Startseite","item":"https:\/\/kierr.nl\/de\/"},{"@type":"ListItem","position":2,"name":"Shop","item":"https:\/\/kierr.nl\/de\/shop\/"},{"@type":"ListItem","position":3,"name":"Kierr T\u00fcrfeststeller aus Edelstahl Firm 200 clearance 8 cm"}]},{"@type":"WebSite","@id":"https:\/\/kierr.nl\/de\/#website","url":"https:\/\/kierr.nl\/de\/","name":"Kierr.nl","description":"Deur- en raambeslag","potentialAction":[{"@type":"SearchAction","target":{"@type":"EntryPoint","urlTemplate":"https:\/\/kierr.nl\/de\/?s={search_term_string}"},"query-input":{"@type":"PropertyValueSpecification","valueRequired":true,"valueName":"search_term_string"}}],"inLanguage":"de"}]}},"_links":{"self":[{"href":"https:\/\/kierr.nl\/de\/wp-json\/wp\/v2\/product\/3021","targetHints":{"allow":["GET"]}}],"collection":[{"href":"https:\/\/kierr.nl\/de\/wp-json\/wp\/v2\/product"}],"about":[{"href":"https:\/\/kierr.nl\/de\/wp-json\/wp\/v2\/types\/product"}],"wp:featuredmedia":[{"embeddable":true,"href":"https:\/\/kierr.nl\/de\/wp-json\/wp\/v2\/media\/3909"}],"wp:attachment":[{"href":"https:\/\/kierr.nl\/de\/wp-json\/wp\/v2\/media?parent=3021"}],"wp:term":[{"taxonomy":"product_brand","embeddable":true,"href":"https:\/\/kierr.nl\/de\/wp-json\/wp\/v2\/product_brand?post=3021"},{"taxonomy":"product_cat","embeddable":true,"href":"https:\/\/kierr.nl\/de\/wp-json\/wp\/v2\/product_cat?post=3021"},{"taxonomy":"product_tag","embeddable":true,"href":"https:\/\/kierr.nl\/de\/wp-json\/wp\/v2\/product_tag?post=3021"}],"curies":[{"name":"wp","href":"https:\/\/api.w.org\/{rel}","templated":true}]}}