{"id":3056,"date":"2024-07-05T08:56:02","date_gmt":"2024-07-05T08:56:02","guid":{"rendered":"https:\/\/www.kierr.nl\/product\/luxurioeser-tuerknauf-aus-edelstahl-dusche-solid\/"},"modified":"2025-03-16T07:43:46","modified_gmt":"2025-03-16T06:43:46","slug":"luxurioeser-tuerknauf-aus-edelstahl-dusche-solid","status":"publish","type":"product","link":"https:\/\/kierr.nl\/de\/product\/luxurioeser-tuerknauf-aus-edelstahl-dusche-solid\/","title":{"rendered":"Kierr Luxury Edelstahl (Dusche) T\u00fcrknauf Solid"},"content":{"rendered":"<p class=\"lead\">Alle Funktionen auf einen Blick<\/p>\n<table class=\"shop_attributes table table-bordered attribute-table table-striped\">\n<thead>\n<tr>\n<th><strong>Eigenschaft<\/strong><\/th>\n<th><strong>Wert<\/strong><\/th>\n<\/tr>\n<\/thead>\n<tbody>\n<tr>\n<th><strong>Material<\/strong><\/th>\n<td class=\"product_dimensions\">ROSTFREIER STAHL<\/td>\n<\/tr>\n<tr>\n<th><strong>Form<\/strong><\/th>\n<td class=\"product_dimensions\">Quadratisch<\/td>\n<\/tr>\n<tr>\n<th><strong>L\u00e4nge<\/strong><\/th>\n<td class=\"product_dimensions\">30,5 mm<\/td>\n<\/tr>\n<tr>\n<th><strong>Breite<\/strong><\/th>\n<td class=\"product_dimensions\">30 mm<\/td>\n<\/tr>\n<tr class=\"alt\">\n<th><strong>Farbe<\/strong><\/th>\n<td>Silber<\/td>\n<\/tr>\n<tr>\n<th><strong>Verkauft pro<\/strong><\/th>\n<td>Pro St\u00fcck, einschlie\u00dflich Befestigungsmaterial<\/td>\n<\/tr>\n<tr class=\"alt\">\n<th><strong>F\u00fcr was ist das Produkt geeignet<\/strong><\/th>\n<td>Glast\u00fcr (z.B. eine Duscht\u00fcr)<\/td>\n<\/tr>\n<tr>\n<th><strong>Pr\u00e4vention<\/strong><\/th>\n<td>Die Verwendung erfolgt auf eigene Gefahr.<\/td>\n<\/tr>\n<\/tbody>\n<\/table>\n","protected":false},"excerpt":{"rendered":"<div class=\"flex-shrink-0 flex flex-col relative items-end\">\n<div>\n<div class=\"pt-0\">\n<div class=\"gizmo-bot-avatar flex h-8 w-8 items-center justify-center overflow-hidden rounded-full\">\n<div class=\"relative p-1 rounded-sm flex items-center justify-center bg-token-main-surface-primary text-token-text-primary h-8 w-8\"><span style=\"font-size: 16px;\">Die <\/span><em style=\"font-size: 16px;\">Solide<\/em><span style=\"font-size: 16px;\">  Edelstahl-T\u00fcrknopf hat einen robusten Look mit einer funktionellen Aussparung an der Unterseite f\u00fcr optimalen Halt. Dieser robuste T\u00fcrknauf ist perfekt f\u00fcr eine Glast\u00fcr (Dusche) geeignet und verleiht jedem modernen Raum einen Hauch von St\u00e4rke und Eleganz. <\/span><\/div>\n<div><\/div>\n<\/div>\n<\/div>\n<\/div>\n<\/div>\n<p>\u2713 Geeignet als T\u00fcrknauf \u2713 Geeignet f\u00fcr Glast\u00fcren \u2713 Geeignet f\u00fcr Duscht\u00fcren \u2713 Robuste Optik \u2713 RVS<\/p>\n","protected":false},"featured_media":4150,"template":"","meta":{"_acf_changed":false,"site-sidebar-layout":"default","site-content-layout":"","ast-site-content-layout":"default","site-content-style":"default","site-sidebar-style":"default","ast-global-header-display":"","ast-banner-title-visibility":"","ast-main-header-display":"","ast-hfb-above-header-display":"","ast-hfb-below-header-display":"","ast-hfb-mobile-header-display":"","site-post-title":"","ast-breadcrumbs-content":"","ast-featured-img":"","footer-sml-layout":"","ast-disable-related-posts":"","theme-transparent-header-meta":"default","adv-header-id-meta":"","stick-header-meta":"","header-above-stick-meta":"","header-main-stick-meta":"","header-below-stick-meta":"","astra-migrate-meta-layouts":"default","ast-page-background-enabled":"default","ast-page-background-meta":{"desktop":{"background-color":"var(--ast-global-color-4)","background-image":"","background-repeat":"repeat","background-position":"center center","background-size":"auto","background-attachment":"scroll","background-type":"","background-media":"","overlay-type":"","overlay-color":"","overlay-opacity":"","overlay-gradient":""},"tablet":{"background-color":"","background-image":"","background-repeat":"repeat","background-position":"center center","background-size":"auto","background-attachment":"scroll","background-type":"","background-media":"","overlay-type":"","overlay-color":"","overlay-opacity":"","overlay-gradient":""},"mobile":{"background-color":"","background-image":"","background-repeat":"repeat","background-position":"center center","background-size":"auto","background-attachment":"scroll","background-type":"","background-media":"","overlay-type":"","overlay-color":"","overlay-opacity":"","overlay-gradient":""}},"ast-content-background-meta":{"desktop":{"background-color":"var(--ast-global-color-5)","background-image":"","background-repeat":"repeat","background-position":"center center","background-size":"auto","background-attachment":"scroll","background-type":"","background-media":"","overlay-type":"","overlay-color":"","overlay-opacity":"","overlay-gradient":""},"tablet":{"background-color":"var(--ast-global-color-5)","background-image":"","background-repeat":"repeat","background-position":"center center","background-size":"auto","background-attachment":"scroll","background-type":"","background-media":"","overlay-type":"","overlay-color":"","overlay-opacity":"","overlay-gradient":""},"mobile":{"background-color":"var(--ast-global-color-5)","background-image":"","background-repeat":"repeat","background-position":"center center","background-size":"auto","background-attachment":"scroll","background-type":"","background-media":"","overlay-type":"","overlay-color":"","overlay-opacity":"","overlay-gradient":""}}},"product_brand":[],"product_cat":[84,85],"product_tag":[],"class_list":{"0":"post-3056","1":"product","2":"type-product","3":"status-publish","4":"has-post-thumbnail","6":"product_cat-turbeschlage","7":"product_cat-turknauf","8":"product_shipping_class-briefkastenpaket","9":"desktop-align-center","10":"tablet-align-left","11":"mobile-align-left","12":"ast-product-gallery-layout-horizontal-slider","13":"ast-magnify-disabled","14":"ast-product-tabs-layout-horizontal","16":"first","17":"instock","18":"taxable","19":"shipping-taxable","20":"purchasable","21":"product-type-simple"},"acf":[],"yoast_head":"<!-- This site is optimized with the Yoast SEO plugin v27.4 - https:\/\/yoast.com\/product\/yoast-seo-wordpress\/ -->\n<title>Kierr Luxury Edelstahl (Dusche) T\u00fcrknauf Solid - Kierr.nl<\/title>\n<meta name=\"description\" content=\"Der Solid T\u00fcrknauf ist aus rostfreiem Stahl gefertigt und hat ein robustes Aussehen und eine Aussparung an der Unterseite f\u00fcr einen guten Griff.\" \/>\n<meta name=\"robots\" content=\"index, follow, max-snippet:-1, max-image-preview:large, max-video-preview:-1\" \/>\n<link rel=\"canonical\" href=\"https:\/\/kierr.nl\/de\/product\/luxurioeser-tuerknauf-aus-edelstahl-dusche-solid\/\" \/>\n<meta property=\"og:locale\" content=\"de_DE\" \/>\n<meta property=\"og:type\" content=\"article\" \/>\n<meta property=\"og:title\" content=\"Kierr Luxury Edelstahl (Dusche) T\u00fcrknauf Solid - Kierr.nl\" \/>\n<meta property=\"og:description\" content=\"Der Solid T\u00fcrknauf ist aus rostfreiem Stahl gefertigt und hat ein robustes Aussehen und eine Aussparung an der Unterseite f\u00fcr einen guten Griff.\" \/>\n<meta property=\"og:url\" content=\"https:\/\/kierr.nl\/de\/product\/luxurioeser-tuerknauf-aus-edelstahl-dusche-solid\/\" \/>\n<meta property=\"og:site_name\" content=\"Kierr.nl\" \/>\n<meta property=\"article:modified_time\" content=\"2025-03-16T06:43:46+00:00\" \/>\n<meta property=\"og:image\" content=\"https:\/\/kierr.nl\/wp-content\/uploads\/2024\/07\/Kierr_Solid_1.jpg\" \/>\n\t<meta property=\"og:image:width\" content=\"1600\" \/>\n\t<meta property=\"og:image:height\" content=\"1920\" \/>\n\t<meta property=\"og:image:type\" content=\"image\/jpeg\" \/>\n<meta name=\"twitter:card\" content=\"summary_large_image\" \/>\n<script type=\"application\/ld+json\" class=\"yoast-schema-graph\">{\"@context\":\"https:\\\/\\\/schema.org\",\"@graph\":[{\"@type\":\"WebPage\",\"@id\":\"https:\\\/\\\/kierr.nl\\\/de\\\/product\\\/luxurioeser-tuerknauf-aus-edelstahl-dusche-solid\\\/\",\"url\":\"https:\\\/\\\/kierr.nl\\\/de\\\/product\\\/luxurioeser-tuerknauf-aus-edelstahl-dusche-solid\\\/\",\"name\":\"Kierr Luxury Edelstahl (Dusche) T\u00fcrknauf Solid - Kierr.nl\",\"isPartOf\":{\"@id\":\"https:\\\/\\\/kierr.nl\\\/de\\\/#website\"},\"primaryImageOfPage\":{\"@id\":\"https:\\\/\\\/kierr.nl\\\/de\\\/product\\\/luxurioeser-tuerknauf-aus-edelstahl-dusche-solid\\\/#primaryimage\"},\"image\":{\"@id\":\"https:\\\/\\\/kierr.nl\\\/de\\\/product\\\/luxurioeser-tuerknauf-aus-edelstahl-dusche-solid\\\/#primaryimage\"},\"thumbnailUrl\":\"https:\\\/\\\/kierr.nl\\\/wp-content\\\/uploads\\\/2024\\\/07\\\/Kierr_Solid_1.jpg\",\"datePublished\":\"2024-07-05T08:56:02+00:00\",\"dateModified\":\"2025-03-16T06:43:46+00:00\",\"description\":\"Der Solid T\u00fcrknauf ist aus rostfreiem Stahl gefertigt und hat ein robustes Aussehen und eine Aussparung an der Unterseite f\u00fcr einen guten Griff.\",\"breadcrumb\":{\"@id\":\"https:\\\/\\\/kierr.nl\\\/de\\\/product\\\/luxurioeser-tuerknauf-aus-edelstahl-dusche-solid\\\/#breadcrumb\"},\"inLanguage\":\"de\",\"potentialAction\":[{\"@type\":\"ReadAction\",\"target\":[\"https:\\\/\\\/kierr.nl\\\/de\\\/product\\\/luxurioeser-tuerknauf-aus-edelstahl-dusche-solid\\\/\"]}]},{\"@type\":\"ImageObject\",\"inLanguage\":\"de\",\"@id\":\"https:\\\/\\\/kierr.nl\\\/de\\\/product\\\/luxurioeser-tuerknauf-aus-edelstahl-dusche-solid\\\/#primaryimage\",\"url\":\"https:\\\/\\\/kierr.nl\\\/wp-content\\\/uploads\\\/2024\\\/07\\\/Kierr_Solid_1.jpg\",\"contentUrl\":\"https:\\\/\\\/kierr.nl\\\/wp-content\\\/uploads\\\/2024\\\/07\\\/Kierr_Solid_1.jpg\",\"width\":1600,\"height\":1920,\"caption\":\"Massiver T\u00fcrknauf\"},{\"@type\":\"BreadcrumbList\",\"@id\":\"https:\\\/\\\/kierr.nl\\\/de\\\/product\\\/luxurioeser-tuerknauf-aus-edelstahl-dusche-solid\\\/#breadcrumb\",\"itemListElement\":[{\"@type\":\"ListItem\",\"position\":1,\"name\":\"Startseite\",\"item\":\"https:\\\/\\\/kierr.nl\\\/de\\\/\"},{\"@type\":\"ListItem\",\"position\":2,\"name\":\"Shop\",\"item\":\"https:\\\/\\\/kierr.nl\\\/de\\\/shop\\\/\"},{\"@type\":\"ListItem\",\"position\":3,\"name\":\"Kierr Luxury Edelstahl (Dusche) T\u00fcrknauf Solid\"}]},{\"@type\":\"WebSite\",\"@id\":\"https:\\\/\\\/kierr.nl\\\/de\\\/#website\",\"url\":\"https:\\\/\\\/kierr.nl\\\/de\\\/\",\"name\":\"Kierr.nl\",\"description\":\"Deur- en raambeslag\",\"potentialAction\":[{\"@type\":\"SearchAction\",\"target\":{\"@type\":\"EntryPoint\",\"urlTemplate\":\"https:\\\/\\\/kierr.nl\\\/de\\\/?s={search_term_string}\"},\"query-input\":{\"@type\":\"PropertyValueSpecification\",\"valueRequired\":true,\"valueName\":\"search_term_string\"}}],\"inLanguage\":\"de\"}]}<\/script>\n<!-- \/ Yoast SEO plugin. -->","yoast_head_json":{"title":"Kierr Luxury Edelstahl (Dusche) T\u00fcrknauf Solid - Kierr.nl","description":"Der Solid T\u00fcrknauf ist aus rostfreiem Stahl gefertigt und hat ein robustes Aussehen und eine Aussparung an der Unterseite f\u00fcr einen guten Griff.","robots":{"index":"index","follow":"follow","max-snippet":"max-snippet:-1","max-image-preview":"max-image-preview:large","max-video-preview":"max-video-preview:-1"},"canonical":"https:\/\/kierr.nl\/de\/product\/luxurioeser-tuerknauf-aus-edelstahl-dusche-solid\/","og_locale":"de_DE","og_type":"article","og_title":"Kierr Luxury Edelstahl (Dusche) T\u00fcrknauf Solid - Kierr.nl","og_description":"Der Solid T\u00fcrknauf ist aus rostfreiem Stahl gefertigt und hat ein robustes Aussehen und eine Aussparung an der Unterseite f\u00fcr einen guten Griff.","og_url":"https:\/\/kierr.nl\/de\/product\/luxurioeser-tuerknauf-aus-edelstahl-dusche-solid\/","og_site_name":"Kierr.nl","article_modified_time":"2025-03-16T06:43:46+00:00","og_image":[{"width":1600,"height":1920,"url":"https:\/\/kierr.nl\/wp-content\/uploads\/2024\/07\/Kierr_Solid_1.jpg","type":"image\/jpeg"}],"twitter_card":"summary_large_image","schema":{"@context":"https:\/\/schema.org","@graph":[{"@type":"WebPage","@id":"https:\/\/kierr.nl\/de\/product\/luxurioeser-tuerknauf-aus-edelstahl-dusche-solid\/","url":"https:\/\/kierr.nl\/de\/product\/luxurioeser-tuerknauf-aus-edelstahl-dusche-solid\/","name":"Kierr Luxury Edelstahl (Dusche) T\u00fcrknauf Solid - Kierr.nl","isPartOf":{"@id":"https:\/\/kierr.nl\/de\/#website"},"primaryImageOfPage":{"@id":"https:\/\/kierr.nl\/de\/product\/luxurioeser-tuerknauf-aus-edelstahl-dusche-solid\/#primaryimage"},"image":{"@id":"https:\/\/kierr.nl\/de\/product\/luxurioeser-tuerknauf-aus-edelstahl-dusche-solid\/#primaryimage"},"thumbnailUrl":"https:\/\/kierr.nl\/wp-content\/uploads\/2024\/07\/Kierr_Solid_1.jpg","datePublished":"2024-07-05T08:56:02+00:00","dateModified":"2025-03-16T06:43:46+00:00","description":"Der Solid T\u00fcrknauf ist aus rostfreiem Stahl gefertigt und hat ein robustes Aussehen und eine Aussparung an der Unterseite f\u00fcr einen guten Griff.","breadcrumb":{"@id":"https:\/\/kierr.nl\/de\/product\/luxurioeser-tuerknauf-aus-edelstahl-dusche-solid\/#breadcrumb"},"inLanguage":"de","potentialAction":[{"@type":"ReadAction","target":["https:\/\/kierr.nl\/de\/product\/luxurioeser-tuerknauf-aus-edelstahl-dusche-solid\/"]}]},{"@type":"ImageObject","inLanguage":"de","@id":"https:\/\/kierr.nl\/de\/product\/luxurioeser-tuerknauf-aus-edelstahl-dusche-solid\/#primaryimage","url":"https:\/\/kierr.nl\/wp-content\/uploads\/2024\/07\/Kierr_Solid_1.jpg","contentUrl":"https:\/\/kierr.nl\/wp-content\/uploads\/2024\/07\/Kierr_Solid_1.jpg","width":1600,"height":1920,"caption":"Massiver T\u00fcrknauf"},{"@type":"BreadcrumbList","@id":"https:\/\/kierr.nl\/de\/product\/luxurioeser-tuerknauf-aus-edelstahl-dusche-solid\/#breadcrumb","itemListElement":[{"@type":"ListItem","position":1,"name":"Startseite","item":"https:\/\/kierr.nl\/de\/"},{"@type":"ListItem","position":2,"name":"Shop","item":"https:\/\/kierr.nl\/de\/shop\/"},{"@type":"ListItem","position":3,"name":"Kierr Luxury Edelstahl (Dusche) T\u00fcrknauf Solid"}]},{"@type":"WebSite","@id":"https:\/\/kierr.nl\/de\/#website","url":"https:\/\/kierr.nl\/de\/","name":"Kierr.nl","description":"Deur- en raambeslag","potentialAction":[{"@type":"SearchAction","target":{"@type":"EntryPoint","urlTemplate":"https:\/\/kierr.nl\/de\/?s={search_term_string}"},"query-input":{"@type":"PropertyValueSpecification","valueRequired":true,"valueName":"search_term_string"}}],"inLanguage":"de"}]}},"_links":{"self":[{"href":"https:\/\/kierr.nl\/de\/wp-json\/wp\/v2\/product\/3056","targetHints":{"allow":["GET"]}}],"collection":[{"href":"https:\/\/kierr.nl\/de\/wp-json\/wp\/v2\/product"}],"about":[{"href":"https:\/\/kierr.nl\/de\/wp-json\/wp\/v2\/types\/product"}],"wp:featuredmedia":[{"embeddable":true,"href":"https:\/\/kierr.nl\/de\/wp-json\/wp\/v2\/media\/4150"}],"wp:attachment":[{"href":"https:\/\/kierr.nl\/de\/wp-json\/wp\/v2\/media?parent=3056"}],"wp:term":[{"taxonomy":"product_brand","embeddable":true,"href":"https:\/\/kierr.nl\/de\/wp-json\/wp\/v2\/product_brand?post=3056"},{"taxonomy":"product_cat","embeddable":true,"href":"https:\/\/kierr.nl\/de\/wp-json\/wp\/v2\/product_cat?post=3056"},{"taxonomy":"product_tag","embeddable":true,"href":"https:\/\/kierr.nl\/de\/wp-json\/wp\/v2\/product_tag?post=3056"}],"curies":[{"name":"wp","href":"https:\/\/api.w.org\/{rel}","templated":true}]}}