{"id":3070,"date":"2024-07-05T08:47:41","date_gmt":"2024-07-05T08:47:41","guid":{"rendered":"https:\/\/www.kierr.nl\/product\/wc-badezimmerverschluss-schloss-aus-edelstahl-mit-luxusoptik\/"},"modified":"2025-05-16T12:28:37","modified_gmt":"2025-05-16T10:28:37","slug":"wc-badezimmerverschluss-schloss-aus-edelstahl-mit-luxusoptik","status":"publish","type":"product","link":"https:\/\/kierr.nl\/de\/product\/wc-badezimmerverschluss-schloss-aus-edelstahl-mit-luxusoptik\/","title":{"rendered":"Kierr WC Badverschluss - Schloss aus Edelstahl mit Luxusoptik"},"content":{"rendered":"<p class=\"lead\">Alle Funktionen auf einen Blick<\/p>\n<table class=\"shop_attributes table table-bordered attribute-table table-striped\">\n<thead>\n<tr>\n<th><strong>Eigenschaft<\/strong><\/th>\n<th><strong>Wert<\/strong><\/th>\n<\/tr>\n<\/thead>\n<tbody>\n<tr>\n<th><strong>Material<\/strong><\/th>\n<td class=\"product_dimensions\">ROSTFREIER STAHL<\/td>\n<\/tr>\n<tr>\n<th><strong>Form<\/strong><\/th>\n<td class=\"product_dimensions\">Rund<\/td>\n<\/tr>\n<tr>\n<th><strong>Gr\u00f6\u00dfe<\/strong><\/th>\n<td class=\"product_dimensions\">35 mm<\/td>\n<\/tr>\n<tr>\n<th><strong>Breite<\/strong><\/th>\n<td class=\"product_dimensions\">N\/A<\/td>\n<\/tr>\n<tr>\n<th><strong>Dicke des T\u00fcrgriffs<\/strong><\/th>\n<td class=\"product_dimensions\">N\/A<\/td>\n<\/tr>\n<tr>\n<th><strong>Mindestst\u00e4rke der T\u00fcr<\/strong><\/th>\n<td class=\"product_dimensions\">35 mm<\/td>\n<\/tr>\n<tr>\n<th><strong>Maximale Dicke der T\u00fcr<\/strong><\/th>\n<td class=\"product_dimensions\">42 mm<\/td>\n<\/tr>\n<tr class=\"alt\">\n<th><strong>Farbe<\/strong><\/th>\n<td>Silber<\/td>\n<\/tr>\n<tr>\n<th><strong>Verkauft pro<\/strong><\/th>\n<td>Pro St\u00fcck, einschlie\u00dflich Befestigungsmaterial<\/td>\n<\/tr>\n<tr class=\"alt\">\n<th><strong>F\u00fcr was ist das Produkt geeignet<\/strong><\/th>\n<td>WC-\/Bad-Befestigung<\/td>\n<\/tr>\n<tr>\n<th><strong>Pr\u00e4vention<\/strong><\/th>\n<td>Die Verwendung erfolgt auf eigene Gefahr.<\/td>\n<\/tr>\n<\/tbody>\n<\/table>\n","protected":false},"excerpt":{"rendered":"<p>Der Kierr WC-\/Badt\u00fcrbeschlag ist aus hochwertigem Edelstahl gefertigt und hat ein stilvolles, abgerundetes Aussehen. Dieser Beschlag ist nicht nur sch\u00f6n anzusehen, sondern bietet auch eine komfortable und einfache Bedienung, die angenehm in der Hand liegt. <\/p>\n<p>\u2713 Geeignet als Verschluss f\u00fcr WC \/ Bad<br \/>\n\u2713 Geeignet f\u00fcr Innent\u00fcren<br \/>\n\u2713 Rote Anzeige besetzt<br \/>\n\u2713 Mindestst\u00e4rke der T\u00fcren 30 mm<br \/>\n\u2713 Maximale St\u00e4rke der T\u00fcren 40 mm<br \/>\n\u2713 Rostfreier Stahl<\/p>\n","protected":false},"featured_media":4060,"template":"","meta":{"_acf_changed":false,"site-sidebar-layout":"default","site-content-layout":"","ast-site-content-layout":"default","site-content-style":"default","site-sidebar-style":"default","ast-global-header-display":"","ast-banner-title-visibility":"","ast-main-header-display":"","ast-hfb-above-header-display":"","ast-hfb-below-header-display":"","ast-hfb-mobile-header-display":"","site-post-title":"","ast-breadcrumbs-content":"","ast-featured-img":"","footer-sml-layout":"","ast-disable-related-posts":"","theme-transparent-header-meta":"default","adv-header-id-meta":"","stick-header-meta":"","header-above-stick-meta":"","header-main-stick-meta":"","header-below-stick-meta":"","astra-migrate-meta-layouts":"default","ast-page-background-enabled":"default","ast-page-background-meta":{"desktop":{"background-color":"var(--ast-global-color-4)","background-image":"","background-repeat":"repeat","background-position":"center center","background-size":"auto","background-attachment":"scroll","background-type":"","background-media":"","overlay-type":"","overlay-color":"","overlay-opacity":"","overlay-gradient":""},"tablet":{"background-color":"","background-image":"","background-repeat":"repeat","background-position":"center center","background-size":"auto","background-attachment":"scroll","background-type":"","background-media":"","overlay-type":"","overlay-color":"","overlay-opacity":"","overlay-gradient":""},"mobile":{"background-color":"","background-image":"","background-repeat":"repeat","background-position":"center center","background-size":"auto","background-attachment":"scroll","background-type":"","background-media":"","overlay-type":"","overlay-color":"","overlay-opacity":"","overlay-gradient":""}},"ast-content-background-meta":{"desktop":{"background-color":"var(--ast-global-color-5)","background-image":"","background-repeat":"repeat","background-position":"center center","background-size":"auto","background-attachment":"scroll","background-type":"","background-media":"","overlay-type":"","overlay-color":"","overlay-opacity":"","overlay-gradient":""},"tablet":{"background-color":"var(--ast-global-color-5)","background-image":"","background-repeat":"repeat","background-position":"center center","background-size":"auto","background-attachment":"scroll","background-type":"","background-media":"","overlay-type":"","overlay-color":"","overlay-opacity":"","overlay-gradient":""},"mobile":{"background-color":"var(--ast-global-color-5)","background-image":"","background-repeat":"repeat","background-position":"center center","background-size":"auto","background-attachment":"scroll","background-type":"","background-media":"","overlay-type":"","overlay-color":"","overlay-opacity":"","overlay-gradient":""}}},"product_brand":[],"product_cat":[84],"product_tag":[],"class_list":{"0":"post-3070","1":"product","2":"type-product","3":"status-publish","4":"has-post-thumbnail","6":"product_cat-turbeschlage","7":"product_shipping_class-briefkastenpaket","8":"desktop-align-center","9":"tablet-align-left","10":"mobile-align-left","11":"ast-product-gallery-layout-horizontal-slider","12":"ast-magnify-disabled","13":"ast-product-tabs-layout-horizontal","15":"first","16":"instock","17":"taxable","18":"shipping-taxable","19":"purchasable","20":"product-type-simple"},"acf":[],"yoast_head":"<!-- This site is optimized with the Yoast SEO plugin v27.4 - https:\/\/yoast.com\/product\/yoast-seo-wordpress\/ -->\n<title>Kierr WC Badverschluss - Schloss aus Edelstahl mit Luxusoptik - Kierr.nl<\/title>\n<meta name=\"description\" content=\"Der Kierr WC-\/Bad-T\u00fcrbeschlag (Verschluss) ist aus rostfreiem Stahl gefertigt und hat ein sch\u00f6nes, abgerundetes Aussehen. Der T\u00fcrbeschlag hat au\u00dferdem eine einfache, griffg\u00fcnstige Bedienung.\" \/>\n<meta name=\"robots\" content=\"index, follow, max-snippet:-1, max-image-preview:large, max-video-preview:-1\" \/>\n<link rel=\"canonical\" href=\"https:\/\/kierr.nl\/de\/product\/wc-badezimmerverschluss-schloss-aus-edelstahl-mit-luxusoptik\/\" \/>\n<meta property=\"og:locale\" content=\"de_DE\" \/>\n<meta property=\"og:type\" content=\"article\" \/>\n<meta property=\"og:title\" content=\"Kierr WC Badverschluss - Schloss aus Edelstahl mit Luxusoptik - Kierr.nl\" \/>\n<meta property=\"og:description\" content=\"Der Kierr WC-\/Bad-T\u00fcrbeschlag (Verschluss) ist aus rostfreiem Stahl gefertigt und hat ein sch\u00f6nes, abgerundetes Aussehen. Der T\u00fcrbeschlag hat au\u00dferdem eine einfache, griffg\u00fcnstige Bedienung.\" \/>\n<meta property=\"og:url\" content=\"https:\/\/kierr.nl\/de\/product\/wc-badezimmerverschluss-schloss-aus-edelstahl-mit-luxusoptik\/\" \/>\n<meta property=\"og:site_name\" content=\"Kierr.nl\" \/>\n<meta property=\"article:modified_time\" content=\"2025-05-16T10:28:37+00:00\" \/>\n<meta property=\"og:image\" content=\"https:\/\/kierr.nl\/wp-content\/uploads\/2024\/07\/Kierr_WC_Slot_1.jpg\" \/>\n\t<meta property=\"og:image:width\" content=\"1600\" \/>\n\t<meta property=\"og:image:height\" content=\"1920\" \/>\n\t<meta property=\"og:image:type\" content=\"image\/jpeg\" \/>\n<meta name=\"twitter:card\" content=\"summary_large_image\" \/>\n<script type=\"application\/ld+json\" class=\"yoast-schema-graph\">{\"@context\":\"https:\\\/\\\/schema.org\",\"@graph\":[{\"@type\":\"WebPage\",\"@id\":\"https:\\\/\\\/kierr.nl\\\/de\\\/product\\\/wc-badezimmerverschluss-schloss-aus-edelstahl-mit-luxusoptik\\\/\",\"url\":\"https:\\\/\\\/kierr.nl\\\/de\\\/product\\\/wc-badezimmerverschluss-schloss-aus-edelstahl-mit-luxusoptik\\\/\",\"name\":\"Kierr WC Badverschluss - Schloss aus Edelstahl mit Luxusoptik - Kierr.nl\",\"isPartOf\":{\"@id\":\"https:\\\/\\\/kierr.nl\\\/de\\\/#website\"},\"primaryImageOfPage\":{\"@id\":\"https:\\\/\\\/kierr.nl\\\/de\\\/product\\\/wc-badezimmerverschluss-schloss-aus-edelstahl-mit-luxusoptik\\\/#primaryimage\"},\"image\":{\"@id\":\"https:\\\/\\\/kierr.nl\\\/de\\\/product\\\/wc-badezimmerverschluss-schloss-aus-edelstahl-mit-luxusoptik\\\/#primaryimage\"},\"thumbnailUrl\":\"https:\\\/\\\/kierr.nl\\\/wp-content\\\/uploads\\\/2024\\\/07\\\/Kierr_WC_Slot_1.jpg\",\"datePublished\":\"2024-07-05T08:47:41+00:00\",\"dateModified\":\"2025-05-16T10:28:37+00:00\",\"description\":\"Der Kierr WC-\\\/Bad-T\u00fcrbeschlag (Verschluss) ist aus rostfreiem Stahl gefertigt und hat ein sch\u00f6nes, abgerundetes Aussehen. Der T\u00fcrbeschlag hat au\u00dferdem eine einfache, griffg\u00fcnstige Bedienung.\",\"breadcrumb\":{\"@id\":\"https:\\\/\\\/kierr.nl\\\/de\\\/product\\\/wc-badezimmerverschluss-schloss-aus-edelstahl-mit-luxusoptik\\\/#breadcrumb\"},\"inLanguage\":\"de\",\"potentialAction\":[{\"@type\":\"ReadAction\",\"target\":[\"https:\\\/\\\/kierr.nl\\\/de\\\/product\\\/wc-badezimmerverschluss-schloss-aus-edelstahl-mit-luxusoptik\\\/\"]}]},{\"@type\":\"ImageObject\",\"inLanguage\":\"de\",\"@id\":\"https:\\\/\\\/kierr.nl\\\/de\\\/product\\\/wc-badezimmerverschluss-schloss-aus-edelstahl-mit-luxusoptik\\\/#primaryimage\",\"url\":\"https:\\\/\\\/kierr.nl\\\/wp-content\\\/uploads\\\/2024\\\/07\\\/Kierr_WC_Slot_1.jpg\",\"contentUrl\":\"https:\\\/\\\/kierr.nl\\\/wp-content\\\/uploads\\\/2024\\\/07\\\/Kierr_WC_Slot_1.jpg\",\"width\":1600,\"height\":1920},{\"@type\":\"BreadcrumbList\",\"@id\":\"https:\\\/\\\/kierr.nl\\\/de\\\/product\\\/wc-badezimmerverschluss-schloss-aus-edelstahl-mit-luxusoptik\\\/#breadcrumb\",\"itemListElement\":[{\"@type\":\"ListItem\",\"position\":1,\"name\":\"Startseite\",\"item\":\"https:\\\/\\\/kierr.nl\\\/de\\\/\"},{\"@type\":\"ListItem\",\"position\":2,\"name\":\"Shop\",\"item\":\"https:\\\/\\\/kierr.nl\\\/de\\\/shop\\\/\"},{\"@type\":\"ListItem\",\"position\":3,\"name\":\"Kierr WC Badverschluss &#8211; Schloss aus Edelstahl mit Luxusoptik\"}]},{\"@type\":\"WebSite\",\"@id\":\"https:\\\/\\\/kierr.nl\\\/de\\\/#website\",\"url\":\"https:\\\/\\\/kierr.nl\\\/de\\\/\",\"name\":\"Kierr.nl\",\"description\":\"Deur- en raambeslag\",\"potentialAction\":[{\"@type\":\"SearchAction\",\"target\":{\"@type\":\"EntryPoint\",\"urlTemplate\":\"https:\\\/\\\/kierr.nl\\\/de\\\/?s={search_term_string}\"},\"query-input\":{\"@type\":\"PropertyValueSpecification\",\"valueRequired\":true,\"valueName\":\"search_term_string\"}}],\"inLanguage\":\"de\"}]}<\/script>\n<!-- \/ Yoast SEO plugin. -->","yoast_head_json":{"title":"Kierr WC Badverschluss - Schloss aus Edelstahl mit Luxusoptik - Kierr.nl","description":"Der Kierr WC-\/Bad-T\u00fcrbeschlag (Verschluss) ist aus rostfreiem Stahl gefertigt und hat ein sch\u00f6nes, abgerundetes Aussehen. Der T\u00fcrbeschlag hat au\u00dferdem eine einfache, griffg\u00fcnstige Bedienung.","robots":{"index":"index","follow":"follow","max-snippet":"max-snippet:-1","max-image-preview":"max-image-preview:large","max-video-preview":"max-video-preview:-1"},"canonical":"https:\/\/kierr.nl\/de\/product\/wc-badezimmerverschluss-schloss-aus-edelstahl-mit-luxusoptik\/","og_locale":"de_DE","og_type":"article","og_title":"Kierr WC Badverschluss - Schloss aus Edelstahl mit Luxusoptik - Kierr.nl","og_description":"Der Kierr WC-\/Bad-T\u00fcrbeschlag (Verschluss) ist aus rostfreiem Stahl gefertigt und hat ein sch\u00f6nes, abgerundetes Aussehen. Der T\u00fcrbeschlag hat au\u00dferdem eine einfache, griffg\u00fcnstige Bedienung.","og_url":"https:\/\/kierr.nl\/de\/product\/wc-badezimmerverschluss-schloss-aus-edelstahl-mit-luxusoptik\/","og_site_name":"Kierr.nl","article_modified_time":"2025-05-16T10:28:37+00:00","og_image":[{"width":1600,"height":1920,"url":"https:\/\/kierr.nl\/wp-content\/uploads\/2024\/07\/Kierr_WC_Slot_1.jpg","type":"image\/jpeg"}],"twitter_card":"summary_large_image","schema":{"@context":"https:\/\/schema.org","@graph":[{"@type":"WebPage","@id":"https:\/\/kierr.nl\/de\/product\/wc-badezimmerverschluss-schloss-aus-edelstahl-mit-luxusoptik\/","url":"https:\/\/kierr.nl\/de\/product\/wc-badezimmerverschluss-schloss-aus-edelstahl-mit-luxusoptik\/","name":"Kierr WC Badverschluss - Schloss aus Edelstahl mit Luxusoptik - Kierr.nl","isPartOf":{"@id":"https:\/\/kierr.nl\/de\/#website"},"primaryImageOfPage":{"@id":"https:\/\/kierr.nl\/de\/product\/wc-badezimmerverschluss-schloss-aus-edelstahl-mit-luxusoptik\/#primaryimage"},"image":{"@id":"https:\/\/kierr.nl\/de\/product\/wc-badezimmerverschluss-schloss-aus-edelstahl-mit-luxusoptik\/#primaryimage"},"thumbnailUrl":"https:\/\/kierr.nl\/wp-content\/uploads\/2024\/07\/Kierr_WC_Slot_1.jpg","datePublished":"2024-07-05T08:47:41+00:00","dateModified":"2025-05-16T10:28:37+00:00","description":"Der Kierr WC-\/Bad-T\u00fcrbeschlag (Verschluss) ist aus rostfreiem Stahl gefertigt und hat ein sch\u00f6nes, abgerundetes Aussehen. Der T\u00fcrbeschlag hat au\u00dferdem eine einfache, griffg\u00fcnstige Bedienung.","breadcrumb":{"@id":"https:\/\/kierr.nl\/de\/product\/wc-badezimmerverschluss-schloss-aus-edelstahl-mit-luxusoptik\/#breadcrumb"},"inLanguage":"de","potentialAction":[{"@type":"ReadAction","target":["https:\/\/kierr.nl\/de\/product\/wc-badezimmerverschluss-schloss-aus-edelstahl-mit-luxusoptik\/"]}]},{"@type":"ImageObject","inLanguage":"de","@id":"https:\/\/kierr.nl\/de\/product\/wc-badezimmerverschluss-schloss-aus-edelstahl-mit-luxusoptik\/#primaryimage","url":"https:\/\/kierr.nl\/wp-content\/uploads\/2024\/07\/Kierr_WC_Slot_1.jpg","contentUrl":"https:\/\/kierr.nl\/wp-content\/uploads\/2024\/07\/Kierr_WC_Slot_1.jpg","width":1600,"height":1920},{"@type":"BreadcrumbList","@id":"https:\/\/kierr.nl\/de\/product\/wc-badezimmerverschluss-schloss-aus-edelstahl-mit-luxusoptik\/#breadcrumb","itemListElement":[{"@type":"ListItem","position":1,"name":"Startseite","item":"https:\/\/kierr.nl\/de\/"},{"@type":"ListItem","position":2,"name":"Shop","item":"https:\/\/kierr.nl\/de\/shop\/"},{"@type":"ListItem","position":3,"name":"Kierr WC Badverschluss &#8211; Schloss aus Edelstahl mit Luxusoptik"}]},{"@type":"WebSite","@id":"https:\/\/kierr.nl\/de\/#website","url":"https:\/\/kierr.nl\/de\/","name":"Kierr.nl","description":"Deur- en raambeslag","potentialAction":[{"@type":"SearchAction","target":{"@type":"EntryPoint","urlTemplate":"https:\/\/kierr.nl\/de\/?s={search_term_string}"},"query-input":{"@type":"PropertyValueSpecification","valueRequired":true,"valueName":"search_term_string"}}],"inLanguage":"de"}]}},"_links":{"self":[{"href":"https:\/\/kierr.nl\/de\/wp-json\/wp\/v2\/product\/3070","targetHints":{"allow":["GET"]}}],"collection":[{"href":"https:\/\/kierr.nl\/de\/wp-json\/wp\/v2\/product"}],"about":[{"href":"https:\/\/kierr.nl\/de\/wp-json\/wp\/v2\/types\/product"}],"wp:featuredmedia":[{"embeddable":true,"href":"https:\/\/kierr.nl\/de\/wp-json\/wp\/v2\/media\/4060"}],"wp:attachment":[{"href":"https:\/\/kierr.nl\/de\/wp-json\/wp\/v2\/media?parent=3070"}],"wp:term":[{"taxonomy":"product_brand","embeddable":true,"href":"https:\/\/kierr.nl\/de\/wp-json\/wp\/v2\/product_brand?post=3070"},{"taxonomy":"product_cat","embeddable":true,"href":"https:\/\/kierr.nl\/de\/wp-json\/wp\/v2\/product_cat?post=3070"},{"taxonomy":"product_tag","embeddable":true,"href":"https:\/\/kierr.nl\/de\/wp-json\/wp\/v2\/product_tag?post=3070"}],"curies":[{"name":"wp","href":"https:\/\/api.w.org\/{rel}","templated":true}]}}