{"id":3081,"date":"2024-07-05T08:00:01","date_gmt":"2024-07-05T08:00:01","guid":{"rendered":"https:\/\/www.kierr.nl\/product\/doppelseitiges-klebeband-19-x-19-x-1-mm\/"},"modified":"2025-03-14T20:32:52","modified_gmt":"2025-03-14T19:32:52","slug":"doppelseitiges-klebeband-19-x-19-x-1-mm","status":"publish","type":"product","link":"https:\/\/kierr.nl\/de\/product\/doppelseitiges-klebeband-19-x-19-x-1-mm\/","title":{"rendered":"Doppelseitiges Klebeband 19 x 19 x 1 mm"},"content":{"rendered":"<p>Doppelseitiges Klebeband sehr stark zum Befestigen von Magneten oder anderen Objekten. Super stark. <\/p>\n<table class=\"shop_attributes table table-bordered attribute-table table-striped\">\n<thead>\n<tr>\n<th>Eigenschaft<\/th>\n<th>Wert<\/th>\n<\/tr>\n<\/thead>\n<tbody>\n<tr>\n<th>Material<\/th>\n<td class=\"product_dimensions\">Acrylband<\/td>\n<\/tr>\n<tr>\n<th>Form<\/th>\n<td class=\"product_dimensions\">Quadratisch<\/td>\n<\/tr>\n<tr>\n<th>Abmessungen<\/th>\n<td class=\"product_dimensions\">19 x 19 x 1 mm<\/td>\n<\/tr>\n<tr>\n<th>Kleber<\/th>\n<td class=\"product_dimensions\">Acryl<\/td>\n<\/tr>\n<tr class=\"alt\">\n<th>Tr\u00e4ger<\/th>\n<td>Reines Acryl<\/td>\n<\/tr>\n<tr class=\"alt\">\n<th>Haltekraft<\/th>\n<td>Sehr stark<\/td>\n<\/tr>\n<tr>\n<th>Dicke des Materials<\/th>\n<td>1 mm<\/td>\n<\/tr>\n<tr class=\"alt\">\n<th>Farbe<\/th>\n<td>Transparent<\/td>\n<\/tr>\n<tr>\n<th>Verkauft pro<\/th>\n<td>Pro 5 St\u00fcck und Entfettungstuch<\/td>\n<\/tr>\n<tr class=\"alt\">\n<th>Wof\u00fcr das Produkt geeignet ist<\/th>\n<td>Sehr starkes Klebeband<\/td>\n<\/tr>\n<tr>\n<th>Pr\u00e4vention<\/th>\n<td>Die Verwendung erfolgt auf eigene Gefahr.<\/td>\n<\/tr>\n<\/tbody>\n<\/table>\n","protected":false},"excerpt":{"rendered":"<p>Mit dem starken doppelseitigen Klebeband k\u00f6nnen Sie Magnete oder andere Gegenst\u00e4nde ganz einfach befestigen, entfetten Sie die Oberfl\u00e4che vorher mit Alkohol. Ein Entfettungstuch ist im Lieferumfang enthalten. \u2713 Zum Befestigen geeignet \u2713 Sehr stark \u2713 Transparent \u2713 Auf allen Arten von Holz, Aluminium oder Kunststoff zu verwenden<\/p>\n","protected":false},"featured_media":3086,"template":"","meta":{"_acf_changed":false,"site-sidebar-layout":"default","site-content-layout":"","ast-site-content-layout":"default","site-content-style":"default","site-sidebar-style":"default","ast-global-header-display":"","ast-banner-title-visibility":"","ast-main-header-display":"","ast-hfb-above-header-display":"","ast-hfb-below-header-display":"","ast-hfb-mobile-header-display":"","site-post-title":"","ast-breadcrumbs-content":"","ast-featured-img":"","footer-sml-layout":"","ast-disable-related-posts":"","theme-transparent-header-meta":"default","adv-header-id-meta":"","stick-header-meta":"","header-above-stick-meta":"","header-main-stick-meta":"","header-below-stick-meta":"","astra-migrate-meta-layouts":"default","ast-page-background-enabled":"default","ast-page-background-meta":{"desktop":{"background-color":"var(--ast-global-color-4)","background-image":"","background-repeat":"repeat","background-position":"center center","background-size":"auto","background-attachment":"scroll","background-type":"","background-media":"","overlay-type":"","overlay-color":"","overlay-opacity":"","overlay-gradient":""},"tablet":{"background-color":"","background-image":"","background-repeat":"repeat","background-position":"center center","background-size":"auto","background-attachment":"scroll","background-type":"","background-media":"","overlay-type":"","overlay-color":"","overlay-opacity":"","overlay-gradient":""},"mobile":{"background-color":"","background-image":"","background-repeat":"repeat","background-position":"center center","background-size":"auto","background-attachment":"scroll","background-type":"","background-media":"","overlay-type":"","overlay-color":"","overlay-opacity":"","overlay-gradient":""}},"ast-content-background-meta":{"desktop":{"background-color":"var(--ast-global-color-5)","background-image":"","background-repeat":"repeat","background-position":"center center","background-size":"auto","background-attachment":"scroll","background-type":"","background-media":"","overlay-type":"","overlay-color":"","overlay-opacity":"","overlay-gradient":""},"tablet":{"background-color":"var(--ast-global-color-5)","background-image":"","background-repeat":"repeat","background-position":"center center","background-size":"auto","background-attachment":"scroll","background-type":"","background-media":"","overlay-type":"","overlay-color":"","overlay-opacity":"","overlay-gradient":""},"mobile":{"background-color":"var(--ast-global-color-5)","background-image":"","background-repeat":"repeat","background-position":"center center","background-size":"auto","background-attachment":"scroll","background-type":"","background-media":"","overlay-type":"","overlay-color":"","overlay-opacity":"","overlay-gradient":""}}},"product_brand":[],"product_cat":[88],"product_tag":[],"class_list":{"0":"post-3081","1":"product","2":"type-product","3":"status-publish","4":"has-post-thumbnail","6":"product_cat-zubehor","7":"product_shipping_class-briefkastenpaket","8":"desktop-align-center","9":"tablet-align-left","10":"mobile-align-left","11":"ast-product-gallery-layout-horizontal-slider","12":"ast-product-gallery-with-no-image","13":"ast-magnify-disabled","14":"ast-product-tabs-layout-horizontal","16":"first","17":"instock","18":"taxable","19":"shipping-taxable","20":"purchasable","21":"product-type-simple"},"acf":[],"yoast_head":"<!-- This site is optimized with the Yoast SEO plugin v27.4 - https:\/\/yoast.com\/product\/yoast-seo-wordpress\/ -->\n<title>Doppelseitiges Klebeband 19 x 19 x 1 mm - Kierr.nl<\/title>\n<meta name=\"robots\" content=\"index, follow, max-snippet:-1, max-image-preview:large, max-video-preview:-1\" \/>\n<link rel=\"canonical\" href=\"https:\/\/kierr.nl\/de\/product\/doppelseitiges-klebeband-19-x-19-x-1-mm\/\" \/>\n<meta property=\"og:locale\" content=\"de_DE\" \/>\n<meta property=\"og:type\" content=\"article\" \/>\n<meta property=\"og:title\" content=\"Doppelseitiges Klebeband 19 x 19 x 1 mm - Kierr.nl\" \/>\n<meta property=\"og:description\" content=\"Mit dem starken doppelseitigen Klebeband k\u00f6nnen Sie Magnete oder andere Gegenst\u00e4nde ganz einfach befestigen, entfetten Sie die Oberfl\u00e4che vorher mit Alkohol. Ein Entfettungstuch ist im Lieferumfang enthalten. \u2713 Zum Befestigen geeignet \u2713 Sehr stark \u2713 Transparent \u2713 Auf allen Arten von Holz, Aluminium oder Kunststoff zu verwenden\" \/>\n<meta property=\"og:url\" content=\"https:\/\/kierr.nl\/de\/product\/doppelseitiges-klebeband-19-x-19-x-1-mm\/\" \/>\n<meta property=\"og:site_name\" content=\"Kierr.nl\" \/>\n<meta property=\"article:modified_time\" content=\"2025-03-14T19:32:52+00:00\" \/>\n<meta property=\"og:image\" content=\"https:\/\/kierr.nl\/wp-content\/uploads\/2024\/07\/Dubbelzijdige-tape-Kierr.jpg\" \/>\n\t<meta property=\"og:image:width\" content=\"2560\" \/>\n\t<meta property=\"og:image:height\" content=\"1920\" \/>\n\t<meta property=\"og:image:type\" content=\"image\/jpeg\" \/>\n<meta name=\"twitter:card\" content=\"summary_large_image\" \/>\n<script type=\"application\/ld+json\" class=\"yoast-schema-graph\">{\"@context\":\"https:\\\/\\\/schema.org\",\"@graph\":[{\"@type\":\"WebPage\",\"@id\":\"https:\\\/\\\/kierr.nl\\\/de\\\/product\\\/doppelseitiges-klebeband-19-x-19-x-1-mm\\\/\",\"url\":\"https:\\\/\\\/kierr.nl\\\/de\\\/product\\\/doppelseitiges-klebeband-19-x-19-x-1-mm\\\/\",\"name\":\"Doppelseitiges Klebeband 19 x 19 x 1 mm - Kierr.nl\",\"isPartOf\":{\"@id\":\"https:\\\/\\\/kierr.nl\\\/de\\\/#website\"},\"primaryImageOfPage\":{\"@id\":\"https:\\\/\\\/kierr.nl\\\/de\\\/product\\\/doppelseitiges-klebeband-19-x-19-x-1-mm\\\/#primaryimage\"},\"image\":{\"@id\":\"https:\\\/\\\/kierr.nl\\\/de\\\/product\\\/doppelseitiges-klebeband-19-x-19-x-1-mm\\\/#primaryimage\"},\"thumbnailUrl\":\"https:\\\/\\\/kierr.nl\\\/wp-content\\\/uploads\\\/2024\\\/07\\\/Dubbelzijdige-tape-Kierr.jpg\",\"datePublished\":\"2024-07-05T08:00:01+00:00\",\"dateModified\":\"2025-03-14T19:32:52+00:00\",\"breadcrumb\":{\"@id\":\"https:\\\/\\\/kierr.nl\\\/de\\\/product\\\/doppelseitiges-klebeband-19-x-19-x-1-mm\\\/#breadcrumb\"},\"inLanguage\":\"de\",\"potentialAction\":[{\"@type\":\"ReadAction\",\"target\":[\"https:\\\/\\\/kierr.nl\\\/de\\\/product\\\/doppelseitiges-klebeband-19-x-19-x-1-mm\\\/\"]}]},{\"@type\":\"ImageObject\",\"inLanguage\":\"de\",\"@id\":\"https:\\\/\\\/kierr.nl\\\/de\\\/product\\\/doppelseitiges-klebeband-19-x-19-x-1-mm\\\/#primaryimage\",\"url\":\"https:\\\/\\\/kierr.nl\\\/wp-content\\\/uploads\\\/2024\\\/07\\\/Dubbelzijdige-tape-Kierr.jpg\",\"contentUrl\":\"https:\\\/\\\/kierr.nl\\\/wp-content\\\/uploads\\\/2024\\\/07\\\/Dubbelzijdige-tape-Kierr.jpg\",\"width\":2560,\"height\":1920},{\"@type\":\"BreadcrumbList\",\"@id\":\"https:\\\/\\\/kierr.nl\\\/de\\\/product\\\/doppelseitiges-klebeband-19-x-19-x-1-mm\\\/#breadcrumb\",\"itemListElement\":[{\"@type\":\"ListItem\",\"position\":1,\"name\":\"Startseite\",\"item\":\"https:\\\/\\\/kierr.nl\\\/de\\\/\"},{\"@type\":\"ListItem\",\"position\":2,\"name\":\"Shop\",\"item\":\"https:\\\/\\\/kierr.nl\\\/de\\\/shop\\\/\"},{\"@type\":\"ListItem\",\"position\":3,\"name\":\"Doppelseitiges Klebeband 19 x 19 x 1 mm\"}]},{\"@type\":\"WebSite\",\"@id\":\"https:\\\/\\\/kierr.nl\\\/de\\\/#website\",\"url\":\"https:\\\/\\\/kierr.nl\\\/de\\\/\",\"name\":\"Kierr.nl\",\"description\":\"Deur- en raambeslag\",\"potentialAction\":[{\"@type\":\"SearchAction\",\"target\":{\"@type\":\"EntryPoint\",\"urlTemplate\":\"https:\\\/\\\/kierr.nl\\\/de\\\/?s={search_term_string}\"},\"query-input\":{\"@type\":\"PropertyValueSpecification\",\"valueRequired\":true,\"valueName\":\"search_term_string\"}}],\"inLanguage\":\"de\"}]}<\/script>\n<!-- \/ Yoast SEO plugin. -->","yoast_head_json":{"title":"Doppelseitiges Klebeband 19 x 19 x 1 mm - Kierr.nl","robots":{"index":"index","follow":"follow","max-snippet":"max-snippet:-1","max-image-preview":"max-image-preview:large","max-video-preview":"max-video-preview:-1"},"canonical":"https:\/\/kierr.nl\/de\/product\/doppelseitiges-klebeband-19-x-19-x-1-mm\/","og_locale":"de_DE","og_type":"article","og_title":"Doppelseitiges Klebeband 19 x 19 x 1 mm - Kierr.nl","og_description":"Mit dem starken doppelseitigen Klebeband k\u00f6nnen Sie Magnete oder andere Gegenst\u00e4nde ganz einfach befestigen, entfetten Sie die Oberfl\u00e4che vorher mit Alkohol. Ein Entfettungstuch ist im Lieferumfang enthalten. \u2713 Zum Befestigen geeignet \u2713 Sehr stark \u2713 Transparent \u2713 Auf allen Arten von Holz, Aluminium oder Kunststoff zu verwenden","og_url":"https:\/\/kierr.nl\/de\/product\/doppelseitiges-klebeband-19-x-19-x-1-mm\/","og_site_name":"Kierr.nl","article_modified_time":"2025-03-14T19:32:52+00:00","og_image":[{"width":2560,"height":1920,"url":"https:\/\/kierr.nl\/wp-content\/uploads\/2024\/07\/Dubbelzijdige-tape-Kierr.jpg","type":"image\/jpeg"}],"twitter_card":"summary_large_image","schema":{"@context":"https:\/\/schema.org","@graph":[{"@type":"WebPage","@id":"https:\/\/kierr.nl\/de\/product\/doppelseitiges-klebeband-19-x-19-x-1-mm\/","url":"https:\/\/kierr.nl\/de\/product\/doppelseitiges-klebeband-19-x-19-x-1-mm\/","name":"Doppelseitiges Klebeband 19 x 19 x 1 mm - Kierr.nl","isPartOf":{"@id":"https:\/\/kierr.nl\/de\/#website"},"primaryImageOfPage":{"@id":"https:\/\/kierr.nl\/de\/product\/doppelseitiges-klebeband-19-x-19-x-1-mm\/#primaryimage"},"image":{"@id":"https:\/\/kierr.nl\/de\/product\/doppelseitiges-klebeband-19-x-19-x-1-mm\/#primaryimage"},"thumbnailUrl":"https:\/\/kierr.nl\/wp-content\/uploads\/2024\/07\/Dubbelzijdige-tape-Kierr.jpg","datePublished":"2024-07-05T08:00:01+00:00","dateModified":"2025-03-14T19:32:52+00:00","breadcrumb":{"@id":"https:\/\/kierr.nl\/de\/product\/doppelseitiges-klebeband-19-x-19-x-1-mm\/#breadcrumb"},"inLanguage":"de","potentialAction":[{"@type":"ReadAction","target":["https:\/\/kierr.nl\/de\/product\/doppelseitiges-klebeband-19-x-19-x-1-mm\/"]}]},{"@type":"ImageObject","inLanguage":"de","@id":"https:\/\/kierr.nl\/de\/product\/doppelseitiges-klebeband-19-x-19-x-1-mm\/#primaryimage","url":"https:\/\/kierr.nl\/wp-content\/uploads\/2024\/07\/Dubbelzijdige-tape-Kierr.jpg","contentUrl":"https:\/\/kierr.nl\/wp-content\/uploads\/2024\/07\/Dubbelzijdige-tape-Kierr.jpg","width":2560,"height":1920},{"@type":"BreadcrumbList","@id":"https:\/\/kierr.nl\/de\/product\/doppelseitiges-klebeband-19-x-19-x-1-mm\/#breadcrumb","itemListElement":[{"@type":"ListItem","position":1,"name":"Startseite","item":"https:\/\/kierr.nl\/de\/"},{"@type":"ListItem","position":2,"name":"Shop","item":"https:\/\/kierr.nl\/de\/shop\/"},{"@type":"ListItem","position":3,"name":"Doppelseitiges Klebeband 19 x 19 x 1 mm"}]},{"@type":"WebSite","@id":"https:\/\/kierr.nl\/de\/#website","url":"https:\/\/kierr.nl\/de\/","name":"Kierr.nl","description":"Deur- en raambeslag","potentialAction":[{"@type":"SearchAction","target":{"@type":"EntryPoint","urlTemplate":"https:\/\/kierr.nl\/de\/?s={search_term_string}"},"query-input":{"@type":"PropertyValueSpecification","valueRequired":true,"valueName":"search_term_string"}}],"inLanguage":"de"}]}},"_links":{"self":[{"href":"https:\/\/kierr.nl\/de\/wp-json\/wp\/v2\/product\/3081","targetHints":{"allow":["GET"]}}],"collection":[{"href":"https:\/\/kierr.nl\/de\/wp-json\/wp\/v2\/product"}],"about":[{"href":"https:\/\/kierr.nl\/de\/wp-json\/wp\/v2\/types\/product"}],"wp:featuredmedia":[{"embeddable":true,"href":"https:\/\/kierr.nl\/de\/wp-json\/wp\/v2\/media\/3086"}],"wp:attachment":[{"href":"https:\/\/kierr.nl\/de\/wp-json\/wp\/v2\/media?parent=3081"}],"wp:term":[{"taxonomy":"product_brand","embeddable":true,"href":"https:\/\/kierr.nl\/de\/wp-json\/wp\/v2\/product_brand?post=3081"},{"taxonomy":"product_cat","embeddable":true,"href":"https:\/\/kierr.nl\/de\/wp-json\/wp\/v2\/product_cat?post=3081"},{"taxonomy":"product_tag","embeddable":true,"href":"https:\/\/kierr.nl\/de\/wp-json\/wp\/v2\/product_tag?post=3081"}],"curies":[{"name":"wp","href":"https:\/\/api.w.org\/{rel}","templated":true}]}}