{"id":3103,"date":"2024-07-05T08:41:21","date_gmt":"2024-07-05T08:41:21","guid":{"rendered":"https:\/\/www.kierr.nl\/product\/kierr-tuerverriegelung-bend\/"},"modified":"2025-05-16T12:32:35","modified_gmt":"2025-05-16T10:32:35","slug":"kierr-tuerverriegelung-bend","status":"publish","type":"product","link":"https:\/\/kierr.nl\/de\/product\/kierr-tuerverriegelung-bend\/","title":{"rendered":"Kierr T\u00fcrverriegelung Bend"},"content":{"rendered":"<p class=\"lead\">Alle Funktionen auf einen Blick<\/p>\n<table class=\"shop_attributes table table-bordered attribute-table table-striped\">\n<thead>\n<tr>\n<th><strong>Eigenschaft<\/strong><\/th>\n<th><strong>Wert<\/strong><\/th>\n<\/tr>\n<\/thead>\n<tbody>\n<tr>\n<th><strong>Material<\/strong><\/th>\n<td class=\"product_dimensions\">ROSTFREIER STAHL<\/td>\n<\/tr>\n<tr>\n<th><strong>Gestalten Sie<\/strong><\/th>\n<td class=\"product_dimensions\">Robust<\/td>\n<\/tr>\n<tr>\n<th><strong>L\u00e4nge<\/strong><\/th>\n<td class=\"product_dimensions\">135 mm<\/td>\n<\/tr>\n<tr>\n<th><strong>Breite<\/strong><\/th>\n<td class=\"product_dimensions\">60 mm<\/td>\n<\/tr>\n<tr>\n<th><strong>Dicke des T\u00fcrgriffs<\/strong><\/th>\n<td class=\"product_dimensions\">19 mm<\/td>\n<\/tr>\n<tr>\n<th><strong>Mindestst\u00e4rke der T\u00fcr<\/strong><\/th>\n<td class=\"product_dimensions\">20 mm<\/td>\n<\/tr>\n<tr>\n<th><strong>Maximale Dicke der T\u00fcr<\/strong><\/th>\n<td class=\"product_dimensions\">55 mm<\/td>\n<\/tr>\n<tr class=\"alt\">\n<th><strong>Farbe<\/strong><\/th>\n<td>Silber<\/td>\n<\/tr>\n<tr>\n<th><strong>Verkauft pro<\/strong><\/th>\n<td>Pro St\u00fcck, einschlie\u00dflich Rosette (53 mm) und Befestigungsmaterial<\/td>\n<\/tr>\n<tr class=\"alt\">\n<th><strong>F\u00fcr was ist das Produkt geeignet<\/strong><\/th>\n<td>T\u00fcrgriff f\u00fcr Innent\u00fcren<\/td>\n<\/tr>\n<tr>\n<th><strong>Pr\u00e4vention<\/strong><\/th>\n<td>Die Verwendung erfolgt auf eigene Gefahr.<\/td>\n<\/tr>\n<\/tbody>\n<\/table>\n","protected":false},"excerpt":{"rendered":"<p>Der Kierr Bend T\u00fcrgriff ist aus rostfreiem Stahl gefertigt und hat einen schlanken und robusten Look. Au\u00dferdem liegt der T\u00fcrgriff gut in der Hand und der T\u00fcrbeschlag f\u00fchlt sich robust an. <\/p>\n<p>\u2713 Geeignet als T\u00fcrgriff<br \/>\n\u2713 Geeignet f\u00fcr Innent\u00fcren<br \/>\n\u2713 Mindestst\u00e4rke der T\u00fcren 20 mm<br \/>\n\u2713 Maximale St\u00e4rke der T\u00fcren 55 mm<br \/>\n\u2713 Elegantes Aussehen aus Edelstahl<\/p>\n","protected":false},"featured_media":3980,"template":"","meta":{"_acf_changed":false,"site-sidebar-layout":"default","site-content-layout":"","ast-site-content-layout":"default","site-content-style":"default","site-sidebar-style":"default","ast-global-header-display":"","ast-banner-title-visibility":"","ast-main-header-display":"","ast-hfb-above-header-display":"","ast-hfb-below-header-display":"","ast-hfb-mobile-header-display":"","site-post-title":"","ast-breadcrumbs-content":"","ast-featured-img":"","footer-sml-layout":"","ast-disable-related-posts":"","theme-transparent-header-meta":"default","adv-header-id-meta":"","stick-header-meta":"","header-above-stick-meta":"","header-main-stick-meta":"","header-below-stick-meta":"","astra-migrate-meta-layouts":"default","ast-page-background-enabled":"default","ast-page-background-meta":{"desktop":{"background-color":"var(--ast-global-color-4)","background-image":"","background-repeat":"repeat","background-position":"center center","background-size":"auto","background-attachment":"scroll","background-type":"","background-media":"","overlay-type":"","overlay-color":"","overlay-opacity":"","overlay-gradient":""},"tablet":{"background-color":"","background-image":"","background-repeat":"repeat","background-position":"center center","background-size":"auto","background-attachment":"scroll","background-type":"","background-media":"","overlay-type":"","overlay-color":"","overlay-opacity":"","overlay-gradient":""},"mobile":{"background-color":"","background-image":"","background-repeat":"repeat","background-position":"center center","background-size":"auto","background-attachment":"scroll","background-type":"","background-media":"","overlay-type":"","overlay-color":"","overlay-opacity":"","overlay-gradient":""}},"ast-content-background-meta":{"desktop":{"background-color":"var(--ast-global-color-5)","background-image":"","background-repeat":"repeat","background-position":"center center","background-size":"auto","background-attachment":"scroll","background-type":"","background-media":"","overlay-type":"","overlay-color":"","overlay-opacity":"","overlay-gradient":""},"tablet":{"background-color":"var(--ast-global-color-5)","background-image":"","background-repeat":"repeat","background-position":"center center","background-size":"auto","background-attachment":"scroll","background-type":"","background-media":"","overlay-type":"","overlay-color":"","overlay-opacity":"","overlay-gradient":""},"mobile":{"background-color":"var(--ast-global-color-5)","background-image":"","background-repeat":"repeat","background-position":"center center","background-size":"auto","background-attachment":"scroll","background-type":"","background-media":"","overlay-type":"","overlay-color":"","overlay-opacity":"","overlay-gradient":""}}},"product_brand":[],"product_cat":[84,87],"product_tag":[],"class_list":{"0":"post-3103","1":"product","2":"type-product","3":"status-publish","4":"has-post-thumbnail","6":"product_cat-turbeschlage","7":"product_cat-turgriff","8":"desktop-align-center","9":"tablet-align-left","10":"mobile-align-left","11":"ast-product-gallery-layout-horizontal-slider","12":"ast-magnify-disabled","13":"ast-product-tabs-layout-horizontal","15":"first","16":"instock","17":"featured","18":"taxable","19":"shipping-taxable","20":"purchasable","21":"product-type-simple"},"acf":[],"yoast_head":"<!-- This site is optimized with the Yoast SEO plugin v27.5 - https:\/\/yoast.com\/product\/yoast-seo-wordpress\/ -->\n<title>Kierr T\u00fcrverriegelung Bend - Kierr.nl<\/title>\n<meta name=\"description\" content=\"Der aus hochwertigem Edelstahl gefertigte Kierr Bend T\u00fcrgriff kombiniert ein robustes Aussehen mit einem modernen, schlanken Design. Dieser T\u00fcrgriff liegt gut in der Hand und bietet solide, langlebige Qualit\u00e4t.\" \/>\n<meta name=\"robots\" content=\"index, follow, max-snippet:-1, max-image-preview:large, max-video-preview:-1\" \/>\n<link rel=\"canonical\" href=\"https:\/\/kierr.nl\/de\/product\/kierr-tuerverriegelung-bend\/\" \/>\n<meta property=\"og:locale\" content=\"de_DE\" \/>\n<meta property=\"og:type\" content=\"article\" \/>\n<meta property=\"og:title\" content=\"Kierr T\u00fcrverriegelung Bend - Kierr.nl\" \/>\n<meta property=\"og:description\" content=\"Der aus hochwertigem Edelstahl gefertigte Kierr Bend T\u00fcrgriff kombiniert ein robustes Aussehen mit einem modernen, schlanken Design. Dieser T\u00fcrgriff liegt gut in der Hand und bietet solide, langlebige Qualit\u00e4t.\" \/>\n<meta property=\"og:url\" content=\"https:\/\/kierr.nl\/de\/product\/kierr-tuerverriegelung-bend\/\" \/>\n<meta property=\"og:site_name\" content=\"Kierr.nl\" \/>\n<meta property=\"article:modified_time\" content=\"2025-05-16T10:32:35+00:00\" \/>\n<meta property=\"og:image\" content=\"https:\/\/kierr.nl\/wp-content\/uploads\/2024\/07\/Kierr_Bend_1.jpg\" \/>\n\t<meta property=\"og:image:width\" content=\"1600\" \/>\n\t<meta property=\"og:image:height\" content=\"1920\" \/>\n\t<meta property=\"og:image:type\" content=\"image\/jpeg\" \/>\n<meta name=\"twitter:card\" content=\"summary_large_image\" \/>\n<script type=\"application\/ld+json\" class=\"yoast-schema-graph\">{\"@context\":\"https:\\\/\\\/schema.org\",\"@graph\":[{\"@type\":\"WebPage\",\"@id\":\"https:\\\/\\\/kierr.nl\\\/de\\\/product\\\/kierr-tuerverriegelung-bend\\\/\",\"url\":\"https:\\\/\\\/kierr.nl\\\/de\\\/product\\\/kierr-tuerverriegelung-bend\\\/\",\"name\":\"Kierr T\u00fcrverriegelung Bend - Kierr.nl\",\"isPartOf\":{\"@id\":\"https:\\\/\\\/kierr.nl\\\/de\\\/#website\"},\"primaryImageOfPage\":{\"@id\":\"https:\\\/\\\/kierr.nl\\\/de\\\/product\\\/kierr-tuerverriegelung-bend\\\/#primaryimage\"},\"image\":{\"@id\":\"https:\\\/\\\/kierr.nl\\\/de\\\/product\\\/kierr-tuerverriegelung-bend\\\/#primaryimage\"},\"thumbnailUrl\":\"https:\\\/\\\/kierr.nl\\\/wp-content\\\/uploads\\\/2024\\\/07\\\/Kierr_Bend_1.jpg\",\"datePublished\":\"2024-07-05T08:41:21+00:00\",\"dateModified\":\"2025-05-16T10:32:35+00:00\",\"description\":\"Der aus hochwertigem Edelstahl gefertigte Kierr Bend T\u00fcrgriff kombiniert ein robustes Aussehen mit einem modernen, schlanken Design. Dieser T\u00fcrgriff liegt gut in der Hand und bietet solide, langlebige Qualit\u00e4t.\",\"breadcrumb\":{\"@id\":\"https:\\\/\\\/kierr.nl\\\/de\\\/product\\\/kierr-tuerverriegelung-bend\\\/#breadcrumb\"},\"inLanguage\":\"de\",\"potentialAction\":[{\"@type\":\"ReadAction\",\"target\":[\"https:\\\/\\\/kierr.nl\\\/de\\\/product\\\/kierr-tuerverriegelung-bend\\\/\"]}]},{\"@type\":\"ImageObject\",\"inLanguage\":\"de\",\"@id\":\"https:\\\/\\\/kierr.nl\\\/de\\\/product\\\/kierr-tuerverriegelung-bend\\\/#primaryimage\",\"url\":\"https:\\\/\\\/kierr.nl\\\/wp-content\\\/uploads\\\/2024\\\/07\\\/Kierr_Bend_1.jpg\",\"contentUrl\":\"https:\\\/\\\/kierr.nl\\\/wp-content\\\/uploads\\\/2024\\\/07\\\/Kierr_Bend_1.jpg\",\"width\":1600,\"height\":1920,\"caption\":\"Kierr T\u00fcrgriff biegen\"},{\"@type\":\"BreadcrumbList\",\"@id\":\"https:\\\/\\\/kierr.nl\\\/de\\\/product\\\/kierr-tuerverriegelung-bend\\\/#breadcrumb\",\"itemListElement\":[{\"@type\":\"ListItem\",\"position\":1,\"name\":\"Startseite\",\"item\":\"https:\\\/\\\/kierr.nl\\\/de\\\/\"},{\"@type\":\"ListItem\",\"position\":2,\"name\":\"Shop\",\"item\":\"https:\\\/\\\/kierr.nl\\\/de\\\/shop\\\/\"},{\"@type\":\"ListItem\",\"position\":3,\"name\":\"Kierr T\u00fcrverriegelung Bend\"}]},{\"@type\":\"WebSite\",\"@id\":\"https:\\\/\\\/kierr.nl\\\/de\\\/#website\",\"url\":\"https:\\\/\\\/kierr.nl\\\/de\\\/\",\"name\":\"Kierr.nl\",\"description\":\"Deur- en raambeslag\",\"potentialAction\":[{\"@type\":\"SearchAction\",\"target\":{\"@type\":\"EntryPoint\",\"urlTemplate\":\"https:\\\/\\\/kierr.nl\\\/de\\\/?s={search_term_string}\"},\"query-input\":{\"@type\":\"PropertyValueSpecification\",\"valueRequired\":true,\"valueName\":\"search_term_string\"}}],\"inLanguage\":\"de\"}]}<\/script>\n<!-- \/ Yoast SEO plugin. -->","yoast_head_json":{"title":"Kierr T\u00fcrverriegelung Bend - Kierr.nl","description":"Der aus hochwertigem Edelstahl gefertigte Kierr Bend T\u00fcrgriff kombiniert ein robustes Aussehen mit einem modernen, schlanken Design. Dieser T\u00fcrgriff liegt gut in der Hand und bietet solide, langlebige Qualit\u00e4t.","robots":{"index":"index","follow":"follow","max-snippet":"max-snippet:-1","max-image-preview":"max-image-preview:large","max-video-preview":"max-video-preview:-1"},"canonical":"https:\/\/kierr.nl\/de\/product\/kierr-tuerverriegelung-bend\/","og_locale":"de_DE","og_type":"article","og_title":"Kierr T\u00fcrverriegelung Bend - Kierr.nl","og_description":"Der aus hochwertigem Edelstahl gefertigte Kierr Bend T\u00fcrgriff kombiniert ein robustes Aussehen mit einem modernen, schlanken Design. Dieser T\u00fcrgriff liegt gut in der Hand und bietet solide, langlebige Qualit\u00e4t.","og_url":"https:\/\/kierr.nl\/de\/product\/kierr-tuerverriegelung-bend\/","og_site_name":"Kierr.nl","article_modified_time":"2025-05-16T10:32:35+00:00","og_image":[{"width":1600,"height":1920,"url":"https:\/\/kierr.nl\/wp-content\/uploads\/2024\/07\/Kierr_Bend_1.jpg","type":"image\/jpeg"}],"twitter_card":"summary_large_image","schema":{"@context":"https:\/\/schema.org","@graph":[{"@type":"WebPage","@id":"https:\/\/kierr.nl\/de\/product\/kierr-tuerverriegelung-bend\/","url":"https:\/\/kierr.nl\/de\/product\/kierr-tuerverriegelung-bend\/","name":"Kierr T\u00fcrverriegelung Bend - Kierr.nl","isPartOf":{"@id":"https:\/\/kierr.nl\/de\/#website"},"primaryImageOfPage":{"@id":"https:\/\/kierr.nl\/de\/product\/kierr-tuerverriegelung-bend\/#primaryimage"},"image":{"@id":"https:\/\/kierr.nl\/de\/product\/kierr-tuerverriegelung-bend\/#primaryimage"},"thumbnailUrl":"https:\/\/kierr.nl\/wp-content\/uploads\/2024\/07\/Kierr_Bend_1.jpg","datePublished":"2024-07-05T08:41:21+00:00","dateModified":"2025-05-16T10:32:35+00:00","description":"Der aus hochwertigem Edelstahl gefertigte Kierr Bend T\u00fcrgriff kombiniert ein robustes Aussehen mit einem modernen, schlanken Design. Dieser T\u00fcrgriff liegt gut in der Hand und bietet solide, langlebige Qualit\u00e4t.","breadcrumb":{"@id":"https:\/\/kierr.nl\/de\/product\/kierr-tuerverriegelung-bend\/#breadcrumb"},"inLanguage":"de","potentialAction":[{"@type":"ReadAction","target":["https:\/\/kierr.nl\/de\/product\/kierr-tuerverriegelung-bend\/"]}]},{"@type":"ImageObject","inLanguage":"de","@id":"https:\/\/kierr.nl\/de\/product\/kierr-tuerverriegelung-bend\/#primaryimage","url":"https:\/\/kierr.nl\/wp-content\/uploads\/2024\/07\/Kierr_Bend_1.jpg","contentUrl":"https:\/\/kierr.nl\/wp-content\/uploads\/2024\/07\/Kierr_Bend_1.jpg","width":1600,"height":1920,"caption":"Kierr T\u00fcrgriff biegen"},{"@type":"BreadcrumbList","@id":"https:\/\/kierr.nl\/de\/product\/kierr-tuerverriegelung-bend\/#breadcrumb","itemListElement":[{"@type":"ListItem","position":1,"name":"Startseite","item":"https:\/\/kierr.nl\/de\/"},{"@type":"ListItem","position":2,"name":"Shop","item":"https:\/\/kierr.nl\/de\/shop\/"},{"@type":"ListItem","position":3,"name":"Kierr T\u00fcrverriegelung Bend"}]},{"@type":"WebSite","@id":"https:\/\/kierr.nl\/de\/#website","url":"https:\/\/kierr.nl\/de\/","name":"Kierr.nl","description":"Deur- en raambeslag","potentialAction":[{"@type":"SearchAction","target":{"@type":"EntryPoint","urlTemplate":"https:\/\/kierr.nl\/de\/?s={search_term_string}"},"query-input":{"@type":"PropertyValueSpecification","valueRequired":true,"valueName":"search_term_string"}}],"inLanguage":"de"}]}},"_links":{"self":[{"href":"https:\/\/kierr.nl\/de\/wp-json\/wp\/v2\/product\/3103","targetHints":{"allow":["GET"]}}],"collection":[{"href":"https:\/\/kierr.nl\/de\/wp-json\/wp\/v2\/product"}],"about":[{"href":"https:\/\/kierr.nl\/de\/wp-json\/wp\/v2\/types\/product"}],"wp:featuredmedia":[{"embeddable":true,"href":"https:\/\/kierr.nl\/de\/wp-json\/wp\/v2\/media\/3980"}],"wp:attachment":[{"href":"https:\/\/kierr.nl\/de\/wp-json\/wp\/v2\/media?parent=3103"}],"wp:term":[{"taxonomy":"product_brand","embeddable":true,"href":"https:\/\/kierr.nl\/de\/wp-json\/wp\/v2\/product_brand?post=3103"},{"taxonomy":"product_cat","embeddable":true,"href":"https:\/\/kierr.nl\/de\/wp-json\/wp\/v2\/product_cat?post=3103"},{"taxonomy":"product_tag","embeddable":true,"href":"https:\/\/kierr.nl\/de\/wp-json\/wp\/v2\/product_tag?post=3103"}],"curies":[{"name":"wp","href":"https:\/\/api.w.org\/{rel}","templated":true}]}}