{"id":3108,"date":"2024-07-05T07:42:40","date_gmt":"2024-07-05T07:42:40","guid":{"rendered":"https:\/\/www.kierr.nl\/product\/kierr-hold-200\/"},"modified":"2025-07-15T14:32:46","modified_gmt":"2025-07-15T12:32:46","slug":"kierr-hold-200","status":"publish","type":"product","link":"https:\/\/kierr.nl\/de\/product\/kierr-hold-200\/","title":{"rendered":"Kierr Hold 200 Abstand von 8 cm zum Boden (ohne bohren und schrauben) mit Fu\u00dfsperre"},"content":{"rendered":"<p><strong>Edelstahl-T\u00fcrfeststeller mit Fu\u00dfsicherung<\/strong> f\u00fcr Au\u00dfent\u00fcren, mit dem Sie Ihre Au\u00dfent\u00fcren ohne Bohren und Schrauben mittels eines sehr starken selbstklebenden Bandes in jeder Position leicht sichern k\u00f6nnen. Der T\u00fcrfeststeller Kierr Hold 200 ist aus rostfreiem Stahl gefertigt und hat ein elegantes Aussehen und eine <strong>extra gro\u00dfe Gummikappe<\/strong> (speziell f\u00fcr den Kierr) f\u00fcr einen festen Halt. Also kein Bohren und Schrauben mehr, auch die ideale L\u00f6sung f\u00fcr Kunststofffensterrahmen!  <\/p>\n<p>Der T\u00fcrstopper ist einfach zu bedienen, indem Sie mit dem Fu\u00df leicht auf die Druckkappe dr\u00fccken. Das Entriegeln kann ebenfalls mit dem Fu\u00df erfolgen, indem Sie auf die Entriegelungsplatte aus Edelstahl dr\u00fccken. Sie brauchen sich also nicht zu b\u00fccken, um die T\u00fcr zu ver- oder entriegeln. Der gro\u00dfe Vorteil gegen\u00fcber einem Bodenstopper ist, dass bei diesem T\u00fcrschlie\u00dfer keine Stolpergefahr besteht. <strong>Dank seines gr\u00f6\u00dferen Schwungs von 8 cm ist er auch ideal f\u00fcr Au\u00dfent\u00fcren<\/strong>.  <\/p>\n<p><strong data-start=\"67\" data-end=\"109\">So bestimmen Sie ganz einfach die richtige Gr\u00f6\u00dfe:<\/strong><br data-start=\"109\" data-end=\"112\">Schlie\u00dfen Sie die T\u00fcr und ziehen Sie mit einem Bleistift eine kleine Linie einen halben cm \u00fcber der unteren Schwelle. \u00d6ffnen Sie dann die T\u00fcr in der gew\u00fcnschten Position, in der Sie sie befestigen m\u00f6chten. Messen Sie nun den Abstand von der Linie zum Boden. Dies ist der Mindestabstand oder \"Hub\", den der T\u00fcrfeststeller zur\u00fccklegen k\u00f6nnen sollte. In diesem Fall sind es 8 cm.    <\/p>\n<table class=\"shop_attributes table table-bordered attribute-table table-striped\">\n<thead>\n<tr>\n<th><strong>Eigenschaft<\/strong><\/th>\n<th><strong>Wert<\/strong><\/th>\n<\/tr>\n<\/thead>\n<tbody>\n<tr>\n<th><strong>Material<\/strong><\/th>\n<td class=\"product_dimensions\">ROSTFREIER STAHL<\/td>\n<\/tr>\n<tr>\n<th><strong>Form<\/strong><\/th>\n<td class=\"product_dimensions\">Elegant<\/td>\n<\/tr>\n<tr>\n<th><strong>L\u00e4nge<\/strong><\/th>\n<td class=\"product_dimensions\">215 mm<\/td>\n<\/tr>\n<tr>\n<th><strong>Breite<\/strong><\/th>\n<td class=\"product_dimensions\">30 mm<\/td>\n<\/tr>\n<tr class=\"alt\">\n<th><strong>Hub<\/strong><\/th>\n<td>80 mm<\/td>\n<\/tr>\n<tr class=\"alt\">\n<th><strong>Max. Gewicht der T\u00fcr<\/strong><\/th>\n<td>60 KG<\/td>\n<\/tr>\n<tr>\n<th><strong>Befestigen<\/strong><\/th>\n<td>Sehr starkes Band<\/td>\n<\/tr>\n<tr class=\"alt\">\n<th><strong>Farbe<\/strong><\/th>\n<td>Silber<\/td>\n<\/tr>\n<tr>\n<th><strong>Verkauft pro<\/strong><\/th>\n<td>pro St\u00fcck<\/td>\n<\/tr>\n<tr class=\"alt\">\n<th><strong>F\u00fcr was ist das Produkt geeignet<\/strong><\/th>\n<td>T\u00fcraufh\u00e4nger<\/td>\n<\/tr>\n<tr>\n<th><strong>Pr\u00e4vention<\/strong><\/th>\n<td>Die Verwendung erfolgt auf eigene Gefahr.<\/td>\n<\/tr>\n<\/tbody>\n<\/table>\n","protected":false},"excerpt":{"rendered":"<p>Der Kierr Hold 200 T\u00fcrfeststeller aus Edelstahl hat einen gro\u00dfen Hub (8 cm), mit dem Sie gr\u00f6\u00dfere Entfernungen zum Boden von der T\u00fcr aus \u00fcberwinden k\u00f6nnen. Sie k\u00f6nnen den Kierr Hold 200 daher sehr gut f\u00fcr Au\u00dfent\u00fcren verwenden. Der Vorteil gegen\u00fcber einem Bodenstopper ist, dass bei diesem T\u00fcrfeststeller keine Stolpergefahr besteht. Die Befestigung erfolgt ohne Bohren und Schrauben mit Hilfe des mitgelieferten, sehr starken Klebebandes:   <\/p>\n<p>\u2713 Geeignet als T\u00fcrfeststeller mit Fu\u00dffalle<br \/>\n\u2713 Hervorragend geeignet f\u00fcr Au\u00dfent\u00fcren<br \/>\n\u2713 Feststeller bis maximal 8 cm (von der Unterseite der T\u00fcr)<br \/>\n\u2713 Geeignet f\u00fcr T\u00fcren bis zu 60 kg<br \/>\n\u2713 Elegante Edelstahloptik mit selbstklebendem Band und extra gro\u00dfer Gummikappe f\u00fcr mehr Halt<br \/>\n\u2713 Keine Stolpergefahr<\/p>\n","protected":false},"featured_media":3836,"template":"","meta":{"_acf_changed":false,"site-sidebar-layout":"default","site-content-layout":"","ast-site-content-layout":"default","site-content-style":"default","site-sidebar-style":"default","ast-global-header-display":"","ast-banner-title-visibility":"","ast-main-header-display":"","ast-hfb-above-header-display":"","ast-hfb-below-header-display":"","ast-hfb-mobile-header-display":"","site-post-title":"","ast-breadcrumbs-content":"","ast-featured-img":"","footer-sml-layout":"","ast-disable-related-posts":"","theme-transparent-header-meta":"default","adv-header-id-meta":"","stick-header-meta":"","header-above-stick-meta":"","header-main-stick-meta":"","header-below-stick-meta":"","astra-migrate-meta-layouts":"default","ast-page-background-enabled":"default","ast-page-background-meta":{"desktop":{"background-color":"var(--ast-global-color-4)","background-image":"","background-repeat":"repeat","background-position":"center center","background-size":"auto","background-attachment":"scroll","background-type":"","background-media":"","overlay-type":"","overlay-color":"","overlay-opacity":"","overlay-gradient":""},"tablet":{"background-color":"","background-image":"","background-repeat":"repeat","background-position":"center center","background-size":"auto","background-attachment":"scroll","background-type":"","background-media":"","overlay-type":"","overlay-color":"","overlay-opacity":"","overlay-gradient":""},"mobile":{"background-color":"","background-image":"","background-repeat":"repeat","background-position":"center center","background-size":"auto","background-attachment":"scroll","background-type":"","background-media":"","overlay-type":"","overlay-color":"","overlay-opacity":"","overlay-gradient":""}},"ast-content-background-meta":{"desktop":{"background-color":"var(--ast-global-color-5)","background-image":"","background-repeat":"repeat","background-position":"center center","background-size":"auto","background-attachment":"scroll","background-type":"","background-media":"","overlay-type":"","overlay-color":"","overlay-opacity":"","overlay-gradient":""},"tablet":{"background-color":"var(--ast-global-color-5)","background-image":"","background-repeat":"repeat","background-position":"center center","background-size":"auto","background-attachment":"scroll","background-type":"","background-media":"","overlay-type":"","overlay-color":"","overlay-opacity":"","overlay-gradient":""},"mobile":{"background-color":"var(--ast-global-color-5)","background-image":"","background-repeat":"repeat","background-position":"center center","background-size":"auto","background-attachment":"scroll","background-type":"","background-media":"","overlay-type":"","overlay-color":"","overlay-opacity":"","overlay-gradient":""}}},"product_brand":[],"product_cat":[84,86],"product_tag":[],"class_list":{"0":"post-3108","1":"product","2":"type-product","3":"status-publish","4":"has-post-thumbnail","6":"product_cat-turbeschlage","7":"product_cat-turfeststeller","8":"product_shipping_class-briefkastenpaket","9":"desktop-align-center","10":"tablet-align-left","11":"mobile-align-left","12":"ast-product-gallery-layout-horizontal-slider","13":"ast-magnify-disabled","14":"ast-product-tabs-layout-horizontal","16":"first","17":"instock","18":"taxable","19":"shipping-taxable","20":"purchasable","21":"product-type-simple"},"acf":[],"yoast_head":"<!-- This site is optimized with the Yoast SEO plugin v27.5 - https:\/\/yoast.com\/product\/yoast-seo-wordpress\/ -->\n<title>Kierr Hold 200 Abstand von 8 cm zum Boden (ohne bohren und schrauben) mit Fu\u00dfsperre - Kierr.nl<\/title>\n<meta name=\"description\" content=\"Der Kierr Hold 200 T\u00fcrstopper ist elegant und aus rostfreiem Stahl gefertigt. Wird mit Klebeband befestigt. Ohne Bohren oder Schrauben. Sehen Sie sich das Produkt an.\" \/>\n<meta name=\"robots\" content=\"index, follow, max-snippet:-1, max-image-preview:large, max-video-preview:-1\" \/>\n<link rel=\"canonical\" href=\"https:\/\/kierr.nl\/de\/product\/kierr-hold-200\/\" \/>\n<meta property=\"og:locale\" content=\"de_DE\" \/>\n<meta property=\"og:type\" content=\"article\" \/>\n<meta property=\"og:title\" content=\"Kierr Hold 200 Abstand von 8 cm zum Boden (ohne bohren und schrauben) mit Fu\u00dfsperre - Kierr.nl\" \/>\n<meta property=\"og:description\" content=\"Der Kierr Hold 200 T\u00fcrstopper ist elegant und aus rostfreiem Stahl gefertigt. Wird mit Klebeband befestigt. Ohne Bohren oder Schrauben. Sehen Sie sich das Produkt an.\" \/>\n<meta property=\"og:url\" content=\"https:\/\/kierr.nl\/de\/product\/kierr-hold-200\/\" \/>\n<meta property=\"og:site_name\" content=\"Kierr.nl\" \/>\n<meta property=\"article:modified_time\" content=\"2025-07-15T12:32:46+00:00\" \/>\n<meta property=\"og:image\" content=\"https:\/\/kierr.nl\/wp-content\/uploads\/2024\/07\/Frame-1-NIEUW-zonder.jpg\" \/>\n\t<meta property=\"og:image:width\" content=\"1600\" \/>\n\t<meta property=\"og:image:height\" content=\"1920\" \/>\n\t<meta property=\"og:image:type\" content=\"image\/jpeg\" \/>\n<meta name=\"twitter:card\" content=\"summary_large_image\" \/>\n<meta name=\"twitter:label1\" content=\"Gesch\u00e4tzte Lesezeit\" \/>\n\t<meta name=\"twitter:data1\" content=\"1\u00a0Minute\" \/>\n<script type=\"application\/ld+json\" class=\"yoast-schema-graph\">{\"@context\":\"https:\\\/\\\/schema.org\",\"@graph\":[{\"@type\":\"WebPage\",\"@id\":\"https:\\\/\\\/kierr.nl\\\/de\\\/product\\\/kierr-hold-200\\\/\",\"url\":\"https:\\\/\\\/kierr.nl\\\/de\\\/product\\\/kierr-hold-200\\\/\",\"name\":\"Kierr Hold 200 Abstand von 8 cm zum Boden (ohne bohren und schrauben) mit Fu\u00dfsperre - Kierr.nl\",\"isPartOf\":{\"@id\":\"https:\\\/\\\/kierr.nl\\\/de\\\/#website\"},\"primaryImageOfPage\":{\"@id\":\"https:\\\/\\\/kierr.nl\\\/de\\\/product\\\/kierr-hold-200\\\/#primaryimage\"},\"image\":{\"@id\":\"https:\\\/\\\/kierr.nl\\\/de\\\/product\\\/kierr-hold-200\\\/#primaryimage\"},\"thumbnailUrl\":\"https:\\\/\\\/kierr.nl\\\/wp-content\\\/uploads\\\/2024\\\/07\\\/Frame-1-NIEUW-zonder.jpg\",\"datePublished\":\"2024-07-05T07:42:40+00:00\",\"dateModified\":\"2025-07-15T12:32:46+00:00\",\"description\":\"Der Kierr Hold 200 T\u00fcrstopper ist elegant und aus rostfreiem Stahl gefertigt. Wird mit Klebeband befestigt. Ohne Bohren oder Schrauben. Sehen Sie sich das Produkt an.\",\"breadcrumb\":{\"@id\":\"https:\\\/\\\/kierr.nl\\\/de\\\/product\\\/kierr-hold-200\\\/#breadcrumb\"},\"inLanguage\":\"de\",\"potentialAction\":[{\"@type\":\"ReadAction\",\"target\":[\"https:\\\/\\\/kierr.nl\\\/de\\\/product\\\/kierr-hold-200\\\/\"]}]},{\"@type\":\"ImageObject\",\"inLanguage\":\"de\",\"@id\":\"https:\\\/\\\/kierr.nl\\\/de\\\/product\\\/kierr-hold-200\\\/#primaryimage\",\"url\":\"https:\\\/\\\/kierr.nl\\\/wp-content\\\/uploads\\\/2024\\\/07\\\/Frame-1-NIEUW-zonder.jpg\",\"contentUrl\":\"https:\\\/\\\/kierr.nl\\\/wp-content\\\/uploads\\\/2024\\\/07\\\/Frame-1-NIEUW-zonder.jpg\",\"width\":1600,\"height\":1920,\"caption\":\"Kierr hold 200 T\u00fcrfeststeller\"},{\"@type\":\"BreadcrumbList\",\"@id\":\"https:\\\/\\\/kierr.nl\\\/de\\\/product\\\/kierr-hold-200\\\/#breadcrumb\",\"itemListElement\":[{\"@type\":\"ListItem\",\"position\":1,\"name\":\"Startseite\",\"item\":\"https:\\\/\\\/kierr.nl\\\/de\\\/\"},{\"@type\":\"ListItem\",\"position\":2,\"name\":\"Shop\",\"item\":\"https:\\\/\\\/kierr.nl\\\/de\\\/shop\\\/\"},{\"@type\":\"ListItem\",\"position\":3,\"name\":\"Kierr Hold 200 Abstand von 8 cm zum Boden (ohne bohren und schrauben) mit Fu\u00dfsperre\"}]},{\"@type\":\"WebSite\",\"@id\":\"https:\\\/\\\/kierr.nl\\\/de\\\/#website\",\"url\":\"https:\\\/\\\/kierr.nl\\\/de\\\/\",\"name\":\"Kierr.nl\",\"description\":\"Deur- en raambeslag\",\"potentialAction\":[{\"@type\":\"SearchAction\",\"target\":{\"@type\":\"EntryPoint\",\"urlTemplate\":\"https:\\\/\\\/kierr.nl\\\/de\\\/?s={search_term_string}\"},\"query-input\":{\"@type\":\"PropertyValueSpecification\",\"valueRequired\":true,\"valueName\":\"search_term_string\"}}],\"inLanguage\":\"de\"}]}<\/script>\n<!-- \/ Yoast SEO plugin. -->","yoast_head_json":{"title":"Kierr Hold 200 Abstand von 8 cm zum Boden (ohne bohren und schrauben) mit Fu\u00dfsperre - Kierr.nl","description":"Der Kierr Hold 200 T\u00fcrstopper ist elegant und aus rostfreiem Stahl gefertigt. Wird mit Klebeband befestigt. Ohne Bohren oder Schrauben. Sehen Sie sich das Produkt an.","robots":{"index":"index","follow":"follow","max-snippet":"max-snippet:-1","max-image-preview":"max-image-preview:large","max-video-preview":"max-video-preview:-1"},"canonical":"https:\/\/kierr.nl\/de\/product\/kierr-hold-200\/","og_locale":"de_DE","og_type":"article","og_title":"Kierr Hold 200 Abstand von 8 cm zum Boden (ohne bohren und schrauben) mit Fu\u00dfsperre - Kierr.nl","og_description":"Der Kierr Hold 200 T\u00fcrstopper ist elegant und aus rostfreiem Stahl gefertigt. Wird mit Klebeband befestigt. Ohne Bohren oder Schrauben. Sehen Sie sich das Produkt an.","og_url":"https:\/\/kierr.nl\/de\/product\/kierr-hold-200\/","og_site_name":"Kierr.nl","article_modified_time":"2025-07-15T12:32:46+00:00","og_image":[{"width":1600,"height":1920,"url":"https:\/\/kierr.nl\/wp-content\/uploads\/2024\/07\/Frame-1-NIEUW-zonder.jpg","type":"image\/jpeg"}],"twitter_card":"summary_large_image","twitter_misc":{"Gesch\u00e4tzte Lesezeit":"1\u00a0Minute"},"schema":{"@context":"https:\/\/schema.org","@graph":[{"@type":"WebPage","@id":"https:\/\/kierr.nl\/de\/product\/kierr-hold-200\/","url":"https:\/\/kierr.nl\/de\/product\/kierr-hold-200\/","name":"Kierr Hold 200 Abstand von 8 cm zum Boden (ohne bohren und schrauben) mit Fu\u00dfsperre - Kierr.nl","isPartOf":{"@id":"https:\/\/kierr.nl\/de\/#website"},"primaryImageOfPage":{"@id":"https:\/\/kierr.nl\/de\/product\/kierr-hold-200\/#primaryimage"},"image":{"@id":"https:\/\/kierr.nl\/de\/product\/kierr-hold-200\/#primaryimage"},"thumbnailUrl":"https:\/\/kierr.nl\/wp-content\/uploads\/2024\/07\/Frame-1-NIEUW-zonder.jpg","datePublished":"2024-07-05T07:42:40+00:00","dateModified":"2025-07-15T12:32:46+00:00","description":"Der Kierr Hold 200 T\u00fcrstopper ist elegant und aus rostfreiem Stahl gefertigt. Wird mit Klebeband befestigt. Ohne Bohren oder Schrauben. Sehen Sie sich das Produkt an.","breadcrumb":{"@id":"https:\/\/kierr.nl\/de\/product\/kierr-hold-200\/#breadcrumb"},"inLanguage":"de","potentialAction":[{"@type":"ReadAction","target":["https:\/\/kierr.nl\/de\/product\/kierr-hold-200\/"]}]},{"@type":"ImageObject","inLanguage":"de","@id":"https:\/\/kierr.nl\/de\/product\/kierr-hold-200\/#primaryimage","url":"https:\/\/kierr.nl\/wp-content\/uploads\/2024\/07\/Frame-1-NIEUW-zonder.jpg","contentUrl":"https:\/\/kierr.nl\/wp-content\/uploads\/2024\/07\/Frame-1-NIEUW-zonder.jpg","width":1600,"height":1920,"caption":"Kierr hold 200 T\u00fcrfeststeller"},{"@type":"BreadcrumbList","@id":"https:\/\/kierr.nl\/de\/product\/kierr-hold-200\/#breadcrumb","itemListElement":[{"@type":"ListItem","position":1,"name":"Startseite","item":"https:\/\/kierr.nl\/de\/"},{"@type":"ListItem","position":2,"name":"Shop","item":"https:\/\/kierr.nl\/de\/shop\/"},{"@type":"ListItem","position":3,"name":"Kierr Hold 200 Abstand von 8 cm zum Boden (ohne bohren und schrauben) mit Fu\u00dfsperre"}]},{"@type":"WebSite","@id":"https:\/\/kierr.nl\/de\/#website","url":"https:\/\/kierr.nl\/de\/","name":"Kierr.nl","description":"Deur- en raambeslag","potentialAction":[{"@type":"SearchAction","target":{"@type":"EntryPoint","urlTemplate":"https:\/\/kierr.nl\/de\/?s={search_term_string}"},"query-input":{"@type":"PropertyValueSpecification","valueRequired":true,"valueName":"search_term_string"}}],"inLanguage":"de"}]}},"_links":{"self":[{"href":"https:\/\/kierr.nl\/de\/wp-json\/wp\/v2\/product\/3108","targetHints":{"allow":["GET"]}}],"collection":[{"href":"https:\/\/kierr.nl\/de\/wp-json\/wp\/v2\/product"}],"about":[{"href":"https:\/\/kierr.nl\/de\/wp-json\/wp\/v2\/types\/product"}],"wp:featuredmedia":[{"embeddable":true,"href":"https:\/\/kierr.nl\/de\/wp-json\/wp\/v2\/media\/3836"}],"wp:attachment":[{"href":"https:\/\/kierr.nl\/de\/wp-json\/wp\/v2\/media?parent=3108"}],"wp:term":[{"taxonomy":"product_brand","embeddable":true,"href":"https:\/\/kierr.nl\/de\/wp-json\/wp\/v2\/product_brand?post=3108"},{"taxonomy":"product_cat","embeddable":true,"href":"https:\/\/kierr.nl\/de\/wp-json\/wp\/v2\/product_cat?post=3108"},{"taxonomy":"product_tag","embeddable":true,"href":"https:\/\/kierr.nl\/de\/wp-json\/wp\/v2\/product_tag?post=3108"}],"curies":[{"name":"wp","href":"https:\/\/api.w.org\/{rel}","templated":true}]}}