{"id":3117,"date":"2024-07-05T07:38:25","date_gmt":"2024-07-05T07:38:25","guid":{"rendered":"https:\/\/www.kierr.nl\/product\/kierr-hold-100-ausschlag-2-cm\/"},"modified":"2025-05-16T12:32:36","modified_gmt":"2025-05-16T10:32:36","slug":"kierr-hold-100-ausschlag-2-cm","status":"publish","type":"product","link":"https:\/\/kierr.nl\/de\/product\/kierr-hold-100-ausschlag-2-cm\/","title":{"rendered":"Kierr Hold 100 Ausschlag 2 cm (ohne Bohren und Schrauben)"},"content":{"rendered":"<p><strong>Kierr\u00ae Hold 100 Kierr T\u00fcrstopper Blindmontage 2 cm Ausschlag<br \/>\n<\/strong>Suchen Sie einen zuverl\u00e4ssigen T\u00fcrstopper? Dann ist der T\u00fcrstopper von Kierr genau das, was Sie brauchen! Dank des starken Klebebands k\u00f6nnen Sie diesen T\u00fcrstopper sowohl an der Innen- als auch an der Au\u00dfenseite verschiedener T\u00fcrtypen anbringen, ohne mit Werkzeug hantieren oder L\u00f6cher in Ihre T\u00fcr bohren zu m\u00fcssen. Mit einem maximalen Abstand von 20 mm \/ 2 cm sorgt dieser T\u00fcrstopper aus Edelstahl f\u00fcr optimale T\u00fcrsicherheit. Au\u00dferdem wird er mit einem praktischen Entfettungstuch geliefert. Entscheiden Sie sich f\u00fcr Qualit\u00e4t und Schutz mit dem T\u00fcrstopper von Kierr! Wenn Sie einen gr\u00f6\u00dferen Abstand ben\u00f6tigen, w\u00e4hlen Sie den Hold 200.      <\/p>\n<p>Der elegante Kierr Hold 100 T\u00fcrfeststeller aus Edelstahl kann OHNE Bohren und Schrauben verwendet werden und ist selbstklebend. Ideal auch, um Ihre T\u00fcr zu \u00f6ffnen, um zu l\u00fcften und um z.B. Ihr Haustier rein- oder rauszulassen! <\/p>\n<p>Kierr Hold 100 Der Klemmabstand von der Unterseite der T\u00fcr bis zum Boden betr\u00e4gt maximal 30 mm (bitte messen Sie den Abstand vor der Bestellung, ber\u00fccksichtigen Sie dabei eine T\u00fcrschwelle. Dieser kann auch au\u00dfen angebracht werden. Wenn Sie einen gr\u00f6\u00dferen Abstand ben\u00f6tigen, sehen Sie sich den Kierr Hold 200 mit einem Abstand von 80 mm an.  <\/p>\n<p><strong>Vorteile:<\/strong><\/p>\n<ul>\n<li><strong>Einfache Anbringung:<\/strong> Bringen Sie den T\u00fcrstopper mit dem superstarken Klebeband einfach an jeder T\u00fcr an!<\/li>\n<li><strong>Maximale Sicherheit:<\/strong> Bringen Sie den T\u00fcrstopper sowohl an der Innen- als auch an der Au\u00dfenseite Ihrer T\u00fcr an, um maximale Sicherheit zu gew\u00e4hrleisten.<\/li>\n<li><strong>Kein \u00c4rger mit Werkzeug:<\/strong> Sie brauchen kein Werkzeug, um diesen T\u00fcrstopper zu montieren.<\/li>\n<li><strong>Geeignet f\u00fcr verschiedene T\u00fcren:<\/strong> Geeignet f\u00fcr verschiedene Arten von T\u00fcren wie Kunststoff, Aluminium und Holz.<\/li>\n<li><strong>Optimaler Abstand:<\/strong> Mit einer maximalen Auslenkung von 20 mm \/ 2 cm sorgt dieser T\u00fcrstopper f\u00fcr den perfekten Abstand (ber\u00fccksichtigen Sie jede Schwelle).<\/li>\n<li><strong>Strapazierf\u00e4higer Edelstahl:<\/strong> Aus strapazierf\u00e4higem Edelstahl gefertigt, h\u00e4lt er lange und beh\u00e4lt seine St\u00e4rke.<\/li>\n<li><strong>Inklusive Entfettungstuch:<\/strong> Mit Ihrer Bestellung erhalten Sie ein praktisches Entfettungstuch f\u00fcr optimale Haftung.<\/li>\n<\/ul>\n<table class=\"shop_attributes table table-bordered attribute-table table-striped\">\n<thead>\n<tr>\n<th><strong>Eigenschaft<\/strong><\/th>\n<th><strong>Wert<\/strong><\/th>\n<\/tr>\n<\/thead>\n<tbody>\n<tr>\n<th><strong>Material<\/strong><\/th>\n<td class=\"product_dimensions\">304 ROSTFREIER STAHL<\/td>\n<\/tr>\n<tr>\n<th><strong>Form<\/strong><\/th>\n<td class=\"product_dimensions\">Elegant<\/td>\n<\/tr>\n<tr>\n<th><strong>L\u00e4nge<\/strong><\/th>\n<td class=\"product_dimensions\">153 mm<\/td>\n<\/tr>\n<tr>\n<th><strong>Breite<\/strong><\/th>\n<td class=\"product_dimensions\">30 mm<\/td>\n<\/tr>\n<tr class=\"alt\">\n<th><strong>Abstand der \u00dcberlappung<\/strong><\/th>\n<td>20 mm (2cm)<\/td>\n<\/tr>\n<tr class=\"alt\">\n<th><strong>Max. Gewicht der T\u00fcr<\/strong><\/th>\n<td>40 KG<\/td>\n<\/tr>\n<tr>\n<th><strong>Befestigen<\/strong><\/th>\n<td>Sehr starkes Band<\/td>\n<\/tr>\n<tr class=\"alt\">\n<th><strong>Farbe<\/strong><\/th>\n<td>Silber<\/td>\n<\/tr>\n<tr>\n<th><strong>Verkauft pro<\/strong><\/th>\n<td>pro St\u00fcck<\/td>\n<\/tr>\n<tr class=\"alt\">\n<th><strong>F\u00fcr was ist das Produkt geeignet<\/strong><\/th>\n<td>T\u00fcraufh\u00e4nger<\/td>\n<\/tr>\n<tr>\n<th><strong>Pr\u00e4vention<\/strong><\/th>\n<td>Die Verwendung erfolgt auf eigene Gefahr.<\/td>\n<\/tr>\n<\/tbody>\n<\/table>\n","protected":false},"excerpt":{"rendered":"<p>Mit dem Kierr Hold 100 k\u00f6nnen Sie T\u00fcren auf dem Boden sichern. Der Vorteil gegen\u00fcber einem Stopper im Boden ist, dass bei diesem T\u00fcrstopper keine Stolpergefahr besteht. Der Kierr Hold 100 ist ideal f\u00fcr Innent\u00fcren. Au\u00dferdem kann der Kierr Hold 100 ohne Bohren und Schrauben mit Hilfe des mitgelieferten, sehr starken Klebebands befestigt werden:  <\/p>\n<p>\u2713 Geeignet als Fu\u00dft\u00fcrfeststeller<br \/>\n\u2713 \u00c4u\u00dferst geeignet f\u00fcr Innen- und Au\u00dfent\u00fcren (bei Au\u00dfent\u00fcren die Bandl\u00e4nge sorgf\u00e4ltig pr\u00fcfen, ansonsten die 200er Serie w\u00e4hlen)<br \/>\n\u2713 Feststeller bis zu 2 cm (ab Unterkante T\u00fcr)<br \/>\n\u2713 Geeignet f\u00fcr T\u00fcren bis zu 40 kg<br \/>\n\u2713 Elegante Edelstahloptik mit Selbstklebeband<br \/>\n\u2713 Keine Stolpergefahr<\/p>\n","protected":false},"featured_media":3833,"template":"","meta":{"_acf_changed":false,"site-sidebar-layout":"default","site-content-layout":"","ast-site-content-layout":"default","site-content-style":"default","site-sidebar-style":"default","ast-global-header-display":"","ast-banner-title-visibility":"","ast-main-header-display":"","ast-hfb-above-header-display":"","ast-hfb-below-header-display":"","ast-hfb-mobile-header-display":"","site-post-title":"","ast-breadcrumbs-content":"","ast-featured-img":"","footer-sml-layout":"","ast-disable-related-posts":"","theme-transparent-header-meta":"default","adv-header-id-meta":"","stick-header-meta":"","header-above-stick-meta":"","header-main-stick-meta":"","header-below-stick-meta":"","astra-migrate-meta-layouts":"default","ast-page-background-enabled":"default","ast-page-background-meta":{"desktop":{"background-color":"var(--ast-global-color-4)","background-image":"","background-repeat":"repeat","background-position":"center center","background-size":"auto","background-attachment":"scroll","background-type":"","background-media":"","overlay-type":"","overlay-color":"","overlay-opacity":"","overlay-gradient":""},"tablet":{"background-color":"","background-image":"","background-repeat":"repeat","background-position":"center center","background-size":"auto","background-attachment":"scroll","background-type":"","background-media":"","overlay-type":"","overlay-color":"","overlay-opacity":"","overlay-gradient":""},"mobile":{"background-color":"","background-image":"","background-repeat":"repeat","background-position":"center center","background-size":"auto","background-attachment":"scroll","background-type":"","background-media":"","overlay-type":"","overlay-color":"","overlay-opacity":"","overlay-gradient":""}},"ast-content-background-meta":{"desktop":{"background-color":"var(--ast-global-color-5)","background-image":"","background-repeat":"repeat","background-position":"center center","background-size":"auto","background-attachment":"scroll","background-type":"","background-media":"","overlay-type":"","overlay-color":"","overlay-opacity":"","overlay-gradient":""},"tablet":{"background-color":"var(--ast-global-color-5)","background-image":"","background-repeat":"repeat","background-position":"center center","background-size":"auto","background-attachment":"scroll","background-type":"","background-media":"","overlay-type":"","overlay-color":"","overlay-opacity":"","overlay-gradient":""},"mobile":{"background-color":"var(--ast-global-color-5)","background-image":"","background-repeat":"repeat","background-position":"center center","background-size":"auto","background-attachment":"scroll","background-type":"","background-media":"","overlay-type":"","overlay-color":"","overlay-opacity":"","overlay-gradient":""}}},"product_brand":[],"product_cat":[84,86],"product_tag":[],"class_list":{"0":"post-3117","1":"product","2":"type-product","3":"status-publish","4":"has-post-thumbnail","6":"product_cat-turbeschlage","7":"product_cat-turfeststeller","8":"product_shipping_class-briefkastenpaket","9":"desktop-align-center","10":"tablet-align-left","11":"mobile-align-left","12":"ast-product-gallery-layout-horizontal-slider","13":"ast-magnify-disabled","14":"ast-product-tabs-layout-horizontal","16":"first","17":"instock","18":"taxable","19":"shipping-taxable","20":"purchasable","21":"product-type-simple"},"acf":[],"yoast_head":"<!-- This site is optimized with the Yoast SEO plugin v27.5 - https:\/\/yoast.com\/product\/yoast-seo-wordpress\/ -->\n<title>Kierr Hold 100 Ausschlag 2 cm (ohne Bohren und Schrauben) - Kierr.nl<\/title>\n<meta name=\"description\" content=\"Der T\u00fcrstopper Kierr Hold 100 ist elegant und aus rostfreiem Stahl gefertigt. Wird mit Klebeband befestigt. Ohne Bohren oder Schrauben. Sehen Sie sich das Produkt an.\" \/>\n<meta name=\"robots\" content=\"index, follow, max-snippet:-1, max-image-preview:large, max-video-preview:-1\" \/>\n<link rel=\"canonical\" href=\"https:\/\/kierr.nl\/de\/product\/kierr-hold-100-ausschlag-2-cm\/\" \/>\n<meta property=\"og:locale\" content=\"de_DE\" \/>\n<meta property=\"og:type\" content=\"article\" \/>\n<meta property=\"og:title\" content=\"Kierr Hold 100 Ausschlag 2 cm (ohne Bohren und Schrauben) - Kierr.nl\" \/>\n<meta property=\"og:description\" content=\"Der T\u00fcrstopper Kierr Hold 100 ist elegant und aus rostfreiem Stahl gefertigt. Wird mit Klebeband befestigt. Ohne Bohren oder Schrauben. Sehen Sie sich das Produkt an.\" \/>\n<meta property=\"og:url\" content=\"https:\/\/kierr.nl\/de\/product\/kierr-hold-100-ausschlag-2-cm\/\" \/>\n<meta property=\"og:site_name\" content=\"Kierr.nl\" \/>\n<meta property=\"article:modified_time\" content=\"2025-05-16T10:32:36+00:00\" \/>\n<meta property=\"og:image\" content=\"https:\/\/kierr.nl\/wp-content\/uploads\/2024\/07\/Frame-1-zonder-4.jpg\" \/>\n\t<meta property=\"og:image:width\" content=\"1600\" \/>\n\t<meta property=\"og:image:height\" content=\"1920\" \/>\n\t<meta property=\"og:image:type\" content=\"image\/jpeg\" \/>\n<meta name=\"twitter:card\" content=\"summary_large_image\" \/>\n<meta name=\"twitter:label1\" content=\"Gesch\u00e4tzte Lesezeit\" \/>\n\t<meta name=\"twitter:data1\" content=\"2 Minuten\" \/>\n<script type=\"application\/ld+json\" class=\"yoast-schema-graph\">{\"@context\":\"https:\\\/\\\/schema.org\",\"@graph\":[{\"@type\":\"WebPage\",\"@id\":\"https:\\\/\\\/kierr.nl\\\/de\\\/product\\\/kierr-hold-100-ausschlag-2-cm\\\/\",\"url\":\"https:\\\/\\\/kierr.nl\\\/de\\\/product\\\/kierr-hold-100-ausschlag-2-cm\\\/\",\"name\":\"Kierr Hold 100 Ausschlag 2 cm (ohne Bohren und Schrauben) - Kierr.nl\",\"isPartOf\":{\"@id\":\"https:\\\/\\\/kierr.nl\\\/de\\\/#website\"},\"primaryImageOfPage\":{\"@id\":\"https:\\\/\\\/kierr.nl\\\/de\\\/product\\\/kierr-hold-100-ausschlag-2-cm\\\/#primaryimage\"},\"image\":{\"@id\":\"https:\\\/\\\/kierr.nl\\\/de\\\/product\\\/kierr-hold-100-ausschlag-2-cm\\\/#primaryimage\"},\"thumbnailUrl\":\"https:\\\/\\\/kierr.nl\\\/wp-content\\\/uploads\\\/2024\\\/07\\\/Frame-1-zonder-4.jpg\",\"datePublished\":\"2024-07-05T07:38:25+00:00\",\"dateModified\":\"2025-05-16T10:32:36+00:00\",\"description\":\"Der T\u00fcrstopper Kierr Hold 100 ist elegant und aus rostfreiem Stahl gefertigt. Wird mit Klebeband befestigt. Ohne Bohren oder Schrauben. Sehen Sie sich das Produkt an.\",\"breadcrumb\":{\"@id\":\"https:\\\/\\\/kierr.nl\\\/de\\\/product\\\/kierr-hold-100-ausschlag-2-cm\\\/#breadcrumb\"},\"inLanguage\":\"de\",\"potentialAction\":[{\"@type\":\"ReadAction\",\"target\":[\"https:\\\/\\\/kierr.nl\\\/de\\\/product\\\/kierr-hold-100-ausschlag-2-cm\\\/\"]}]},{\"@type\":\"ImageObject\",\"inLanguage\":\"de\",\"@id\":\"https:\\\/\\\/kierr.nl\\\/de\\\/product\\\/kierr-hold-100-ausschlag-2-cm\\\/#primaryimage\",\"url\":\"https:\\\/\\\/kierr.nl\\\/wp-content\\\/uploads\\\/2024\\\/07\\\/Frame-1-zonder-4.jpg\",\"contentUrl\":\"https:\\\/\\\/kierr.nl\\\/wp-content\\\/uploads\\\/2024\\\/07\\\/Frame-1-zonder-4.jpg\",\"width\":1600,\"height\":1920,\"caption\":\"Kierr hold 100 T\u00fcrfeststeller\"},{\"@type\":\"BreadcrumbList\",\"@id\":\"https:\\\/\\\/kierr.nl\\\/de\\\/product\\\/kierr-hold-100-ausschlag-2-cm\\\/#breadcrumb\",\"itemListElement\":[{\"@type\":\"ListItem\",\"position\":1,\"name\":\"Startseite\",\"item\":\"https:\\\/\\\/kierr.nl\\\/de\\\/\"},{\"@type\":\"ListItem\",\"position\":2,\"name\":\"Shop\",\"item\":\"https:\\\/\\\/kierr.nl\\\/de\\\/shop\\\/\"},{\"@type\":\"ListItem\",\"position\":3,\"name\":\"Kierr Hold 100 Ausschlag 2 cm (ohne Bohren und Schrauben)\"}]},{\"@type\":\"WebSite\",\"@id\":\"https:\\\/\\\/kierr.nl\\\/de\\\/#website\",\"url\":\"https:\\\/\\\/kierr.nl\\\/de\\\/\",\"name\":\"Kierr.nl\",\"description\":\"Deur- en raambeslag\",\"potentialAction\":[{\"@type\":\"SearchAction\",\"target\":{\"@type\":\"EntryPoint\",\"urlTemplate\":\"https:\\\/\\\/kierr.nl\\\/de\\\/?s={search_term_string}\"},\"query-input\":{\"@type\":\"PropertyValueSpecification\",\"valueRequired\":true,\"valueName\":\"search_term_string\"}}],\"inLanguage\":\"de\"}]}<\/script>\n<!-- \/ Yoast SEO plugin. -->","yoast_head_json":{"title":"Kierr Hold 100 Ausschlag 2 cm (ohne Bohren und Schrauben) - Kierr.nl","description":"Der T\u00fcrstopper Kierr Hold 100 ist elegant und aus rostfreiem Stahl gefertigt. Wird mit Klebeband befestigt. Ohne Bohren oder Schrauben. Sehen Sie sich das Produkt an.","robots":{"index":"index","follow":"follow","max-snippet":"max-snippet:-1","max-image-preview":"max-image-preview:large","max-video-preview":"max-video-preview:-1"},"canonical":"https:\/\/kierr.nl\/de\/product\/kierr-hold-100-ausschlag-2-cm\/","og_locale":"de_DE","og_type":"article","og_title":"Kierr Hold 100 Ausschlag 2 cm (ohne Bohren und Schrauben) - Kierr.nl","og_description":"Der T\u00fcrstopper Kierr Hold 100 ist elegant und aus rostfreiem Stahl gefertigt. Wird mit Klebeband befestigt. Ohne Bohren oder Schrauben. Sehen Sie sich das Produkt an.","og_url":"https:\/\/kierr.nl\/de\/product\/kierr-hold-100-ausschlag-2-cm\/","og_site_name":"Kierr.nl","article_modified_time":"2025-05-16T10:32:36+00:00","og_image":[{"width":1600,"height":1920,"url":"https:\/\/kierr.nl\/wp-content\/uploads\/2024\/07\/Frame-1-zonder-4.jpg","type":"image\/jpeg"}],"twitter_card":"summary_large_image","twitter_misc":{"Gesch\u00e4tzte Lesezeit":"2 Minuten"},"schema":{"@context":"https:\/\/schema.org","@graph":[{"@type":"WebPage","@id":"https:\/\/kierr.nl\/de\/product\/kierr-hold-100-ausschlag-2-cm\/","url":"https:\/\/kierr.nl\/de\/product\/kierr-hold-100-ausschlag-2-cm\/","name":"Kierr Hold 100 Ausschlag 2 cm (ohne Bohren und Schrauben) - Kierr.nl","isPartOf":{"@id":"https:\/\/kierr.nl\/de\/#website"},"primaryImageOfPage":{"@id":"https:\/\/kierr.nl\/de\/product\/kierr-hold-100-ausschlag-2-cm\/#primaryimage"},"image":{"@id":"https:\/\/kierr.nl\/de\/product\/kierr-hold-100-ausschlag-2-cm\/#primaryimage"},"thumbnailUrl":"https:\/\/kierr.nl\/wp-content\/uploads\/2024\/07\/Frame-1-zonder-4.jpg","datePublished":"2024-07-05T07:38:25+00:00","dateModified":"2025-05-16T10:32:36+00:00","description":"Der T\u00fcrstopper Kierr Hold 100 ist elegant und aus rostfreiem Stahl gefertigt. Wird mit Klebeband befestigt. Ohne Bohren oder Schrauben. Sehen Sie sich das Produkt an.","breadcrumb":{"@id":"https:\/\/kierr.nl\/de\/product\/kierr-hold-100-ausschlag-2-cm\/#breadcrumb"},"inLanguage":"de","potentialAction":[{"@type":"ReadAction","target":["https:\/\/kierr.nl\/de\/product\/kierr-hold-100-ausschlag-2-cm\/"]}]},{"@type":"ImageObject","inLanguage":"de","@id":"https:\/\/kierr.nl\/de\/product\/kierr-hold-100-ausschlag-2-cm\/#primaryimage","url":"https:\/\/kierr.nl\/wp-content\/uploads\/2024\/07\/Frame-1-zonder-4.jpg","contentUrl":"https:\/\/kierr.nl\/wp-content\/uploads\/2024\/07\/Frame-1-zonder-4.jpg","width":1600,"height":1920,"caption":"Kierr hold 100 T\u00fcrfeststeller"},{"@type":"BreadcrumbList","@id":"https:\/\/kierr.nl\/de\/product\/kierr-hold-100-ausschlag-2-cm\/#breadcrumb","itemListElement":[{"@type":"ListItem","position":1,"name":"Startseite","item":"https:\/\/kierr.nl\/de\/"},{"@type":"ListItem","position":2,"name":"Shop","item":"https:\/\/kierr.nl\/de\/shop\/"},{"@type":"ListItem","position":3,"name":"Kierr Hold 100 Ausschlag 2 cm (ohne Bohren und Schrauben)"}]},{"@type":"WebSite","@id":"https:\/\/kierr.nl\/de\/#website","url":"https:\/\/kierr.nl\/de\/","name":"Kierr.nl","description":"Deur- en raambeslag","potentialAction":[{"@type":"SearchAction","target":{"@type":"EntryPoint","urlTemplate":"https:\/\/kierr.nl\/de\/?s={search_term_string}"},"query-input":{"@type":"PropertyValueSpecification","valueRequired":true,"valueName":"search_term_string"}}],"inLanguage":"de"}]}},"_links":{"self":[{"href":"https:\/\/kierr.nl\/de\/wp-json\/wp\/v2\/product\/3117","targetHints":{"allow":["GET"]}}],"collection":[{"href":"https:\/\/kierr.nl\/de\/wp-json\/wp\/v2\/product"}],"about":[{"href":"https:\/\/kierr.nl\/de\/wp-json\/wp\/v2\/types\/product"}],"wp:featuredmedia":[{"embeddable":true,"href":"https:\/\/kierr.nl\/de\/wp-json\/wp\/v2\/media\/3833"}],"wp:attachment":[{"href":"https:\/\/kierr.nl\/de\/wp-json\/wp\/v2\/media?parent=3117"}],"wp:term":[{"taxonomy":"product_brand","embeddable":true,"href":"https:\/\/kierr.nl\/de\/wp-json\/wp\/v2\/product_brand?post=3117"},{"taxonomy":"product_cat","embeddable":true,"href":"https:\/\/kierr.nl\/de\/wp-json\/wp\/v2\/product_cat?post=3117"},{"taxonomy":"product_tag","embeddable":true,"href":"https:\/\/kierr.nl\/de\/wp-json\/wp\/v2\/product_tag?post=3117"}],"curies":[{"name":"wp","href":"https:\/\/api.w.org\/{rel}","templated":true}]}}