{"id":3123,"date":"2024-07-01T14:57:44","date_gmt":"2024-07-01T14:57:44","guid":{"rendered":"https:\/\/www.kierr.nl\/product\/kierr-flex-300\/"},"modified":"2025-07-28T20:04:15","modified_gmt":"2025-07-28T18:04:15","slug":"kierr-flex-300","status":"publish","type":"product","link":"https:\/\/kierr.nl\/de\/product\/kierr-flex-300\/","title":{"rendered":"Kierr Flex 300 (ohne Bohren und Schrauben)"},"content":{"rendered":"<p>Der T\u00fcrfeststeller Kierr Flex 300 ist aus Aluminium gefertigt und hat ein elegantes Aussehen. Die 200er und 300er Serien des Kierr Flex sind mit Scharnieren versehen. Das bedeutet, dass Sie die T\u00fcr leichter \u00f6ffnen k\u00f6nnen, wenn Sie hindurchgehen m\u00f6chten, ohne den T\u00fcrfeststeller zu entfernen. Mit den praktischen Drehkn\u00f6pfen k\u00f6nnen Sie den T\u00fcrfeststeller sicher festziehen. Sie k\u00f6nnen den Flex 300 hoch oben an Ihrer T\u00fcr anbringen, so dass Sie leicht selbst durch die T\u00fcr gehen k\u00f6nnen, ohne sie \u00f6ffnen zu m\u00fcssen. Au\u00dferdem k\u00f6nnen Sie ihn zusammenklappen, so dass er leicht zu verstauen ist. Der Gummischutz der flexiblen Kunststoffklammern sorgt f\u00fcr einen guten Sitz auf Kunststoff, Holz und Aluminium und sogar auf Fensterrahmen mit abgerundeten oder abgeschr\u00e4gten Ecken! Die Verwendung in Kinderzimmern erfolgt auf eigene Gefahr, u.a. wegen der lockeren Teile. Dies gilt auch f\u00fcr nach au\u00dfen schwenkbare Fenster, um zu verhindern, dass sie herunterfallen.       <\/p>\n<p>&nbsp;<\/p>\n<table class=\"shop_attributes table table-bordered attribute-table table-striped\">\n<thead>\n<tr>\n<th><strong>Eigenschaft<\/strong><\/th>\n<th><strong>Wert<\/strong><\/th>\n<\/tr>\n<\/thead>\n<tbody>\n<tr>\n<th><strong>Min. Spalt-Einstellung<\/strong><\/th>\n<td class=\"product_dimensions\">ca. 15 cm<\/td>\n<\/tr>\n<tr>\n<th><strong>Max. Spaltposition<\/strong><\/th>\n<td class=\"product_dimensions\">ca. 50 cm<\/td>\n<\/tr>\n<tr>\n<th><strong>Min. Einspannposition<\/strong><\/th>\n<td class=\"product_dimensions\">ca. 1 cm<\/td>\n<\/tr>\n<tr>\n<th><strong>Max. Einspannposition<\/strong><\/th>\n<td class=\"product_dimensions\">ca. 20 cm<\/td>\n<\/tr>\n<tr>\n<th><strong>Abmessungen Risshalter<\/strong><\/th>\n<td class=\"product_dimensions\">Ungef\u00e4hr 72 cm lang, 3 cm breit (ohne Klemmklinge), zusammenklappbar und daher leicht zu verstauen<\/td>\n<\/tr>\n<tr>\n<th><strong>Abmessungen Klemmplatten f\u00fcr T\u00fcr<\/strong><\/th>\n<td class=\"product_dimensions\">8 cm breit, 4 cm hoch<\/td>\n<\/tr>\n<tr>\n<th><strong>Ma\u00dfe der Rahmenklammerklinge<\/strong><\/th>\n<td class=\"product_dimensions\">8 cm breit, 4 cm hoch<\/td>\n<\/tr>\n<tr class=\"alt\">\n<th><strong>Schutz der Zarge\/T\u00fcrklammerbl\u00e4tter<\/strong><\/th>\n<td>Moosgummi 2 mm<\/td>\n<\/tr>\n<tr>\n<th><strong>Material \/ Farbe<\/strong><\/th>\n<td>Aluminium und bewegliche Kunststoffklammern<\/td>\n<\/tr>\n<tr class=\"alt\">\n<th><strong>Interieur Stil<\/strong><\/th>\n<td>Robust und doch elegant<\/td>\n<\/tr>\n<tr>\n<th><strong>Was im Paket enthalten ist<\/strong><\/th>\n<td>Kierstandhouder wird komplett geliefert<\/td>\n<\/tr>\n<tr class=\"alt\">\n<th><strong>Garantie<\/strong><\/th>\n<td>1 Jahr<\/td>\n<\/tr>\n<tr>\n<th><strong>Verkauft pro<\/strong><\/th>\n<td>pro St\u00fcck<\/td>\n<\/tr>\n<tr class=\"alt\">\n<th><strong>Video mit Anleitungen<\/strong><\/th>\n<td><a href=\"https:\/\/youtu.be\/f3J-bHeeRL0\">https:\/\/youtu.be\/f3J-bHeeRL0<\/a><\/td>\n<\/tr>\n<tr>\n<th><strong>Gewicht<\/strong><\/th>\n<td>Ungef\u00e4hr 400 Gramm<\/td>\n<\/tr>\n<tr>\n<th><strong>Fix<\/strong><\/th>\n<td>R\u00e4ndelknopf aus Kunststoff<\/td>\n<\/tr>\n<tr class=\"alt\">\n<th><strong>Zubeh\u00f6r<\/strong><\/th>\n<td>Nein<\/td>\n<\/tr>\n<tr>\n<th><strong>Marke<\/strong><\/th>\n<td>Kierr<\/td>\n<\/tr>\n<tr class=\"alt\">\n<th><strong>Wof\u00fcr ist das Produkt geeignet<\/strong><\/th>\n<td>\u00d6ffnen\/Sichern von T\u00fcren<\/td>\n<\/tr>\n<tr>\n<th><strong>Anwendbarkeit der L\u00fcckenf\u00f6rderung<\/strong><\/th>\n<td>Dreht\u00fcren f\u00fcr innen und au\u00dfen. Auch nur f\u00fcr nach innen gedrehte Fenster zu verwenden. Verwendung auf eigene Gefahr.  <\/td>\n<\/tr>\n<\/tbody>\n<\/table>\n","protected":false},"excerpt":{"rendered":"<p>Mit dem verstellbaren Kierr Flex 300 T\u00fcrfeststeller k\u00f6nnen Sie T\u00fcren auf eine \u00d6ffnung einstellen, die gro\u00df genug ist, um hindurchzugehen, ohne zu bohren und zu schrauben.<\/p>\n<p>\u2713 Geeignet als T\u00fcr\u00f6ffner\/T\u00fcrfeststeller<br \/>\n\u2713 Flexibles, drehbares Klemmsystem aus Kunststoff mit Zellkautschuk-Schutzschicht<br \/>\n\u2713 \u00d6ffnung zwischen 15 und 50 cm (bei Bedarf hoch an der T\u00fcr anbringen, damit Sie selbst hindurchgehen k\u00f6nnen)<br \/>\n\u2713 Elegantes \u2713 Elegante Optik aus leichtem Aluminium<br \/>\n\u2713 R\u00e4ndelkn\u00f6pfe<br \/>\n\u2713 Inklusive Scharnier f\u00fcr leichteres \u00d6ffnen und einfache Aufbewahrung<br \/>\n\u2713 Auch f\u00fcr runde und schr\u00e4ge Fensterrahmen geeignet<\/p>\n<p><strong>Nicht in Kombination mit einem Moskitonetz geeignet<\/strong><\/p>\n","protected":false},"featured_media":3824,"template":"","meta":{"_acf_changed":false,"site-sidebar-layout":"default","site-content-layout":"","ast-site-content-layout":"default","site-content-style":"default","site-sidebar-style":"default","ast-global-header-display":"","ast-banner-title-visibility":"","ast-main-header-display":"","ast-hfb-above-header-display":"","ast-hfb-below-header-display":"","ast-hfb-mobile-header-display":"","site-post-title":"","ast-breadcrumbs-content":"","ast-featured-img":"","footer-sml-layout":"","ast-disable-related-posts":"","theme-transparent-header-meta":"default","adv-header-id-meta":"","stick-header-meta":"","header-above-stick-meta":"","header-main-stick-meta":"","header-below-stick-meta":"","astra-migrate-meta-layouts":"default","ast-page-background-enabled":"default","ast-page-background-meta":{"desktop":{"background-color":"var(--ast-global-color-4)","background-image":"","background-repeat":"repeat","background-position":"center center","background-size":"auto","background-attachment":"scroll","background-type":"","background-media":"","overlay-type":"","overlay-color":"","overlay-opacity":"","overlay-gradient":""},"tablet":{"background-color":"","background-image":"","background-repeat":"repeat","background-position":"center center","background-size":"auto","background-attachment":"scroll","background-type":"","background-media":"","overlay-type":"","overlay-color":"","overlay-opacity":"","overlay-gradient":""},"mobile":{"background-color":"","background-image":"","background-repeat":"repeat","background-position":"center center","background-size":"auto","background-attachment":"scroll","background-type":"","background-media":"","overlay-type":"","overlay-color":"","overlay-opacity":"","overlay-gradient":""}},"ast-content-background-meta":{"desktop":{"background-color":"var(--ast-global-color-5)","background-image":"","background-repeat":"repeat","background-position":"center center","background-size":"auto","background-attachment":"scroll","background-type":"","background-media":"","overlay-type":"","overlay-color":"","overlay-opacity":"","overlay-gradient":""},"tablet":{"background-color":"var(--ast-global-color-5)","background-image":"","background-repeat":"repeat","background-position":"center center","background-size":"auto","background-attachment":"scroll","background-type":"","background-media":"","overlay-type":"","overlay-color":"","overlay-opacity":"","overlay-gradient":""},"mobile":{"background-color":"var(--ast-global-color-5)","background-image":"","background-repeat":"repeat","background-position":"center center","background-size":"auto","background-attachment":"scroll","background-type":"","background-media":"","overlay-type":"","overlay-color":"","overlay-opacity":"","overlay-gradient":""}}},"product_brand":[],"product_cat":[96,95,84,86],"product_tag":[],"class_list":{"0":"post-3123","1":"product","2":"type-product","3":"status-publish","4":"has-post-thumbnail","6":"product_cat-fensterbefestigung","7":"product_cat-fensterbeschlage","8":"product_cat-turbeschlage","9":"product_cat-turfeststeller","10":"desktop-align-center","11":"tablet-align-left","12":"mobile-align-left","13":"ast-product-gallery-layout-horizontal-slider","14":"ast-magnify-disabled","15":"ast-product-tabs-layout-horizontal","17":"first","18":"instock","19":"taxable","20":"shipping-taxable","21":"purchasable","22":"product-type-simple"},"acf":[],"yoast_head":"<!-- This site is optimized with the Yoast SEO plugin v27.4 - https:\/\/yoast.com\/product\/yoast-seo-wordpress\/ -->\n<title>Kierr Flex 300 (ohne Bohren und Schrauben) - Kierr.nl<\/title>\n<meta name=\"description\" content=\"Der Kierr Flex 300 T\u00fcr\u00f6ffner ist aus leichtem Aluminium gefertigt. Er \u00f6ffnet die T\u00fcr m\u00fchelos 20-50 Zentimeter weit. Sehen Sie sich das Produkt an.\" \/>\n<meta name=\"robots\" content=\"index, follow, max-snippet:-1, max-image-preview:large, max-video-preview:-1\" \/>\n<link rel=\"canonical\" href=\"https:\/\/kierr.nl\/de\/product\/kierr-flex-300\/\" \/>\n<meta property=\"og:locale\" content=\"de_DE\" \/>\n<meta property=\"og:type\" content=\"article\" \/>\n<meta property=\"og:title\" content=\"Kierr Flex 300 (ohne Bohren und Schrauben) - Kierr.nl\" \/>\n<meta property=\"og:description\" content=\"Der Kierr Flex 300 T\u00fcr\u00f6ffner ist aus leichtem Aluminium gefertigt. Er \u00f6ffnet die T\u00fcr m\u00fchelos 20-50 Zentimeter weit. Sehen Sie sich das Produkt an.\" \/>\n<meta property=\"og:url\" content=\"https:\/\/kierr.nl\/de\/product\/kierr-flex-300\/\" \/>\n<meta property=\"og:site_name\" content=\"Kierr.nl\" \/>\n<meta property=\"article:modified_time\" content=\"2025-07-28T18:04:15+00:00\" \/>\n<meta property=\"og:image\" content=\"https:\/\/kierr.nl\/wp-content\/uploads\/2024\/07\/Frame-1-zonder-1.jpg\" \/>\n\t<meta property=\"og:image:width\" content=\"1600\" \/>\n\t<meta property=\"og:image:height\" content=\"1920\" \/>\n\t<meta property=\"og:image:type\" content=\"image\/jpeg\" \/>\n<meta name=\"twitter:card\" content=\"summary_large_image\" \/>\n<meta name=\"twitter:label1\" content=\"Gesch\u00e4tzte Lesezeit\" \/>\n\t<meta name=\"twitter:data1\" content=\"2 Minuten\" \/>\n<script type=\"application\/ld+json\" class=\"yoast-schema-graph\">{\"@context\":\"https:\\\/\\\/schema.org\",\"@graph\":[{\"@type\":\"WebPage\",\"@id\":\"https:\\\/\\\/kierr.nl\\\/de\\\/product\\\/kierr-flex-300\\\/\",\"url\":\"https:\\\/\\\/kierr.nl\\\/de\\\/product\\\/kierr-flex-300\\\/\",\"name\":\"Kierr Flex 300 (ohne Bohren und Schrauben) - Kierr.nl\",\"isPartOf\":{\"@id\":\"https:\\\/\\\/kierr.nl\\\/de\\\/#website\"},\"primaryImageOfPage\":{\"@id\":\"https:\\\/\\\/kierr.nl\\\/de\\\/product\\\/kierr-flex-300\\\/#primaryimage\"},\"image\":{\"@id\":\"https:\\\/\\\/kierr.nl\\\/de\\\/product\\\/kierr-flex-300\\\/#primaryimage\"},\"thumbnailUrl\":\"https:\\\/\\\/kierr.nl\\\/wp-content\\\/uploads\\\/2024\\\/07\\\/Frame-1-zonder-1.jpg\",\"datePublished\":\"2024-07-01T14:57:44+00:00\",\"dateModified\":\"2025-07-28T18:04:15+00:00\",\"description\":\"Der Kierr Flex 300 T\u00fcr\u00f6ffner ist aus leichtem Aluminium gefertigt. Er \u00f6ffnet die T\u00fcr m\u00fchelos 20-50 Zentimeter weit. Sehen Sie sich das Produkt an.\",\"breadcrumb\":{\"@id\":\"https:\\\/\\\/kierr.nl\\\/de\\\/product\\\/kierr-flex-300\\\/#breadcrumb\"},\"inLanguage\":\"de\",\"potentialAction\":[{\"@type\":\"ReadAction\",\"target\":[\"https:\\\/\\\/kierr.nl\\\/de\\\/product\\\/kierr-flex-300\\\/\"]}]},{\"@type\":\"ImageObject\",\"inLanguage\":\"de\",\"@id\":\"https:\\\/\\\/kierr.nl\\\/de\\\/product\\\/kierr-flex-300\\\/#primaryimage\",\"url\":\"https:\\\/\\\/kierr.nl\\\/wp-content\\\/uploads\\\/2024\\\/07\\\/Frame-1-zonder-1.jpg\",\"contentUrl\":\"https:\\\/\\\/kierr.nl\\\/wp-content\\\/uploads\\\/2024\\\/07\\\/Frame-1-zonder-1.jpg\",\"width\":1600,\"height\":1920,\"caption\":\"Kierr Flex 300 T\u00fcrfeststeller\"},{\"@type\":\"BreadcrumbList\",\"@id\":\"https:\\\/\\\/kierr.nl\\\/de\\\/product\\\/kierr-flex-300\\\/#breadcrumb\",\"itemListElement\":[{\"@type\":\"ListItem\",\"position\":1,\"name\":\"Startseite\",\"item\":\"https:\\\/\\\/kierr.nl\\\/de\\\/\"},{\"@type\":\"ListItem\",\"position\":2,\"name\":\"Shop\",\"item\":\"https:\\\/\\\/kierr.nl\\\/de\\\/shop\\\/\"},{\"@type\":\"ListItem\",\"position\":3,\"name\":\"Kierr Flex 300 (ohne Bohren und Schrauben)\"}]},{\"@type\":\"WebSite\",\"@id\":\"https:\\\/\\\/kierr.nl\\\/de\\\/#website\",\"url\":\"https:\\\/\\\/kierr.nl\\\/de\\\/\",\"name\":\"Kierr.nl\",\"description\":\"Deur- en raambeslag\",\"potentialAction\":[{\"@type\":\"SearchAction\",\"target\":{\"@type\":\"EntryPoint\",\"urlTemplate\":\"https:\\\/\\\/kierr.nl\\\/de\\\/?s={search_term_string}\"},\"query-input\":{\"@type\":\"PropertyValueSpecification\",\"valueRequired\":true,\"valueName\":\"search_term_string\"}}],\"inLanguage\":\"de\"}]}<\/script>\n<!-- \/ Yoast SEO plugin. -->","yoast_head_json":{"title":"Kierr Flex 300 (ohne Bohren und Schrauben) - Kierr.nl","description":"Der Kierr Flex 300 T\u00fcr\u00f6ffner ist aus leichtem Aluminium gefertigt. Er \u00f6ffnet die T\u00fcr m\u00fchelos 20-50 Zentimeter weit. Sehen Sie sich das Produkt an.","robots":{"index":"index","follow":"follow","max-snippet":"max-snippet:-1","max-image-preview":"max-image-preview:large","max-video-preview":"max-video-preview:-1"},"canonical":"https:\/\/kierr.nl\/de\/product\/kierr-flex-300\/","og_locale":"de_DE","og_type":"article","og_title":"Kierr Flex 300 (ohne Bohren und Schrauben) - Kierr.nl","og_description":"Der Kierr Flex 300 T\u00fcr\u00f6ffner ist aus leichtem Aluminium gefertigt. Er \u00f6ffnet die T\u00fcr m\u00fchelos 20-50 Zentimeter weit. Sehen Sie sich das Produkt an.","og_url":"https:\/\/kierr.nl\/de\/product\/kierr-flex-300\/","og_site_name":"Kierr.nl","article_modified_time":"2025-07-28T18:04:15+00:00","og_image":[{"width":1600,"height":1920,"url":"https:\/\/kierr.nl\/wp-content\/uploads\/2024\/07\/Frame-1-zonder-1.jpg","type":"image\/jpeg"}],"twitter_card":"summary_large_image","twitter_misc":{"Gesch\u00e4tzte Lesezeit":"2 Minuten"},"schema":{"@context":"https:\/\/schema.org","@graph":[{"@type":"WebPage","@id":"https:\/\/kierr.nl\/de\/product\/kierr-flex-300\/","url":"https:\/\/kierr.nl\/de\/product\/kierr-flex-300\/","name":"Kierr Flex 300 (ohne Bohren und Schrauben) - Kierr.nl","isPartOf":{"@id":"https:\/\/kierr.nl\/de\/#website"},"primaryImageOfPage":{"@id":"https:\/\/kierr.nl\/de\/product\/kierr-flex-300\/#primaryimage"},"image":{"@id":"https:\/\/kierr.nl\/de\/product\/kierr-flex-300\/#primaryimage"},"thumbnailUrl":"https:\/\/kierr.nl\/wp-content\/uploads\/2024\/07\/Frame-1-zonder-1.jpg","datePublished":"2024-07-01T14:57:44+00:00","dateModified":"2025-07-28T18:04:15+00:00","description":"Der Kierr Flex 300 T\u00fcr\u00f6ffner ist aus leichtem Aluminium gefertigt. Er \u00f6ffnet die T\u00fcr m\u00fchelos 20-50 Zentimeter weit. Sehen Sie sich das Produkt an.","breadcrumb":{"@id":"https:\/\/kierr.nl\/de\/product\/kierr-flex-300\/#breadcrumb"},"inLanguage":"de","potentialAction":[{"@type":"ReadAction","target":["https:\/\/kierr.nl\/de\/product\/kierr-flex-300\/"]}]},{"@type":"ImageObject","inLanguage":"de","@id":"https:\/\/kierr.nl\/de\/product\/kierr-flex-300\/#primaryimage","url":"https:\/\/kierr.nl\/wp-content\/uploads\/2024\/07\/Frame-1-zonder-1.jpg","contentUrl":"https:\/\/kierr.nl\/wp-content\/uploads\/2024\/07\/Frame-1-zonder-1.jpg","width":1600,"height":1920,"caption":"Kierr Flex 300 T\u00fcrfeststeller"},{"@type":"BreadcrumbList","@id":"https:\/\/kierr.nl\/de\/product\/kierr-flex-300\/#breadcrumb","itemListElement":[{"@type":"ListItem","position":1,"name":"Startseite","item":"https:\/\/kierr.nl\/de\/"},{"@type":"ListItem","position":2,"name":"Shop","item":"https:\/\/kierr.nl\/de\/shop\/"},{"@type":"ListItem","position":3,"name":"Kierr Flex 300 (ohne Bohren und Schrauben)"}]},{"@type":"WebSite","@id":"https:\/\/kierr.nl\/de\/#website","url":"https:\/\/kierr.nl\/de\/","name":"Kierr.nl","description":"Deur- en raambeslag","potentialAction":[{"@type":"SearchAction","target":{"@type":"EntryPoint","urlTemplate":"https:\/\/kierr.nl\/de\/?s={search_term_string}"},"query-input":{"@type":"PropertyValueSpecification","valueRequired":true,"valueName":"search_term_string"}}],"inLanguage":"de"}]}},"_links":{"self":[{"href":"https:\/\/kierr.nl\/de\/wp-json\/wp\/v2\/product\/3123","targetHints":{"allow":["GET"]}}],"collection":[{"href":"https:\/\/kierr.nl\/de\/wp-json\/wp\/v2\/product"}],"about":[{"href":"https:\/\/kierr.nl\/de\/wp-json\/wp\/v2\/types\/product"}],"wp:featuredmedia":[{"embeddable":true,"href":"https:\/\/kierr.nl\/de\/wp-json\/wp\/v2\/media\/3824"}],"wp:attachment":[{"href":"https:\/\/kierr.nl\/de\/wp-json\/wp\/v2\/media?parent=3123"}],"wp:term":[{"taxonomy":"product_brand","embeddable":true,"href":"https:\/\/kierr.nl\/de\/wp-json\/wp\/v2\/product_brand?post=3123"},{"taxonomy":"product_cat","embeddable":true,"href":"https:\/\/kierr.nl\/de\/wp-json\/wp\/v2\/product_cat?post=3123"},{"taxonomy":"product_tag","embeddable":true,"href":"https:\/\/kierr.nl\/de\/wp-json\/wp\/v2\/product_tag?post=3123"}],"curies":[{"name":"wp","href":"https:\/\/api.w.org\/{rel}","templated":true}]}}