{"id":3134,"date":"2024-07-01T14:32:06","date_gmt":"2024-07-01T14:32:06","guid":{"rendered":"https:\/\/www.kierr.nl\/product\/kierr-flex-200\/"},"modified":"2025-08-12T11:46:45","modified_gmt":"2025-08-12T09:46:45","slug":"kierr-flex-200","status":"publish","type":"product","link":"https:\/\/kierr.nl\/de\/product\/kierr-flex-200\/","title":{"rendered":"Kierr Flex 200 (ohne Bohren und Schrauben)"},"content":{"rendered":"<p>Der T\u00fcrfeststeller \/ Fensterschlie\u00dfer Kierr Flex 200 ist aus Aluminium gefertigt und hat ein robustes Aussehen. Die Versionen Kierr Flex 200 und 300 sind klappbar, was den Vorteil hat, dass Sie den T\u00fcrstopper an seinem Platz lassen und die T\u00fcr \u00f6ffnen k\u00f6nnen, ohne den T\u00fcrstopper zu entfernen. Mit Hilfe der einfachen Drehkn\u00f6pfe k\u00f6nnen Sie die Halterung f\u00fcr den Sockel leicht festziehen. Die gro\u00dfen, flexiblen Kunststoffklammern mit Gummischutz sorgen daf\u00fcr, dass er sowohl an Kunststoff, Holz und Aluminium als auch an Fensterrahmen mit abgerundeten oder abgeschr\u00e4gten Ecken passt! Die Verwendung in Kinderzimmern erfolgt auf eigene Gefahr, u.a. wegen der lockeren Teile. Dies gilt auch f\u00fcr nach au\u00dfen schwenkbare Fenster, da der Kierr herunterfallen kann.     <\/p>\n<table class=\"shop_attributes table table-bordered attribute-table table-striped\">\n<thead>\n<tr>\n<th><strong>Eigenschaft<\/strong><\/th>\n<th><strong>Wert<\/strong><\/th>\n<\/tr>\n<\/thead>\n<tbody>\n<tr>\n<th><strong>Min. Spalt-Einstellung<\/strong><\/th>\n<td class=\"product_dimensions\">ca. 15 cm<\/td>\n<\/tr>\n<tr>\n<th><strong>Max. Spaltposition<\/strong><\/th>\n<td class=\"product_dimensions\">ca. 35 cm<\/td>\n<\/tr>\n<tr>\n<th><strong>Min. Einspannposition<\/strong><\/th>\n<td class=\"product_dimensions\">ca. 1 cm<\/td>\n<\/tr>\n<tr>\n<th>Max. Einspannposition<\/th>\n<td class=\"product_dimensions\">ca. 20 cm<\/td>\n<\/tr>\n<tr>\n<th><strong>Abmessungen Risshalter<\/strong><\/th>\n<td class=\"product_dimensions\">Ungef\u00e4hr 56 cm lang, 3 cm breit (ohne Klemmklinge), zusammenklappbar und somit leicht zu verstauen<\/td>\n<\/tr>\n<tr>\n<th><strong>Abmessungen T\u00fcrklammerblatt<\/strong><\/th>\n<td class=\"product_dimensions\">1x 8 cm breit, 4 cm hoch<\/td>\n<\/tr>\n<tr>\n<th><strong>Abmessungen Klemmplatten f\u00fcr Rahmen<\/strong><\/th>\n<td class=\"product_dimensions\">1x 8 cm breit, 4 cm hoch<\/td>\n<\/tr>\n<tr class=\"alt\">\n<th><strong>Schutz der Zarge\/T\u00fcrklammerbl\u00e4tter<\/strong><\/th>\n<td>Moosgummi 2 mm<\/td>\n<\/tr>\n<tr>\n<th><strong>Material \/ Farbe<\/strong><\/th>\n<td>Drehbare Klammern aus Aluminium und Kunststoff<\/td>\n<\/tr>\n<tr class=\"alt\">\n<th><strong>Interieur Stil<\/strong><\/th>\n<td>Robust und doch elegant<\/td>\n<\/tr>\n<tr>\n<th><strong>Was im Paket enthalten ist<\/strong><\/th>\n<td>Kierstandhouder wird komplett geliefert<\/td>\n<\/tr>\n<tr class=\"alt\">\n<th><strong>Garantie<\/strong><\/th>\n<td>1 Jahr<\/td>\n<\/tr>\n<tr>\n<th><strong>Verkauft pro<\/strong><\/th>\n<td>pro St\u00fcck<\/td>\n<\/tr>\n<tr class=\"alt\">\n<th><strong>Video mit Anleitungen<\/strong><\/th>\n<td><a href=\"https:\/\/www.youtube.com\/watch?v=pO9dg_nPDjI\" target=\"_blank\" rel=\"noopener\">https:\/\/www.youtube.com\/watch?v=pO9dg_nPDjI<\/a><\/td>\n<\/tr>\n<tr>\n<th><strong>Gewicht<\/strong><\/th>\n<td>Ungef\u00e4hr 350 Gramm<\/td>\n<\/tr>\n<tr>\n<th><strong>Fix<\/strong><\/th>\n<td>R\u00e4ndelknopf aus Kunststoff<\/td>\n<\/tr>\n<tr class=\"alt\">\n<th><strong>Zubeh\u00f6r<\/strong><\/th>\n<td>Nein<\/td>\n<\/tr>\n<tr>\n<th><strong>Marke<\/strong><\/th>\n<td>Kierr<\/td>\n<\/tr>\n<tr class=\"alt\">\n<th><strong>Wof\u00fcr ist das Produkt geeignet<\/strong><\/th>\n<td>\u00d6ffnen und Sichern von T\u00fcren und Fenstern<\/td>\n<\/tr>\n<tr>\n<th><strong>Anwendbarkeit der L\u00fcckenf\u00f6rderung<\/strong><\/th>\n<td>Dreht\u00fcren f\u00fcr innen und au\u00dfen. Auch nur f\u00fcr nach innen gedrehte Fenster zu verwenden. Verwendung auf eigene Gefahr.  <\/td>\n<\/tr>\n<\/tbody>\n<\/table>\n","protected":false},"excerpt":{"rendered":"<p>Mit dem verstellbaren Kierr Flex 200 T\u00fcr- und Fensterfeststeller k\u00f6nnen Sie T\u00fcren und Fenster ohne Bohren und Schrauben an einer gr\u00f6\u00dferen \u00d6ffnung befestigen.<\/p>\n<p>\u2713 Geeignet als T\u00fcr\u00f6ffner\/T\u00fcrfeststeller und Fenster\u00f6ffner\/Fensterfeststeller \u2713 Flexibles, drehbares Klemmsystem aus Kunststoff mit Moosgummi-Schutzschicht \u2713 \u00d6ffnung zwischen 10 und 35 cm \u2713 Elegante<\/p>\n<p>\u2713 Elegante Optik aus leichtem Aluminium \u2713 R\u00e4ndelkn\u00f6pfe \u2713 Inklusive Scharnier zum leichteren \u00d6ffnen \u2713 Auch f\u00fcr abgerundete und abgeschr\u00e4gte Fensterrahmen geeignet Nicht in Kombination mit einem Moskitonetz geeignet<\/p>\n","protected":false},"featured_media":3821,"template":"","meta":{"_acf_changed":false,"site-sidebar-layout":"default","site-content-layout":"","ast-site-content-layout":"default","site-content-style":"default","site-sidebar-style":"default","ast-global-header-display":"","ast-banner-title-visibility":"","ast-main-header-display":"","ast-hfb-above-header-display":"","ast-hfb-below-header-display":"","ast-hfb-mobile-header-display":"","site-post-title":"","ast-breadcrumbs-content":"","ast-featured-img":"","footer-sml-layout":"","ast-disable-related-posts":"","theme-transparent-header-meta":"default","adv-header-id-meta":"","stick-header-meta":"","header-above-stick-meta":"","header-main-stick-meta":"","header-below-stick-meta":"","astra-migrate-meta-layouts":"default","ast-page-background-enabled":"default","ast-page-background-meta":{"desktop":{"background-color":"var(--ast-global-color-4)","background-image":"","background-repeat":"repeat","background-position":"center center","background-size":"auto","background-attachment":"scroll","background-type":"","background-media":"","overlay-type":"","overlay-color":"","overlay-opacity":"","overlay-gradient":""},"tablet":{"background-color":"","background-image":"","background-repeat":"repeat","background-position":"center center","background-size":"auto","background-attachment":"scroll","background-type":"","background-media":"","overlay-type":"","overlay-color":"","overlay-opacity":"","overlay-gradient":""},"mobile":{"background-color":"","background-image":"","background-repeat":"repeat","background-position":"center center","background-size":"auto","background-attachment":"scroll","background-type":"","background-media":"","overlay-type":"","overlay-color":"","overlay-opacity":"","overlay-gradient":""}},"ast-content-background-meta":{"desktop":{"background-color":"var(--ast-global-color-5)","background-image":"","background-repeat":"repeat","background-position":"center center","background-size":"auto","background-attachment":"scroll","background-type":"","background-media":"","overlay-type":"","overlay-color":"","overlay-opacity":"","overlay-gradient":""},"tablet":{"background-color":"var(--ast-global-color-5)","background-image":"","background-repeat":"repeat","background-position":"center center","background-size":"auto","background-attachment":"scroll","background-type":"","background-media":"","overlay-type":"","overlay-color":"","overlay-opacity":"","overlay-gradient":""},"mobile":{"background-color":"var(--ast-global-color-5)","background-image":"","background-repeat":"repeat","background-position":"center center","background-size":"auto","background-attachment":"scroll","background-type":"","background-media":"","overlay-type":"","overlay-color":"","overlay-opacity":"","overlay-gradient":""}}},"product_brand":[],"product_cat":[96,95,84,86],"product_tag":[],"class_list":{"0":"post-3134","1":"product","2":"type-product","3":"status-publish","4":"has-post-thumbnail","6":"product_cat-fensterbefestigung","7":"product_cat-fensterbeschlage","8":"product_cat-turbeschlage","9":"product_cat-turfeststeller","10":"desktop-align-center","11":"tablet-align-left","12":"mobile-align-left","13":"ast-product-gallery-layout-horizontal-slider","14":"ast-magnify-disabled","15":"ast-product-tabs-layout-horizontal","17":"first","18":"instock","19":"featured","20":"taxable","21":"shipping-taxable","22":"purchasable","23":"product-type-simple"},"acf":[],"yoast_head":"<!-- This site is optimized with the Yoast SEO plugin v27.5 - https:\/\/yoast.com\/product\/yoast-seo-wordpress\/ -->\n<title>Kierr Flex 200 (ohne Bohren und Schrauben) - Kierr.nl<\/title>\n<meta name=\"description\" content=\"Der Kierr Flex 200 Spalt\u00f6ffner ist aus leichtem Aluminium gefertigt. Sie k\u00f6nnen die T\u00fcr oder das Fenster m\u00fchelos von 15-35 cm \u00f6ffnen. Sehen Sie sich das Produkt an.\" \/>\n<meta name=\"robots\" content=\"index, follow, max-snippet:-1, max-image-preview:large, max-video-preview:-1\" \/>\n<link rel=\"canonical\" href=\"https:\/\/kierr.nl\/de\/product\/kierr-flex-200\/\" \/>\n<meta property=\"og:locale\" content=\"de_DE\" \/>\n<meta property=\"og:type\" content=\"article\" \/>\n<meta property=\"og:title\" content=\"Kierr Flex 200 (ohne Bohren und Schrauben) - Kierr.nl\" \/>\n<meta property=\"og:description\" content=\"Der Kierr Flex 200 Spalt\u00f6ffner ist aus leichtem Aluminium gefertigt. Sie k\u00f6nnen die T\u00fcr oder das Fenster m\u00fchelos von 15-35 cm \u00f6ffnen. Sehen Sie sich das Produkt an.\" \/>\n<meta property=\"og:url\" content=\"https:\/\/kierr.nl\/de\/product\/kierr-flex-200\/\" \/>\n<meta property=\"og:site_name\" content=\"Kierr.nl\" \/>\n<meta property=\"article:modified_time\" content=\"2025-08-12T09:46:45+00:00\" \/>\n<meta property=\"og:image\" content=\"https:\/\/kierr.nl\/wp-content\/uploads\/2024\/07\/Frame-1-zonder.jpg\" \/>\n\t<meta property=\"og:image:width\" content=\"1600\" \/>\n\t<meta property=\"og:image:height\" content=\"1920\" \/>\n\t<meta property=\"og:image:type\" content=\"image\/jpeg\" \/>\n<meta name=\"twitter:card\" content=\"summary_large_image\" \/>\n<meta name=\"twitter:label1\" content=\"Gesch\u00e4tzte Lesezeit\" \/>\n\t<meta name=\"twitter:data1\" content=\"1\u00a0Minute\" \/>\n<script type=\"application\/ld+json\" class=\"yoast-schema-graph\">{\"@context\":\"https:\\\/\\\/schema.org\",\"@graph\":[{\"@type\":\"WebPage\",\"@id\":\"https:\\\/\\\/kierr.nl\\\/de\\\/product\\\/kierr-flex-200\\\/\",\"url\":\"https:\\\/\\\/kierr.nl\\\/de\\\/product\\\/kierr-flex-200\\\/\",\"name\":\"Kierr Flex 200 (ohne Bohren und Schrauben) - Kierr.nl\",\"isPartOf\":{\"@id\":\"https:\\\/\\\/kierr.nl\\\/de\\\/#website\"},\"primaryImageOfPage\":{\"@id\":\"https:\\\/\\\/kierr.nl\\\/de\\\/product\\\/kierr-flex-200\\\/#primaryimage\"},\"image\":{\"@id\":\"https:\\\/\\\/kierr.nl\\\/de\\\/product\\\/kierr-flex-200\\\/#primaryimage\"},\"thumbnailUrl\":\"https:\\\/\\\/kierr.nl\\\/wp-content\\\/uploads\\\/2024\\\/07\\\/Frame-1-zonder.jpg\",\"datePublished\":\"2024-07-01T14:32:06+00:00\",\"dateModified\":\"2025-08-12T09:46:45+00:00\",\"description\":\"Der Kierr Flex 200 Spalt\u00f6ffner ist aus leichtem Aluminium gefertigt. Sie k\u00f6nnen die T\u00fcr oder das Fenster m\u00fchelos von 15-35 cm \u00f6ffnen. Sehen Sie sich das Produkt an.\",\"breadcrumb\":{\"@id\":\"https:\\\/\\\/kierr.nl\\\/de\\\/product\\\/kierr-flex-200\\\/#breadcrumb\"},\"inLanguage\":\"de\",\"potentialAction\":[{\"@type\":\"ReadAction\",\"target\":[\"https:\\\/\\\/kierr.nl\\\/de\\\/product\\\/kierr-flex-200\\\/\"]}]},{\"@type\":\"ImageObject\",\"inLanguage\":\"de\",\"@id\":\"https:\\\/\\\/kierr.nl\\\/de\\\/product\\\/kierr-flex-200\\\/#primaryimage\",\"url\":\"https:\\\/\\\/kierr.nl\\\/wp-content\\\/uploads\\\/2024\\\/07\\\/Frame-1-zonder.jpg\",\"contentUrl\":\"https:\\\/\\\/kierr.nl\\\/wp-content\\\/uploads\\\/2024\\\/07\\\/Frame-1-zonder.jpg\",\"width\":1600,\"height\":1920,\"caption\":\"Kierr Flex 200 T\u00fcrfeststeller\"},{\"@type\":\"BreadcrumbList\",\"@id\":\"https:\\\/\\\/kierr.nl\\\/de\\\/product\\\/kierr-flex-200\\\/#breadcrumb\",\"itemListElement\":[{\"@type\":\"ListItem\",\"position\":1,\"name\":\"Startseite\",\"item\":\"https:\\\/\\\/kierr.nl\\\/de\\\/\"},{\"@type\":\"ListItem\",\"position\":2,\"name\":\"Shop\",\"item\":\"https:\\\/\\\/kierr.nl\\\/de\\\/shop\\\/\"},{\"@type\":\"ListItem\",\"position\":3,\"name\":\"Kierr Flex 200 (ohne Bohren und Schrauben)\"}]},{\"@type\":\"WebSite\",\"@id\":\"https:\\\/\\\/kierr.nl\\\/de\\\/#website\",\"url\":\"https:\\\/\\\/kierr.nl\\\/de\\\/\",\"name\":\"Kierr.nl\",\"description\":\"Deur- en raambeslag\",\"potentialAction\":[{\"@type\":\"SearchAction\",\"target\":{\"@type\":\"EntryPoint\",\"urlTemplate\":\"https:\\\/\\\/kierr.nl\\\/de\\\/?s={search_term_string}\"},\"query-input\":{\"@type\":\"PropertyValueSpecification\",\"valueRequired\":true,\"valueName\":\"search_term_string\"}}],\"inLanguage\":\"de\"}]}<\/script>\n<!-- \/ Yoast SEO plugin. -->","yoast_head_json":{"title":"Kierr Flex 200 (ohne Bohren und Schrauben) - Kierr.nl","description":"Der Kierr Flex 200 Spalt\u00f6ffner ist aus leichtem Aluminium gefertigt. Sie k\u00f6nnen die T\u00fcr oder das Fenster m\u00fchelos von 15-35 cm \u00f6ffnen. Sehen Sie sich das Produkt an.","robots":{"index":"index","follow":"follow","max-snippet":"max-snippet:-1","max-image-preview":"max-image-preview:large","max-video-preview":"max-video-preview:-1"},"canonical":"https:\/\/kierr.nl\/de\/product\/kierr-flex-200\/","og_locale":"de_DE","og_type":"article","og_title":"Kierr Flex 200 (ohne Bohren und Schrauben) - Kierr.nl","og_description":"Der Kierr Flex 200 Spalt\u00f6ffner ist aus leichtem Aluminium gefertigt. Sie k\u00f6nnen die T\u00fcr oder das Fenster m\u00fchelos von 15-35 cm \u00f6ffnen. Sehen Sie sich das Produkt an.","og_url":"https:\/\/kierr.nl\/de\/product\/kierr-flex-200\/","og_site_name":"Kierr.nl","article_modified_time":"2025-08-12T09:46:45+00:00","og_image":[{"width":1600,"height":1920,"url":"https:\/\/kierr.nl\/wp-content\/uploads\/2024\/07\/Frame-1-zonder.jpg","type":"image\/jpeg"}],"twitter_card":"summary_large_image","twitter_misc":{"Gesch\u00e4tzte Lesezeit":"1\u00a0Minute"},"schema":{"@context":"https:\/\/schema.org","@graph":[{"@type":"WebPage","@id":"https:\/\/kierr.nl\/de\/product\/kierr-flex-200\/","url":"https:\/\/kierr.nl\/de\/product\/kierr-flex-200\/","name":"Kierr Flex 200 (ohne Bohren und Schrauben) - Kierr.nl","isPartOf":{"@id":"https:\/\/kierr.nl\/de\/#website"},"primaryImageOfPage":{"@id":"https:\/\/kierr.nl\/de\/product\/kierr-flex-200\/#primaryimage"},"image":{"@id":"https:\/\/kierr.nl\/de\/product\/kierr-flex-200\/#primaryimage"},"thumbnailUrl":"https:\/\/kierr.nl\/wp-content\/uploads\/2024\/07\/Frame-1-zonder.jpg","datePublished":"2024-07-01T14:32:06+00:00","dateModified":"2025-08-12T09:46:45+00:00","description":"Der Kierr Flex 200 Spalt\u00f6ffner ist aus leichtem Aluminium gefertigt. Sie k\u00f6nnen die T\u00fcr oder das Fenster m\u00fchelos von 15-35 cm \u00f6ffnen. Sehen Sie sich das Produkt an.","breadcrumb":{"@id":"https:\/\/kierr.nl\/de\/product\/kierr-flex-200\/#breadcrumb"},"inLanguage":"de","potentialAction":[{"@type":"ReadAction","target":["https:\/\/kierr.nl\/de\/product\/kierr-flex-200\/"]}]},{"@type":"ImageObject","inLanguage":"de","@id":"https:\/\/kierr.nl\/de\/product\/kierr-flex-200\/#primaryimage","url":"https:\/\/kierr.nl\/wp-content\/uploads\/2024\/07\/Frame-1-zonder.jpg","contentUrl":"https:\/\/kierr.nl\/wp-content\/uploads\/2024\/07\/Frame-1-zonder.jpg","width":1600,"height":1920,"caption":"Kierr Flex 200 T\u00fcrfeststeller"},{"@type":"BreadcrumbList","@id":"https:\/\/kierr.nl\/de\/product\/kierr-flex-200\/#breadcrumb","itemListElement":[{"@type":"ListItem","position":1,"name":"Startseite","item":"https:\/\/kierr.nl\/de\/"},{"@type":"ListItem","position":2,"name":"Shop","item":"https:\/\/kierr.nl\/de\/shop\/"},{"@type":"ListItem","position":3,"name":"Kierr Flex 200 (ohne Bohren und Schrauben)"}]},{"@type":"WebSite","@id":"https:\/\/kierr.nl\/de\/#website","url":"https:\/\/kierr.nl\/de\/","name":"Kierr.nl","description":"Deur- en raambeslag","potentialAction":[{"@type":"SearchAction","target":{"@type":"EntryPoint","urlTemplate":"https:\/\/kierr.nl\/de\/?s={search_term_string}"},"query-input":{"@type":"PropertyValueSpecification","valueRequired":true,"valueName":"search_term_string"}}],"inLanguage":"de"}]}},"_links":{"self":[{"href":"https:\/\/kierr.nl\/de\/wp-json\/wp\/v2\/product\/3134","targetHints":{"allow":["GET"]}}],"collection":[{"href":"https:\/\/kierr.nl\/de\/wp-json\/wp\/v2\/product"}],"about":[{"href":"https:\/\/kierr.nl\/de\/wp-json\/wp\/v2\/types\/product"}],"wp:featuredmedia":[{"embeddable":true,"href":"https:\/\/kierr.nl\/de\/wp-json\/wp\/v2\/media\/3821"}],"wp:attachment":[{"href":"https:\/\/kierr.nl\/de\/wp-json\/wp\/v2\/media?parent=3134"}],"wp:term":[{"taxonomy":"product_brand","embeddable":true,"href":"https:\/\/kierr.nl\/de\/wp-json\/wp\/v2\/product_brand?post=3134"},{"taxonomy":"product_cat","embeddable":true,"href":"https:\/\/kierr.nl\/de\/wp-json\/wp\/v2\/product_cat?post=3134"},{"taxonomy":"product_tag","embeddable":true,"href":"https:\/\/kierr.nl\/de\/wp-json\/wp\/v2\/product_tag?post=3134"}],"curies":[{"name":"wp","href":"https:\/\/api.w.org\/{rel}","templated":true}]}}