{"id":3135,"date":"2024-07-05T07:26:01","date_gmt":"2024-07-05T07:26:01","guid":{"rendered":"https:\/\/www.kierr.nl\/product\/kierr-stop-200-magnetisch-fuer-innenraeume\/"},"modified":"2025-05-16T12:32:28","modified_gmt":"2025-05-16T10:32:28","slug":"kierr-stop-200-magnetisch-fuer-innenraeume","status":"publish","type":"product","link":"https:\/\/kierr.nl\/de\/product\/kierr-stop-200-magnetisch-fuer-innenraeume\/","title":{"rendered":"Kierr Stop 200 (ohne Bohren und Schrauben)"},"content":{"rendered":"<p>Eleganter h\u00f6herer T\u00fcrstopper aus Edelstahl mit Magnet zum einfachen Verriegeln und Stoppen der T\u00fcr ohne Bohren und Schrauben. Der T\u00fcrstopper l\u00e4sst sich ganz einfach ohne Bohren und Schrauben mit Hilfe des sehr starken Selbstklebebands am Boden und des Magneten an der Innent\u00fcr anbringen. Der Kierr Stop 200 T\u00fcrstopper ist aus rostfreiem Stahl gefertigt und hat eine anmutige Ausstrahlung. Der Kierr Stop 200 ist die L\u00f6sung f\u00fcr die einfache Montage eines T\u00fcrstoppers an Ihren Innent\u00fcren ohne Bohren und Schrauben!   <\/p>\n<p>Au\u00dferdem bedeutet die magnetische Kraft, dass Sie nichts tun m\u00fcssen, um die T\u00fcr automatisch zu sichern. Achten Sie nur darauf, dass Sie bei der Positionierung keine Stolperfalle schaffen. <\/p>\n<table class=\"shop_attributes table table-bordered attribute-table table-striped\">\n<thead>\n<tr>\n<th><strong>Eigenschaft<\/strong><\/th>\n<th><strong>Wert<\/strong><\/th>\n<\/tr>\n<\/thead>\n<tbody>\n<tr>\n<th><strong>Material<\/strong><\/th>\n<td class=\"product_dimensions\">304 ROSTFREIER STAHL<\/td>\n<\/tr>\n<tr>\n<th><strong>Form<\/strong><\/th>\n<td class=\"product_dimensions\">Elegant<\/td>\n<\/tr>\n<tr>\n<th><strong>Gewicht<\/strong><\/th>\n<td class=\"product_dimensions\">0.12 KG<\/td>\n<\/tr>\n<tr>\n<th><strong>Breite<\/strong><\/th>\n<td class=\"product_dimensions\">50 mm<\/td>\n<\/tr>\n<tr class=\"alt\">\n<th><strong>H\u00f6he<\/strong><\/th>\n<td>80 mm<\/td>\n<\/tr>\n<tr class=\"alt\">\n<th><strong>Durchmesser Magnet f\u00fcr T\u00fcr<\/strong><\/th>\n<td>50 mm<\/td>\n<\/tr>\n<tr>\n<th><strong>Befestigung<\/strong><\/th>\n<td>Sehr starkes selbstklebendes Band<\/td>\n<\/tr>\n<tr class=\"alt\">\n<th><strong>Farbe<\/strong><\/th>\n<td>ROSTFREIER STAHL<\/td>\n<\/tr>\n<tr>\n<th><strong>Verkauft pro<\/strong><\/th>\n<td>pro St\u00fcck<\/td>\n<\/tr>\n<tr class=\"alt\">\n<th><strong>Wof\u00fcr ist das Produkt geeignet<\/strong><\/th>\n<td>T\u00fcrstopper, Abstand Unterseite der T\u00fcr zum Boden maximal 45 mm<\/td>\n<\/tr>\n<tr>\n<th><strong>Pr\u00e4vention<\/strong><\/th>\n<td>Benutzung auf eigene Gefahr. Achten Sie auf Stolperfallen.  Nicht f\u00fcr den Au\u00dfenbereich geeignet, da die Magnete bei Kontakt mit Wasser korrodieren<\/td>\n<\/tr>\n<\/tbody>\n<\/table>\n","protected":false},"excerpt":{"rendered":"<p>Mit dem Kierr Stop 200 T\u00fcrstopper k\u00f6nnen Sie Innent\u00fcren aus Holz, Kunststoff, Aluminium und Glas anhalten und sichern, indem Sie den selbstklebenden T\u00fcrstopper auf den Boden und den selbstklebenden Magneten auf die T\u00fcr legen. Der Kierr Stop 200 ist h\u00f6her als der Kierr Stop 100, so dass Sie im Verh\u00e4ltnis zum Boden eine gr\u00f6\u00dfere Distanz abdecken k\u00f6nnen. Au\u00dferdem kann der Kierr Stop 200, wie alle Kierr Produkte, ohne Bohren oder Schrauben mit dem mitgelieferten superstarken Klebeband befestigt werden, sowohl f\u00fcr den T\u00fcrstopper am Boden als auch f\u00fcr den Magneten an der Innent\u00fcr:   <\/p>\n<p>\u2713 Geeignet als T\u00fcrstopper<br \/>\n\u2713 Magnetisches System<br \/>\n\u2713 Abstand untere T\u00fcr zum Boden max. 45 mm<br \/>\n\u2713 Selbstklebend mit mitgeliefertem Entfettungstuch<br \/>\n\u2713 Schlichtes Aussehen<br \/>\n\u2713 F\u00fcr Innent\u00fcren<br \/>\n\u2713 Einfaches Anhalten und Befestigen<\/p>\n","protected":false},"featured_media":3862,"template":"","meta":{"_acf_changed":false,"site-sidebar-layout":"default","site-content-layout":"","ast-site-content-layout":"default","site-content-style":"default","site-sidebar-style":"default","ast-global-header-display":"","ast-banner-title-visibility":"","ast-main-header-display":"","ast-hfb-above-header-display":"","ast-hfb-below-header-display":"","ast-hfb-mobile-header-display":"","site-post-title":"","ast-breadcrumbs-content":"","ast-featured-img":"","footer-sml-layout":"","ast-disable-related-posts":"","theme-transparent-header-meta":"default","adv-header-id-meta":"","stick-header-meta":"","header-above-stick-meta":"","header-main-stick-meta":"","header-below-stick-meta":"","astra-migrate-meta-layouts":"default","ast-page-background-enabled":"default","ast-page-background-meta":{"desktop":{"background-color":"var(--ast-global-color-4)","background-image":"","background-repeat":"repeat","background-position":"center center","background-size":"auto","background-attachment":"scroll","background-type":"","background-media":"","overlay-type":"","overlay-color":"","overlay-opacity":"","overlay-gradient":""},"tablet":{"background-color":"","background-image":"","background-repeat":"repeat","background-position":"center center","background-size":"auto","background-attachment":"scroll","background-type":"","background-media":"","overlay-type":"","overlay-color":"","overlay-opacity":"","overlay-gradient":""},"mobile":{"background-color":"","background-image":"","background-repeat":"repeat","background-position":"center center","background-size":"auto","background-attachment":"scroll","background-type":"","background-media":"","overlay-type":"","overlay-color":"","overlay-opacity":"","overlay-gradient":""}},"ast-content-background-meta":{"desktop":{"background-color":"var(--ast-global-color-5)","background-image":"","background-repeat":"repeat","background-position":"center center","background-size":"auto","background-attachment":"scroll","background-type":"","background-media":"","overlay-type":"","overlay-color":"","overlay-opacity":"","overlay-gradient":""},"tablet":{"background-color":"var(--ast-global-color-5)","background-image":"","background-repeat":"repeat","background-position":"center center","background-size":"auto","background-attachment":"scroll","background-type":"","background-media":"","overlay-type":"","overlay-color":"","overlay-opacity":"","overlay-gradient":""},"mobile":{"background-color":"var(--ast-global-color-5)","background-image":"","background-repeat":"repeat","background-position":"center center","background-size":"auto","background-attachment":"scroll","background-type":"","background-media":"","overlay-type":"","overlay-color":"","overlay-opacity":"","overlay-gradient":""}}},"product_brand":[],"product_cat":[84,86,93],"product_tag":[],"class_list":{"0":"post-3135","1":"product","2":"type-product","3":"status-publish","4":"has-post-thumbnail","6":"product_cat-turbeschlage","7":"product_cat-turfeststeller","8":"product_cat-turstopper","9":"desktop-align-center","10":"tablet-align-left","11":"mobile-align-left","12":"ast-product-gallery-layout-horizontal-slider","13":"ast-magnify-disabled","14":"ast-product-tabs-layout-horizontal","16":"first","17":"instock","18":"taxable","19":"shipping-taxable","20":"purchasable","21":"product-type-simple"},"acf":[],"yoast_head":"<!-- This site is optimized with the Yoast SEO plugin v27.6 - https:\/\/yoast.com\/product\/yoast-seo-wordpress\/ -->\n<title>Kierr Stop 200 (ohne Bohren und Schrauben) - Kierr.nl<\/title>\n<meta name=\"description\" content=\"Der T\u00fcrstopper und T\u00fcrfeststeller Kierr Stop 200 ist dekorativ und aus rostfreiem Stahl gefertigt. Er wird mit doppelseitigem Klebeband am Boden und an der T\u00fcr befestigt. Ohne Bohren oder Schrauben.\" \/>\n<meta name=\"robots\" content=\"index, follow, max-snippet:-1, max-image-preview:large, max-video-preview:-1\" \/>\n<link rel=\"canonical\" href=\"https:\/\/kierr.nl\/de\/product\/kierr-stop-200-magnetisch-fuer-innenraeume\/\" \/>\n<meta property=\"og:locale\" content=\"de_DE\" \/>\n<meta property=\"og:type\" content=\"article\" \/>\n<meta property=\"og:title\" content=\"Kierr Stop 200 (ohne Bohren und Schrauben) - Kierr.nl\" \/>\n<meta property=\"og:description\" content=\"Der T\u00fcrstopper und T\u00fcrfeststeller Kierr Stop 200 ist dekorativ und aus rostfreiem Stahl gefertigt. Er wird mit doppelseitigem Klebeband am Boden und an der T\u00fcr befestigt. Ohne Bohren oder Schrauben.\" \/>\n<meta property=\"og:url\" content=\"https:\/\/kierr.nl\/de\/product\/kierr-stop-200-magnetisch-fuer-innenraeume\/\" \/>\n<meta property=\"og:site_name\" content=\"Kierr.nl\" \/>\n<meta property=\"article:modified_time\" content=\"2025-05-16T10:32:28+00:00\" \/>\n<meta property=\"og:image\" content=\"https:\/\/kierr.nl\/wp-content\/uploads\/2024\/07\/Frame-1-zonder-7.jpg\" \/>\n\t<meta property=\"og:image:width\" content=\"1600\" \/>\n\t<meta property=\"og:image:height\" content=\"1920\" \/>\n\t<meta property=\"og:image:type\" content=\"image\/jpeg\" \/>\n<meta name=\"twitter:card\" content=\"summary_large_image\" \/>\n<meta name=\"twitter:label1\" content=\"Gesch\u00e4tzte Lesezeit\" \/>\n\t<meta name=\"twitter:data1\" content=\"1\u00a0Minute\" \/>\n<script type=\"application\/ld+json\" class=\"yoast-schema-graph\">{\"@context\":\"https:\\\/\\\/schema.org\",\"@graph\":[{\"@type\":\"WebPage\",\"@id\":\"https:\\\/\\\/kierr.nl\\\/de\\\/product\\\/kierr-stop-200-magnetisch-fuer-innenraeume\\\/\",\"url\":\"https:\\\/\\\/kierr.nl\\\/de\\\/product\\\/kierr-stop-200-magnetisch-fuer-innenraeume\\\/\",\"name\":\"Kierr Stop 200 (ohne Bohren und Schrauben) - Kierr.nl\",\"isPartOf\":{\"@id\":\"https:\\\/\\\/kierr.nl\\\/de\\\/#website\"},\"primaryImageOfPage\":{\"@id\":\"https:\\\/\\\/kierr.nl\\\/de\\\/product\\\/kierr-stop-200-magnetisch-fuer-innenraeume\\\/#primaryimage\"},\"image\":{\"@id\":\"https:\\\/\\\/kierr.nl\\\/de\\\/product\\\/kierr-stop-200-magnetisch-fuer-innenraeume\\\/#primaryimage\"},\"thumbnailUrl\":\"https:\\\/\\\/kierr.nl\\\/wp-content\\\/uploads\\\/2024\\\/07\\\/Frame-1-zonder-7.jpg\",\"datePublished\":\"2024-07-05T07:26:01+00:00\",\"dateModified\":\"2025-05-16T10:32:28+00:00\",\"description\":\"Der T\u00fcrstopper und T\u00fcrfeststeller Kierr Stop 200 ist dekorativ und aus rostfreiem Stahl gefertigt. Er wird mit doppelseitigem Klebeband am Boden und an der T\u00fcr befestigt. Ohne Bohren oder Schrauben.\",\"breadcrumb\":{\"@id\":\"https:\\\/\\\/kierr.nl\\\/de\\\/product\\\/kierr-stop-200-magnetisch-fuer-innenraeume\\\/#breadcrumb\"},\"inLanguage\":\"de\",\"potentialAction\":[{\"@type\":\"ReadAction\",\"target\":[\"https:\\\/\\\/kierr.nl\\\/de\\\/product\\\/kierr-stop-200-magnetisch-fuer-innenraeume\\\/\"]}]},{\"@type\":\"ImageObject\",\"inLanguage\":\"de\",\"@id\":\"https:\\\/\\\/kierr.nl\\\/de\\\/product\\\/kierr-stop-200-magnetisch-fuer-innenraeume\\\/#primaryimage\",\"url\":\"https:\\\/\\\/kierr.nl\\\/wp-content\\\/uploads\\\/2024\\\/07\\\/Frame-1-zonder-7.jpg\",\"contentUrl\":\"https:\\\/\\\/kierr.nl\\\/wp-content\\\/uploads\\\/2024\\\/07\\\/Frame-1-zonder-7.jpg\",\"width\":1600,\"height\":1920,\"caption\":\"Kierr Haltestelle 200\"},{\"@type\":\"BreadcrumbList\",\"@id\":\"https:\\\/\\\/kierr.nl\\\/de\\\/product\\\/kierr-stop-200-magnetisch-fuer-innenraeume\\\/#breadcrumb\",\"itemListElement\":[{\"@type\":\"ListItem\",\"position\":1,\"name\":\"Startseite\",\"item\":\"https:\\\/\\\/kierr.nl\\\/de\\\/\"},{\"@type\":\"ListItem\",\"position\":2,\"name\":\"Shop\",\"item\":\"https:\\\/\\\/kierr.nl\\\/de\\\/shop\\\/\"},{\"@type\":\"ListItem\",\"position\":3,\"name\":\"Kierr Stop 200 (ohne Bohren und Schrauben)\"}]},{\"@type\":\"WebSite\",\"@id\":\"https:\\\/\\\/kierr.nl\\\/de\\\/#website\",\"url\":\"https:\\\/\\\/kierr.nl\\\/de\\\/\",\"name\":\"Kierr.nl\",\"description\":\"Deur- en raambeslag\",\"potentialAction\":[{\"@type\":\"SearchAction\",\"target\":{\"@type\":\"EntryPoint\",\"urlTemplate\":\"https:\\\/\\\/kierr.nl\\\/de\\\/?s={search_term_string}\"},\"query-input\":{\"@type\":\"PropertyValueSpecification\",\"valueRequired\":true,\"valueName\":\"search_term_string\"}}],\"inLanguage\":\"de\"}]}<\/script>\n<!-- \/ Yoast SEO plugin. -->","yoast_head_json":{"title":"Kierr Stop 200 (ohne Bohren und Schrauben) - Kierr.nl","description":"Der T\u00fcrstopper und T\u00fcrfeststeller Kierr Stop 200 ist dekorativ und aus rostfreiem Stahl gefertigt. Er wird mit doppelseitigem Klebeband am Boden und an der T\u00fcr befestigt. Ohne Bohren oder Schrauben.","robots":{"index":"index","follow":"follow","max-snippet":"max-snippet:-1","max-image-preview":"max-image-preview:large","max-video-preview":"max-video-preview:-1"},"canonical":"https:\/\/kierr.nl\/de\/product\/kierr-stop-200-magnetisch-fuer-innenraeume\/","og_locale":"de_DE","og_type":"article","og_title":"Kierr Stop 200 (ohne Bohren und Schrauben) - Kierr.nl","og_description":"Der T\u00fcrstopper und T\u00fcrfeststeller Kierr Stop 200 ist dekorativ und aus rostfreiem Stahl gefertigt. Er wird mit doppelseitigem Klebeband am Boden und an der T\u00fcr befestigt. Ohne Bohren oder Schrauben.","og_url":"https:\/\/kierr.nl\/de\/product\/kierr-stop-200-magnetisch-fuer-innenraeume\/","og_site_name":"Kierr.nl","article_modified_time":"2025-05-16T10:32:28+00:00","og_image":[{"width":1600,"height":1920,"url":"https:\/\/kierr.nl\/wp-content\/uploads\/2024\/07\/Frame-1-zonder-7.jpg","type":"image\/jpeg"}],"twitter_card":"summary_large_image","twitter_misc":{"Gesch\u00e4tzte Lesezeit":"1\u00a0Minute"},"schema":{"@context":"https:\/\/schema.org","@graph":[{"@type":"WebPage","@id":"https:\/\/kierr.nl\/de\/product\/kierr-stop-200-magnetisch-fuer-innenraeume\/","url":"https:\/\/kierr.nl\/de\/product\/kierr-stop-200-magnetisch-fuer-innenraeume\/","name":"Kierr Stop 200 (ohne Bohren und Schrauben) - Kierr.nl","isPartOf":{"@id":"https:\/\/kierr.nl\/de\/#website"},"primaryImageOfPage":{"@id":"https:\/\/kierr.nl\/de\/product\/kierr-stop-200-magnetisch-fuer-innenraeume\/#primaryimage"},"image":{"@id":"https:\/\/kierr.nl\/de\/product\/kierr-stop-200-magnetisch-fuer-innenraeume\/#primaryimage"},"thumbnailUrl":"https:\/\/kierr.nl\/wp-content\/uploads\/2024\/07\/Frame-1-zonder-7.jpg","datePublished":"2024-07-05T07:26:01+00:00","dateModified":"2025-05-16T10:32:28+00:00","description":"Der T\u00fcrstopper und T\u00fcrfeststeller Kierr Stop 200 ist dekorativ und aus rostfreiem Stahl gefertigt. Er wird mit doppelseitigem Klebeband am Boden und an der T\u00fcr befestigt. Ohne Bohren oder Schrauben.","breadcrumb":{"@id":"https:\/\/kierr.nl\/de\/product\/kierr-stop-200-magnetisch-fuer-innenraeume\/#breadcrumb"},"inLanguage":"de","potentialAction":[{"@type":"ReadAction","target":["https:\/\/kierr.nl\/de\/product\/kierr-stop-200-magnetisch-fuer-innenraeume\/"]}]},{"@type":"ImageObject","inLanguage":"de","@id":"https:\/\/kierr.nl\/de\/product\/kierr-stop-200-magnetisch-fuer-innenraeume\/#primaryimage","url":"https:\/\/kierr.nl\/wp-content\/uploads\/2024\/07\/Frame-1-zonder-7.jpg","contentUrl":"https:\/\/kierr.nl\/wp-content\/uploads\/2024\/07\/Frame-1-zonder-7.jpg","width":1600,"height":1920,"caption":"Kierr Haltestelle 200"},{"@type":"BreadcrumbList","@id":"https:\/\/kierr.nl\/de\/product\/kierr-stop-200-magnetisch-fuer-innenraeume\/#breadcrumb","itemListElement":[{"@type":"ListItem","position":1,"name":"Startseite","item":"https:\/\/kierr.nl\/de\/"},{"@type":"ListItem","position":2,"name":"Shop","item":"https:\/\/kierr.nl\/de\/shop\/"},{"@type":"ListItem","position":3,"name":"Kierr Stop 200 (ohne Bohren und Schrauben)"}]},{"@type":"WebSite","@id":"https:\/\/kierr.nl\/de\/#website","url":"https:\/\/kierr.nl\/de\/","name":"Kierr.nl","description":"Deur- en raambeslag","potentialAction":[{"@type":"SearchAction","target":{"@type":"EntryPoint","urlTemplate":"https:\/\/kierr.nl\/de\/?s={search_term_string}"},"query-input":{"@type":"PropertyValueSpecification","valueRequired":true,"valueName":"search_term_string"}}],"inLanguage":"de"}]}},"_links":{"self":[{"href":"https:\/\/kierr.nl\/de\/wp-json\/wp\/v2\/product\/3135","targetHints":{"allow":["GET"]}}],"collection":[{"href":"https:\/\/kierr.nl\/de\/wp-json\/wp\/v2\/product"}],"about":[{"href":"https:\/\/kierr.nl\/de\/wp-json\/wp\/v2\/types\/product"}],"wp:featuredmedia":[{"embeddable":true,"href":"https:\/\/kierr.nl\/de\/wp-json\/wp\/v2\/media\/3862"}],"wp:attachment":[{"href":"https:\/\/kierr.nl\/de\/wp-json\/wp\/v2\/media?parent=3135"}],"wp:term":[{"taxonomy":"product_brand","embeddable":true,"href":"https:\/\/kierr.nl\/de\/wp-json\/wp\/v2\/product_brand?post=3135"},{"taxonomy":"product_cat","embeddable":true,"href":"https:\/\/kierr.nl\/de\/wp-json\/wp\/v2\/product_cat?post=3135"},{"taxonomy":"product_tag","embeddable":true,"href":"https:\/\/kierr.nl\/de\/wp-json\/wp\/v2\/product_tag?post=3135"}],"curies":[{"name":"wp","href":"https:\/\/api.w.org\/{rel}","templated":true}]}}