{"id":3150,"date":"2024-07-01T13:36:34","date_gmt":"2024-07-01T13:36:34","guid":{"rendered":"https:\/\/www.kierr.nl\/product\/kierr-flex-100\/"},"modified":"2026-03-15T16:05:07","modified_gmt":"2026-03-15T15:05:07","slug":"kierr-flex-100","status":"publish","type":"product","link":"https:\/\/kierr.nl\/de\/product\/kierr-flex-100\/","title":{"rendered":"Kierr Flex 100 (ohne Bohren und Schrauben)"},"content":{"rendered":"<p style=\"text-align: left;\">Der Kierr Flex 100 besteht aus Aluminium und ist leicht. Die bewegliche Kunststoff-Klemmfl\u00e4che passt auch auf abgerundete und abgeschr\u00e4gte Fensterrahmen. Mit Hilfe der einfachen Drehkn\u00f6pfe k\u00f6nnen Sie die Kierr Flex leicht festziehen. Der Gummischutz der Klammern sorgt f\u00fcr einen festen Sitz auf Kunststoff, Holz und Aluminium gleicherma\u00dfen! Die Verwendung in Kinderzimmern erfolgt auf eigene Gefahr, auch wegen der losen Teile. Das Anbringen des Kierr an nach au\u00dfen gerichteten Fenstern geschieht ebenfalls auf eigene Gefahr. Sie klemmen den Kierr ein, so dass er immer herunterfallen kann. Wir raten daher davon ab, den Kierr an Stellen anzubringen, die gef\u00e4hrlich sind, wenn er herunterf\u00e4llt. Wenn Sie eine gr\u00f6\u00dfere \u00d6ffnung w\u00fcnschen, zum Beispiel f\u00fcr Haustiere, w\u00e4hlen Sie das Kierr Flex 200 oder 300.        <\/p>\n<table class=\"shop_attributes table table-bordered attribute-table table-striped\">\n<thead>\n<tr>\n<th><strong>Eigenschaft<\/strong><\/th>\n<th><strong>Wert<\/strong><\/th>\n<\/tr>\n<\/thead>\n<tbody>\n<tr>\n<th><strong>Min. Spalt-Einstellung<\/strong><\/th>\n<td class=\"product_dimensions\">ca. 7 cm<\/td>\n<\/tr>\n<tr>\n<th><strong>Max. Spaltposition<\/strong><\/th>\n<td class=\"product_dimensions\">ca. 15 cm<\/td>\n<\/tr>\n<tr>\n<th><strong>Min. Einspannposition<\/strong><\/th>\n<td class=\"product_dimensions\">ca. 1 cm<\/td>\n<\/tr>\n<tr>\n<th><strong>Max. Einspannposition<\/strong><\/th>\n<td class=\"product_dimensions\">ca. 10 cm<\/td>\n<\/tr>\n<tr>\n<th><strong>Abmessungen kierstandhouder<\/strong><\/th>\n<td class=\"product_dimensions\">Ungef\u00e4hr 39 cm lang, 3 cm breit<\/td>\n<\/tr>\n<tr>\n<th><strong>Abmessungen Spannklingen<\/strong><\/th>\n<td class=\"product_dimensions\">8 cm breit, 4 cm hoch<\/td>\n<\/tr>\n<tr class=\"alt\">\n<th><strong>Schutz der Zarge\/T\u00fcrklammerbl\u00e4tter<\/strong><\/th>\n<td>Moosgummi 2 mm<\/td>\n<\/tr>\n<tr>\n<th><strong>Material \/ Farbe<\/strong><\/th>\n<td>Bewegliche Klemmplatten aus Aluminium und Kunststoff<\/td>\n<\/tr>\n<tr class=\"alt\">\n<th><strong>Interieur Stil<\/strong><\/th>\n<td>Aluminium elegant<\/td>\n<\/tr>\n<tr>\n<th><strong>Was im Paket enthalten ist<\/strong><\/th>\n<td>Kierstandhouder wird komplett geliefert<\/td>\n<\/tr>\n<tr class=\"alt\">\n<th><strong>Garantie<\/strong><\/th>\n<td>1 Jahr<\/td>\n<\/tr>\n<tr>\n<th><strong>Verkauft pro<\/strong><\/th>\n<td>pro St\u00fcck<\/td>\n<\/tr>\n<tr class=\"alt\">\n<th><strong>Video mit Anleitungen<\/strong><\/th>\n<td><a href=\"https:\/\/youtu.be\/ZyK3gM-HNKU\">https:\/\/youtu.be\/ZyK3gM-HNKU <\/a><\/td>\n<\/tr>\n<tr>\n<th><strong>Gewicht<\/strong><\/th>\n<td>250 Gramm<\/td>\n<\/tr>\n<tr>\n<th><strong>Fix<\/strong><\/th>\n<td>R\u00e4ndelknopf aus Kunststoff<\/td>\n<\/tr>\n<tr class=\"alt\">\n<th><strong>Zubeh\u00f6r<\/strong><\/th>\n<td>Nein<\/td>\n<\/tr>\n<tr>\n<th><strong>Marke<\/strong><\/th>\n<td>Kierr<\/td>\n<\/tr>\n<tr class=\"alt\">\n<th><strong>Wof\u00fcr ist das Produkt geeignet<\/strong><\/th>\n<td>\u00d6ffnen\/Verriegeln von T\u00fcren\/Fenstern und Verringern der Spaltposition<\/td>\n<\/tr>\n<tr>\n<th><strong>Anwendbarkeit der L\u00fcckenf\u00f6rderung<\/strong><\/th>\n<td>Innen- und Au\u00dfent\u00fcr, Innenfenster, Spaltposition verringern. Verwendung auf eigene Gefahr. <\/td>\n<\/tr>\n<\/tbody>\n<\/table>\n","protected":false},"excerpt":{"rendered":"<p>Mit dem verstellbaren Kierr Flex 100 Fensterschlie\u00dfer und T\u00fcrstopper k\u00f6nnen Sie Fenster und T\u00fcren ohne Bohren und Schrauben auf Kipp sichern.<\/p>\n<p>\u2713 Geeignet als Fenster\u00f6ffner\/Fensterstopper und T\u00fcr\u00f6ffner\/T\u00fcrstopper \u2713 Schwenkbares Klemmsystem aus Kunststoff mit Moosgummi-Schutzschicht \u2713 \u00d6ffnung zwischen 5 und 15 cm \u2713 Elegante Optik aus Aluminium \u2713 Ger\u00e4ndelte Drehkn\u00f6pfe<strong>Nicht geeignet in Kombination mit einem Moskitonetz<\/strong><\/p>\n","protected":false},"featured_media":3818,"template":"","meta":{"_acf_changed":false,"site-sidebar-layout":"default","site-content-layout":"","ast-site-content-layout":"default","site-content-style":"default","site-sidebar-style":"default","ast-global-header-display":"","ast-banner-title-visibility":"","ast-main-header-display":"","ast-hfb-above-header-display":"","ast-hfb-below-header-display":"","ast-hfb-mobile-header-display":"","site-post-title":"","ast-breadcrumbs-content":"","ast-featured-img":"","footer-sml-layout":"","ast-disable-related-posts":"","theme-transparent-header-meta":"default","adv-header-id-meta":"","stick-header-meta":"","header-above-stick-meta":"","header-main-stick-meta":"","header-below-stick-meta":"","astra-migrate-meta-layouts":"default","ast-page-background-enabled":"default","ast-page-background-meta":{"desktop":{"background-color":"var(--ast-global-color-4)","background-image":"","background-repeat":"repeat","background-position":"center center","background-size":"auto","background-attachment":"scroll","background-type":"","background-media":"","overlay-type":"","overlay-color":"","overlay-opacity":"","overlay-gradient":""},"tablet":{"background-color":"","background-image":"","background-repeat":"repeat","background-position":"center center","background-size":"auto","background-attachment":"scroll","background-type":"","background-media":"","overlay-type":"","overlay-color":"","overlay-opacity":"","overlay-gradient":""},"mobile":{"background-color":"","background-image":"","background-repeat":"repeat","background-position":"center center","background-size":"auto","background-attachment":"scroll","background-type":"","background-media":"","overlay-type":"","overlay-color":"","overlay-opacity":"","overlay-gradient":""}},"ast-content-background-meta":{"desktop":{"background-color":"var(--ast-global-color-5)","background-image":"","background-repeat":"repeat","background-position":"center center","background-size":"auto","background-attachment":"scroll","background-type":"","background-media":"","overlay-type":"","overlay-color":"","overlay-opacity":"","overlay-gradient":""},"tablet":{"background-color":"var(--ast-global-color-5)","background-image":"","background-repeat":"repeat","background-position":"center center","background-size":"auto","background-attachment":"scroll","background-type":"","background-media":"","overlay-type":"","overlay-color":"","overlay-opacity":"","overlay-gradient":""},"mobile":{"background-color":"var(--ast-global-color-5)","background-image":"","background-repeat":"repeat","background-position":"center center","background-size":"auto","background-attachment":"scroll","background-type":"","background-media":"","overlay-type":"","overlay-color":"","overlay-opacity":"","overlay-gradient":""}}},"product_brand":[],"product_cat":[96,95,84,86],"product_tag":[],"class_list":{"0":"post-3150","1":"product","2":"type-product","3":"status-publish","4":"has-post-thumbnail","6":"product_cat-fensterbefestigung","7":"product_cat-fensterbeschlage","8":"product_cat-turbeschlage","9":"product_cat-turfeststeller","10":"desktop-align-center","11":"tablet-align-left","12":"mobile-align-left","13":"ast-product-gallery-layout-horizontal-slider","14":"ast-magnify-disabled","15":"ast-product-tabs-layout-horizontal","17":"first","18":"instock","19":"featured","20":"taxable","21":"shipping-taxable","22":"purchasable","23":"product-type-simple"},"acf":[],"yoast_head":"<!-- This site is optimized with the Yoast SEO plugin v27.4 - https:\/\/yoast.com\/product\/yoast-seo-wordpress\/ -->\n<title>Kierr Flex 100 (ohne Bohren und Schrauben) - Kierr.nl<\/title>\n<meta name=\"description\" content=\"Der Kierr Flex 100 Spalt\u00f6ffner ist aus leichtem Aluminium gefertigt. Lassen Sie die T\u00fcr oder das Fenster einfach einen Spalt von 7-15 cm ge\u00f6ffnet. Sehen Sie sich das Produkt an.\" \/>\n<meta name=\"robots\" content=\"index, follow, max-snippet:-1, max-image-preview:large, max-video-preview:-1\" \/>\n<link rel=\"canonical\" href=\"https:\/\/kierr.nl\/de\/product\/kierr-flex-100\/\" \/>\n<meta property=\"og:locale\" content=\"de_DE\" \/>\n<meta property=\"og:type\" content=\"article\" \/>\n<meta property=\"og:title\" content=\"Kierr Flex 100 (ohne Bohren und Schrauben) - Kierr.nl\" \/>\n<meta property=\"og:description\" content=\"Der Kierr Flex 100 Spalt\u00f6ffner ist aus leichtem Aluminium gefertigt. Lassen Sie die T\u00fcr oder das Fenster einfach einen Spalt von 7-15 cm ge\u00f6ffnet. Sehen Sie sich das Produkt an.\" \/>\n<meta property=\"og:url\" content=\"https:\/\/kierr.nl\/de\/product\/kierr-flex-100\/\" \/>\n<meta property=\"og:site_name\" content=\"Kierr.nl\" \/>\n<meta property=\"article:modified_time\" content=\"2026-03-15T15:05:07+00:00\" \/>\n<meta property=\"og:image\" content=\"https:\/\/kierr.nl\/wp-content\/uploads\/2024\/07\/Frame-1zonder.jpg\" \/>\n\t<meta property=\"og:image:width\" content=\"1600\" \/>\n\t<meta property=\"og:image:height\" content=\"1920\" \/>\n\t<meta property=\"og:image:type\" content=\"image\/jpeg\" \/>\n<meta name=\"twitter:card\" content=\"summary_large_image\" \/>\n<meta name=\"twitter:label1\" content=\"Gesch\u00e4tzte Lesezeit\" \/>\n\t<meta name=\"twitter:data1\" content=\"1\u00a0Minute\" \/>\n<script type=\"application\/ld+json\" class=\"yoast-schema-graph\">{\"@context\":\"https:\\\/\\\/schema.org\",\"@graph\":[{\"@type\":\"WebPage\",\"@id\":\"https:\\\/\\\/kierr.nl\\\/de\\\/product\\\/kierr-flex-100\\\/\",\"url\":\"https:\\\/\\\/kierr.nl\\\/de\\\/product\\\/kierr-flex-100\\\/\",\"name\":\"Kierr Flex 100 (ohne Bohren und Schrauben) - Kierr.nl\",\"isPartOf\":{\"@id\":\"https:\\\/\\\/kierr.nl\\\/de\\\/#website\"},\"primaryImageOfPage\":{\"@id\":\"https:\\\/\\\/kierr.nl\\\/de\\\/product\\\/kierr-flex-100\\\/#primaryimage\"},\"image\":{\"@id\":\"https:\\\/\\\/kierr.nl\\\/de\\\/product\\\/kierr-flex-100\\\/#primaryimage\"},\"thumbnailUrl\":\"https:\\\/\\\/kierr.nl\\\/wp-content\\\/uploads\\\/2024\\\/07\\\/Frame-1zonder.jpg\",\"datePublished\":\"2024-07-01T13:36:34+00:00\",\"dateModified\":\"2026-03-15T15:05:07+00:00\",\"description\":\"Der Kierr Flex 100 Spalt\u00f6ffner ist aus leichtem Aluminium gefertigt. Lassen Sie die T\u00fcr oder das Fenster einfach einen Spalt von 7-15 cm ge\u00f6ffnet. Sehen Sie sich das Produkt an.\",\"breadcrumb\":{\"@id\":\"https:\\\/\\\/kierr.nl\\\/de\\\/product\\\/kierr-flex-100\\\/#breadcrumb\"},\"inLanguage\":\"de\",\"potentialAction\":[{\"@type\":\"ReadAction\",\"target\":[\"https:\\\/\\\/kierr.nl\\\/de\\\/product\\\/kierr-flex-100\\\/\"]}]},{\"@type\":\"ImageObject\",\"inLanguage\":\"de\",\"@id\":\"https:\\\/\\\/kierr.nl\\\/de\\\/product\\\/kierr-flex-100\\\/#primaryimage\",\"url\":\"https:\\\/\\\/kierr.nl\\\/wp-content\\\/uploads\\\/2024\\\/07\\\/Frame-1zonder.jpg\",\"contentUrl\":\"https:\\\/\\\/kierr.nl\\\/wp-content\\\/uploads\\\/2024\\\/07\\\/Frame-1zonder.jpg\",\"width\":1600,\"height\":1920,\"caption\":\"Kierr Flex 100 T\u00fcrfeststeller\"},{\"@type\":\"BreadcrumbList\",\"@id\":\"https:\\\/\\\/kierr.nl\\\/de\\\/product\\\/kierr-flex-100\\\/#breadcrumb\",\"itemListElement\":[{\"@type\":\"ListItem\",\"position\":1,\"name\":\"Startseite\",\"item\":\"https:\\\/\\\/kierr.nl\\\/de\\\/\"},{\"@type\":\"ListItem\",\"position\":2,\"name\":\"Shop\",\"item\":\"https:\\\/\\\/kierr.nl\\\/de\\\/shop\\\/\"},{\"@type\":\"ListItem\",\"position\":3,\"name\":\"Kierr Flex 100 (ohne Bohren und Schrauben)\"}]},{\"@type\":\"WebSite\",\"@id\":\"https:\\\/\\\/kierr.nl\\\/de\\\/#website\",\"url\":\"https:\\\/\\\/kierr.nl\\\/de\\\/\",\"name\":\"Kierr.nl\",\"description\":\"Deur- en raambeslag\",\"potentialAction\":[{\"@type\":\"SearchAction\",\"target\":{\"@type\":\"EntryPoint\",\"urlTemplate\":\"https:\\\/\\\/kierr.nl\\\/de\\\/?s={search_term_string}\"},\"query-input\":{\"@type\":\"PropertyValueSpecification\",\"valueRequired\":true,\"valueName\":\"search_term_string\"}}],\"inLanguage\":\"de\"}]}<\/script>\n<!-- \/ Yoast SEO plugin. -->","yoast_head_json":{"title":"Kierr Flex 100 (ohne Bohren und Schrauben) - Kierr.nl","description":"Der Kierr Flex 100 Spalt\u00f6ffner ist aus leichtem Aluminium gefertigt. Lassen Sie die T\u00fcr oder das Fenster einfach einen Spalt von 7-15 cm ge\u00f6ffnet. Sehen Sie sich das Produkt an.","robots":{"index":"index","follow":"follow","max-snippet":"max-snippet:-1","max-image-preview":"max-image-preview:large","max-video-preview":"max-video-preview:-1"},"canonical":"https:\/\/kierr.nl\/de\/product\/kierr-flex-100\/","og_locale":"de_DE","og_type":"article","og_title":"Kierr Flex 100 (ohne Bohren und Schrauben) - Kierr.nl","og_description":"Der Kierr Flex 100 Spalt\u00f6ffner ist aus leichtem Aluminium gefertigt. Lassen Sie die T\u00fcr oder das Fenster einfach einen Spalt von 7-15 cm ge\u00f6ffnet. Sehen Sie sich das Produkt an.","og_url":"https:\/\/kierr.nl\/de\/product\/kierr-flex-100\/","og_site_name":"Kierr.nl","article_modified_time":"2026-03-15T15:05:07+00:00","og_image":[{"width":1600,"height":1920,"url":"https:\/\/kierr.nl\/wp-content\/uploads\/2024\/07\/Frame-1zonder.jpg","type":"image\/jpeg"}],"twitter_card":"summary_large_image","twitter_misc":{"Gesch\u00e4tzte Lesezeit":"1\u00a0Minute"},"schema":{"@context":"https:\/\/schema.org","@graph":[{"@type":"WebPage","@id":"https:\/\/kierr.nl\/de\/product\/kierr-flex-100\/","url":"https:\/\/kierr.nl\/de\/product\/kierr-flex-100\/","name":"Kierr Flex 100 (ohne Bohren und Schrauben) - Kierr.nl","isPartOf":{"@id":"https:\/\/kierr.nl\/de\/#website"},"primaryImageOfPage":{"@id":"https:\/\/kierr.nl\/de\/product\/kierr-flex-100\/#primaryimage"},"image":{"@id":"https:\/\/kierr.nl\/de\/product\/kierr-flex-100\/#primaryimage"},"thumbnailUrl":"https:\/\/kierr.nl\/wp-content\/uploads\/2024\/07\/Frame-1zonder.jpg","datePublished":"2024-07-01T13:36:34+00:00","dateModified":"2026-03-15T15:05:07+00:00","description":"Der Kierr Flex 100 Spalt\u00f6ffner ist aus leichtem Aluminium gefertigt. Lassen Sie die T\u00fcr oder das Fenster einfach einen Spalt von 7-15 cm ge\u00f6ffnet. Sehen Sie sich das Produkt an.","breadcrumb":{"@id":"https:\/\/kierr.nl\/de\/product\/kierr-flex-100\/#breadcrumb"},"inLanguage":"de","potentialAction":[{"@type":"ReadAction","target":["https:\/\/kierr.nl\/de\/product\/kierr-flex-100\/"]}]},{"@type":"ImageObject","inLanguage":"de","@id":"https:\/\/kierr.nl\/de\/product\/kierr-flex-100\/#primaryimage","url":"https:\/\/kierr.nl\/wp-content\/uploads\/2024\/07\/Frame-1zonder.jpg","contentUrl":"https:\/\/kierr.nl\/wp-content\/uploads\/2024\/07\/Frame-1zonder.jpg","width":1600,"height":1920,"caption":"Kierr Flex 100 T\u00fcrfeststeller"},{"@type":"BreadcrumbList","@id":"https:\/\/kierr.nl\/de\/product\/kierr-flex-100\/#breadcrumb","itemListElement":[{"@type":"ListItem","position":1,"name":"Startseite","item":"https:\/\/kierr.nl\/de\/"},{"@type":"ListItem","position":2,"name":"Shop","item":"https:\/\/kierr.nl\/de\/shop\/"},{"@type":"ListItem","position":3,"name":"Kierr Flex 100 (ohne Bohren und Schrauben)"}]},{"@type":"WebSite","@id":"https:\/\/kierr.nl\/de\/#website","url":"https:\/\/kierr.nl\/de\/","name":"Kierr.nl","description":"Deur- en raambeslag","potentialAction":[{"@type":"SearchAction","target":{"@type":"EntryPoint","urlTemplate":"https:\/\/kierr.nl\/de\/?s={search_term_string}"},"query-input":{"@type":"PropertyValueSpecification","valueRequired":true,"valueName":"search_term_string"}}],"inLanguage":"de"}]}},"_links":{"self":[{"href":"https:\/\/kierr.nl\/de\/wp-json\/wp\/v2\/product\/3150","targetHints":{"allow":["GET"]}}],"collection":[{"href":"https:\/\/kierr.nl\/de\/wp-json\/wp\/v2\/product"}],"about":[{"href":"https:\/\/kierr.nl\/de\/wp-json\/wp\/v2\/types\/product"}],"wp:featuredmedia":[{"embeddable":true,"href":"https:\/\/kierr.nl\/de\/wp-json\/wp\/v2\/media\/3818"}],"wp:attachment":[{"href":"https:\/\/kierr.nl\/de\/wp-json\/wp\/v2\/media?parent=3150"}],"wp:term":[{"taxonomy":"product_brand","embeddable":true,"href":"https:\/\/kierr.nl\/de\/wp-json\/wp\/v2\/product_brand?post=3150"},{"taxonomy":"product_cat","embeddable":true,"href":"https:\/\/kierr.nl\/de\/wp-json\/wp\/v2\/product_cat?post=3150"},{"taxonomy":"product_tag","embeddable":true,"href":"https:\/\/kierr.nl\/de\/wp-json\/wp\/v2\/product_tag?post=3150"}],"curies":[{"name":"wp","href":"https:\/\/api.w.org\/{rel}","templated":true}]}}