{"id":3151,"date":"2024-07-05T07:21:57","date_gmt":"2024-07-05T07:21:57","guid":{"rendered":"https:\/\/www.kierr.nl\/product\/kierr-stop-100-magnetisch-fuer-innenraeume\/"},"modified":"2025-05-16T12:32:26","modified_gmt":"2025-05-16T10:32:26","slug":"kierr-stop-100-magnetisch-fuer-innenraeume","status":"publish","type":"product","link":"https:\/\/kierr.nl\/de\/product\/kierr-stop-100-magnetisch-fuer-innenraeume\/","title":{"rendered":"Kierr Stop 100 (ohne Bohren und Schrauben)"},"content":{"rendered":"<p>Luxus-T\u00fcrstopper aus Edelstahl f\u00fcr Innent\u00fcren mit Magnet, geeignet zum einfachen Stoppen und Sichern der T\u00fcr ohne Bohren und Schrauben. Sie legen den T\u00fcrstopper einfach auf den Boden und den Magneten auf die T\u00fcr, die beide mit einem sehr starken Selbstklebeband gesichert werden. Der aus rostfreiem Stahl gefertigte Kierr Stop 100 T\u00fcrstopper hat ein elegantes Aussehen und passt in jede Einrichtung. Der Kierr Stop 100 ist ideal f\u00fcr die schnelle und einfache Montage des T\u00fcrstoppers ohne Bohren und Schrauben! Der Kierr Stop 100 ist auch f\u00fcr Glast\u00fcren geeignet.    <\/p>\n<p>Der T\u00fcrstopper Kierr Stop 100 ist die L\u00f6sung, um Ihre T\u00fcr mit Magnetkraft zu \u00f6ffnen und zu verriegeln. Dank der Magnetkraft brauchen Sie sich nicht zu b\u00fccken, um den T\u00fcrstopper zu ver- oder entriegeln. Achten Sie darauf, dass er nicht zu einer Stolperfalle wird.  <\/p>\n<table class=\"shop_attributes table table-bordered attribute-table table-striped\">\n<thead>\n<tr>\n<th><strong>Eigenschaft<\/strong><\/th>\n<th><strong>Wert<\/strong><\/th>\n<\/tr>\n<\/thead>\n<tbody>\n<tr>\n<th><strong>Material<\/strong><\/th>\n<td class=\"product_dimensions\">304 ROSTFREIER STAHL<\/td>\n<\/tr>\n<tr>\n<th><strong>Form<\/strong><\/th>\n<td class=\"product_dimensions\">Elegant<\/td>\n<\/tr>\n<tr>\n<th><strong>L\u00e4nge<\/strong><\/th>\n<td class=\"product_dimensions\">45 mm<\/td>\n<\/tr>\n<tr>\n<th><strong>Breite<\/strong><\/th>\n<td class=\"product_dimensions\">31 mm<\/td>\n<\/tr>\n<tr class=\"alt\">\n<th><strong>H\u00f6he<\/strong><\/th>\n<td>38 mm<\/td>\n<\/tr>\n<tr class=\"alt\">\n<th><strong>Durchmesser Magnet f\u00fcr T\u00fcr<\/strong><\/th>\n<td>20 mm<\/td>\n<\/tr>\n<tr>\n<th><strong>Befestigung<\/strong><\/th>\n<td>Sehr starkes selbstklebendes Band<\/td>\n<\/tr>\n<tr class=\"alt\">\n<th><strong>Farbe<\/strong><\/th>\n<td>ROSTFREIER STAHL<\/td>\n<\/tr>\n<tr>\n<th><strong>Verkauft pro<\/strong><\/th>\n<td>pro St\u00fcck<\/td>\n<\/tr>\n<tr class=\"alt\">\n<th><strong>Wof\u00fcr ist das Produkt geeignet<\/strong><\/th>\n<td>T\u00fcrstopper in der T\u00fcr, Abstand Unterseite der T\u00fcr zum Boden maximal 10 mm<\/td>\n<\/tr>\n<tr>\n<th><strong>Pr\u00e4vention<\/strong><\/th>\n<td>Benutzung auf eigene Gefahr. Achten Sie auf Stolperfallen. <\/td>\n<\/tr>\n<\/tbody>\n<\/table>\n","protected":false},"excerpt":{"rendered":"<p>Mit dem Kierr Stop 100 T\u00fcrstopper k\u00f6nnen Sie T\u00fcren mit Hilfe eines Magneten im T\u00fcrstopper und eines Magneten an der T\u00fcr anhalten und sichern. Au\u00dferdem l\u00e4sst sich der Kierr Stop 100 T\u00fcrstopper, wie alle Kierr Produkte, ohne Bohren anbringen und mit dem mitgelieferten superstarken Montageklebeband sowohl f\u00fcr den T\u00fcrstopper am Boden als auch f\u00fcr den Magneten an der T\u00fcr perfekt festschrauben: <\/p>\n<p>\u2713 Als T\u00fcrstopper geeignet<br \/>\n\u2713 Magnetisches System<br \/>\n\u2713 Abstand Unterseite der T\u00fcr zum Boden max. 10 mm<br \/>\n\u2713 Elegante Optik<br \/>\n\u2713 F\u00fcr Innent\u00fcren<br \/>\n\u2713 Einfaches Stoppen und Sichern<\/p>\n","protected":false},"featured_media":3839,"template":"","meta":{"_acf_changed":false,"site-sidebar-layout":"default","site-content-layout":"","ast-site-content-layout":"default","site-content-style":"default","site-sidebar-style":"default","ast-global-header-display":"","ast-banner-title-visibility":"","ast-main-header-display":"","ast-hfb-above-header-display":"","ast-hfb-below-header-display":"","ast-hfb-mobile-header-display":"","site-post-title":"","ast-breadcrumbs-content":"","ast-featured-img":"","footer-sml-layout":"","ast-disable-related-posts":"","theme-transparent-header-meta":"default","adv-header-id-meta":"","stick-header-meta":"","header-above-stick-meta":"","header-main-stick-meta":"","header-below-stick-meta":"","astra-migrate-meta-layouts":"default","ast-page-background-enabled":"default","ast-page-background-meta":{"desktop":{"background-color":"var(--ast-global-color-4)","background-image":"","background-repeat":"repeat","background-position":"center center","background-size":"auto","background-attachment":"scroll","background-type":"","background-media":"","overlay-type":"","overlay-color":"","overlay-opacity":"","overlay-gradient":""},"tablet":{"background-color":"","background-image":"","background-repeat":"repeat","background-position":"center center","background-size":"auto","background-attachment":"scroll","background-type":"","background-media":"","overlay-type":"","overlay-color":"","overlay-opacity":"","overlay-gradient":""},"mobile":{"background-color":"","background-image":"","background-repeat":"repeat","background-position":"center center","background-size":"auto","background-attachment":"scroll","background-type":"","background-media":"","overlay-type":"","overlay-color":"","overlay-opacity":"","overlay-gradient":""}},"ast-content-background-meta":{"desktop":{"background-color":"var(--ast-global-color-5)","background-image":"","background-repeat":"repeat","background-position":"center center","background-size":"auto","background-attachment":"scroll","background-type":"","background-media":"","overlay-type":"","overlay-color":"","overlay-opacity":"","overlay-gradient":""},"tablet":{"background-color":"var(--ast-global-color-5)","background-image":"","background-repeat":"repeat","background-position":"center center","background-size":"auto","background-attachment":"scroll","background-type":"","background-media":"","overlay-type":"","overlay-color":"","overlay-opacity":"","overlay-gradient":""},"mobile":{"background-color":"var(--ast-global-color-5)","background-image":"","background-repeat":"repeat","background-position":"center center","background-size":"auto","background-attachment":"scroll","background-type":"","background-media":"","overlay-type":"","overlay-color":"","overlay-opacity":"","overlay-gradient":""}}},"product_brand":[],"product_cat":[84,86,93],"product_tag":[],"class_list":{"0":"post-3151","1":"product","2":"type-product","3":"status-publish","4":"has-post-thumbnail","6":"product_cat-turbeschlage","7":"product_cat-turfeststeller","8":"product_cat-turstopper","9":"product_shipping_class-briefkasten","10":"desktop-align-center","11":"tablet-align-left","12":"mobile-align-left","13":"ast-product-gallery-layout-horizontal-slider","14":"ast-magnify-disabled","15":"ast-product-tabs-layout-horizontal","17":"first","18":"instock","19":"taxable","20":"shipping-taxable","21":"purchasable","22":"product-type-simple"},"acf":[],"yoast_head":"<!-- This site is optimized with the Yoast SEO plugin v27.5 - https:\/\/yoast.com\/product\/yoast-seo-wordpress\/ -->\n<title>Kierr Stop 100 (ohne Bohren und Schrauben) - Kierr.nl<\/title>\n<meta name=\"description\" content=\"Der T\u00fcrstopper und T\u00fcrfeststeller Kierr Stop 100 ist elegant und aus rostfreiem Stahl gefertigt. Wird mit doppelseitigem Klebeband befestigt. Ohne Bohren oder Schrauben. Siehe Produkt.\" \/>\n<meta name=\"robots\" content=\"index, follow, max-snippet:-1, max-image-preview:large, max-video-preview:-1\" \/>\n<link rel=\"canonical\" href=\"https:\/\/kierr.nl\/de\/product\/kierr-stop-100-magnetisch-fuer-innenraeume\/\" \/>\n<meta property=\"og:locale\" content=\"de_DE\" \/>\n<meta property=\"og:type\" content=\"article\" \/>\n<meta property=\"og:title\" content=\"Kierr Stop 100 (ohne Bohren und Schrauben) - Kierr.nl\" \/>\n<meta property=\"og:description\" content=\"Der T\u00fcrstopper und T\u00fcrfeststeller Kierr Stop 100 ist elegant und aus rostfreiem Stahl gefertigt. Wird mit doppelseitigem Klebeband befestigt. Ohne Bohren oder Schrauben. Siehe Produkt.\" \/>\n<meta property=\"og:url\" content=\"https:\/\/kierr.nl\/de\/product\/kierr-stop-100-magnetisch-fuer-innenraeume\/\" \/>\n<meta property=\"og:site_name\" content=\"Kierr.nl\" \/>\n<meta property=\"article:modified_time\" content=\"2025-05-16T10:32:26+00:00\" \/>\n<meta property=\"og:image\" content=\"https:\/\/kierr.nl\/wp-content\/uploads\/2024\/07\/Frame-1-zonder-5.jpg\" \/>\n\t<meta property=\"og:image:width\" content=\"1600\" \/>\n\t<meta property=\"og:image:height\" content=\"1920\" \/>\n\t<meta property=\"og:image:type\" content=\"image\/jpeg\" \/>\n<meta name=\"twitter:card\" content=\"summary_large_image\" \/>\n<meta name=\"twitter:label1\" content=\"Gesch\u00e4tzte Lesezeit\" \/>\n\t<meta name=\"twitter:data1\" content=\"1\u00a0Minute\" \/>\n<script type=\"application\/ld+json\" class=\"yoast-schema-graph\">{\"@context\":\"https:\\\/\\\/schema.org\",\"@graph\":[{\"@type\":\"WebPage\",\"@id\":\"https:\\\/\\\/kierr.nl\\\/de\\\/product\\\/kierr-stop-100-magnetisch-fuer-innenraeume\\\/\",\"url\":\"https:\\\/\\\/kierr.nl\\\/de\\\/product\\\/kierr-stop-100-magnetisch-fuer-innenraeume\\\/\",\"name\":\"Kierr Stop 100 (ohne Bohren und Schrauben) - Kierr.nl\",\"isPartOf\":{\"@id\":\"https:\\\/\\\/kierr.nl\\\/de\\\/#website\"},\"primaryImageOfPage\":{\"@id\":\"https:\\\/\\\/kierr.nl\\\/de\\\/product\\\/kierr-stop-100-magnetisch-fuer-innenraeume\\\/#primaryimage\"},\"image\":{\"@id\":\"https:\\\/\\\/kierr.nl\\\/de\\\/product\\\/kierr-stop-100-magnetisch-fuer-innenraeume\\\/#primaryimage\"},\"thumbnailUrl\":\"https:\\\/\\\/kierr.nl\\\/wp-content\\\/uploads\\\/2024\\\/07\\\/Frame-1-zonder-5.jpg\",\"datePublished\":\"2024-07-05T07:21:57+00:00\",\"dateModified\":\"2025-05-16T10:32:26+00:00\",\"description\":\"Der T\u00fcrstopper und T\u00fcrfeststeller Kierr Stop 100 ist elegant und aus rostfreiem Stahl gefertigt. Wird mit doppelseitigem Klebeband befestigt. Ohne Bohren oder Schrauben. Siehe Produkt.\",\"breadcrumb\":{\"@id\":\"https:\\\/\\\/kierr.nl\\\/de\\\/product\\\/kierr-stop-100-magnetisch-fuer-innenraeume\\\/#breadcrumb\"},\"inLanguage\":\"de\",\"potentialAction\":[{\"@type\":\"ReadAction\",\"target\":[\"https:\\\/\\\/kierr.nl\\\/de\\\/product\\\/kierr-stop-100-magnetisch-fuer-innenraeume\\\/\"]}]},{\"@type\":\"ImageObject\",\"inLanguage\":\"de\",\"@id\":\"https:\\\/\\\/kierr.nl\\\/de\\\/product\\\/kierr-stop-100-magnetisch-fuer-innenraeume\\\/#primaryimage\",\"url\":\"https:\\\/\\\/kierr.nl\\\/wp-content\\\/uploads\\\/2024\\\/07\\\/Frame-1-zonder-5.jpg\",\"contentUrl\":\"https:\\\/\\\/kierr.nl\\\/wp-content\\\/uploads\\\/2024\\\/07\\\/Frame-1-zonder-5.jpg\",\"width\":1600,\"height\":1920,\"caption\":\"Kierr stop 100 T\u00fcrfeststeller\"},{\"@type\":\"BreadcrumbList\",\"@id\":\"https:\\\/\\\/kierr.nl\\\/de\\\/product\\\/kierr-stop-100-magnetisch-fuer-innenraeume\\\/#breadcrumb\",\"itemListElement\":[{\"@type\":\"ListItem\",\"position\":1,\"name\":\"Startseite\",\"item\":\"https:\\\/\\\/kierr.nl\\\/de\\\/\"},{\"@type\":\"ListItem\",\"position\":2,\"name\":\"Shop\",\"item\":\"https:\\\/\\\/kierr.nl\\\/de\\\/shop\\\/\"},{\"@type\":\"ListItem\",\"position\":3,\"name\":\"Kierr Stop 100 (ohne Bohren und Schrauben)\"}]},{\"@type\":\"WebSite\",\"@id\":\"https:\\\/\\\/kierr.nl\\\/de\\\/#website\",\"url\":\"https:\\\/\\\/kierr.nl\\\/de\\\/\",\"name\":\"Kierr.nl\",\"description\":\"Deur- en raambeslag\",\"potentialAction\":[{\"@type\":\"SearchAction\",\"target\":{\"@type\":\"EntryPoint\",\"urlTemplate\":\"https:\\\/\\\/kierr.nl\\\/de\\\/?s={search_term_string}\"},\"query-input\":{\"@type\":\"PropertyValueSpecification\",\"valueRequired\":true,\"valueName\":\"search_term_string\"}}],\"inLanguage\":\"de\"}]}<\/script>\n<!-- \/ Yoast SEO plugin. -->","yoast_head_json":{"title":"Kierr Stop 100 (ohne Bohren und Schrauben) - Kierr.nl","description":"Der T\u00fcrstopper und T\u00fcrfeststeller Kierr Stop 100 ist elegant und aus rostfreiem Stahl gefertigt. Wird mit doppelseitigem Klebeband befestigt. Ohne Bohren oder Schrauben. Siehe Produkt.","robots":{"index":"index","follow":"follow","max-snippet":"max-snippet:-1","max-image-preview":"max-image-preview:large","max-video-preview":"max-video-preview:-1"},"canonical":"https:\/\/kierr.nl\/de\/product\/kierr-stop-100-magnetisch-fuer-innenraeume\/","og_locale":"de_DE","og_type":"article","og_title":"Kierr Stop 100 (ohne Bohren und Schrauben) - Kierr.nl","og_description":"Der T\u00fcrstopper und T\u00fcrfeststeller Kierr Stop 100 ist elegant und aus rostfreiem Stahl gefertigt. Wird mit doppelseitigem Klebeband befestigt. Ohne Bohren oder Schrauben. Siehe Produkt.","og_url":"https:\/\/kierr.nl\/de\/product\/kierr-stop-100-magnetisch-fuer-innenraeume\/","og_site_name":"Kierr.nl","article_modified_time":"2025-05-16T10:32:26+00:00","og_image":[{"width":1600,"height":1920,"url":"https:\/\/kierr.nl\/wp-content\/uploads\/2024\/07\/Frame-1-zonder-5.jpg","type":"image\/jpeg"}],"twitter_card":"summary_large_image","twitter_misc":{"Gesch\u00e4tzte Lesezeit":"1\u00a0Minute"},"schema":{"@context":"https:\/\/schema.org","@graph":[{"@type":"WebPage","@id":"https:\/\/kierr.nl\/de\/product\/kierr-stop-100-magnetisch-fuer-innenraeume\/","url":"https:\/\/kierr.nl\/de\/product\/kierr-stop-100-magnetisch-fuer-innenraeume\/","name":"Kierr Stop 100 (ohne Bohren und Schrauben) - Kierr.nl","isPartOf":{"@id":"https:\/\/kierr.nl\/de\/#website"},"primaryImageOfPage":{"@id":"https:\/\/kierr.nl\/de\/product\/kierr-stop-100-magnetisch-fuer-innenraeume\/#primaryimage"},"image":{"@id":"https:\/\/kierr.nl\/de\/product\/kierr-stop-100-magnetisch-fuer-innenraeume\/#primaryimage"},"thumbnailUrl":"https:\/\/kierr.nl\/wp-content\/uploads\/2024\/07\/Frame-1-zonder-5.jpg","datePublished":"2024-07-05T07:21:57+00:00","dateModified":"2025-05-16T10:32:26+00:00","description":"Der T\u00fcrstopper und T\u00fcrfeststeller Kierr Stop 100 ist elegant und aus rostfreiem Stahl gefertigt. Wird mit doppelseitigem Klebeband befestigt. Ohne Bohren oder Schrauben. Siehe Produkt.","breadcrumb":{"@id":"https:\/\/kierr.nl\/de\/product\/kierr-stop-100-magnetisch-fuer-innenraeume\/#breadcrumb"},"inLanguage":"de","potentialAction":[{"@type":"ReadAction","target":["https:\/\/kierr.nl\/de\/product\/kierr-stop-100-magnetisch-fuer-innenraeume\/"]}]},{"@type":"ImageObject","inLanguage":"de","@id":"https:\/\/kierr.nl\/de\/product\/kierr-stop-100-magnetisch-fuer-innenraeume\/#primaryimage","url":"https:\/\/kierr.nl\/wp-content\/uploads\/2024\/07\/Frame-1-zonder-5.jpg","contentUrl":"https:\/\/kierr.nl\/wp-content\/uploads\/2024\/07\/Frame-1-zonder-5.jpg","width":1600,"height":1920,"caption":"Kierr stop 100 T\u00fcrfeststeller"},{"@type":"BreadcrumbList","@id":"https:\/\/kierr.nl\/de\/product\/kierr-stop-100-magnetisch-fuer-innenraeume\/#breadcrumb","itemListElement":[{"@type":"ListItem","position":1,"name":"Startseite","item":"https:\/\/kierr.nl\/de\/"},{"@type":"ListItem","position":2,"name":"Shop","item":"https:\/\/kierr.nl\/de\/shop\/"},{"@type":"ListItem","position":3,"name":"Kierr Stop 100 (ohne Bohren und Schrauben)"}]},{"@type":"WebSite","@id":"https:\/\/kierr.nl\/de\/#website","url":"https:\/\/kierr.nl\/de\/","name":"Kierr.nl","description":"Deur- en raambeslag","potentialAction":[{"@type":"SearchAction","target":{"@type":"EntryPoint","urlTemplate":"https:\/\/kierr.nl\/de\/?s={search_term_string}"},"query-input":{"@type":"PropertyValueSpecification","valueRequired":true,"valueName":"search_term_string"}}],"inLanguage":"de"}]}},"_links":{"self":[{"href":"https:\/\/kierr.nl\/de\/wp-json\/wp\/v2\/product\/3151","targetHints":{"allow":["GET"]}}],"collection":[{"href":"https:\/\/kierr.nl\/de\/wp-json\/wp\/v2\/product"}],"about":[{"href":"https:\/\/kierr.nl\/de\/wp-json\/wp\/v2\/types\/product"}],"wp:featuredmedia":[{"embeddable":true,"href":"https:\/\/kierr.nl\/de\/wp-json\/wp\/v2\/media\/3839"}],"wp:attachment":[{"href":"https:\/\/kierr.nl\/de\/wp-json\/wp\/v2\/media?parent=3151"}],"wp:term":[{"taxonomy":"product_brand","embeddable":true,"href":"https:\/\/kierr.nl\/de\/wp-json\/wp\/v2\/product_brand?post=3151"},{"taxonomy":"product_cat","embeddable":true,"href":"https:\/\/kierr.nl\/de\/wp-json\/wp\/v2\/product_cat?post=3151"},{"taxonomy":"product_tag","embeddable":true,"href":"https:\/\/kierr.nl\/de\/wp-json\/wp\/v2\/product_tag?post=3151"}],"curies":[{"name":"wp","href":"https:\/\/api.w.org\/{rel}","templated":true}]}}