{"id":3169,"date":"2024-07-05T07:16:08","date_gmt":"2024-07-05T07:16:08","guid":{"rendered":"https:\/\/www.kierr.nl\/product\/kierr-click-200\/"},"modified":"2025-05-16T12:32:29","modified_gmt":"2025-05-16T10:32:29","slug":"kierr-click-200","status":"publish","type":"product","link":"https:\/\/kierr.nl\/de\/product\/kierr-click-200\/","title":{"rendered":"Kierr Click 200 (ohne Bohren und Schrauben)"},"content":{"rendered":"<p style=\"text-align: left;\">Der Kierr Click 200 T\u00fcrfeststeller ist aus Aluminium gefertigt. Der Kierr Click 200 hat den Vorteil, dass er ein magnetischer T\u00fcrfeststeller ist. Sie m\u00fcssen den T\u00fcrfeststeller also nicht abnehmen (Sie k\u00f6nnen es aber, wenn Sie m\u00f6chten), aber andererseits ist die Haltekraft zur Sicherung der T\u00fcr etwas geringer als bei den regul\u00e4ren Kierr-T\u00fcrfeststellern. Der Kierr Click 200 kann auf Kunststoff, Holz und Aluminium verwendet werden! Die Verwendung in Kinderzimmern erfolgt wegen der losen Teile auf eigene Gefahr.    <\/p>\n<table class=\"shop_attributes table table-bordered attribute-table table-striped\">\n<thead>\n<tr>\n<th><strong>Eigenschaft<\/strong><\/th>\n<th><strong>Wert<\/strong><\/th>\n<\/tr>\n<\/thead>\n<tbody>\n<tr>\n<th><strong>Min. Spalt-Einstellung<\/strong><\/th>\n<td class=\"product_dimensions\">ca. 5 cm<\/td>\n<\/tr>\n<tr>\n<th><strong>Max. Spaltposition<\/strong><\/th>\n<td class=\"product_dimensions\">ca. 10 cm<\/td>\n<\/tr>\n<tr>\n<th><strong>Abmessungen Fenster\u00f6ffner<\/strong><\/th>\n<td class=\"product_dimensions\">Ungef\u00e4hr 23 cm lang, 2 cm breit, 4 cm hoch<\/td>\n<\/tr>\n<tr>\n<th><strong>Abmessungen der Magnete<\/strong><\/th>\n<td class=\"product_dimensions\">2 cm quadratisch<\/td>\n<\/tr>\n<tr class=\"alt\">\n<th><strong>Material\/ Farbe<\/strong><\/th>\n<td>Aluminium<\/td>\n<\/tr>\n<tr class=\"alt\">\n<th><strong>Interieur Stil<\/strong><\/th>\n<td>Modern &amp; Schlank<\/td>\n<\/tr>\n<tr>\n<th><strong>Was im Paket enthalten ist<\/strong><\/th>\n<td>Kierstandhouder wird komplett geliefert<\/td>\n<\/tr>\n<tr class=\"alt\">\n<th><strong>Garantie<\/strong><\/th>\n<td>1 Jahr<\/td>\n<\/tr>\n<tr>\n<th><strong>Verkauft pro<\/strong><\/th>\n<td>pro St\u00fcck<\/td>\n<\/tr>\n<tr class=\"alt\">\n<th>Video mit Anleitungen<\/th>\n<td><a href=\"https:\/\/youtu.be\/C8gXbhHj7HE\"> https:\/\/youtu.be\/C8gXbhHj7HE <\/a><\/td>\n<\/tr>\n<tr class=\"alt\">\n<th><strong>Video zur Montage<\/strong><\/th>\n<td><a href=\"https:\/\/youtu.be\/nv0igrFsWew\"> https:\/\/youtu.be\/nv0igrFsWew <\/a><\/td>\n<\/tr>\n<tr>\n<th><strong>Gewicht<\/strong><\/th>\n<td>100 g<\/td>\n<\/tr>\n<tr>\n<th><strong>Fix<\/strong><\/th>\n<td>Kunststoffknopf<\/td>\n<\/tr>\n<tr class=\"alt\">\n<th><strong>Zubeh\u00f6r<\/strong><\/th>\n<td>Nein<\/td>\n<\/tr>\n<tr>\n<th><strong>Marke<\/strong><\/th>\n<td>Kierr<\/td>\n<\/tr>\n<tr class=\"alt\">\n<th><strong>Wof\u00fcr ist das Produkt geeignet<\/strong><\/th>\n<td>Sichern von T\u00fcren<\/td>\n<\/tr>\n<tr>\n<th><strong>Anwendbarkeit der Spaltauflage<\/strong><\/th>\n<td>Innen- und Au\u00dfent\u00fcren<\/td>\n<\/tr>\n<\/tbody>\n<\/table>\n","protected":false},"excerpt":{"rendered":"<p>Mit dem Kierr Click 200 k\u00f6nnen Sie T\u00fcren verriegeln und einfach durch sie hindurchgehen, denn er funktioniert mit Magneten, ohne Bohren und Schrauben. Au\u00dferdem l\u00e4sst sich dieser T\u00fcr\u00f6ffner nach Gebrauch ganz einfach entfernen. <\/p>\n<p>\u2713 Geeignet als T\u00fcr\u00f6ffner<br \/>\n\u2713 Magnetisches System<br \/>\n\u2713 \u00d6ffnung zwischen 5 und 10 cm<br \/>\n\u2713 Elegantes Aussehen aus Aluminium<br \/>\n\u2713 Kleine runde Drehkn\u00f6pfe<br \/>\n\u2713 Automatische \u00d6ffnung zum Durchgehen<\/p>\n","protected":false},"featured_media":3830,"template":"","meta":{"_acf_changed":false,"site-sidebar-layout":"default","site-content-layout":"","ast-site-content-layout":"default","site-content-style":"default","site-sidebar-style":"default","ast-global-header-display":"","ast-banner-title-visibility":"","ast-main-header-display":"","ast-hfb-above-header-display":"","ast-hfb-below-header-display":"","ast-hfb-mobile-header-display":"","site-post-title":"","ast-breadcrumbs-content":"","ast-featured-img":"","footer-sml-layout":"","ast-disable-related-posts":"","theme-transparent-header-meta":"default","adv-header-id-meta":"","stick-header-meta":"","header-above-stick-meta":"","header-main-stick-meta":"","header-below-stick-meta":"","astra-migrate-meta-layouts":"default","ast-page-background-enabled":"default","ast-page-background-meta":{"desktop":{"background-color":"var(--ast-global-color-4)","background-image":"","background-repeat":"repeat","background-position":"center center","background-size":"auto","background-attachment":"scroll","background-type":"","background-media":"","overlay-type":"","overlay-color":"","overlay-opacity":"","overlay-gradient":""},"tablet":{"background-color":"","background-image":"","background-repeat":"repeat","background-position":"center center","background-size":"auto","background-attachment":"scroll","background-type":"","background-media":"","overlay-type":"","overlay-color":"","overlay-opacity":"","overlay-gradient":""},"mobile":{"background-color":"","background-image":"","background-repeat":"repeat","background-position":"center center","background-size":"auto","background-attachment":"scroll","background-type":"","background-media":"","overlay-type":"","overlay-color":"","overlay-opacity":"","overlay-gradient":""}},"ast-content-background-meta":{"desktop":{"background-color":"var(--ast-global-color-5)","background-image":"","background-repeat":"repeat","background-position":"center center","background-size":"auto","background-attachment":"scroll","background-type":"","background-media":"","overlay-type":"","overlay-color":"","overlay-opacity":"","overlay-gradient":""},"tablet":{"background-color":"var(--ast-global-color-5)","background-image":"","background-repeat":"repeat","background-position":"center center","background-size":"auto","background-attachment":"scroll","background-type":"","background-media":"","overlay-type":"","overlay-color":"","overlay-opacity":"","overlay-gradient":""},"mobile":{"background-color":"var(--ast-global-color-5)","background-image":"","background-repeat":"repeat","background-position":"center center","background-size":"auto","background-attachment":"scroll","background-type":"","background-media":"","overlay-type":"","overlay-color":"","overlay-opacity":"","overlay-gradient":""}}},"product_brand":[],"product_cat":[84,86],"product_tag":[],"class_list":{"0":"post-3169","1":"product","2":"type-product","3":"status-publish","4":"has-post-thumbnail","6":"product_cat-turbeschlage","7":"product_cat-turfeststeller","8":"product_shipping_class-briefkastenpaket","9":"desktop-align-center","10":"tablet-align-left","11":"mobile-align-left","12":"ast-product-gallery-layout-horizontal-slider","13":"ast-magnify-disabled","14":"ast-product-tabs-layout-horizontal","16":"first","17":"instock","18":"featured","19":"taxable","20":"shipping-taxable","21":"purchasable","22":"product-type-simple"},"acf":[],"yoast_head":"<!-- This site is optimized with the Yoast SEO plugin v27.4 - https:\/\/yoast.com\/product\/yoast-seo-wordpress\/ -->\n<title>Kierr Click 200 (ohne Bohren und Schrauben) - Kierr.nl<\/title>\n<meta name=\"description\" content=\"Der T\u00fcrfeststeller Kierr Click 200 ist robust und aus Aluminium gefertigt. Sichern Sie die T\u00fcr einfach in einem Abstand von 5-10 cm. Magnetischer Betrieb.\" \/>\n<meta name=\"robots\" content=\"index, follow, max-snippet:-1, max-image-preview:large, max-video-preview:-1\" \/>\n<link rel=\"canonical\" href=\"https:\/\/kierr.nl\/de\/product\/kierr-click-200\/\" \/>\n<meta property=\"og:locale\" content=\"de_DE\" \/>\n<meta property=\"og:type\" content=\"article\" \/>\n<meta property=\"og:title\" content=\"Kierr Click 200 (ohne Bohren und Schrauben) - Kierr.nl\" \/>\n<meta property=\"og:description\" content=\"Der T\u00fcrfeststeller Kierr Click 200 ist robust und aus Aluminium gefertigt. Sichern Sie die T\u00fcr einfach in einem Abstand von 5-10 cm. Magnetischer Betrieb.\" \/>\n<meta property=\"og:url\" content=\"https:\/\/kierr.nl\/de\/product\/kierr-click-200\/\" \/>\n<meta property=\"og:site_name\" content=\"Kierr.nl\" \/>\n<meta property=\"article:modified_time\" content=\"2025-05-16T10:32:29+00:00\" \/>\n<meta property=\"og:image\" content=\"https:\/\/kierr.nl\/wp-content\/uploads\/2024\/07\/Frame-1-zonder-3.jpg\" \/>\n\t<meta property=\"og:image:width\" content=\"1600\" \/>\n\t<meta property=\"og:image:height\" content=\"1920\" \/>\n\t<meta property=\"og:image:type\" content=\"image\/jpeg\" \/>\n<meta name=\"twitter:card\" content=\"summary_large_image\" \/>\n<meta name=\"twitter:label1\" content=\"Gesch\u00e4tzte Lesezeit\" \/>\n\t<meta name=\"twitter:data1\" content=\"1\u00a0Minute\" \/>\n<script type=\"application\/ld+json\" class=\"yoast-schema-graph\">{\"@context\":\"https:\\\/\\\/schema.org\",\"@graph\":[{\"@type\":\"WebPage\",\"@id\":\"https:\\\/\\\/kierr.nl\\\/de\\\/product\\\/kierr-click-200\\\/\",\"url\":\"https:\\\/\\\/kierr.nl\\\/de\\\/product\\\/kierr-click-200\\\/\",\"name\":\"Kierr Click 200 (ohne Bohren und Schrauben) - Kierr.nl\",\"isPartOf\":{\"@id\":\"https:\\\/\\\/kierr.nl\\\/de\\\/#website\"},\"primaryImageOfPage\":{\"@id\":\"https:\\\/\\\/kierr.nl\\\/de\\\/product\\\/kierr-click-200\\\/#primaryimage\"},\"image\":{\"@id\":\"https:\\\/\\\/kierr.nl\\\/de\\\/product\\\/kierr-click-200\\\/#primaryimage\"},\"thumbnailUrl\":\"https:\\\/\\\/kierr.nl\\\/wp-content\\\/uploads\\\/2024\\\/07\\\/Frame-1-zonder-3.jpg\",\"datePublished\":\"2024-07-05T07:16:08+00:00\",\"dateModified\":\"2025-05-16T10:32:29+00:00\",\"description\":\"Der T\u00fcrfeststeller Kierr Click 200 ist robust und aus Aluminium gefertigt. Sichern Sie die T\u00fcr einfach in einem Abstand von 5-10 cm. Magnetischer Betrieb.\",\"breadcrumb\":{\"@id\":\"https:\\\/\\\/kierr.nl\\\/de\\\/product\\\/kierr-click-200\\\/#breadcrumb\"},\"inLanguage\":\"de\",\"potentialAction\":[{\"@type\":\"ReadAction\",\"target\":[\"https:\\\/\\\/kierr.nl\\\/de\\\/product\\\/kierr-click-200\\\/\"]}]},{\"@type\":\"ImageObject\",\"inLanguage\":\"de\",\"@id\":\"https:\\\/\\\/kierr.nl\\\/de\\\/product\\\/kierr-click-200\\\/#primaryimage\",\"url\":\"https:\\\/\\\/kierr.nl\\\/wp-content\\\/uploads\\\/2024\\\/07\\\/Frame-1-zonder-3.jpg\",\"contentUrl\":\"https:\\\/\\\/kierr.nl\\\/wp-content\\\/uploads\\\/2024\\\/07\\\/Frame-1-zonder-3.jpg\",\"width\":1600,\"height\":1920,\"caption\":\"Kierr click 200 T\u00fcrfeststeller\"},{\"@type\":\"BreadcrumbList\",\"@id\":\"https:\\\/\\\/kierr.nl\\\/de\\\/product\\\/kierr-click-200\\\/#breadcrumb\",\"itemListElement\":[{\"@type\":\"ListItem\",\"position\":1,\"name\":\"Startseite\",\"item\":\"https:\\\/\\\/kierr.nl\\\/de\\\/\"},{\"@type\":\"ListItem\",\"position\":2,\"name\":\"Shop\",\"item\":\"https:\\\/\\\/kierr.nl\\\/de\\\/shop\\\/\"},{\"@type\":\"ListItem\",\"position\":3,\"name\":\"Kierr Click 200 (ohne Bohren und Schrauben)\"}]},{\"@type\":\"WebSite\",\"@id\":\"https:\\\/\\\/kierr.nl\\\/de\\\/#website\",\"url\":\"https:\\\/\\\/kierr.nl\\\/de\\\/\",\"name\":\"Kierr.nl\",\"description\":\"Deur- en raambeslag\",\"potentialAction\":[{\"@type\":\"SearchAction\",\"target\":{\"@type\":\"EntryPoint\",\"urlTemplate\":\"https:\\\/\\\/kierr.nl\\\/de\\\/?s={search_term_string}\"},\"query-input\":{\"@type\":\"PropertyValueSpecification\",\"valueRequired\":true,\"valueName\":\"search_term_string\"}}],\"inLanguage\":\"de\"}]}<\/script>\n<!-- \/ Yoast SEO plugin. -->","yoast_head_json":{"title":"Kierr Click 200 (ohne Bohren und Schrauben) - Kierr.nl","description":"Der T\u00fcrfeststeller Kierr Click 200 ist robust und aus Aluminium gefertigt. Sichern Sie die T\u00fcr einfach in einem Abstand von 5-10 cm. Magnetischer Betrieb.","robots":{"index":"index","follow":"follow","max-snippet":"max-snippet:-1","max-image-preview":"max-image-preview:large","max-video-preview":"max-video-preview:-1"},"canonical":"https:\/\/kierr.nl\/de\/product\/kierr-click-200\/","og_locale":"de_DE","og_type":"article","og_title":"Kierr Click 200 (ohne Bohren und Schrauben) - Kierr.nl","og_description":"Der T\u00fcrfeststeller Kierr Click 200 ist robust und aus Aluminium gefertigt. Sichern Sie die T\u00fcr einfach in einem Abstand von 5-10 cm. Magnetischer Betrieb.","og_url":"https:\/\/kierr.nl\/de\/product\/kierr-click-200\/","og_site_name":"Kierr.nl","article_modified_time":"2025-05-16T10:32:29+00:00","og_image":[{"width":1600,"height":1920,"url":"https:\/\/kierr.nl\/wp-content\/uploads\/2024\/07\/Frame-1-zonder-3.jpg","type":"image\/jpeg"}],"twitter_card":"summary_large_image","twitter_misc":{"Gesch\u00e4tzte Lesezeit":"1\u00a0Minute"},"schema":{"@context":"https:\/\/schema.org","@graph":[{"@type":"WebPage","@id":"https:\/\/kierr.nl\/de\/product\/kierr-click-200\/","url":"https:\/\/kierr.nl\/de\/product\/kierr-click-200\/","name":"Kierr Click 200 (ohne Bohren und Schrauben) - Kierr.nl","isPartOf":{"@id":"https:\/\/kierr.nl\/de\/#website"},"primaryImageOfPage":{"@id":"https:\/\/kierr.nl\/de\/product\/kierr-click-200\/#primaryimage"},"image":{"@id":"https:\/\/kierr.nl\/de\/product\/kierr-click-200\/#primaryimage"},"thumbnailUrl":"https:\/\/kierr.nl\/wp-content\/uploads\/2024\/07\/Frame-1-zonder-3.jpg","datePublished":"2024-07-05T07:16:08+00:00","dateModified":"2025-05-16T10:32:29+00:00","description":"Der T\u00fcrfeststeller Kierr Click 200 ist robust und aus Aluminium gefertigt. Sichern Sie die T\u00fcr einfach in einem Abstand von 5-10 cm. Magnetischer Betrieb.","breadcrumb":{"@id":"https:\/\/kierr.nl\/de\/product\/kierr-click-200\/#breadcrumb"},"inLanguage":"de","potentialAction":[{"@type":"ReadAction","target":["https:\/\/kierr.nl\/de\/product\/kierr-click-200\/"]}]},{"@type":"ImageObject","inLanguage":"de","@id":"https:\/\/kierr.nl\/de\/product\/kierr-click-200\/#primaryimage","url":"https:\/\/kierr.nl\/wp-content\/uploads\/2024\/07\/Frame-1-zonder-3.jpg","contentUrl":"https:\/\/kierr.nl\/wp-content\/uploads\/2024\/07\/Frame-1-zonder-3.jpg","width":1600,"height":1920,"caption":"Kierr click 200 T\u00fcrfeststeller"},{"@type":"BreadcrumbList","@id":"https:\/\/kierr.nl\/de\/product\/kierr-click-200\/#breadcrumb","itemListElement":[{"@type":"ListItem","position":1,"name":"Startseite","item":"https:\/\/kierr.nl\/de\/"},{"@type":"ListItem","position":2,"name":"Shop","item":"https:\/\/kierr.nl\/de\/shop\/"},{"@type":"ListItem","position":3,"name":"Kierr Click 200 (ohne Bohren und Schrauben)"}]},{"@type":"WebSite","@id":"https:\/\/kierr.nl\/de\/#website","url":"https:\/\/kierr.nl\/de\/","name":"Kierr.nl","description":"Deur- en raambeslag","potentialAction":[{"@type":"SearchAction","target":{"@type":"EntryPoint","urlTemplate":"https:\/\/kierr.nl\/de\/?s={search_term_string}"},"query-input":{"@type":"PropertyValueSpecification","valueRequired":true,"valueName":"search_term_string"}}],"inLanguage":"de"}]}},"_links":{"self":[{"href":"https:\/\/kierr.nl\/de\/wp-json\/wp\/v2\/product\/3169","targetHints":{"allow":["GET"]}}],"collection":[{"href":"https:\/\/kierr.nl\/de\/wp-json\/wp\/v2\/product"}],"about":[{"href":"https:\/\/kierr.nl\/de\/wp-json\/wp\/v2\/types\/product"}],"wp:featuredmedia":[{"embeddable":true,"href":"https:\/\/kierr.nl\/de\/wp-json\/wp\/v2\/media\/3830"}],"wp:attachment":[{"href":"https:\/\/kierr.nl\/de\/wp-json\/wp\/v2\/media?parent=3169"}],"wp:term":[{"taxonomy":"product_brand","embeddable":true,"href":"https:\/\/kierr.nl\/de\/wp-json\/wp\/v2\/product_brand?post=3169"},{"taxonomy":"product_cat","embeddable":true,"href":"https:\/\/kierr.nl\/de\/wp-json\/wp\/v2\/product_cat?post=3169"},{"taxonomy":"product_tag","embeddable":true,"href":"https:\/\/kierr.nl\/de\/wp-json\/wp\/v2\/product_tag?post=3169"}],"curies":[{"name":"wp","href":"https:\/\/api.w.org\/{rel}","templated":true}]}}