{"id":3177,"date":"2024-07-05T07:09:51","date_gmt":"2024-07-05T07:09:51","guid":{"rendered":"https:\/\/www.kierr.nl\/product\/kierr-click-100\/"},"modified":"2025-11-17T15:24:15","modified_gmt":"2025-11-17T14:24:15","slug":"kierr-click-100","status":"publish","type":"product","link":"https:\/\/kierr.nl\/de\/product\/kierr-click-100\/","title":{"rendered":"Kierr Click 100 (ohne Bohren und Schrauben)"},"content":{"rendered":"<p style=\"text-align: left;\">Die Kierr Click 100 Fensterst\u00fctze ist aus Aluminium gefertigt und dient dazu, die Kippstellung eines Fensters zu verringern oder ein Fenster zu \u00f6ffnen. Der Kierr Click 100 funktioniert mit Magneten und ist f\u00fcr Fenster geeignet, die nach innen schlie\u00dfen. Der Kierr Click 100 Fenster\u00f6ffner kann auf Kunststoff, Holz und Aluminium verwendet werden! Die Verwendung in Kinderzimmern erfolgt aufgrund der losen Teile auf eigene Gefahr.   <\/p>\n<table class=\"shop_attributes table table-bordered attribute-table table-striped\">\n<thead>\n<tr>\n<th><strong>Eigenschaft<\/strong><\/th>\n<th><strong>Wert<\/strong><\/th>\n<\/tr>\n<\/thead>\n<tbody>\n<tr>\n<th><strong>Min. Spalt-Einstellung<\/strong><\/th>\n<td class=\"product_dimensions\">ca. 2 cm<\/td>\n<\/tr>\n<tr>\n<th><strong>Max. Einstellung des Spalts<\/strong><\/th>\n<td class=\"product_dimensions\">ca. 8 cm<\/td>\n<\/tr>\n<tr>\n<th><strong>Abmessungen Fenster\u00f6ffner<\/strong><\/th>\n<td class=\"product_dimensions\">Ungef\u00e4hr 17 cm lang, 2 cm breit, 6 cm hoch<\/td>\n<\/tr>\n<tr>\n<th><strong>Abmessungen der Magnete<\/strong><\/th>\n<td class=\"product_dimensions\">2 cm quadratisch<\/td>\n<\/tr>\n<tr class=\"alt\">\n<th><strong>Material\/ Farbe<\/strong><\/th>\n<td>Aluminium<\/td>\n<\/tr>\n<tr class=\"alt\">\n<th><strong>Interieur Stil<\/strong><\/th>\n<td>Modern &amp; Schlank<\/td>\n<\/tr>\n<tr>\n<th><strong>Was im Paket enthalten ist<\/strong><\/th>\n<td>Kierstandhouder wird komplett geliefert<\/td>\n<\/tr>\n<tr class=\"alt\">\n<th><strong>Garantie<\/strong><\/th>\n<td>1 Jahr<\/td>\n<\/tr>\n<tr>\n<th><strong>Verkauft pro<\/strong><\/th>\n<td>pro St\u00fcck<\/td>\n<\/tr>\n<tr class=\"alt\">\n<th><strong>Video mit Anleitungen<\/strong><\/th>\n<td><a href=\"https:\/\/youtu.be\/XUWuZ9gKotY\">https:\/\/youtu.be\/XUWuZ9gKotY<\/a><\/td>\n<\/tr>\n<tr class=\"alt\">\n<th><strong>Video zur Montage<\/strong><\/th>\n<td><a href=\"https:\/\/youtu.be\/8vkWKuNT_gE\"> https:\/\/youtu.be\/8vkWKuNT_gE<\/a><\/td>\n<\/tr>\n<tr>\n<th><strong>Gewicht<\/strong><\/th>\n<td>100 g<\/td>\n<\/tr>\n<tr>\n<th><strong>Fix<\/strong><\/th>\n<td>Kunststoffknopf<\/td>\n<\/tr>\n<tr class=\"alt\">\n<th><strong>Zubeh\u00f6r<\/strong><\/th>\n<td>Nein<\/td>\n<\/tr>\n<tr>\n<th><strong>Marke<\/strong><\/th>\n<td>Kierr<\/td>\n<\/tr>\n<tr class=\"alt\">\n<th><strong>Wozu ist das Produkt geeignet<\/strong><\/th>\n<td>Verringern der Spaltposition und Verriegeln von Fenstern<\/td>\n<\/tr>\n<tr>\n<th><strong>Anwendbarkeit der Streben<\/strong><\/th>\n<td>Verwenden Sie Fenster und Kippfenster, die bei normalen Wetterbedingungen nach innen gedreht sind, bei starkem Wind kann sich die Fensterhalterung l\u00f6sen.<\/td>\n<\/tr>\n<\/tbody>\n<\/table>\n","protected":false},"excerpt":{"rendered":"<p>Mit dem Kierr Click 100, der mit selbstjustierenden Magneten arbeitet, k\u00f6nnen Sie die Kippstellung von nach innen schwenkenden Fenstern reduzieren und Fenster ohne Bohren und Schrauben sichern. \u2713 Geeignet zur Reduzierung der Kippstellung von nach innen schwenkenden Fenstern und als Fensterfeststeller f\u00fcr nach innen schwenkende Fenster \u2713 Magnetsystem \u2713 \u00d6ffnung zwischen 2 und 8 cm \u2713 Elegante Optik aus Aluminium \u2713 Kleine runde Kn\u00f6pfe<\/p>\n","protected":false},"featured_media":3827,"template":"","meta":{"_acf_changed":false,"site-sidebar-layout":"default","site-content-layout":"","ast-site-content-layout":"default","site-content-style":"default","site-sidebar-style":"default","ast-global-header-display":"","ast-banner-title-visibility":"","ast-main-header-display":"","ast-hfb-above-header-display":"","ast-hfb-below-header-display":"","ast-hfb-mobile-header-display":"","site-post-title":"","ast-breadcrumbs-content":"","ast-featured-img":"","footer-sml-layout":"","ast-disable-related-posts":"","theme-transparent-header-meta":"default","adv-header-id-meta":"","stick-header-meta":"","header-above-stick-meta":"","header-main-stick-meta":"","header-below-stick-meta":"","astra-migrate-meta-layouts":"default","ast-page-background-enabled":"default","ast-page-background-meta":{"desktop":{"background-color":"var(--ast-global-color-4)","background-image":"","background-repeat":"repeat","background-position":"center center","background-size":"auto","background-attachment":"scroll","background-type":"","background-media":"","overlay-type":"","overlay-color":"","overlay-opacity":"","overlay-gradient":""},"tablet":{"background-color":"","background-image":"","background-repeat":"repeat","background-position":"center center","background-size":"auto","background-attachment":"scroll","background-type":"","background-media":"","overlay-type":"","overlay-color":"","overlay-opacity":"","overlay-gradient":""},"mobile":{"background-color":"","background-image":"","background-repeat":"repeat","background-position":"center center","background-size":"auto","background-attachment":"scroll","background-type":"","background-media":"","overlay-type":"","overlay-color":"","overlay-opacity":"","overlay-gradient":""}},"ast-content-background-meta":{"desktop":{"background-color":"var(--ast-global-color-5)","background-image":"","background-repeat":"repeat","background-position":"center center","background-size":"auto","background-attachment":"scroll","background-type":"","background-media":"","overlay-type":"","overlay-color":"","overlay-opacity":"","overlay-gradient":""},"tablet":{"background-color":"var(--ast-global-color-5)","background-image":"","background-repeat":"repeat","background-position":"center center","background-size":"auto","background-attachment":"scroll","background-type":"","background-media":"","overlay-type":"","overlay-color":"","overlay-opacity":"","overlay-gradient":""},"mobile":{"background-color":"var(--ast-global-color-5)","background-image":"","background-repeat":"repeat","background-position":"center center","background-size":"auto","background-attachment":"scroll","background-type":"","background-media":"","overlay-type":"","overlay-color":"","overlay-opacity":"","overlay-gradient":""}}},"product_brand":[],"product_cat":[96,95],"product_tag":[],"class_list":{"0":"post-3177","1":"product","2":"type-product","3":"status-publish","4":"has-post-thumbnail","6":"product_cat-fensterbefestigung","7":"product_cat-fensterbeschlage","8":"product_shipping_class-briefkasten","9":"desktop-align-center","10":"tablet-align-left","11":"mobile-align-left","12":"ast-product-gallery-layout-horizontal-slider","13":"ast-magnify-disabled","14":"ast-product-tabs-layout-horizontal","16":"first","17":"instock","18":"featured","19":"taxable","20":"shipping-taxable","21":"purchasable","22":"product-type-simple"},"acf":[],"yoast_head":"<!-- This site is optimized with the Yoast SEO plugin v27.4 - https:\/\/yoast.com\/product\/yoast-seo-wordpress\/ -->\n<title>Kierr Click 100 (ohne Bohren und Schrauben) - Kierr.nl<\/title>\n<meta name=\"description\" content=\"Die Fensterst\u00fctze Kierr Click 100 ist robust und aus Aluminium gefertigt. Sichern Sie das Fenster einfach in einem Abstand von 2-8 cm. Auch f\u00fcr kippbare Fenster.\" \/>\n<meta name=\"robots\" content=\"index, follow, max-snippet:-1, max-image-preview:large, max-video-preview:-1\" \/>\n<link rel=\"canonical\" href=\"https:\/\/kierr.nl\/de\/product\/kierr-click-100\/\" \/>\n<meta property=\"og:locale\" content=\"de_DE\" \/>\n<meta property=\"og:type\" content=\"article\" \/>\n<meta property=\"og:title\" content=\"Kierr Click 100 (ohne Bohren und Schrauben) - Kierr.nl\" \/>\n<meta property=\"og:description\" content=\"Die Fensterst\u00fctze Kierr Click 100 ist robust und aus Aluminium gefertigt. Sichern Sie das Fenster einfach in einem Abstand von 2-8 cm. Auch f\u00fcr kippbare Fenster.\" \/>\n<meta property=\"og:url\" content=\"https:\/\/kierr.nl\/de\/product\/kierr-click-100\/\" \/>\n<meta property=\"og:site_name\" content=\"Kierr.nl\" \/>\n<meta property=\"article:modified_time\" content=\"2025-11-17T14:24:15+00:00\" \/>\n<meta property=\"og:image\" content=\"https:\/\/kierr.nl\/wp-content\/uploads\/2024\/07\/Frame-1-zonder-2.jpg\" \/>\n\t<meta property=\"og:image:width\" content=\"1600\" \/>\n\t<meta property=\"og:image:height\" content=\"1920\" \/>\n\t<meta property=\"og:image:type\" content=\"image\/jpeg\" \/>\n<meta name=\"twitter:card\" content=\"summary_large_image\" \/>\n<meta name=\"twitter:label1\" content=\"Gesch\u00e4tzte Lesezeit\" \/>\n\t<meta name=\"twitter:data1\" content=\"1\u00a0Minute\" \/>\n<script type=\"application\/ld+json\" class=\"yoast-schema-graph\">{\"@context\":\"https:\\\/\\\/schema.org\",\"@graph\":[{\"@type\":\"WebPage\",\"@id\":\"https:\\\/\\\/kierr.nl\\\/de\\\/product\\\/kierr-click-100\\\/\",\"url\":\"https:\\\/\\\/kierr.nl\\\/de\\\/product\\\/kierr-click-100\\\/\",\"name\":\"Kierr Click 100 (ohne Bohren und Schrauben) - Kierr.nl\",\"isPartOf\":{\"@id\":\"https:\\\/\\\/kierr.nl\\\/de\\\/#website\"},\"primaryImageOfPage\":{\"@id\":\"https:\\\/\\\/kierr.nl\\\/de\\\/product\\\/kierr-click-100\\\/#primaryimage\"},\"image\":{\"@id\":\"https:\\\/\\\/kierr.nl\\\/de\\\/product\\\/kierr-click-100\\\/#primaryimage\"},\"thumbnailUrl\":\"https:\\\/\\\/kierr.nl\\\/wp-content\\\/uploads\\\/2024\\\/07\\\/Frame-1-zonder-2.jpg\",\"datePublished\":\"2024-07-05T07:09:51+00:00\",\"dateModified\":\"2025-11-17T14:24:15+00:00\",\"description\":\"Die Fensterst\u00fctze Kierr Click 100 ist robust und aus Aluminium gefertigt. Sichern Sie das Fenster einfach in einem Abstand von 2-8 cm. Auch f\u00fcr kippbare Fenster.\",\"breadcrumb\":{\"@id\":\"https:\\\/\\\/kierr.nl\\\/de\\\/product\\\/kierr-click-100\\\/#breadcrumb\"},\"inLanguage\":\"de\",\"potentialAction\":[{\"@type\":\"ReadAction\",\"target\":[\"https:\\\/\\\/kierr.nl\\\/de\\\/product\\\/kierr-click-100\\\/\"]}]},{\"@type\":\"ImageObject\",\"inLanguage\":\"de\",\"@id\":\"https:\\\/\\\/kierr.nl\\\/de\\\/product\\\/kierr-click-100\\\/#primaryimage\",\"url\":\"https:\\\/\\\/kierr.nl\\\/wp-content\\\/uploads\\\/2024\\\/07\\\/Frame-1-zonder-2.jpg\",\"contentUrl\":\"https:\\\/\\\/kierr.nl\\\/wp-content\\\/uploads\\\/2024\\\/07\\\/Frame-1-zonder-2.jpg\",\"width\":1600,\"height\":1920,\"caption\":\"Kierr Klick 100 Fenster bleiben\"},{\"@type\":\"BreadcrumbList\",\"@id\":\"https:\\\/\\\/kierr.nl\\\/de\\\/product\\\/kierr-click-100\\\/#breadcrumb\",\"itemListElement\":[{\"@type\":\"ListItem\",\"position\":1,\"name\":\"Startseite\",\"item\":\"https:\\\/\\\/kierr.nl\\\/de\\\/\"},{\"@type\":\"ListItem\",\"position\":2,\"name\":\"Shop\",\"item\":\"https:\\\/\\\/kierr.nl\\\/de\\\/shop\\\/\"},{\"@type\":\"ListItem\",\"position\":3,\"name\":\"Kierr Click 100 (ohne Bohren und Schrauben)\"}]},{\"@type\":\"WebSite\",\"@id\":\"https:\\\/\\\/kierr.nl\\\/de\\\/#website\",\"url\":\"https:\\\/\\\/kierr.nl\\\/de\\\/\",\"name\":\"Kierr.nl\",\"description\":\"Deur- en raambeslag\",\"potentialAction\":[{\"@type\":\"SearchAction\",\"target\":{\"@type\":\"EntryPoint\",\"urlTemplate\":\"https:\\\/\\\/kierr.nl\\\/de\\\/?s={search_term_string}\"},\"query-input\":{\"@type\":\"PropertyValueSpecification\",\"valueRequired\":true,\"valueName\":\"search_term_string\"}}],\"inLanguage\":\"de\"}]}<\/script>\n<!-- \/ Yoast SEO plugin. -->","yoast_head_json":{"title":"Kierr Click 100 (ohne Bohren und Schrauben) - Kierr.nl","description":"Die Fensterst\u00fctze Kierr Click 100 ist robust und aus Aluminium gefertigt. Sichern Sie das Fenster einfach in einem Abstand von 2-8 cm. Auch f\u00fcr kippbare Fenster.","robots":{"index":"index","follow":"follow","max-snippet":"max-snippet:-1","max-image-preview":"max-image-preview:large","max-video-preview":"max-video-preview:-1"},"canonical":"https:\/\/kierr.nl\/de\/product\/kierr-click-100\/","og_locale":"de_DE","og_type":"article","og_title":"Kierr Click 100 (ohne Bohren und Schrauben) - Kierr.nl","og_description":"Die Fensterst\u00fctze Kierr Click 100 ist robust und aus Aluminium gefertigt. Sichern Sie das Fenster einfach in einem Abstand von 2-8 cm. Auch f\u00fcr kippbare Fenster.","og_url":"https:\/\/kierr.nl\/de\/product\/kierr-click-100\/","og_site_name":"Kierr.nl","article_modified_time":"2025-11-17T14:24:15+00:00","og_image":[{"width":1600,"height":1920,"url":"https:\/\/kierr.nl\/wp-content\/uploads\/2024\/07\/Frame-1-zonder-2.jpg","type":"image\/jpeg"}],"twitter_card":"summary_large_image","twitter_misc":{"Gesch\u00e4tzte Lesezeit":"1\u00a0Minute"},"schema":{"@context":"https:\/\/schema.org","@graph":[{"@type":"WebPage","@id":"https:\/\/kierr.nl\/de\/product\/kierr-click-100\/","url":"https:\/\/kierr.nl\/de\/product\/kierr-click-100\/","name":"Kierr Click 100 (ohne Bohren und Schrauben) - Kierr.nl","isPartOf":{"@id":"https:\/\/kierr.nl\/de\/#website"},"primaryImageOfPage":{"@id":"https:\/\/kierr.nl\/de\/product\/kierr-click-100\/#primaryimage"},"image":{"@id":"https:\/\/kierr.nl\/de\/product\/kierr-click-100\/#primaryimage"},"thumbnailUrl":"https:\/\/kierr.nl\/wp-content\/uploads\/2024\/07\/Frame-1-zonder-2.jpg","datePublished":"2024-07-05T07:09:51+00:00","dateModified":"2025-11-17T14:24:15+00:00","description":"Die Fensterst\u00fctze Kierr Click 100 ist robust und aus Aluminium gefertigt. Sichern Sie das Fenster einfach in einem Abstand von 2-8 cm. Auch f\u00fcr kippbare Fenster.","breadcrumb":{"@id":"https:\/\/kierr.nl\/de\/product\/kierr-click-100\/#breadcrumb"},"inLanguage":"de","potentialAction":[{"@type":"ReadAction","target":["https:\/\/kierr.nl\/de\/product\/kierr-click-100\/"]}]},{"@type":"ImageObject","inLanguage":"de","@id":"https:\/\/kierr.nl\/de\/product\/kierr-click-100\/#primaryimage","url":"https:\/\/kierr.nl\/wp-content\/uploads\/2024\/07\/Frame-1-zonder-2.jpg","contentUrl":"https:\/\/kierr.nl\/wp-content\/uploads\/2024\/07\/Frame-1-zonder-2.jpg","width":1600,"height":1920,"caption":"Kierr Klick 100 Fenster bleiben"},{"@type":"BreadcrumbList","@id":"https:\/\/kierr.nl\/de\/product\/kierr-click-100\/#breadcrumb","itemListElement":[{"@type":"ListItem","position":1,"name":"Startseite","item":"https:\/\/kierr.nl\/de\/"},{"@type":"ListItem","position":2,"name":"Shop","item":"https:\/\/kierr.nl\/de\/shop\/"},{"@type":"ListItem","position":3,"name":"Kierr Click 100 (ohne Bohren und Schrauben)"}]},{"@type":"WebSite","@id":"https:\/\/kierr.nl\/de\/#website","url":"https:\/\/kierr.nl\/de\/","name":"Kierr.nl","description":"Deur- en raambeslag","potentialAction":[{"@type":"SearchAction","target":{"@type":"EntryPoint","urlTemplate":"https:\/\/kierr.nl\/de\/?s={search_term_string}"},"query-input":{"@type":"PropertyValueSpecification","valueRequired":true,"valueName":"search_term_string"}}],"inLanguage":"de"}]}},"_links":{"self":[{"href":"https:\/\/kierr.nl\/de\/wp-json\/wp\/v2\/product\/3177","targetHints":{"allow":["GET"]}}],"collection":[{"href":"https:\/\/kierr.nl\/de\/wp-json\/wp\/v2\/product"}],"about":[{"href":"https:\/\/kierr.nl\/de\/wp-json\/wp\/v2\/types\/product"}],"wp:featuredmedia":[{"embeddable":true,"href":"https:\/\/kierr.nl\/de\/wp-json\/wp\/v2\/media\/3827"}],"wp:attachment":[{"href":"https:\/\/kierr.nl\/de\/wp-json\/wp\/v2\/media?parent=3177"}],"wp:term":[{"taxonomy":"product_brand","embeddable":true,"href":"https:\/\/kierr.nl\/de\/wp-json\/wp\/v2\/product_brand?post=3177"},{"taxonomy":"product_cat","embeddable":true,"href":"https:\/\/kierr.nl\/de\/wp-json\/wp\/v2\/product_cat?post=3177"},{"taxonomy":"product_tag","embeddable":true,"href":"https:\/\/kierr.nl\/de\/wp-json\/wp\/v2\/product_tag?post=3177"}],"curies":[{"name":"wp","href":"https:\/\/api.w.org\/{rel}","templated":true}]}}