{"id":3451,"date":"2024-10-12T12:40:19","date_gmt":"2024-10-12T10:40:19","guid":{"rendered":"https:\/\/www.kierr.nl\/?post_type=product&#038;p=3451"},"modified":"2025-05-16T12:32:54","modified_gmt":"2025-05-16T10:32:54","slug":"kierr-stop-300-sehr-starker-magnet-fur-den-innen-und-ausenbereich-kopie","status":"publish","type":"product","link":"https:\/\/kierr.nl\/de\/product\/kierr-stop-300-sehr-starker-magnet-fur-den-innen-und-ausenbereich-kopie\/","title":{"rendered":"Kierr Stop 350 (zum Anschrauben an die Wand und ohne Bohren und Schrauben an der T\u00fcr)"},"content":{"rendered":"<p>Suchen Sie nach einer praktischen L\u00f6sung, um Ihre T\u00fcren offen zu halten, ohne in die T\u00fcr zu bohren? Wenn Sie in die Wand schrauben k\u00f6nnen, ist der Stop 350 die L\u00f6sung f\u00fcr Sie! Kierr bietet mit dem Stop 350 T\u00fcrstopper die perfekte L\u00f6sung. Dieser leistungsstarke magnetische T\u00fcrstopper aus Edelstahl ist nicht nur f\u00fcr Holzt\u00fcren geeignet, sondern funktioniert auch perfekt an Kunststoff- und Aluminiumt\u00fcren. Dieses Modell l\u00e4sst sich einfach mit Schrauben an der Wand befestigen und auf die T\u00fcr kleben.    <\/p>\n<table class=\"shop_attributes table table-bordered attribute-table table-striped\">\n<thead>\n<tr>\n<th><strong>Eigenschaft<\/strong><\/th>\n<th><strong>Wert<\/strong><\/th>\n<\/tr>\n<\/thead>\n<tbody>\n<tr>\n<th><strong>Material<\/strong><\/th>\n<td class=\"product_dimensions\">304 ROSTFREIER STAHL<\/td>\n<\/tr>\n<tr>\n<th><strong>Form<\/strong><\/th>\n<td class=\"product_dimensions\">Rund<\/td>\n<\/tr>\n<tr>\n<th><strong>Gewicht<\/strong><\/th>\n<td class=\"product_dimensions\">0.18 KG<\/td>\n<\/tr>\n<tr>\n<th><strong>Breite<\/strong><\/th>\n<td class=\"product_dimensions\">48 mm<\/td>\n<\/tr>\n<tr class=\"alt\">\n<th><strong>H\u00f6he<\/strong><\/th>\n<td>82 mm<\/td>\n<\/tr>\n<tr class=\"alt\">\n<th><strong>Durchmesser Magnet f\u00fcr T\u00fcr<\/strong><\/th>\n<td>48 mm<\/td>\n<\/tr>\n<tr>\n<th><strong>Befestigung<\/strong><\/th>\n<td>Hochfestes Selbstklebeband und Schrauben<\/td>\n<\/tr>\n<tr class=\"alt\">\n<th><strong>Farbe<\/strong><\/th>\n<td>ROSTFREIER STAHL<\/td>\n<\/tr>\n<tr>\n<th><strong>Verkauft pro<\/strong><\/th>\n<td>pro St\u00fcck<\/td>\n<\/tr>\n<tr class=\"alt\">\n<th><strong>F\u00fcr was ist das Produkt geeignet<\/strong><\/th>\n<td>T\u00fcrstopper<\/td>\n<\/tr>\n<tr>\n<th><strong>Pr\u00e4vention<\/strong><\/th>\n<td>Die Verwendung erfolgt auf eigene Gefahr.<\/td>\n<\/tr>\n<\/tbody>\n<\/table>\n","protected":false},"excerpt":{"rendered":"<p>Mit dem Kierr Stop 350 T\u00fcrstopper k\u00f6nnen Sie Innent\u00fcren aus Holz, Kunststoff, Aluminium und Glas stoppen und sichern, indem Sie ihn an der T\u00fcr befestigen. Der Kierr Stop 350 ist ein formsch\u00f6ner, selbstklebender magnetischer T\u00fcrstopper aus rostfreiem Stahl. Der Kierr Stop 350 T\u00fcrstopper kann ohne Bohren und Schrauben an der T\u00fcr und mit Bohren und Schrauben an der Wand befestigt werden.  <\/p>\n<p>Der Stop 350 kann auch im Freien verwendet werden. Wenn Sie eine Option w\u00fcnschen, die auch an der Wand befestigt werden kann, k\u00f6nnen Sie den Stop 30o bestellen. <\/p>\n<p>\u2713 Geeignet als T\u00fcrstopper \/ T\u00fcrfeststeller sowohl horizontal als auch vertikal einsetzbar<br \/>\n\u2713 Magnetisches System sehr stark<br \/>\n\u2713 Selbstklebend mit mitgeliefertem Entfettungstuch<br \/>\n\u2713 In die Wand schrauben und auf die T\u00fcr kleben<br \/>\n\u2713 Abgerundetes Aussehen und aus Edelstahl gefertigt und in allen Graden platzierbar<br \/>\n\u2713 F\u00fcr Innen- und Au\u00dfent\u00fcren<br \/>\n\u2713 Einfach zu stoppen und zu sichern<\/p>\n","protected":false},"featured_media":3859,"template":"","meta":{"_acf_changed":false,"site-sidebar-layout":"default","site-content-layout":"","ast-site-content-layout":"default","site-content-style":"default","site-sidebar-style":"default","ast-global-header-display":"","ast-banner-title-visibility":"","ast-main-header-display":"","ast-hfb-above-header-display":"","ast-hfb-below-header-display":"","ast-hfb-mobile-header-display":"","site-post-title":"","ast-breadcrumbs-content":"","ast-featured-img":"","footer-sml-layout":"","ast-disable-related-posts":"","theme-transparent-header-meta":"default","adv-header-id-meta":"","stick-header-meta":"","header-above-stick-meta":"","header-main-stick-meta":"","header-below-stick-meta":"","astra-migrate-meta-layouts":"set","ast-page-background-enabled":"default","ast-page-background-meta":{"desktop":{"background-color":"var(--ast-global-color-4)","background-image":"","background-repeat":"repeat","background-position":"center center","background-size":"auto","background-attachment":"scroll","background-type":"","background-media":"","overlay-type":"","overlay-color":"","overlay-opacity":"","overlay-gradient":""},"tablet":{"background-color":"","background-image":"","background-repeat":"repeat","background-position":"center center","background-size":"auto","background-attachment":"scroll","background-type":"","background-media":"","overlay-type":"","overlay-color":"","overlay-opacity":"","overlay-gradient":""},"mobile":{"background-color":"","background-image":"","background-repeat":"repeat","background-position":"center center","background-size":"auto","background-attachment":"scroll","background-type":"","background-media":"","overlay-type":"","overlay-color":"","overlay-opacity":"","overlay-gradient":""}},"ast-content-background-meta":{"desktop":{"background-color":"var(--ast-global-color-5)","background-image":"","background-repeat":"repeat","background-position":"center center","background-size":"auto","background-attachment":"scroll","background-type":"","background-media":"","overlay-type":"","overlay-color":"","overlay-opacity":"","overlay-gradient":""},"tablet":{"background-color":"var(--ast-global-color-5)","background-image":"","background-repeat":"repeat","background-position":"center center","background-size":"auto","background-attachment":"scroll","background-type":"","background-media":"","overlay-type":"","overlay-color":"","overlay-opacity":"","overlay-gradient":""},"mobile":{"background-color":"var(--ast-global-color-5)","background-image":"","background-repeat":"repeat","background-position":"center center","background-size":"auto","background-attachment":"scroll","background-type":"","background-media":"","overlay-type":"","overlay-color":"","overlay-opacity":"","overlay-gradient":""}}},"product_brand":[],"product_cat":[84,86,93],"product_tag":[],"class_list":{"0":"post-3451","1":"product","2":"type-product","3":"status-publish","4":"has-post-thumbnail","6":"product_cat-turbeschlage","7":"product_cat-turfeststeller","8":"product_cat-turstopper","9":"desktop-align-center","10":"tablet-align-left","11":"mobile-align-left","12":"ast-product-gallery-layout-horizontal-slider","13":"ast-magnify-disabled","14":"ast-product-tabs-layout-horizontal","16":"first","17":"instock","18":"taxable","19":"shipping-taxable","20":"purchasable","21":"product-type-simple"},"acf":[],"yoast_head":"<!-- This site is optimized with the Yoast SEO plugin v27.4 - https:\/\/yoast.com\/product\/yoast-seo-wordpress\/ -->\n<title>Kierr Stop 350 (zum Anschrauben an die Wand und ohne Bohren und Schrauben an der T\u00fcr) - Kierr.nl<\/title>\n<meta name=\"description\" content=\"Der T\u00fcrfeststeller Kierr Stop 3050 ist rund und ebenfalls aus Edelstahl gefertigt. Wird mit doppelseitigem Klebeband am Rahmen und Schrauben in der T\u00fcr befestigt.\" \/>\n<meta name=\"robots\" content=\"index, follow, max-snippet:-1, max-image-preview:large, max-video-preview:-1\" \/>\n<link rel=\"canonical\" href=\"https:\/\/kierr.nl\/de\/product\/kierr-stop-300-sehr-starker-magnet-fur-den-innen-und-ausenbereich-kopie\/\" \/>\n<meta property=\"og:locale\" content=\"de_DE\" \/>\n<meta property=\"og:type\" content=\"article\" \/>\n<meta property=\"og:title\" content=\"Kierr Stop 350 (zum Anschrauben an die Wand und ohne Bohren und Schrauben an der T\u00fcr) - Kierr.nl\" \/>\n<meta property=\"og:description\" content=\"Der T\u00fcrfeststeller Kierr Stop 3050 ist rund und ebenfalls aus Edelstahl gefertigt. Wird mit doppelseitigem Klebeband am Rahmen und Schrauben in der T\u00fcr befestigt.\" \/>\n<meta property=\"og:url\" content=\"https:\/\/kierr.nl\/de\/product\/kierr-stop-300-sehr-starker-magnet-fur-den-innen-und-ausenbereich-kopie\/\" \/>\n<meta property=\"og:site_name\" content=\"Kierr.nl\" \/>\n<meta property=\"article:modified_time\" content=\"2025-05-16T10:32:54+00:00\" \/>\n<meta property=\"og:image\" content=\"https:\/\/kierr.nl\/wp-content\/uploads\/2024\/10\/Frame-1-met.jpg\" \/>\n\t<meta property=\"og:image:width\" content=\"1600\" \/>\n\t<meta property=\"og:image:height\" content=\"1920\" \/>\n\t<meta property=\"og:image:type\" content=\"image\/jpeg\" \/>\n<meta name=\"twitter:card\" content=\"summary_large_image\" \/>\n<meta name=\"twitter:label1\" content=\"Gesch\u00e4tzte Lesezeit\" \/>\n\t<meta name=\"twitter:data1\" content=\"1\u00a0Minute\" \/>\n<script type=\"application\/ld+json\" class=\"yoast-schema-graph\">{\"@context\":\"https:\\\/\\\/schema.org\",\"@graph\":[{\"@type\":\"WebPage\",\"@id\":\"https:\\\/\\\/kierr.nl\\\/de\\\/product\\\/kierr-stop-300-sehr-starker-magnet-fur-den-innen-und-ausenbereich-kopie\\\/\",\"url\":\"https:\\\/\\\/kierr.nl\\\/de\\\/product\\\/kierr-stop-300-sehr-starker-magnet-fur-den-innen-und-ausenbereich-kopie\\\/\",\"name\":\"Kierr Stop 350 (zum Anschrauben an die Wand und ohne Bohren und Schrauben an der T\u00fcr) - Kierr.nl\",\"isPartOf\":{\"@id\":\"https:\\\/\\\/kierr.nl\\\/de\\\/#website\"},\"primaryImageOfPage\":{\"@id\":\"https:\\\/\\\/kierr.nl\\\/de\\\/product\\\/kierr-stop-300-sehr-starker-magnet-fur-den-innen-und-ausenbereich-kopie\\\/#primaryimage\"},\"image\":{\"@id\":\"https:\\\/\\\/kierr.nl\\\/de\\\/product\\\/kierr-stop-300-sehr-starker-magnet-fur-den-innen-und-ausenbereich-kopie\\\/#primaryimage\"},\"thumbnailUrl\":\"https:\\\/\\\/kierr.nl\\\/wp-content\\\/uploads\\\/2024\\\/10\\\/Frame-1-met.jpg\",\"datePublished\":\"2024-10-12T10:40:19+00:00\",\"dateModified\":\"2025-05-16T10:32:54+00:00\",\"description\":\"Der T\u00fcrfeststeller Kierr Stop 3050 ist rund und ebenfalls aus Edelstahl gefertigt. Wird mit doppelseitigem Klebeband am Rahmen und Schrauben in der T\u00fcr befestigt.\",\"breadcrumb\":{\"@id\":\"https:\\\/\\\/kierr.nl\\\/de\\\/product\\\/kierr-stop-300-sehr-starker-magnet-fur-den-innen-und-ausenbereich-kopie\\\/#breadcrumb\"},\"inLanguage\":\"de\",\"potentialAction\":[{\"@type\":\"ReadAction\",\"target\":[\"https:\\\/\\\/kierr.nl\\\/de\\\/product\\\/kierr-stop-300-sehr-starker-magnet-fur-den-innen-und-ausenbereich-kopie\\\/\"]}]},{\"@type\":\"ImageObject\",\"inLanguage\":\"de\",\"@id\":\"https:\\\/\\\/kierr.nl\\\/de\\\/product\\\/kierr-stop-300-sehr-starker-magnet-fur-den-innen-und-ausenbereich-kopie\\\/#primaryimage\",\"url\":\"https:\\\/\\\/kierr.nl\\\/wp-content\\\/uploads\\\/2024\\\/10\\\/Frame-1-met.jpg\",\"contentUrl\":\"https:\\\/\\\/kierr.nl\\\/wp-content\\\/uploads\\\/2024\\\/10\\\/Frame-1-met.jpg\",\"width\":1600,\"height\":1920,\"caption\":\"Kierr stop 350 T\u00fcrfeststeller\"},{\"@type\":\"BreadcrumbList\",\"@id\":\"https:\\\/\\\/kierr.nl\\\/de\\\/product\\\/kierr-stop-300-sehr-starker-magnet-fur-den-innen-und-ausenbereich-kopie\\\/#breadcrumb\",\"itemListElement\":[{\"@type\":\"ListItem\",\"position\":1,\"name\":\"Startseite\",\"item\":\"https:\\\/\\\/kierr.nl\\\/de\\\/\"},{\"@type\":\"ListItem\",\"position\":2,\"name\":\"Shop\",\"item\":\"https:\\\/\\\/kierr.nl\\\/de\\\/shop\\\/\"},{\"@type\":\"ListItem\",\"position\":3,\"name\":\"Kierr Stop 350 (zum Anschrauben an die Wand und ohne Bohren und Schrauben an der T\u00fcr)\"}]},{\"@type\":\"WebSite\",\"@id\":\"https:\\\/\\\/kierr.nl\\\/de\\\/#website\",\"url\":\"https:\\\/\\\/kierr.nl\\\/de\\\/\",\"name\":\"Kierr.nl\",\"description\":\"Deur- en raambeslag\",\"potentialAction\":[{\"@type\":\"SearchAction\",\"target\":{\"@type\":\"EntryPoint\",\"urlTemplate\":\"https:\\\/\\\/kierr.nl\\\/de\\\/?s={search_term_string}\"},\"query-input\":{\"@type\":\"PropertyValueSpecification\",\"valueRequired\":true,\"valueName\":\"search_term_string\"}}],\"inLanguage\":\"de\"}]}<\/script>\n<!-- \/ Yoast SEO plugin. -->","yoast_head_json":{"title":"Kierr Stop 350 (zum Anschrauben an die Wand und ohne Bohren und Schrauben an der T\u00fcr) - Kierr.nl","description":"Der T\u00fcrfeststeller Kierr Stop 3050 ist rund und ebenfalls aus Edelstahl gefertigt. Wird mit doppelseitigem Klebeband am Rahmen und Schrauben in der T\u00fcr befestigt.","robots":{"index":"index","follow":"follow","max-snippet":"max-snippet:-1","max-image-preview":"max-image-preview:large","max-video-preview":"max-video-preview:-1"},"canonical":"https:\/\/kierr.nl\/de\/product\/kierr-stop-300-sehr-starker-magnet-fur-den-innen-und-ausenbereich-kopie\/","og_locale":"de_DE","og_type":"article","og_title":"Kierr Stop 350 (zum Anschrauben an die Wand und ohne Bohren und Schrauben an der T\u00fcr) - Kierr.nl","og_description":"Der T\u00fcrfeststeller Kierr Stop 3050 ist rund und ebenfalls aus Edelstahl gefertigt. Wird mit doppelseitigem Klebeband am Rahmen und Schrauben in der T\u00fcr befestigt.","og_url":"https:\/\/kierr.nl\/de\/product\/kierr-stop-300-sehr-starker-magnet-fur-den-innen-und-ausenbereich-kopie\/","og_site_name":"Kierr.nl","article_modified_time":"2025-05-16T10:32:54+00:00","og_image":[{"width":1600,"height":1920,"url":"https:\/\/kierr.nl\/wp-content\/uploads\/2024\/10\/Frame-1-met.jpg","type":"image\/jpeg"}],"twitter_card":"summary_large_image","twitter_misc":{"Gesch\u00e4tzte Lesezeit":"1\u00a0Minute"},"schema":{"@context":"https:\/\/schema.org","@graph":[{"@type":"WebPage","@id":"https:\/\/kierr.nl\/de\/product\/kierr-stop-300-sehr-starker-magnet-fur-den-innen-und-ausenbereich-kopie\/","url":"https:\/\/kierr.nl\/de\/product\/kierr-stop-300-sehr-starker-magnet-fur-den-innen-und-ausenbereich-kopie\/","name":"Kierr Stop 350 (zum Anschrauben an die Wand und ohne Bohren und Schrauben an der T\u00fcr) - Kierr.nl","isPartOf":{"@id":"https:\/\/kierr.nl\/de\/#website"},"primaryImageOfPage":{"@id":"https:\/\/kierr.nl\/de\/product\/kierr-stop-300-sehr-starker-magnet-fur-den-innen-und-ausenbereich-kopie\/#primaryimage"},"image":{"@id":"https:\/\/kierr.nl\/de\/product\/kierr-stop-300-sehr-starker-magnet-fur-den-innen-und-ausenbereich-kopie\/#primaryimage"},"thumbnailUrl":"https:\/\/kierr.nl\/wp-content\/uploads\/2024\/10\/Frame-1-met.jpg","datePublished":"2024-10-12T10:40:19+00:00","dateModified":"2025-05-16T10:32:54+00:00","description":"Der T\u00fcrfeststeller Kierr Stop 3050 ist rund und ebenfalls aus Edelstahl gefertigt. Wird mit doppelseitigem Klebeband am Rahmen und Schrauben in der T\u00fcr befestigt.","breadcrumb":{"@id":"https:\/\/kierr.nl\/de\/product\/kierr-stop-300-sehr-starker-magnet-fur-den-innen-und-ausenbereich-kopie\/#breadcrumb"},"inLanguage":"de","potentialAction":[{"@type":"ReadAction","target":["https:\/\/kierr.nl\/de\/product\/kierr-stop-300-sehr-starker-magnet-fur-den-innen-und-ausenbereich-kopie\/"]}]},{"@type":"ImageObject","inLanguage":"de","@id":"https:\/\/kierr.nl\/de\/product\/kierr-stop-300-sehr-starker-magnet-fur-den-innen-und-ausenbereich-kopie\/#primaryimage","url":"https:\/\/kierr.nl\/wp-content\/uploads\/2024\/10\/Frame-1-met.jpg","contentUrl":"https:\/\/kierr.nl\/wp-content\/uploads\/2024\/10\/Frame-1-met.jpg","width":1600,"height":1920,"caption":"Kierr stop 350 T\u00fcrfeststeller"},{"@type":"BreadcrumbList","@id":"https:\/\/kierr.nl\/de\/product\/kierr-stop-300-sehr-starker-magnet-fur-den-innen-und-ausenbereich-kopie\/#breadcrumb","itemListElement":[{"@type":"ListItem","position":1,"name":"Startseite","item":"https:\/\/kierr.nl\/de\/"},{"@type":"ListItem","position":2,"name":"Shop","item":"https:\/\/kierr.nl\/de\/shop\/"},{"@type":"ListItem","position":3,"name":"Kierr Stop 350 (zum Anschrauben an die Wand und ohne Bohren und Schrauben an der T\u00fcr)"}]},{"@type":"WebSite","@id":"https:\/\/kierr.nl\/de\/#website","url":"https:\/\/kierr.nl\/de\/","name":"Kierr.nl","description":"Deur- en raambeslag","potentialAction":[{"@type":"SearchAction","target":{"@type":"EntryPoint","urlTemplate":"https:\/\/kierr.nl\/de\/?s={search_term_string}"},"query-input":{"@type":"PropertyValueSpecification","valueRequired":true,"valueName":"search_term_string"}}],"inLanguage":"de"}]}},"_links":{"self":[{"href":"https:\/\/kierr.nl\/de\/wp-json\/wp\/v2\/product\/3451","targetHints":{"allow":["GET"]}}],"collection":[{"href":"https:\/\/kierr.nl\/de\/wp-json\/wp\/v2\/product"}],"about":[{"href":"https:\/\/kierr.nl\/de\/wp-json\/wp\/v2\/types\/product"}],"wp:featuredmedia":[{"embeddable":true,"href":"https:\/\/kierr.nl\/de\/wp-json\/wp\/v2\/media\/3859"}],"wp:attachment":[{"href":"https:\/\/kierr.nl\/de\/wp-json\/wp\/v2\/media?parent=3451"}],"wp:term":[{"taxonomy":"product_brand","embeddable":true,"href":"https:\/\/kierr.nl\/de\/wp-json\/wp\/v2\/product_brand?post=3451"},{"taxonomy":"product_cat","embeddable":true,"href":"https:\/\/kierr.nl\/de\/wp-json\/wp\/v2\/product_cat?post=3451"},{"taxonomy":"product_tag","embeddable":true,"href":"https:\/\/kierr.nl\/de\/wp-json\/wp\/v2\/product_tag?post=3451"}],"curies":[{"name":"wp","href":"https:\/\/api.w.org\/{rel}","templated":true}]}}