{"id":3458,"date":"2024-10-12T13:26:03","date_gmt":"2024-10-12T11:26:03","guid":{"rendered":"https:\/\/www.kierr.nl\/?post_type=product&#038;p=3458"},"modified":"2025-05-16T12:32:55","modified_gmt":"2025-05-16T10:32:55","slug":"kierr-stop-100-magnetisch-fur-innenraume-kopie-kopie-2","status":"publish","type":"product","link":"https:\/\/kierr.nl\/de\/product\/kierr-stop-100-magnetisch-fur-innenraume-kopie-kopie-2\/","title":{"rendered":"Kierr Guard T\u00fcrschutzgitter aus Edelstahl"},"content":{"rendered":"<p>Entdecken Sie den zuverl\u00e4ssigen GUARD Edelstahl Kierstandhouder, ein robustes T\u00fcrschloss, das speziell f\u00fcr optimalen Einbruchschutz und sicheres Wohnen entwickelt wurde. Mit diesem Kierstandhouder schaffen Sie m\u00fchelos eine zus\u00e4tzliche Sicherheitsschicht f\u00fcr Ihre T\u00fcr, so dass unerw\u00fcnschte Besucher keine Chance haben. Genie\u00dfen Sie Ihren Seelenfrieden und sch\u00fctzen Sie Ihr Zuhause und Ihre Familie effektiv. Entscheiden Sie sich f\u00fcr den GUARD Kierstandhouder aus Edelstahl und erh\u00f6hen Sie noch heute die Sicherheit Ihres Hauses. <\/p>\n<table class=\"shop_attributes table table-bordered attribute-table table-striped\">\n<thead>\n<tr>\n<th><strong>Eigenschaft<\/strong><\/th>\n<th><strong>Wert<\/strong><\/th>\n<\/tr>\n<\/thead>\n<tbody>\n<tr>\n<th><strong>Material<\/strong><\/th>\n<td class=\"product_dimensions\">304 ROSTFREIER STAHL<\/td>\n<\/tr>\n<tr>\n<th><strong>Form<\/strong><\/th>\n<td class=\"product_dimensions\">Solide Konstruktion<\/td>\n<\/tr>\n<tr>\n<th><strong>L\u00e4nge<\/strong><\/th>\n<td class=\"product_dimensions\"> 120 mm<\/td>\n<\/tr>\n<tr>\n<th><strong>Breite<\/strong><\/th>\n<td class=\"product_dimensions\">25 mm<\/td>\n<\/tr>\n<tr class=\"alt\">\n<th><strong>H\u00f6he<\/strong><\/th>\n<td>20 mm<\/td>\n<\/tr>\n<tr class=\"alt\">\n<th><strong>System<\/strong><\/th>\n<td>Kierstandhouder<\/td>\n<\/tr>\n<tr>\n<th><strong>Befestigung<\/strong><\/th>\n<td>Schrauben<\/td>\n<\/tr>\n<tr class=\"alt\">\n<th><strong>Farbe<\/strong><\/th>\n<td>ROSTFREIER STAHL<\/td>\n<\/tr>\n<tr>\n<th><strong>Verkauft pro<\/strong><\/th>\n<td>pro St\u00fcck<\/td>\n<\/tr>\n<tr class=\"alt\">\n<th><strong>Wof\u00fcr ist das Produkt geeignet<\/strong><\/th>\n<td>T\u00fcrw\u00e4chter Edelstahl T\u00fcrschloss - Sicherheitsschloss Einbruchschutz<\/td>\n<\/tr>\n<tr>\n<th><strong>Pr\u00e4vention<\/strong><\/th>\n<td>Verwendung auf eigene Gefahr<\/td>\n<\/tr>\n<\/tbody>\n<\/table>\n","protected":false},"excerpt":{"rendered":"<p>Sicheres Wohnen mit dem GUARD Edelstahl Der Kierstandhouder verleiht Ihrem Zuhause eine zus\u00e4tzliche Sicherheitsschicht. Entwickelt, um Einbr\u00fcche zu verhindern, indem ein sicherer Spalt zwischen T\u00fcr und Rahmen geschaffen wird. <\/p>\n<p>Die Befestigung erfolgt durch Bohren und Schrauben.<\/p>\n<p>\u2713 Geeignet als T\u00fcrsicherung<br \/>\n\u2713 Kierstandhouder<br \/>\n\u2713 Starke Konstruktion<br \/>\n\u2713 Stilvolles Design.<br \/>\n\u2713 F\u00fcr Innen- und Au\u00dfent\u00fcren<br \/>\n\u2713 Leicht zu \u00f6ffnen und zu schlie\u00dfen<\/p>\n","protected":false},"featured_media":3939,"template":"","meta":{"_acf_changed":false,"site-sidebar-layout":"default","site-content-layout":"","ast-site-content-layout":"default","site-content-style":"default","site-sidebar-style":"default","ast-global-header-display":"","ast-banner-title-visibility":"","ast-main-header-display":"","ast-hfb-above-header-display":"","ast-hfb-below-header-display":"","ast-hfb-mobile-header-display":"","site-post-title":"","ast-breadcrumbs-content":"","ast-featured-img":"","footer-sml-layout":"","ast-disable-related-posts":"","theme-transparent-header-meta":"default","adv-header-id-meta":"","stick-header-meta":"","header-above-stick-meta":"","header-main-stick-meta":"","header-below-stick-meta":"","astra-migrate-meta-layouts":"set","ast-page-background-enabled":"default","ast-page-background-meta":{"desktop":{"background-color":"var(--ast-global-color-4)","background-image":"","background-repeat":"repeat","background-position":"center center","background-size":"auto","background-attachment":"scroll","background-type":"","background-media":"","overlay-type":"","overlay-color":"","overlay-opacity":"","overlay-gradient":""},"tablet":{"background-color":"","background-image":"","background-repeat":"repeat","background-position":"center center","background-size":"auto","background-attachment":"scroll","background-type":"","background-media":"","overlay-type":"","overlay-color":"","overlay-opacity":"","overlay-gradient":""},"mobile":{"background-color":"","background-image":"","background-repeat":"repeat","background-position":"center center","background-size":"auto","background-attachment":"scroll","background-type":"","background-media":"","overlay-type":"","overlay-color":"","overlay-opacity":"","overlay-gradient":""}},"ast-content-background-meta":{"desktop":{"background-color":"var(--ast-global-color-5)","background-image":"","background-repeat":"repeat","background-position":"center center","background-size":"auto","background-attachment":"scroll","background-type":"","background-media":"","overlay-type":"","overlay-color":"","overlay-opacity":"","overlay-gradient":""},"tablet":{"background-color":"var(--ast-global-color-5)","background-image":"","background-repeat":"repeat","background-position":"center center","background-size":"auto","background-attachment":"scroll","background-type":"","background-media":"","overlay-type":"","overlay-color":"","overlay-opacity":"","overlay-gradient":""},"mobile":{"background-color":"var(--ast-global-color-5)","background-image":"","background-repeat":"repeat","background-position":"center center","background-size":"auto","background-attachment":"scroll","background-type":"","background-media":"","overlay-type":"","overlay-color":"","overlay-opacity":"","overlay-gradient":""}}},"product_brand":[],"product_cat":[102,84],"product_tag":[],"class_list":{"0":"post-3458","1":"product","2":"type-product","3":"status-publish","4":"has-post-thumbnail","6":"product_cat-sicherheit-an-der-tur","7":"product_cat-turbeschlage","8":"product_shipping_class-briefkastenpaket","9":"desktop-align-center","10":"tablet-align-left","11":"mobile-align-left","12":"ast-product-gallery-layout-horizontal-slider","13":"ast-magnify-disabled","14":"ast-product-tabs-layout-horizontal","16":"first","17":"instock","18":"featured","19":"taxable","20":"shipping-taxable","21":"purchasable","22":"product-type-simple"},"acf":[],"yoast_head":"<!-- This site is optimized with the Yoast SEO plugin v27.4 - https:\/\/yoast.com\/product\/yoast-seo-wordpress\/ -->\n<title>Kierr Guard T\u00fcrschutzgitter aus Edelstahl - Kierr.nl<\/title>\n<meta name=\"description\" content=\"Mit diesem Kierstandhouder schaffen Sie m\u00fchelos eine zus\u00e4tzliche Sicherheitsschicht f\u00fcr Ihre T\u00fcr, so dass unerw\u00fcnschte Besucher keine Chance haben.\" \/>\n<meta name=\"robots\" content=\"index, follow, max-snippet:-1, max-image-preview:large, max-video-preview:-1\" \/>\n<link rel=\"canonical\" href=\"https:\/\/kierr.nl\/de\/product\/kierr-stop-100-magnetisch-fur-innenraume-kopie-kopie-2\/\" \/>\n<meta property=\"og:locale\" content=\"de_DE\" \/>\n<meta property=\"og:type\" content=\"article\" \/>\n<meta property=\"og:title\" content=\"Kierr Guard T\u00fcrschutzgitter aus Edelstahl - Kierr.nl\" \/>\n<meta property=\"og:description\" content=\"Mit diesem Kierstandhouder schaffen Sie m\u00fchelos eine zus\u00e4tzliche Sicherheitsschicht f\u00fcr Ihre T\u00fcr, so dass unerw\u00fcnschte Besucher keine Chance haben.\" \/>\n<meta property=\"og:url\" content=\"https:\/\/kierr.nl\/de\/product\/kierr-stop-100-magnetisch-fur-innenraume-kopie-kopie-2\/\" \/>\n<meta property=\"og:site_name\" content=\"Kierr.nl\" \/>\n<meta property=\"article:modified_time\" content=\"2025-05-16T10:32:55+00:00\" \/>\n<meta property=\"og:image\" content=\"https:\/\/kierr.nl\/wp-content\/uploads\/2024\/10\/Frame-1-met-2.jpg\" \/>\n\t<meta property=\"og:image:width\" content=\"1600\" \/>\n\t<meta property=\"og:image:height\" content=\"1920\" \/>\n\t<meta property=\"og:image:type\" content=\"image\/jpeg\" \/>\n<meta name=\"twitter:card\" content=\"summary_large_image\" \/>\n<meta name=\"twitter:label1\" content=\"Gesch\u00e4tzte Lesezeit\" \/>\n\t<meta name=\"twitter:data1\" content=\"1\u00a0Minute\" \/>\n<script type=\"application\/ld+json\" class=\"yoast-schema-graph\">{\"@context\":\"https:\\\/\\\/schema.org\",\"@graph\":[{\"@type\":\"WebPage\",\"@id\":\"https:\\\/\\\/kierr.nl\\\/de\\\/product\\\/kierr-stop-100-magnetisch-fur-innenraume-kopie-kopie-2\\\/\",\"url\":\"https:\\\/\\\/kierr.nl\\\/de\\\/product\\\/kierr-stop-100-magnetisch-fur-innenraume-kopie-kopie-2\\\/\",\"name\":\"Kierr Guard T\u00fcrschutzgitter aus Edelstahl - Kierr.nl\",\"isPartOf\":{\"@id\":\"https:\\\/\\\/kierr.nl\\\/de\\\/#website\"},\"primaryImageOfPage\":{\"@id\":\"https:\\\/\\\/kierr.nl\\\/de\\\/product\\\/kierr-stop-100-magnetisch-fur-innenraume-kopie-kopie-2\\\/#primaryimage\"},\"image\":{\"@id\":\"https:\\\/\\\/kierr.nl\\\/de\\\/product\\\/kierr-stop-100-magnetisch-fur-innenraume-kopie-kopie-2\\\/#primaryimage\"},\"thumbnailUrl\":\"https:\\\/\\\/kierr.nl\\\/wp-content\\\/uploads\\\/2024\\\/10\\\/Frame-1-met-2.jpg\",\"datePublished\":\"2024-10-12T11:26:03+00:00\",\"dateModified\":\"2025-05-16T10:32:55+00:00\",\"description\":\"Mit diesem Kierstandhouder schaffen Sie m\u00fchelos eine zus\u00e4tzliche Sicherheitsschicht f\u00fcr Ihre T\u00fcr, so dass unerw\u00fcnschte Besucher keine Chance haben.\",\"breadcrumb\":{\"@id\":\"https:\\\/\\\/kierr.nl\\\/de\\\/product\\\/kierr-stop-100-magnetisch-fur-innenraume-kopie-kopie-2\\\/#breadcrumb\"},\"inLanguage\":\"de\",\"potentialAction\":[{\"@type\":\"ReadAction\",\"target\":[\"https:\\\/\\\/kierr.nl\\\/de\\\/product\\\/kierr-stop-100-magnetisch-fur-innenraume-kopie-kopie-2\\\/\"]}]},{\"@type\":\"ImageObject\",\"inLanguage\":\"de\",\"@id\":\"https:\\\/\\\/kierr.nl\\\/de\\\/product\\\/kierr-stop-100-magnetisch-fur-innenraume-kopie-kopie-2\\\/#primaryimage\",\"url\":\"https:\\\/\\\/kierr.nl\\\/wp-content\\\/uploads\\\/2024\\\/10\\\/Frame-1-met-2.jpg\",\"contentUrl\":\"https:\\\/\\\/kierr.nl\\\/wp-content\\\/uploads\\\/2024\\\/10\\\/Frame-1-met-2.jpg\",\"width\":1600,\"height\":1920,\"caption\":\"Kierr Guard T\u00fcrschutzgitter aus Edelstahl\"},{\"@type\":\"BreadcrumbList\",\"@id\":\"https:\\\/\\\/kierr.nl\\\/de\\\/product\\\/kierr-stop-100-magnetisch-fur-innenraume-kopie-kopie-2\\\/#breadcrumb\",\"itemListElement\":[{\"@type\":\"ListItem\",\"position\":1,\"name\":\"Startseite\",\"item\":\"https:\\\/\\\/kierr.nl\\\/de\\\/\"},{\"@type\":\"ListItem\",\"position\":2,\"name\":\"Shop\",\"item\":\"https:\\\/\\\/kierr.nl\\\/de\\\/shop\\\/\"},{\"@type\":\"ListItem\",\"position\":3,\"name\":\"Kierr Guard T\u00fcrschutzgitter aus Edelstahl\"}]},{\"@type\":\"WebSite\",\"@id\":\"https:\\\/\\\/kierr.nl\\\/de\\\/#website\",\"url\":\"https:\\\/\\\/kierr.nl\\\/de\\\/\",\"name\":\"Kierr.nl\",\"description\":\"Deur- en raambeslag\",\"potentialAction\":[{\"@type\":\"SearchAction\",\"target\":{\"@type\":\"EntryPoint\",\"urlTemplate\":\"https:\\\/\\\/kierr.nl\\\/de\\\/?s={search_term_string}\"},\"query-input\":{\"@type\":\"PropertyValueSpecification\",\"valueRequired\":true,\"valueName\":\"search_term_string\"}}],\"inLanguage\":\"de\"}]}<\/script>\n<!-- \/ Yoast SEO plugin. -->","yoast_head_json":{"title":"Kierr Guard T\u00fcrschutzgitter aus Edelstahl - Kierr.nl","description":"Mit diesem Kierstandhouder schaffen Sie m\u00fchelos eine zus\u00e4tzliche Sicherheitsschicht f\u00fcr Ihre T\u00fcr, so dass unerw\u00fcnschte Besucher keine Chance haben.","robots":{"index":"index","follow":"follow","max-snippet":"max-snippet:-1","max-image-preview":"max-image-preview:large","max-video-preview":"max-video-preview:-1"},"canonical":"https:\/\/kierr.nl\/de\/product\/kierr-stop-100-magnetisch-fur-innenraume-kopie-kopie-2\/","og_locale":"de_DE","og_type":"article","og_title":"Kierr Guard T\u00fcrschutzgitter aus Edelstahl - Kierr.nl","og_description":"Mit diesem Kierstandhouder schaffen Sie m\u00fchelos eine zus\u00e4tzliche Sicherheitsschicht f\u00fcr Ihre T\u00fcr, so dass unerw\u00fcnschte Besucher keine Chance haben.","og_url":"https:\/\/kierr.nl\/de\/product\/kierr-stop-100-magnetisch-fur-innenraume-kopie-kopie-2\/","og_site_name":"Kierr.nl","article_modified_time":"2025-05-16T10:32:55+00:00","og_image":[{"width":1600,"height":1920,"url":"https:\/\/kierr.nl\/wp-content\/uploads\/2024\/10\/Frame-1-met-2.jpg","type":"image\/jpeg"}],"twitter_card":"summary_large_image","twitter_misc":{"Gesch\u00e4tzte Lesezeit":"1\u00a0Minute"},"schema":{"@context":"https:\/\/schema.org","@graph":[{"@type":"WebPage","@id":"https:\/\/kierr.nl\/de\/product\/kierr-stop-100-magnetisch-fur-innenraume-kopie-kopie-2\/","url":"https:\/\/kierr.nl\/de\/product\/kierr-stop-100-magnetisch-fur-innenraume-kopie-kopie-2\/","name":"Kierr Guard T\u00fcrschutzgitter aus Edelstahl - Kierr.nl","isPartOf":{"@id":"https:\/\/kierr.nl\/de\/#website"},"primaryImageOfPage":{"@id":"https:\/\/kierr.nl\/de\/product\/kierr-stop-100-magnetisch-fur-innenraume-kopie-kopie-2\/#primaryimage"},"image":{"@id":"https:\/\/kierr.nl\/de\/product\/kierr-stop-100-magnetisch-fur-innenraume-kopie-kopie-2\/#primaryimage"},"thumbnailUrl":"https:\/\/kierr.nl\/wp-content\/uploads\/2024\/10\/Frame-1-met-2.jpg","datePublished":"2024-10-12T11:26:03+00:00","dateModified":"2025-05-16T10:32:55+00:00","description":"Mit diesem Kierstandhouder schaffen Sie m\u00fchelos eine zus\u00e4tzliche Sicherheitsschicht f\u00fcr Ihre T\u00fcr, so dass unerw\u00fcnschte Besucher keine Chance haben.","breadcrumb":{"@id":"https:\/\/kierr.nl\/de\/product\/kierr-stop-100-magnetisch-fur-innenraume-kopie-kopie-2\/#breadcrumb"},"inLanguage":"de","potentialAction":[{"@type":"ReadAction","target":["https:\/\/kierr.nl\/de\/product\/kierr-stop-100-magnetisch-fur-innenraume-kopie-kopie-2\/"]}]},{"@type":"ImageObject","inLanguage":"de","@id":"https:\/\/kierr.nl\/de\/product\/kierr-stop-100-magnetisch-fur-innenraume-kopie-kopie-2\/#primaryimage","url":"https:\/\/kierr.nl\/wp-content\/uploads\/2024\/10\/Frame-1-met-2.jpg","contentUrl":"https:\/\/kierr.nl\/wp-content\/uploads\/2024\/10\/Frame-1-met-2.jpg","width":1600,"height":1920,"caption":"Kierr Guard T\u00fcrschutzgitter aus Edelstahl"},{"@type":"BreadcrumbList","@id":"https:\/\/kierr.nl\/de\/product\/kierr-stop-100-magnetisch-fur-innenraume-kopie-kopie-2\/#breadcrumb","itemListElement":[{"@type":"ListItem","position":1,"name":"Startseite","item":"https:\/\/kierr.nl\/de\/"},{"@type":"ListItem","position":2,"name":"Shop","item":"https:\/\/kierr.nl\/de\/shop\/"},{"@type":"ListItem","position":3,"name":"Kierr Guard T\u00fcrschutzgitter aus Edelstahl"}]},{"@type":"WebSite","@id":"https:\/\/kierr.nl\/de\/#website","url":"https:\/\/kierr.nl\/de\/","name":"Kierr.nl","description":"Deur- en raambeslag","potentialAction":[{"@type":"SearchAction","target":{"@type":"EntryPoint","urlTemplate":"https:\/\/kierr.nl\/de\/?s={search_term_string}"},"query-input":{"@type":"PropertyValueSpecification","valueRequired":true,"valueName":"search_term_string"}}],"inLanguage":"de"}]}},"_links":{"self":[{"href":"https:\/\/kierr.nl\/de\/wp-json\/wp\/v2\/product\/3458","targetHints":{"allow":["GET"]}}],"collection":[{"href":"https:\/\/kierr.nl\/de\/wp-json\/wp\/v2\/product"}],"about":[{"href":"https:\/\/kierr.nl\/de\/wp-json\/wp\/v2\/types\/product"}],"wp:featuredmedia":[{"embeddable":true,"href":"https:\/\/kierr.nl\/de\/wp-json\/wp\/v2\/media\/3939"}],"wp:attachment":[{"href":"https:\/\/kierr.nl\/de\/wp-json\/wp\/v2\/media?parent=3458"}],"wp:term":[{"taxonomy":"product_brand","embeddable":true,"href":"https:\/\/kierr.nl\/de\/wp-json\/wp\/v2\/product_brand?post=3458"},{"taxonomy":"product_cat","embeddable":true,"href":"https:\/\/kierr.nl\/de\/wp-json\/wp\/v2\/product_cat?post=3458"},{"taxonomy":"product_tag","embeddable":true,"href":"https:\/\/kierr.nl\/de\/wp-json\/wp\/v2\/product_tag?post=3458"}],"curies":[{"name":"wp","href":"https:\/\/api.w.org\/{rel}","templated":true}]}}