{"id":3464,"date":"2024-10-12T14:06:50","date_gmt":"2024-10-12T12:06:50","guid":{"rendered":"https:\/\/www.kierr.nl\/?post_type=product&#038;p=3464"},"modified":"2025-05-16T12:28:26","modified_gmt":"2025-05-16T10:28:26","slug":"kierr-stop-100-magnetisch-fur-innenraume-kopie-kopie-kopie","status":"publish","type":"product","link":"https:\/\/kierr.nl\/de\/product\/kierr-stop-100-magnetisch-fur-innenraume-kopie-kopie-kopie\/","title":{"rendered":"Kierr Protect kierr B\u00fcgel T\u00fcrsicherung Nickel"},"content":{"rendered":"<p>Suchen Sie nach einer sicheren und stilvollen M\u00f6glichkeit, Ihre T\u00fcr zu sichern? Entdecken Sie den Protect Kierstandhouder. Dieser nickel-satinierte T\u00fcrstopper bietet optimale Sicherheit und h\u00e4lt Ihre T\u00fcr fest angelehnt. Mit seinem eleganten und funktionellen Design ist der Kierstandhouder nicht nur praktisch, sondern auch eine stilvolle Erg\u00e4nzung Ihrer Einrichtung. Verabschieden Sie sich von ungebetenen Besuchern und genie\u00dfen Sie zus\u00e4tzlichen Seelenfrieden mit dem Protect Kierstandhouder!    <\/p>\n<table class=\"shop_attributes table table-bordered attribute-table table-striped\">\n<thead>\n<tr>\n<th><strong>Eigenschaft<\/strong><\/th>\n<th><strong>Wert<\/strong><\/th>\n<\/tr>\n<\/thead>\n<tbody>\n<tr>\n<th><strong>Material<\/strong><\/th>\n<td class=\"product_dimensions\">Nickel<\/td>\n<\/tr>\n<tr>\n<th><strong>Form<\/strong><\/th>\n<td class=\"product_dimensions\">Solide Konstruktion<\/td>\n<\/tr>\n<tr>\n<th><strong>L\u00e4nge<\/strong><\/th>\n<td class=\"product_dimensions\"> 120 mm<\/td>\n<\/tr>\n<tr>\n<th><strong>Breite<\/strong><\/th>\n<td class=\"product_dimensions\">25 mm<\/td>\n<\/tr>\n<tr class=\"alt\">\n<th><strong>H\u00f6he<\/strong><\/th>\n<td>20 mm<\/td>\n<\/tr>\n<tr class=\"alt\">\n<th><strong>System<\/strong><\/th>\n<td>Kierstandhouder<\/td>\n<\/tr>\n<tr>\n<th><strong>Befestigung<\/strong><\/th>\n<td>Schrauben<\/td>\n<\/tr>\n<tr class=\"alt\">\n<th><strong>Farbe<\/strong><\/th>\n<td>Nickel<\/td>\n<\/tr>\n<tr>\n<th><strong>Verkauft pro<\/strong><\/th>\n<td>pro St\u00fcck<\/td>\n<\/tr>\n<tr class=\"alt\">\n<th><strong>Wof\u00fcr ist das Produkt geeignet<\/strong><\/th>\n<td>T\u00fcrsicherung Protect Nickel T\u00fcrschloss - Sicherheitsschloss Einbruchschutz<\/td>\n<\/tr>\n<tr>\n<th><strong>Pr\u00e4vention<\/strong><\/th>\n<td>Verwendung auf eigene Gefahr<\/td>\n<\/tr>\n<\/tbody>\n<\/table>\n","protected":false},"excerpt":{"rendered":"<p>Sicheres Wohnen mit dem GUARD Edelstahl Der Kierstandhouder verleiht Ihrem Zuhause eine zus\u00e4tzliche Sicherheitsschicht. Entwickelt, um Einbr\u00fcche zu verhindern, indem ein sicherer Spalt zwischen T\u00fcr und Rahmen geschaffen wird. <\/p>\n<p>Die Befestigung erfolgt durch Bohren und Schrauben.<\/p>\n<p>\u2713 Geeignet als T\u00fcrsicherung<br \/>\n\u2713 Kierstandhouder<br \/>\n\u2713 Starke Konstruktion<br \/>\n\u2713 Stilvolles Design.<br \/>\n\u2713 F\u00fcr Innen- und Au\u00dfent\u00fcren<br \/>\n\u2713 Leicht zu \u00f6ffnen und zu schlie\u00dfen<\/p>\n","protected":false},"featured_media":3949,"template":"","meta":{"_acf_changed":false,"site-sidebar-layout":"default","site-content-layout":"","ast-site-content-layout":"default","site-content-style":"default","site-sidebar-style":"default","ast-global-header-display":"","ast-banner-title-visibility":"","ast-main-header-display":"","ast-hfb-above-header-display":"","ast-hfb-below-header-display":"","ast-hfb-mobile-header-display":"","site-post-title":"","ast-breadcrumbs-content":"","ast-featured-img":"","footer-sml-layout":"","ast-disable-related-posts":"","theme-transparent-header-meta":"default","adv-header-id-meta":"","stick-header-meta":"","header-above-stick-meta":"","header-main-stick-meta":"","header-below-stick-meta":"","astra-migrate-meta-layouts":"set","ast-page-background-enabled":"default","ast-page-background-meta":{"desktop":{"background-color":"var(--ast-global-color-4)","background-image":"","background-repeat":"repeat","background-position":"center center","background-size":"auto","background-attachment":"scroll","background-type":"","background-media":"","overlay-type":"","overlay-color":"","overlay-opacity":"","overlay-gradient":""},"tablet":{"background-color":"","background-image":"","background-repeat":"repeat","background-position":"center center","background-size":"auto","background-attachment":"scroll","background-type":"","background-media":"","overlay-type":"","overlay-color":"","overlay-opacity":"","overlay-gradient":""},"mobile":{"background-color":"","background-image":"","background-repeat":"repeat","background-position":"center center","background-size":"auto","background-attachment":"scroll","background-type":"","background-media":"","overlay-type":"","overlay-color":"","overlay-opacity":"","overlay-gradient":""}},"ast-content-background-meta":{"desktop":{"background-color":"var(--ast-global-color-5)","background-image":"","background-repeat":"repeat","background-position":"center center","background-size":"auto","background-attachment":"scroll","background-type":"","background-media":"","overlay-type":"","overlay-color":"","overlay-opacity":"","overlay-gradient":""},"tablet":{"background-color":"var(--ast-global-color-5)","background-image":"","background-repeat":"repeat","background-position":"center center","background-size":"auto","background-attachment":"scroll","background-type":"","background-media":"","overlay-type":"","overlay-color":"","overlay-opacity":"","overlay-gradient":""},"mobile":{"background-color":"var(--ast-global-color-5)","background-image":"","background-repeat":"repeat","background-position":"center center","background-size":"auto","background-attachment":"scroll","background-type":"","background-media":"","overlay-type":"","overlay-color":"","overlay-opacity":"","overlay-gradient":""}}},"product_brand":[],"product_cat":[102,84],"product_tag":[],"class_list":{"0":"post-3464","1":"product","2":"type-product","3":"status-publish","4":"has-post-thumbnail","6":"product_cat-sicherheit-an-der-tur","7":"product_cat-turbeschlage","8":"product_shipping_class-briefkastenpaket","9":"desktop-align-center","10":"tablet-align-left","11":"mobile-align-left","12":"ast-product-gallery-layout-horizontal-slider","13":"ast-magnify-disabled","14":"ast-product-tabs-layout-horizontal","16":"first","17":"instock","18":"taxable","19":"shipping-taxable","20":"purchasable","21":"product-type-simple"},"acf":[],"yoast_head":"<!-- This site is optimized with the Yoast SEO plugin v27.5 - https:\/\/yoast.com\/product\/yoast-seo-wordpress\/ -->\n<title>Kierr Protect kierr B\u00fcgel T\u00fcrsicherung Nickel - Kierr.nl<\/title>\n<meta name=\"description\" content=\"Suchen Sie nach einer sicheren und stilvollen M\u00f6glichkeit, Ihre T\u00fcr zu sichern? Entdecken Sie den Protect Kierstandhouder. Sehr einfach zu bedienen!\" \/>\n<meta name=\"robots\" content=\"index, follow, max-snippet:-1, max-image-preview:large, max-video-preview:-1\" \/>\n<link rel=\"canonical\" href=\"https:\/\/kierr.nl\/de\/product\/kierr-stop-100-magnetisch-fur-innenraume-kopie-kopie-kopie\/\" \/>\n<meta property=\"og:locale\" content=\"de_DE\" \/>\n<meta property=\"og:type\" content=\"article\" \/>\n<meta property=\"og:title\" content=\"Kierr Protect kierr B\u00fcgel T\u00fcrsicherung Nickel - Kierr.nl\" \/>\n<meta property=\"og:description\" content=\"Suchen Sie nach einer sicheren und stilvollen M\u00f6glichkeit, Ihre T\u00fcr zu sichern? Entdecken Sie den Protect Kierstandhouder. Sehr einfach zu bedienen!\" \/>\n<meta property=\"og:url\" content=\"https:\/\/kierr.nl\/de\/product\/kierr-stop-100-magnetisch-fur-innenraume-kopie-kopie-kopie\/\" \/>\n<meta property=\"og:site_name\" content=\"Kierr.nl\" \/>\n<meta property=\"article:modified_time\" content=\"2025-05-16T10:28:26+00:00\" \/>\n<meta property=\"og:image\" content=\"https:\/\/kierr.nl\/wp-content\/uploads\/2024\/10\/Frame-1-met-3.jpg\" \/>\n\t<meta property=\"og:image:width\" content=\"1600\" \/>\n\t<meta property=\"og:image:height\" content=\"1920\" \/>\n\t<meta property=\"og:image:type\" content=\"image\/jpeg\" \/>\n<meta name=\"twitter:card\" content=\"summary_large_image\" \/>\n<meta name=\"twitter:label1\" content=\"Gesch\u00e4tzte Lesezeit\" \/>\n\t<meta name=\"twitter:data1\" content=\"1\u00a0Minute\" \/>\n<script type=\"application\/ld+json\" class=\"yoast-schema-graph\">{\"@context\":\"https:\\\/\\\/schema.org\",\"@graph\":[{\"@type\":\"WebPage\",\"@id\":\"https:\\\/\\\/kierr.nl\\\/de\\\/product\\\/kierr-stop-100-magnetisch-fur-innenraume-kopie-kopie-kopie\\\/\",\"url\":\"https:\\\/\\\/kierr.nl\\\/de\\\/product\\\/kierr-stop-100-magnetisch-fur-innenraume-kopie-kopie-kopie\\\/\",\"name\":\"Kierr Protect kierr B\u00fcgel T\u00fcrsicherung Nickel - Kierr.nl\",\"isPartOf\":{\"@id\":\"https:\\\/\\\/kierr.nl\\\/de\\\/#website\"},\"primaryImageOfPage\":{\"@id\":\"https:\\\/\\\/kierr.nl\\\/de\\\/product\\\/kierr-stop-100-magnetisch-fur-innenraume-kopie-kopie-kopie\\\/#primaryimage\"},\"image\":{\"@id\":\"https:\\\/\\\/kierr.nl\\\/de\\\/product\\\/kierr-stop-100-magnetisch-fur-innenraume-kopie-kopie-kopie\\\/#primaryimage\"},\"thumbnailUrl\":\"https:\\\/\\\/kierr.nl\\\/wp-content\\\/uploads\\\/2024\\\/10\\\/Frame-1-met-3.jpg\",\"datePublished\":\"2024-10-12T12:06:50+00:00\",\"dateModified\":\"2025-05-16T10:28:26+00:00\",\"description\":\"Suchen Sie nach einer sicheren und stilvollen M\u00f6glichkeit, Ihre T\u00fcr zu sichern? Entdecken Sie den Protect Kierstandhouder. Sehr einfach zu bedienen!\",\"breadcrumb\":{\"@id\":\"https:\\\/\\\/kierr.nl\\\/de\\\/product\\\/kierr-stop-100-magnetisch-fur-innenraume-kopie-kopie-kopie\\\/#breadcrumb\"},\"inLanguage\":\"de\",\"potentialAction\":[{\"@type\":\"ReadAction\",\"target\":[\"https:\\\/\\\/kierr.nl\\\/de\\\/product\\\/kierr-stop-100-magnetisch-fur-innenraume-kopie-kopie-kopie\\\/\"]}]},{\"@type\":\"ImageObject\",\"inLanguage\":\"de\",\"@id\":\"https:\\\/\\\/kierr.nl\\\/de\\\/product\\\/kierr-stop-100-magnetisch-fur-innenraume-kopie-kopie-kopie\\\/#primaryimage\",\"url\":\"https:\\\/\\\/kierr.nl\\\/wp-content\\\/uploads\\\/2024\\\/10\\\/Frame-1-met-3.jpg\",\"contentUrl\":\"https:\\\/\\\/kierr.nl\\\/wp-content\\\/uploads\\\/2024\\\/10\\\/Frame-1-met-3.jpg\",\"width\":1600,\"height\":1920,\"caption\":\"Kierr Protect T\u00fcrstopper\"},{\"@type\":\"BreadcrumbList\",\"@id\":\"https:\\\/\\\/kierr.nl\\\/de\\\/product\\\/kierr-stop-100-magnetisch-fur-innenraume-kopie-kopie-kopie\\\/#breadcrumb\",\"itemListElement\":[{\"@type\":\"ListItem\",\"position\":1,\"name\":\"Startseite\",\"item\":\"https:\\\/\\\/kierr.nl\\\/de\\\/\"},{\"@type\":\"ListItem\",\"position\":2,\"name\":\"Shop\",\"item\":\"https:\\\/\\\/kierr.nl\\\/de\\\/shop\\\/\"},{\"@type\":\"ListItem\",\"position\":3,\"name\":\"Kierr Protect kierr B\u00fcgel T\u00fcrsicherung Nickel\"}]},{\"@type\":\"WebSite\",\"@id\":\"https:\\\/\\\/kierr.nl\\\/de\\\/#website\",\"url\":\"https:\\\/\\\/kierr.nl\\\/de\\\/\",\"name\":\"Kierr.nl\",\"description\":\"Deur- en raambeslag\",\"potentialAction\":[{\"@type\":\"SearchAction\",\"target\":{\"@type\":\"EntryPoint\",\"urlTemplate\":\"https:\\\/\\\/kierr.nl\\\/de\\\/?s={search_term_string}\"},\"query-input\":{\"@type\":\"PropertyValueSpecification\",\"valueRequired\":true,\"valueName\":\"search_term_string\"}}],\"inLanguage\":\"de\"}]}<\/script>\n<!-- \/ Yoast SEO plugin. -->","yoast_head_json":{"title":"Kierr Protect kierr B\u00fcgel T\u00fcrsicherung Nickel - Kierr.nl","description":"Suchen Sie nach einer sicheren und stilvollen M\u00f6glichkeit, Ihre T\u00fcr zu sichern? Entdecken Sie den Protect Kierstandhouder. Sehr einfach zu bedienen!","robots":{"index":"index","follow":"follow","max-snippet":"max-snippet:-1","max-image-preview":"max-image-preview:large","max-video-preview":"max-video-preview:-1"},"canonical":"https:\/\/kierr.nl\/de\/product\/kierr-stop-100-magnetisch-fur-innenraume-kopie-kopie-kopie\/","og_locale":"de_DE","og_type":"article","og_title":"Kierr Protect kierr B\u00fcgel T\u00fcrsicherung Nickel - Kierr.nl","og_description":"Suchen Sie nach einer sicheren und stilvollen M\u00f6glichkeit, Ihre T\u00fcr zu sichern? Entdecken Sie den Protect Kierstandhouder. Sehr einfach zu bedienen!","og_url":"https:\/\/kierr.nl\/de\/product\/kierr-stop-100-magnetisch-fur-innenraume-kopie-kopie-kopie\/","og_site_name":"Kierr.nl","article_modified_time":"2025-05-16T10:28:26+00:00","og_image":[{"width":1600,"height":1920,"url":"https:\/\/kierr.nl\/wp-content\/uploads\/2024\/10\/Frame-1-met-3.jpg","type":"image\/jpeg"}],"twitter_card":"summary_large_image","twitter_misc":{"Gesch\u00e4tzte Lesezeit":"1\u00a0Minute"},"schema":{"@context":"https:\/\/schema.org","@graph":[{"@type":"WebPage","@id":"https:\/\/kierr.nl\/de\/product\/kierr-stop-100-magnetisch-fur-innenraume-kopie-kopie-kopie\/","url":"https:\/\/kierr.nl\/de\/product\/kierr-stop-100-magnetisch-fur-innenraume-kopie-kopie-kopie\/","name":"Kierr Protect kierr B\u00fcgel T\u00fcrsicherung Nickel - Kierr.nl","isPartOf":{"@id":"https:\/\/kierr.nl\/de\/#website"},"primaryImageOfPage":{"@id":"https:\/\/kierr.nl\/de\/product\/kierr-stop-100-magnetisch-fur-innenraume-kopie-kopie-kopie\/#primaryimage"},"image":{"@id":"https:\/\/kierr.nl\/de\/product\/kierr-stop-100-magnetisch-fur-innenraume-kopie-kopie-kopie\/#primaryimage"},"thumbnailUrl":"https:\/\/kierr.nl\/wp-content\/uploads\/2024\/10\/Frame-1-met-3.jpg","datePublished":"2024-10-12T12:06:50+00:00","dateModified":"2025-05-16T10:28:26+00:00","description":"Suchen Sie nach einer sicheren und stilvollen M\u00f6glichkeit, Ihre T\u00fcr zu sichern? Entdecken Sie den Protect Kierstandhouder. Sehr einfach zu bedienen!","breadcrumb":{"@id":"https:\/\/kierr.nl\/de\/product\/kierr-stop-100-magnetisch-fur-innenraume-kopie-kopie-kopie\/#breadcrumb"},"inLanguage":"de","potentialAction":[{"@type":"ReadAction","target":["https:\/\/kierr.nl\/de\/product\/kierr-stop-100-magnetisch-fur-innenraume-kopie-kopie-kopie\/"]}]},{"@type":"ImageObject","inLanguage":"de","@id":"https:\/\/kierr.nl\/de\/product\/kierr-stop-100-magnetisch-fur-innenraume-kopie-kopie-kopie\/#primaryimage","url":"https:\/\/kierr.nl\/wp-content\/uploads\/2024\/10\/Frame-1-met-3.jpg","contentUrl":"https:\/\/kierr.nl\/wp-content\/uploads\/2024\/10\/Frame-1-met-3.jpg","width":1600,"height":1920,"caption":"Kierr Protect T\u00fcrstopper"},{"@type":"BreadcrumbList","@id":"https:\/\/kierr.nl\/de\/product\/kierr-stop-100-magnetisch-fur-innenraume-kopie-kopie-kopie\/#breadcrumb","itemListElement":[{"@type":"ListItem","position":1,"name":"Startseite","item":"https:\/\/kierr.nl\/de\/"},{"@type":"ListItem","position":2,"name":"Shop","item":"https:\/\/kierr.nl\/de\/shop\/"},{"@type":"ListItem","position":3,"name":"Kierr Protect kierr B\u00fcgel T\u00fcrsicherung Nickel"}]},{"@type":"WebSite","@id":"https:\/\/kierr.nl\/de\/#website","url":"https:\/\/kierr.nl\/de\/","name":"Kierr.nl","description":"Deur- en raambeslag","potentialAction":[{"@type":"SearchAction","target":{"@type":"EntryPoint","urlTemplate":"https:\/\/kierr.nl\/de\/?s={search_term_string}"},"query-input":{"@type":"PropertyValueSpecification","valueRequired":true,"valueName":"search_term_string"}}],"inLanguage":"de"}]}},"_links":{"self":[{"href":"https:\/\/kierr.nl\/de\/wp-json\/wp\/v2\/product\/3464","targetHints":{"allow":["GET"]}}],"collection":[{"href":"https:\/\/kierr.nl\/de\/wp-json\/wp\/v2\/product"}],"about":[{"href":"https:\/\/kierr.nl\/de\/wp-json\/wp\/v2\/types\/product"}],"wp:featuredmedia":[{"embeddable":true,"href":"https:\/\/kierr.nl\/de\/wp-json\/wp\/v2\/media\/3949"}],"wp:attachment":[{"href":"https:\/\/kierr.nl\/de\/wp-json\/wp\/v2\/media?parent=3464"}],"wp:term":[{"taxonomy":"product_brand","embeddable":true,"href":"https:\/\/kierr.nl\/de\/wp-json\/wp\/v2\/product_brand?post=3464"},{"taxonomy":"product_cat","embeddable":true,"href":"https:\/\/kierr.nl\/de\/wp-json\/wp\/v2\/product_cat?post=3464"},{"taxonomy":"product_tag","embeddable":true,"href":"https:\/\/kierr.nl\/de\/wp-json\/wp\/v2\/product_tag?post=3464"}],"curies":[{"name":"wp","href":"https:\/\/api.w.org\/{rel}","templated":true}]}}