{"id":3499,"date":"2024-10-13T09:42:35","date_gmt":"2024-10-13T07:42:35","guid":{"rendered":"https:\/\/www.kierr.nl\/?post_type=product&#038;p=3499"},"modified":"2025-05-16T12:33:02","modified_gmt":"2025-05-16T10:33:02","slug":"kierr-stop-100-magnetisch-fur-innenraume-kopie-kopie-kopie-kopie","status":"publish","type":"product","link":"https:\/\/kierr.nl\/de\/product\/kierr-stop-100-magnetisch-fur-innenraume-kopie-kopie-kopie-kopie\/","title":{"rendered":"Kierr Safe T\u00fcrstopper aus Edelstahl"},"content":{"rendered":"<div class=\"flex-shrink-0 flex flex-col relative items-end\">\n<div>\n<div class=\"pt-0\">\n<div class=\"gizmo-bot-avatar flex h-8 w-8 items-center justify-center overflow-hidden rounded-full\">\n<div class=\"relative p-1 rounded-sm flex items-center justify-center bg-token-main-surface-primary text-token-text-primary h-8 w-8\"><span style=\"font-size: 16px;\">Sch\u00fctzen Sie Ihr Zuhause mit dem Safe Kierstandhouder aus Edelstahl, einem robusten Schloss, das Ihre T\u00fcr einen Spalt offen stehen l\u00e4sst und unerw\u00fcnschte G\u00e4ste fernh\u00e4lt. Dieser robuste Kierstandhouder aus Edelstahl bietet maximale Sicherheit und Einbruchsschutz. Die Schraubenl\u00f6cher sind stilvoll mit einer schwarzen Abdeckplatte verdeckt, die ein modernes und elegantes Aussehen verleiht. Sch\u00fctzen Sie sich und Ihre Lieben mit dieser zuverl\u00e4ssigen und stilvollen Sicherheitsl\u00f6sung.   <\/span><\/div>\n<\/div>\n<\/div>\n<\/div>\n<\/div>\n<table class=\"shop_attributes table table-bordered attribute-table table-striped\">\n<thead>\n<tr>\n<th>Eigenschaft<\/th>\n<th>Wert<\/th>\n<\/tr>\n<\/thead>\n<tbody>\n<tr>\n<th>Material<\/th>\n<td class=\"product_dimensions\">ROSTFREIER STAHL<\/td>\n<\/tr>\n<tr>\n<th>Form<\/th>\n<td class=\"product_dimensions\">Solide Konstruktion<\/td>\n<\/tr>\n<tr>\n<th>L\u00e4nge<\/th>\n<td class=\"product_dimensions\"> 140 mm<\/td>\n<\/tr>\n<tr>\n<th>Breite<\/th>\n<td class=\"product_dimensions\"> 61 mm<\/td>\n<\/tr>\n<tr class=\"alt\">\n<th>H\u00f6he<\/th>\n<td>30 mm<\/td>\n<\/tr>\n<tr class=\"alt\">\n<th>System<\/th>\n<td>Kierstandhouder<\/td>\n<\/tr>\n<tr>\n<th>Befestigung<\/th>\n<td>Schrauben<\/td>\n<\/tr>\n<tr class=\"alt\">\n<th>Farbe<\/th>\n<td>ROSTFREIER STAHL<\/td>\n<\/tr>\n<tr>\n<th>Verkauft pro<\/th>\n<td>pro St\u00fcck<\/td>\n<\/tr>\n<tr class=\"alt\">\n<th>Wof\u00fcr ist das Produkt geeignet<\/th>\n<td>T\u00fcrsicherung Safe Edelstahl T\u00fcrschloss - Sicherheitsschloss Einbruchschutz<\/td>\n<\/tr>\n<tr>\n<th>Pr\u00e4vention<\/th>\n<td>Verwendung auf eigene Gefahr<\/td>\n<\/tr>\n<\/tbody>\n<\/table>\n","protected":false},"excerpt":{"rendered":"<p>Sicheres Wohnen mit dem KIERR SAFE Edelstahl-Spalthalter. Dieser zuverl\u00e4ssige Sicherheitsmechanismus schafft einen sicheren Spalt zwischen Ihrer T\u00fcr und dem Rahmen und sperrt unerw\u00fcnschte Eindringlinge aus. Dieser Kierstandhouder wurde f\u00fcr eine optimale Einbruchspr\u00e4vention entwickelt und bietet eine zus\u00e4tzliche Schutzschicht f\u00fcr Ihr Zuhause.  <\/p>\n<p>Die Befestigung erfolgt durch Bohren und Schrauben.<\/p>\n<p>\u2713 Geeignet als T\u00fcrsicherung<br \/>\n\u2713 Kierstandhouder<br \/>\n\u2713 Starke Konstruktion<br \/>\n\u2713 Modernes Design: T\u00fcr\u00f6ffner mit einem modernen Look; keine sichtbaren Schraubenl\u00f6cher.<br \/>\n\u2713 F\u00fcr Innen- und Au\u00dfent\u00fcren<br \/>\n\u2713 Leicht zu \u00f6ffnen und zu schlie\u00dfen<\/p>\n","protected":false},"featured_media":3503,"template":"","meta":{"_acf_changed":false,"site-sidebar-layout":"default","site-content-layout":"","ast-site-content-layout":"default","site-content-style":"default","site-sidebar-style":"default","ast-global-header-display":"","ast-banner-title-visibility":"","ast-main-header-display":"","ast-hfb-above-header-display":"","ast-hfb-below-header-display":"","ast-hfb-mobile-header-display":"","site-post-title":"","ast-breadcrumbs-content":"","ast-featured-img":"","footer-sml-layout":"","ast-disable-related-posts":"","theme-transparent-header-meta":"default","adv-header-id-meta":"","stick-header-meta":"","header-above-stick-meta":"","header-main-stick-meta":"","header-below-stick-meta":"","astra-migrate-meta-layouts":"set","ast-page-background-enabled":"default","ast-page-background-meta":{"desktop":{"background-color":"var(--ast-global-color-4)","background-image":"","background-repeat":"repeat","background-position":"center center","background-size":"auto","background-attachment":"scroll","background-type":"","background-media":"","overlay-type":"","overlay-color":"","overlay-opacity":"","overlay-gradient":""},"tablet":{"background-color":"","background-image":"","background-repeat":"repeat","background-position":"center center","background-size":"auto","background-attachment":"scroll","background-type":"","background-media":"","overlay-type":"","overlay-color":"","overlay-opacity":"","overlay-gradient":""},"mobile":{"background-color":"","background-image":"","background-repeat":"repeat","background-position":"center center","background-size":"auto","background-attachment":"scroll","background-type":"","background-media":"","overlay-type":"","overlay-color":"","overlay-opacity":"","overlay-gradient":""}},"ast-content-background-meta":{"desktop":{"background-color":"var(--ast-global-color-5)","background-image":"","background-repeat":"repeat","background-position":"center center","background-size":"auto","background-attachment":"scroll","background-type":"","background-media":"","overlay-type":"","overlay-color":"","overlay-opacity":"","overlay-gradient":""},"tablet":{"background-color":"var(--ast-global-color-5)","background-image":"","background-repeat":"repeat","background-position":"center center","background-size":"auto","background-attachment":"scroll","background-type":"","background-media":"","overlay-type":"","overlay-color":"","overlay-opacity":"","overlay-gradient":""},"mobile":{"background-color":"var(--ast-global-color-5)","background-image":"","background-repeat":"repeat","background-position":"center center","background-size":"auto","background-attachment":"scroll","background-type":"","background-media":"","overlay-type":"","overlay-color":"","overlay-opacity":"","overlay-gradient":""}}},"product_brand":[],"product_cat":[102,84],"product_tag":[],"class_list":{"0":"post-3499","1":"product","2":"type-product","3":"status-publish","4":"has-post-thumbnail","6":"product_cat-sicherheit-an-der-tur","7":"product_cat-turbeschlage","8":"product_shipping_class-briefkastenpaket","9":"desktop-align-center","10":"tablet-align-left","11":"mobile-align-left","12":"ast-product-gallery-layout-horizontal-slider","13":"ast-magnify-disabled","14":"ast-product-tabs-layout-horizontal","16":"first","17":"instock","18":"taxable","19":"shipping-taxable","20":"purchasable","21":"product-type-simple"},"acf":[],"yoast_head":"<!-- This site is optimized with the Yoast SEO plugin v27.5 - https:\/\/yoast.com\/product\/yoast-seo-wordpress\/ -->\n<title>Kierr Safe T\u00fcrstopper aus Edelstahl - Kierr.nl<\/title>\n<meta name=\"description\" content=\"Sorgen Sie f\u00fcr zus\u00e4tzliche Sicherheit mit dem Safe Kierstandhouder aus Edelstahl! Dieses robuste Schloss l\u00e4sst Ihre T\u00fcr sicher einen Spalt offen, l\u00e4sst frische Luft herein und h\u00e4lt unerw\u00fcnschte G\u00e4ste fern!\" \/>\n<meta name=\"robots\" content=\"index, follow, max-snippet:-1, max-image-preview:large, max-video-preview:-1\" \/>\n<link rel=\"canonical\" href=\"https:\/\/kierr.nl\/de\/product\/kierr-stop-100-magnetisch-fur-innenraume-kopie-kopie-kopie-kopie\/\" \/>\n<meta property=\"og:locale\" content=\"de_DE\" \/>\n<meta property=\"og:type\" content=\"article\" \/>\n<meta property=\"og:title\" content=\"Kierr Safe T\u00fcrstopper aus Edelstahl - Kierr.nl\" \/>\n<meta property=\"og:description\" content=\"Sorgen Sie f\u00fcr zus\u00e4tzliche Sicherheit mit dem Safe Kierstandhouder aus Edelstahl! Dieses robuste Schloss l\u00e4sst Ihre T\u00fcr sicher einen Spalt offen, l\u00e4sst frische Luft herein und h\u00e4lt unerw\u00fcnschte G\u00e4ste fern!\" \/>\n<meta property=\"og:url\" content=\"https:\/\/kierr.nl\/de\/product\/kierr-stop-100-magnetisch-fur-innenraume-kopie-kopie-kopie-kopie\/\" \/>\n<meta property=\"og:site_name\" content=\"Kierr.nl\" \/>\n<meta property=\"article:modified_time\" content=\"2025-05-16T10:33:02+00:00\" \/>\n<meta property=\"og:image\" content=\"https:\/\/kierr.nl\/wp-content\/uploads\/2024\/10\/Frame-1-4.jpg\" \/>\n\t<meta property=\"og:image:width\" content=\"1600\" \/>\n\t<meta property=\"og:image:height\" content=\"1920\" \/>\n\t<meta property=\"og:image:type\" content=\"image\/jpeg\" \/>\n<meta name=\"twitter:card\" content=\"summary_large_image\" \/>\n<meta name=\"twitter:label1\" content=\"Gesch\u00e4tzte Lesezeit\" \/>\n\t<meta name=\"twitter:data1\" content=\"1\u00a0Minute\" \/>\n<script type=\"application\/ld+json\" class=\"yoast-schema-graph\">{\"@context\":\"https:\\\/\\\/schema.org\",\"@graph\":[{\"@type\":\"WebPage\",\"@id\":\"https:\\\/\\\/kierr.nl\\\/de\\\/product\\\/kierr-stop-100-magnetisch-fur-innenraume-kopie-kopie-kopie-kopie\\\/\",\"url\":\"https:\\\/\\\/kierr.nl\\\/de\\\/product\\\/kierr-stop-100-magnetisch-fur-innenraume-kopie-kopie-kopie-kopie\\\/\",\"name\":\"Kierr Safe T\u00fcrstopper aus Edelstahl - Kierr.nl\",\"isPartOf\":{\"@id\":\"https:\\\/\\\/kierr.nl\\\/de\\\/#website\"},\"primaryImageOfPage\":{\"@id\":\"https:\\\/\\\/kierr.nl\\\/de\\\/product\\\/kierr-stop-100-magnetisch-fur-innenraume-kopie-kopie-kopie-kopie\\\/#primaryimage\"},\"image\":{\"@id\":\"https:\\\/\\\/kierr.nl\\\/de\\\/product\\\/kierr-stop-100-magnetisch-fur-innenraume-kopie-kopie-kopie-kopie\\\/#primaryimage\"},\"thumbnailUrl\":\"https:\\\/\\\/kierr.nl\\\/wp-content\\\/uploads\\\/2024\\\/10\\\/Frame-1-4.jpg\",\"datePublished\":\"2024-10-13T07:42:35+00:00\",\"dateModified\":\"2025-05-16T10:33:02+00:00\",\"description\":\"Sorgen Sie f\u00fcr zus\u00e4tzliche Sicherheit mit dem Safe Kierstandhouder aus Edelstahl! Dieses robuste Schloss l\u00e4sst Ihre T\u00fcr sicher einen Spalt offen, l\u00e4sst frische Luft herein und h\u00e4lt unerw\u00fcnschte G\u00e4ste fern!\",\"breadcrumb\":{\"@id\":\"https:\\\/\\\/kierr.nl\\\/de\\\/product\\\/kierr-stop-100-magnetisch-fur-innenraume-kopie-kopie-kopie-kopie\\\/#breadcrumb\"},\"inLanguage\":\"de\",\"potentialAction\":[{\"@type\":\"ReadAction\",\"target\":[\"https:\\\/\\\/kierr.nl\\\/de\\\/product\\\/kierr-stop-100-magnetisch-fur-innenraume-kopie-kopie-kopie-kopie\\\/\"]}]},{\"@type\":\"ImageObject\",\"inLanguage\":\"de\",\"@id\":\"https:\\\/\\\/kierr.nl\\\/de\\\/product\\\/kierr-stop-100-magnetisch-fur-innenraume-kopie-kopie-kopie-kopie\\\/#primaryimage\",\"url\":\"https:\\\/\\\/kierr.nl\\\/wp-content\\\/uploads\\\/2024\\\/10\\\/Frame-1-4.jpg\",\"contentUrl\":\"https:\\\/\\\/kierr.nl\\\/wp-content\\\/uploads\\\/2024\\\/10\\\/Frame-1-4.jpg\",\"width\":1600,\"height\":1920,\"caption\":\"Kierr Safe T\u00fcrsicherung\"},{\"@type\":\"BreadcrumbList\",\"@id\":\"https:\\\/\\\/kierr.nl\\\/de\\\/product\\\/kierr-stop-100-magnetisch-fur-innenraume-kopie-kopie-kopie-kopie\\\/#breadcrumb\",\"itemListElement\":[{\"@type\":\"ListItem\",\"position\":1,\"name\":\"Startseite\",\"item\":\"https:\\\/\\\/kierr.nl\\\/de\\\/\"},{\"@type\":\"ListItem\",\"position\":2,\"name\":\"Shop\",\"item\":\"https:\\\/\\\/kierr.nl\\\/de\\\/shop\\\/\"},{\"@type\":\"ListItem\",\"position\":3,\"name\":\"Kierr Safe T\u00fcrstopper aus Edelstahl\"}]},{\"@type\":\"WebSite\",\"@id\":\"https:\\\/\\\/kierr.nl\\\/de\\\/#website\",\"url\":\"https:\\\/\\\/kierr.nl\\\/de\\\/\",\"name\":\"Kierr.nl\",\"description\":\"Deur- en raambeslag\",\"potentialAction\":[{\"@type\":\"SearchAction\",\"target\":{\"@type\":\"EntryPoint\",\"urlTemplate\":\"https:\\\/\\\/kierr.nl\\\/de\\\/?s={search_term_string}\"},\"query-input\":{\"@type\":\"PropertyValueSpecification\",\"valueRequired\":true,\"valueName\":\"search_term_string\"}}],\"inLanguage\":\"de\"}]}<\/script>\n<!-- \/ Yoast SEO plugin. -->","yoast_head_json":{"title":"Kierr Safe T\u00fcrstopper aus Edelstahl - Kierr.nl","description":"Sorgen Sie f\u00fcr zus\u00e4tzliche Sicherheit mit dem Safe Kierstandhouder aus Edelstahl! Dieses robuste Schloss l\u00e4sst Ihre T\u00fcr sicher einen Spalt offen, l\u00e4sst frische Luft herein und h\u00e4lt unerw\u00fcnschte G\u00e4ste fern!","robots":{"index":"index","follow":"follow","max-snippet":"max-snippet:-1","max-image-preview":"max-image-preview:large","max-video-preview":"max-video-preview:-1"},"canonical":"https:\/\/kierr.nl\/de\/product\/kierr-stop-100-magnetisch-fur-innenraume-kopie-kopie-kopie-kopie\/","og_locale":"de_DE","og_type":"article","og_title":"Kierr Safe T\u00fcrstopper aus Edelstahl - Kierr.nl","og_description":"Sorgen Sie f\u00fcr zus\u00e4tzliche Sicherheit mit dem Safe Kierstandhouder aus Edelstahl! Dieses robuste Schloss l\u00e4sst Ihre T\u00fcr sicher einen Spalt offen, l\u00e4sst frische Luft herein und h\u00e4lt unerw\u00fcnschte G\u00e4ste fern!","og_url":"https:\/\/kierr.nl\/de\/product\/kierr-stop-100-magnetisch-fur-innenraume-kopie-kopie-kopie-kopie\/","og_site_name":"Kierr.nl","article_modified_time":"2025-05-16T10:33:02+00:00","og_image":[{"width":1600,"height":1920,"url":"https:\/\/kierr.nl\/wp-content\/uploads\/2024\/10\/Frame-1-4.jpg","type":"image\/jpeg"}],"twitter_card":"summary_large_image","twitter_misc":{"Gesch\u00e4tzte Lesezeit":"1\u00a0Minute"},"schema":{"@context":"https:\/\/schema.org","@graph":[{"@type":"WebPage","@id":"https:\/\/kierr.nl\/de\/product\/kierr-stop-100-magnetisch-fur-innenraume-kopie-kopie-kopie-kopie\/","url":"https:\/\/kierr.nl\/de\/product\/kierr-stop-100-magnetisch-fur-innenraume-kopie-kopie-kopie-kopie\/","name":"Kierr Safe T\u00fcrstopper aus Edelstahl - Kierr.nl","isPartOf":{"@id":"https:\/\/kierr.nl\/de\/#website"},"primaryImageOfPage":{"@id":"https:\/\/kierr.nl\/de\/product\/kierr-stop-100-magnetisch-fur-innenraume-kopie-kopie-kopie-kopie\/#primaryimage"},"image":{"@id":"https:\/\/kierr.nl\/de\/product\/kierr-stop-100-magnetisch-fur-innenraume-kopie-kopie-kopie-kopie\/#primaryimage"},"thumbnailUrl":"https:\/\/kierr.nl\/wp-content\/uploads\/2024\/10\/Frame-1-4.jpg","datePublished":"2024-10-13T07:42:35+00:00","dateModified":"2025-05-16T10:33:02+00:00","description":"Sorgen Sie f\u00fcr zus\u00e4tzliche Sicherheit mit dem Safe Kierstandhouder aus Edelstahl! Dieses robuste Schloss l\u00e4sst Ihre T\u00fcr sicher einen Spalt offen, l\u00e4sst frische Luft herein und h\u00e4lt unerw\u00fcnschte G\u00e4ste fern!","breadcrumb":{"@id":"https:\/\/kierr.nl\/de\/product\/kierr-stop-100-magnetisch-fur-innenraume-kopie-kopie-kopie-kopie\/#breadcrumb"},"inLanguage":"de","potentialAction":[{"@type":"ReadAction","target":["https:\/\/kierr.nl\/de\/product\/kierr-stop-100-magnetisch-fur-innenraume-kopie-kopie-kopie-kopie\/"]}]},{"@type":"ImageObject","inLanguage":"de","@id":"https:\/\/kierr.nl\/de\/product\/kierr-stop-100-magnetisch-fur-innenraume-kopie-kopie-kopie-kopie\/#primaryimage","url":"https:\/\/kierr.nl\/wp-content\/uploads\/2024\/10\/Frame-1-4.jpg","contentUrl":"https:\/\/kierr.nl\/wp-content\/uploads\/2024\/10\/Frame-1-4.jpg","width":1600,"height":1920,"caption":"Kierr Safe T\u00fcrsicherung"},{"@type":"BreadcrumbList","@id":"https:\/\/kierr.nl\/de\/product\/kierr-stop-100-magnetisch-fur-innenraume-kopie-kopie-kopie-kopie\/#breadcrumb","itemListElement":[{"@type":"ListItem","position":1,"name":"Startseite","item":"https:\/\/kierr.nl\/de\/"},{"@type":"ListItem","position":2,"name":"Shop","item":"https:\/\/kierr.nl\/de\/shop\/"},{"@type":"ListItem","position":3,"name":"Kierr Safe T\u00fcrstopper aus Edelstahl"}]},{"@type":"WebSite","@id":"https:\/\/kierr.nl\/de\/#website","url":"https:\/\/kierr.nl\/de\/","name":"Kierr.nl","description":"Deur- en raambeslag","potentialAction":[{"@type":"SearchAction","target":{"@type":"EntryPoint","urlTemplate":"https:\/\/kierr.nl\/de\/?s={search_term_string}"},"query-input":{"@type":"PropertyValueSpecification","valueRequired":true,"valueName":"search_term_string"}}],"inLanguage":"de"}]}},"_links":{"self":[{"href":"https:\/\/kierr.nl\/de\/wp-json\/wp\/v2\/product\/3499","targetHints":{"allow":["GET"]}}],"collection":[{"href":"https:\/\/kierr.nl\/de\/wp-json\/wp\/v2\/product"}],"about":[{"href":"https:\/\/kierr.nl\/de\/wp-json\/wp\/v2\/types\/product"}],"wp:featuredmedia":[{"embeddable":true,"href":"https:\/\/kierr.nl\/de\/wp-json\/wp\/v2\/media\/3503"}],"wp:attachment":[{"href":"https:\/\/kierr.nl\/de\/wp-json\/wp\/v2\/media?parent=3499"}],"wp:term":[{"taxonomy":"product_brand","embeddable":true,"href":"https:\/\/kierr.nl\/de\/wp-json\/wp\/v2\/product_brand?post=3499"},{"taxonomy":"product_cat","embeddable":true,"href":"https:\/\/kierr.nl\/de\/wp-json\/wp\/v2\/product_cat?post=3499"},{"taxonomy":"product_tag","embeddable":true,"href":"https:\/\/kierr.nl\/de\/wp-json\/wp\/v2\/product_tag?post=3499"}],"curies":[{"name":"wp","href":"https:\/\/api.w.org\/{rel}","templated":true}]}}