{"id":3522,"date":"2024-10-13T11:31:47","date_gmt":"2024-10-13T09:31:47","guid":{"rendered":"https:\/\/www.kierr.nl\/?post_type=product&#038;p=3522"},"modified":"2025-05-16T12:33:04","modified_gmt":"2025-05-16T10:33:04","slug":"kierr-turgriff-ocean-kopie","status":"publish","type":"product","link":"https:\/\/kierr.nl\/de\/product\/kierr-turgriff-ocean-kopie\/","title":{"rendered":"Kierr Haust\u00fcrknopf Globe"},"content":{"rendered":"<p class=\"lead\">Alle Funktionen auf einen Blick<\/p>\n<table class=\"shop_attributes table table-bordered attribute-table table-striped\">\n<thead>\n<tr>\n<th>Eigenschaft<\/th>\n<th>Wert<\/th>\n<\/tr>\n<\/thead>\n<tbody>\n<tr>\n<th>Material<\/th>\n<td class=\"product_dimensions\">ROSTFREIER STAHL<\/td>\n<\/tr>\n<tr>\n<th>Gestalten Sie<\/th>\n<td class=\"product_dimensions\">Stilvoll<\/td>\n<\/tr>\n<tr>\n<th>L\u00e4nge<\/th>\n<td class=\"product_dimensions\">53 mm<\/td>\n<\/tr>\n<tr>\n<th>Breite<\/th>\n<td class=\"product_dimensions\">53 mm<\/td>\n<\/tr>\n<tr>\n<th>H\u00f6he<\/th>\n<td class=\"product_dimensions\">53 mm<\/td>\n<\/tr>\n<tr>\n<th>Mindestst\u00e4rke der T\u00fcr<\/th>\n<td class=\"product_dimensions\">N\/A<\/td>\n<\/tr>\n<tr>\n<th>Maximale T\u00fcrst\u00e4rke<\/th>\n<td class=\"product_dimensions\">N\/A<\/td>\n<\/tr>\n<tr class=\"alt\">\n<th>Farbe<\/th>\n<td>ROSTFREIER STAHL<\/td>\n<\/tr>\n<tr>\n<th>Verkauft pro<\/th>\n<td>Pro St\u00fcck, einschlie\u00dflich Befestigungsmaterial<\/td>\n<\/tr>\n<tr class=\"alt\">\n<th>Wof\u00fcr das Produkt geeignet ist<\/th>\n<td>T\u00fcrknauf f\u00fcr Innen- und Au\u00dfent\u00fcren<\/td>\n<\/tr>\n<tr>\n<th>Pr\u00e4vention<\/th>\n<td>Verwendung auf eigene Gefahr<\/td>\n<\/tr>\n<\/tbody>\n<\/table>\n","protected":false},"excerpt":{"rendered":"<p>Suchen Sie nach der idealen Erg\u00e4nzung f\u00fcr Ihre Haust\u00fcr? Entdecken Sie den runden Haust\u00fcrknopf von Kierr! Dieser stilvolle T\u00fcrknauf verleiht Ihrer Haust\u00fcr sofort ein luxuri\u00f6ses und modernes Aussehen. Dank seines zeitlosen Designs und der hochwertigen Verarbeitung bietet dieser Knopf ein elegantes Upgrade, das Ihren Eingang auf die n\u00e4chste Stufe hebt. Beeindrucken Sie Ihre G\u00e4ste im Handumdrehen!    <\/p>\n<p>\u2713 Geeignet als T\u00fcrknauf<br \/>\n\u2713 Runde Form<br \/>\n\u2713 Einfache Montage<br \/>\n\u2713 F\u00fcr Innen- und Au\u00dfent\u00fcren<br \/>\n\u2713 Stilvolle Optik aus Edelstahl<\/p>\n","protected":false},"featured_media":3525,"template":"","meta":{"_acf_changed":false,"site-sidebar-layout":"default","site-content-layout":"","ast-site-content-layout":"default","site-content-style":"default","site-sidebar-style":"default","ast-global-header-display":"","ast-banner-title-visibility":"","ast-main-header-display":"","ast-hfb-above-header-display":"","ast-hfb-below-header-display":"","ast-hfb-mobile-header-display":"","site-post-title":"","ast-breadcrumbs-content":"","ast-featured-img":"","footer-sml-layout":"","ast-disable-related-posts":"","theme-transparent-header-meta":"default","adv-header-id-meta":"","stick-header-meta":"","header-above-stick-meta":"","header-main-stick-meta":"","header-below-stick-meta":"","astra-migrate-meta-layouts":"set","ast-page-background-enabled":"default","ast-page-background-meta":{"desktop":{"background-color":"var(--ast-global-color-4)","background-image":"","background-repeat":"repeat","background-position":"center center","background-size":"auto","background-attachment":"scroll","background-type":"","background-media":"","overlay-type":"","overlay-color":"","overlay-opacity":"","overlay-gradient":""},"tablet":{"background-color":"","background-image":"","background-repeat":"repeat","background-position":"center center","background-size":"auto","background-attachment":"scroll","background-type":"","background-media":"","overlay-type":"","overlay-color":"","overlay-opacity":"","overlay-gradient":""},"mobile":{"background-color":"","background-image":"","background-repeat":"repeat","background-position":"center center","background-size":"auto","background-attachment":"scroll","background-type":"","background-media":"","overlay-type":"","overlay-color":"","overlay-opacity":"","overlay-gradient":""}},"ast-content-background-meta":{"desktop":{"background-color":"var(--ast-global-color-5)","background-image":"","background-repeat":"repeat","background-position":"center center","background-size":"auto","background-attachment":"scroll","background-type":"","background-media":"","overlay-type":"","overlay-color":"","overlay-opacity":"","overlay-gradient":""},"tablet":{"background-color":"var(--ast-global-color-5)","background-image":"","background-repeat":"repeat","background-position":"center center","background-size":"auto","background-attachment":"scroll","background-type":"","background-media":"","overlay-type":"","overlay-color":"","overlay-opacity":"","overlay-gradient":""},"mobile":{"background-color":"var(--ast-global-color-5)","background-image":"","background-repeat":"repeat","background-position":"center center","background-size":"auto","background-attachment":"scroll","background-type":"","background-media":"","overlay-type":"","overlay-color":"","overlay-opacity":"","overlay-gradient":""}}},"product_brand":[],"product_cat":[84,85],"product_tag":[],"class_list":{"0":"post-3522","1":"product","2":"type-product","3":"status-publish","4":"has-post-thumbnail","6":"product_cat-turbeschlage","7":"product_cat-turknauf","8":"desktop-align-center","9":"tablet-align-left","10":"mobile-align-left","11":"ast-product-gallery-layout-horizontal-slider","12":"ast-magnify-disabled","13":"ast-product-tabs-layout-horizontal","15":"first","16":"instock","17":"taxable","18":"shipping-taxable","19":"purchasable","20":"product-type-simple"},"acf":[],"yoast_head":"<!-- This site is optimized with the Yoast SEO plugin v27.4 - https:\/\/yoast.com\/product\/yoast-seo-wordpress\/ -->\n<title>Kierr Haust\u00fcrknopf Globe - Kierr.nl<\/title>\n<meta name=\"description\" content=\"Entdecken Sie den runden Haust\u00fcrknopf von Kierr! Dieser stilvolle T\u00fcrknauf verleiht Ihrer Haust\u00fcr sofort einen modernen und luxuri\u00f6sen Look. Mit seinem zeitlosen Design und der hochwertigen Verarbeitung ist er die perfekte Wahl.\" \/>\n<meta name=\"robots\" content=\"index, follow, max-snippet:-1, max-image-preview:large, max-video-preview:-1\" \/>\n<link rel=\"canonical\" href=\"https:\/\/kierr.nl\/de\/product\/kierr-turgriff-ocean-kopie\/\" \/>\n<meta property=\"og:locale\" content=\"de_DE\" \/>\n<meta property=\"og:type\" content=\"article\" \/>\n<meta property=\"og:title\" content=\"Kierr Haust\u00fcrknopf Globe - Kierr.nl\" \/>\n<meta property=\"og:description\" content=\"Entdecken Sie den runden Haust\u00fcrknopf von Kierr! Dieser stilvolle T\u00fcrknauf verleiht Ihrer Haust\u00fcr sofort einen modernen und luxuri\u00f6sen Look. Mit seinem zeitlosen Design und der hochwertigen Verarbeitung ist er die perfekte Wahl.\" \/>\n<meta property=\"og:url\" content=\"https:\/\/kierr.nl\/de\/product\/kierr-turgriff-ocean-kopie\/\" \/>\n<meta property=\"og:site_name\" content=\"Kierr.nl\" \/>\n<meta property=\"article:modified_time\" content=\"2025-05-16T10:33:04+00:00\" \/>\n<meta property=\"og:image\" content=\"https:\/\/kierr.nl\/wp-content\/uploads\/2024\/10\/Frame-1-6.jpg\" \/>\n\t<meta property=\"og:image:width\" content=\"1600\" \/>\n\t<meta property=\"og:image:height\" content=\"1920\" \/>\n\t<meta property=\"og:image:type\" content=\"image\/jpeg\" \/>\n<meta name=\"twitter:card\" content=\"summary_large_image\" \/>\n<script type=\"application\/ld+json\" class=\"yoast-schema-graph\">{\"@context\":\"https:\\\/\\\/schema.org\",\"@graph\":[{\"@type\":\"WebPage\",\"@id\":\"https:\\\/\\\/kierr.nl\\\/de\\\/product\\\/kierr-turgriff-ocean-kopie\\\/\",\"url\":\"https:\\\/\\\/kierr.nl\\\/de\\\/product\\\/kierr-turgriff-ocean-kopie\\\/\",\"name\":\"Kierr Haust\u00fcrknopf Globe - Kierr.nl\",\"isPartOf\":{\"@id\":\"https:\\\/\\\/kierr.nl\\\/de\\\/#website\"},\"primaryImageOfPage\":{\"@id\":\"https:\\\/\\\/kierr.nl\\\/de\\\/product\\\/kierr-turgriff-ocean-kopie\\\/#primaryimage\"},\"image\":{\"@id\":\"https:\\\/\\\/kierr.nl\\\/de\\\/product\\\/kierr-turgriff-ocean-kopie\\\/#primaryimage\"},\"thumbnailUrl\":\"https:\\\/\\\/kierr.nl\\\/wp-content\\\/uploads\\\/2024\\\/10\\\/Frame-1-6.jpg\",\"datePublished\":\"2024-10-13T09:31:47+00:00\",\"dateModified\":\"2025-05-16T10:33:04+00:00\",\"description\":\"Entdecken Sie den runden Haust\u00fcrknopf von Kierr! Dieser stilvolle T\u00fcrknauf verleiht Ihrer Haust\u00fcr sofort einen modernen und luxuri\u00f6sen Look. Mit seinem zeitlosen Design und der hochwertigen Verarbeitung ist er die perfekte Wahl.\",\"breadcrumb\":{\"@id\":\"https:\\\/\\\/kierr.nl\\\/de\\\/product\\\/kierr-turgriff-ocean-kopie\\\/#breadcrumb\"},\"inLanguage\":\"de\",\"potentialAction\":[{\"@type\":\"ReadAction\",\"target\":[\"https:\\\/\\\/kierr.nl\\\/de\\\/product\\\/kierr-turgriff-ocean-kopie\\\/\"]}]},{\"@type\":\"ImageObject\",\"inLanguage\":\"de\",\"@id\":\"https:\\\/\\\/kierr.nl\\\/de\\\/product\\\/kierr-turgriff-ocean-kopie\\\/#primaryimage\",\"url\":\"https:\\\/\\\/kierr.nl\\\/wp-content\\\/uploads\\\/2024\\\/10\\\/Frame-1-6.jpg\",\"contentUrl\":\"https:\\\/\\\/kierr.nl\\\/wp-content\\\/uploads\\\/2024\\\/10\\\/Frame-1-6.jpg\",\"width\":1600,\"height\":1920,\"caption\":\"Haust\u00fcrknauf - Kierr\"},{\"@type\":\"BreadcrumbList\",\"@id\":\"https:\\\/\\\/kierr.nl\\\/de\\\/product\\\/kierr-turgriff-ocean-kopie\\\/#breadcrumb\",\"itemListElement\":[{\"@type\":\"ListItem\",\"position\":1,\"name\":\"Startseite\",\"item\":\"https:\\\/\\\/kierr.nl\\\/de\\\/\"},{\"@type\":\"ListItem\",\"position\":2,\"name\":\"Shop\",\"item\":\"https:\\\/\\\/kierr.nl\\\/de\\\/shop\\\/\"},{\"@type\":\"ListItem\",\"position\":3,\"name\":\"Kierr Haust\u00fcrknopf Globe\"}]},{\"@type\":\"WebSite\",\"@id\":\"https:\\\/\\\/kierr.nl\\\/de\\\/#website\",\"url\":\"https:\\\/\\\/kierr.nl\\\/de\\\/\",\"name\":\"Kierr.nl\",\"description\":\"Deur- en raambeslag\",\"potentialAction\":[{\"@type\":\"SearchAction\",\"target\":{\"@type\":\"EntryPoint\",\"urlTemplate\":\"https:\\\/\\\/kierr.nl\\\/de\\\/?s={search_term_string}\"},\"query-input\":{\"@type\":\"PropertyValueSpecification\",\"valueRequired\":true,\"valueName\":\"search_term_string\"}}],\"inLanguage\":\"de\"}]}<\/script>\n<!-- \/ Yoast SEO plugin. -->","yoast_head_json":{"title":"Kierr Haust\u00fcrknopf Globe - Kierr.nl","description":"Entdecken Sie den runden Haust\u00fcrknopf von Kierr! Dieser stilvolle T\u00fcrknauf verleiht Ihrer Haust\u00fcr sofort einen modernen und luxuri\u00f6sen Look. Mit seinem zeitlosen Design und der hochwertigen Verarbeitung ist er die perfekte Wahl.","robots":{"index":"index","follow":"follow","max-snippet":"max-snippet:-1","max-image-preview":"max-image-preview:large","max-video-preview":"max-video-preview:-1"},"canonical":"https:\/\/kierr.nl\/de\/product\/kierr-turgriff-ocean-kopie\/","og_locale":"de_DE","og_type":"article","og_title":"Kierr Haust\u00fcrknopf Globe - Kierr.nl","og_description":"Entdecken Sie den runden Haust\u00fcrknopf von Kierr! Dieser stilvolle T\u00fcrknauf verleiht Ihrer Haust\u00fcr sofort einen modernen und luxuri\u00f6sen Look. Mit seinem zeitlosen Design und der hochwertigen Verarbeitung ist er die perfekte Wahl.","og_url":"https:\/\/kierr.nl\/de\/product\/kierr-turgriff-ocean-kopie\/","og_site_name":"Kierr.nl","article_modified_time":"2025-05-16T10:33:04+00:00","og_image":[{"width":1600,"height":1920,"url":"https:\/\/kierr.nl\/wp-content\/uploads\/2024\/10\/Frame-1-6.jpg","type":"image\/jpeg"}],"twitter_card":"summary_large_image","schema":{"@context":"https:\/\/schema.org","@graph":[{"@type":"WebPage","@id":"https:\/\/kierr.nl\/de\/product\/kierr-turgriff-ocean-kopie\/","url":"https:\/\/kierr.nl\/de\/product\/kierr-turgriff-ocean-kopie\/","name":"Kierr Haust\u00fcrknopf Globe - Kierr.nl","isPartOf":{"@id":"https:\/\/kierr.nl\/de\/#website"},"primaryImageOfPage":{"@id":"https:\/\/kierr.nl\/de\/product\/kierr-turgriff-ocean-kopie\/#primaryimage"},"image":{"@id":"https:\/\/kierr.nl\/de\/product\/kierr-turgriff-ocean-kopie\/#primaryimage"},"thumbnailUrl":"https:\/\/kierr.nl\/wp-content\/uploads\/2024\/10\/Frame-1-6.jpg","datePublished":"2024-10-13T09:31:47+00:00","dateModified":"2025-05-16T10:33:04+00:00","description":"Entdecken Sie den runden Haust\u00fcrknopf von Kierr! Dieser stilvolle T\u00fcrknauf verleiht Ihrer Haust\u00fcr sofort einen modernen und luxuri\u00f6sen Look. Mit seinem zeitlosen Design und der hochwertigen Verarbeitung ist er die perfekte Wahl.","breadcrumb":{"@id":"https:\/\/kierr.nl\/de\/product\/kierr-turgriff-ocean-kopie\/#breadcrumb"},"inLanguage":"de","potentialAction":[{"@type":"ReadAction","target":["https:\/\/kierr.nl\/de\/product\/kierr-turgriff-ocean-kopie\/"]}]},{"@type":"ImageObject","inLanguage":"de","@id":"https:\/\/kierr.nl\/de\/product\/kierr-turgriff-ocean-kopie\/#primaryimage","url":"https:\/\/kierr.nl\/wp-content\/uploads\/2024\/10\/Frame-1-6.jpg","contentUrl":"https:\/\/kierr.nl\/wp-content\/uploads\/2024\/10\/Frame-1-6.jpg","width":1600,"height":1920,"caption":"Haust\u00fcrknauf - Kierr"},{"@type":"BreadcrumbList","@id":"https:\/\/kierr.nl\/de\/product\/kierr-turgriff-ocean-kopie\/#breadcrumb","itemListElement":[{"@type":"ListItem","position":1,"name":"Startseite","item":"https:\/\/kierr.nl\/de\/"},{"@type":"ListItem","position":2,"name":"Shop","item":"https:\/\/kierr.nl\/de\/shop\/"},{"@type":"ListItem","position":3,"name":"Kierr Haust\u00fcrknopf Globe"}]},{"@type":"WebSite","@id":"https:\/\/kierr.nl\/de\/#website","url":"https:\/\/kierr.nl\/de\/","name":"Kierr.nl","description":"Deur- en raambeslag","potentialAction":[{"@type":"SearchAction","target":{"@type":"EntryPoint","urlTemplate":"https:\/\/kierr.nl\/de\/?s={search_term_string}"},"query-input":{"@type":"PropertyValueSpecification","valueRequired":true,"valueName":"search_term_string"}}],"inLanguage":"de"}]}},"_links":{"self":[{"href":"https:\/\/kierr.nl\/de\/wp-json\/wp\/v2\/product\/3522","targetHints":{"allow":["GET"]}}],"collection":[{"href":"https:\/\/kierr.nl\/de\/wp-json\/wp\/v2\/product"}],"about":[{"href":"https:\/\/kierr.nl\/de\/wp-json\/wp\/v2\/types\/product"}],"wp:featuredmedia":[{"embeddable":true,"href":"https:\/\/kierr.nl\/de\/wp-json\/wp\/v2\/media\/3525"}],"wp:attachment":[{"href":"https:\/\/kierr.nl\/de\/wp-json\/wp\/v2\/media?parent=3522"}],"wp:term":[{"taxonomy":"product_brand","embeddable":true,"href":"https:\/\/kierr.nl\/de\/wp-json\/wp\/v2\/product_brand?post=3522"},{"taxonomy":"product_cat","embeddable":true,"href":"https:\/\/kierr.nl\/de\/wp-json\/wp\/v2\/product_cat?post=3522"},{"taxonomy":"product_tag","embeddable":true,"href":"https:\/\/kierr.nl\/de\/wp-json\/wp\/v2\/product_tag?post=3522"}],"curies":[{"name":"wp","href":"https:\/\/api.w.org\/{rel}","templated":true}]}}