{"id":3528,"date":"2024-10-13T11:45:45","date_gmt":"2024-10-13T09:45:45","guid":{"rendered":"https:\/\/www.kierr.nl\/?post_type=product&#038;p=3528"},"modified":"2025-05-16T12:33:10","modified_gmt":"2025-05-16T10:33:10","slug":"kierr-turgriff-ocean-kopie-kopie","status":"publish","type":"product","link":"https:\/\/kierr.nl\/de\/product\/kierr-turgriff-ocean-kopie-kopie\/","title":{"rendered":"Kierr Haust\u00fcrknauf Globe beidseitig"},"content":{"rendered":"<p class=\"lead\">Alle Funktionen auf einen Blick<\/p>\n<table class=\"shop_attributes table table-bordered attribute-table table-striped\">\n<thead>\n<tr>\n<th><strong>Eigenschaft<\/strong><\/th>\n<th><strong>Wert<\/strong><\/th>\n<\/tr>\n<\/thead>\n<tbody>\n<tr>\n<th><strong>Material<\/strong><\/th>\n<td class=\"product_dimensions\">ROSTFREIER STAHL<\/td>\n<\/tr>\n<tr>\n<th><strong>Gestalten Sie<\/strong><\/th>\n<td class=\"product_dimensions\">Stilvoll<\/td>\n<\/tr>\n<tr>\n<th><strong>L\u00e4nge<\/strong><\/th>\n<td class=\"product_dimensions\">53 mm<\/td>\n<\/tr>\n<tr>\n<th><strong>Breite<\/strong><\/th>\n<td class=\"product_dimensions\">53 mm<\/td>\n<\/tr>\n<tr>\n<th><strong>H\u00f6he<\/strong><\/th>\n<td class=\"product_dimensions\">53 mm<\/td>\n<\/tr>\n<tr>\n<th><strong>Mindestst\u00e4rke der T\u00fcr<\/strong><\/th>\n<td class=\"product_dimensions\">20 mm<\/td>\n<\/tr>\n<tr>\n<th><strong>Maximale Dicke der T\u00fcr<\/strong><\/th>\n<td class=\"product_dimensions\">55 mm<\/td>\n<\/tr>\n<tr class=\"alt\">\n<th><strong>Farbe<\/strong><\/th>\n<td>ROSTFREIER STAHL<\/td>\n<\/tr>\n<tr>\n<th><strong>Verkauft pro<\/strong><\/th>\n<td>Pro St\u00fcck, einschlie\u00dflich Befestigungsmaterial<\/td>\n<\/tr>\n<tr class=\"alt\">\n<th><strong>Wof\u00fcr das Produkt geeignet ist<\/strong><\/th>\n<td>T\u00fcrknauf f\u00fcr Innen- und Au\u00dfent\u00fcren<\/td>\n<\/tr>\n<tr>\n<th><strong>Pr\u00e4vention<\/strong><\/th>\n<td>Verwendung auf eigene Gefahr<\/td>\n<\/tr>\n<\/tbody>\n<\/table>\n","protected":false},"excerpt":{"rendered":"<p>Suchen Sie nach einem stilvollen Upgrade f\u00fcr Ihre Haust\u00fcr? Entdecken Sie den kompakten runden T\u00fcrknauf, der perfekt f\u00fcr beide T\u00fcrseiten geeignet ist. Dieser elegante, nicht zu gro\u00dfe Knauf liegt angenehm in der Hand und ist ein echter Blickfang. Das komplette Set enth\u00e4lt alles, was Sie brauchen, einschlie\u00dflich der M\u00f6glichkeit, ein Schl\u00fcsselloch zu integrieren. Dieser doppelseitige Knauf verleiht Ihrer T\u00fcr sofort einen modernen und raffinierten Look. Beeindrucken Sie Ihre G\u00e4ste mit Ihrer Liebe zum Detail und verleihen Sie Ihrem Eingang die Raffinesse, die er verdient.     <\/p>\n<p>\u2713 Geeignet als T\u00fcrgriff auf zwei Seiten<br \/>\n\u2713 Runde Form<br \/>\n\u2713 Mindestst\u00e4rke der T\u00fcren 20 mm<br \/>\n\u2713 Maximale St\u00e4rke der T\u00fcren 50 mm<br \/>\n\u2713 Einfache Montage<br \/>\n\u2713 F\u00fcr Innen- und Au\u00dfent\u00fcren<br \/>\n\u2713 Stilvolle Optik aus Edelstahl<\/p>\n","protected":false},"featured_media":3531,"template":"","meta":{"_acf_changed":false,"site-sidebar-layout":"default","site-content-layout":"","ast-site-content-layout":"default","site-content-style":"default","site-sidebar-style":"default","ast-global-header-display":"","ast-banner-title-visibility":"","ast-main-header-display":"","ast-hfb-above-header-display":"","ast-hfb-below-header-display":"","ast-hfb-mobile-header-display":"","site-post-title":"","ast-breadcrumbs-content":"","ast-featured-img":"","footer-sml-layout":"","ast-disable-related-posts":"","theme-transparent-header-meta":"default","adv-header-id-meta":"","stick-header-meta":"","header-above-stick-meta":"","header-main-stick-meta":"","header-below-stick-meta":"","astra-migrate-meta-layouts":"set","ast-page-background-enabled":"default","ast-page-background-meta":{"desktop":{"background-color":"var(--ast-global-color-4)","background-image":"","background-repeat":"repeat","background-position":"center center","background-size":"auto","background-attachment":"scroll","background-type":"","background-media":"","overlay-type":"","overlay-color":"","overlay-opacity":"","overlay-gradient":""},"tablet":{"background-color":"","background-image":"","background-repeat":"repeat","background-position":"center center","background-size":"auto","background-attachment":"scroll","background-type":"","background-media":"","overlay-type":"","overlay-color":"","overlay-opacity":"","overlay-gradient":""},"mobile":{"background-color":"","background-image":"","background-repeat":"repeat","background-position":"center center","background-size":"auto","background-attachment":"scroll","background-type":"","background-media":"","overlay-type":"","overlay-color":"","overlay-opacity":"","overlay-gradient":""}},"ast-content-background-meta":{"desktop":{"background-color":"var(--ast-global-color-5)","background-image":"","background-repeat":"repeat","background-position":"center center","background-size":"auto","background-attachment":"scroll","background-type":"","background-media":"","overlay-type":"","overlay-color":"","overlay-opacity":"","overlay-gradient":""},"tablet":{"background-color":"var(--ast-global-color-5)","background-image":"","background-repeat":"repeat","background-position":"center center","background-size":"auto","background-attachment":"scroll","background-type":"","background-media":"","overlay-type":"","overlay-color":"","overlay-opacity":"","overlay-gradient":""},"mobile":{"background-color":"var(--ast-global-color-5)","background-image":"","background-repeat":"repeat","background-position":"center center","background-size":"auto","background-attachment":"scroll","background-type":"","background-media":"","overlay-type":"","overlay-color":"","overlay-opacity":"","overlay-gradient":""}}},"product_brand":[],"product_cat":[84,85],"product_tag":[],"class_list":{"0":"post-3528","1":"product","2":"type-product","3":"status-publish","4":"has-post-thumbnail","6":"product_cat-turbeschlage","7":"product_cat-turknauf","8":"desktop-align-center","9":"tablet-align-left","10":"mobile-align-left","11":"ast-product-gallery-layout-horizontal-slider","12":"ast-magnify-disabled","13":"ast-product-tabs-layout-horizontal","15":"first","16":"instock","17":"taxable","18":"shipping-taxable","19":"purchasable","20":"product-type-simple"},"acf":[],"yoast_head":"<!-- This site is optimized with the Yoast SEO plugin v27.4 - https:\/\/yoast.com\/product\/yoast-seo-wordpress\/ -->\n<title>Kierr Haust\u00fcrknauf Globe beidseitig - Kierr.nl<\/title>\n<meta name=\"description\" content=\"Dieser elegante, kompakte runde T\u00fcrknauf bietet einen bequemen Griff und ist ein echter Blickfang f\u00fcr Ihre Haust\u00fcr. Das Komplettset enth\u00e4lt alles, einschlie\u00dflich einer Option zum Hinzuf\u00fcgen eines Schl\u00fcssellochs.\" \/>\n<meta name=\"robots\" content=\"index, follow, max-snippet:-1, max-image-preview:large, max-video-preview:-1\" \/>\n<link rel=\"canonical\" href=\"https:\/\/kierr.nl\/de\/product\/kierr-turgriff-ocean-kopie-kopie\/\" \/>\n<meta property=\"og:locale\" content=\"de_DE\" \/>\n<meta property=\"og:type\" content=\"article\" \/>\n<meta property=\"og:title\" content=\"Kierr Haust\u00fcrknauf Globe beidseitig - Kierr.nl\" \/>\n<meta property=\"og:description\" content=\"Dieser elegante, kompakte runde T\u00fcrknauf bietet einen bequemen Griff und ist ein echter Blickfang f\u00fcr Ihre Haust\u00fcr. Das Komplettset enth\u00e4lt alles, einschlie\u00dflich einer Option zum Hinzuf\u00fcgen eines Schl\u00fcssellochs.\" \/>\n<meta property=\"og:url\" content=\"https:\/\/kierr.nl\/de\/product\/kierr-turgriff-ocean-kopie-kopie\/\" \/>\n<meta property=\"og:site_name\" content=\"Kierr.nl\" \/>\n<meta property=\"article:modified_time\" content=\"2025-05-16T10:33:10+00:00\" \/>\n<meta property=\"og:image\" content=\"https:\/\/kierr.nl\/wp-content\/uploads\/2024\/10\/Frame-1-7.jpg\" \/>\n\t<meta property=\"og:image:width\" content=\"1600\" \/>\n\t<meta property=\"og:image:height\" content=\"1920\" \/>\n\t<meta property=\"og:image:type\" content=\"image\/jpeg\" \/>\n<meta name=\"twitter:card\" content=\"summary_large_image\" \/>\n<script type=\"application\/ld+json\" class=\"yoast-schema-graph\">{\"@context\":\"https:\\\/\\\/schema.org\",\"@graph\":[{\"@type\":\"WebPage\",\"@id\":\"https:\\\/\\\/kierr.nl\\\/de\\\/product\\\/kierr-turgriff-ocean-kopie-kopie\\\/\",\"url\":\"https:\\\/\\\/kierr.nl\\\/de\\\/product\\\/kierr-turgriff-ocean-kopie-kopie\\\/\",\"name\":\"Kierr Haust\u00fcrknauf Globe beidseitig - Kierr.nl\",\"isPartOf\":{\"@id\":\"https:\\\/\\\/kierr.nl\\\/de\\\/#website\"},\"primaryImageOfPage\":{\"@id\":\"https:\\\/\\\/kierr.nl\\\/de\\\/product\\\/kierr-turgriff-ocean-kopie-kopie\\\/#primaryimage\"},\"image\":{\"@id\":\"https:\\\/\\\/kierr.nl\\\/de\\\/product\\\/kierr-turgriff-ocean-kopie-kopie\\\/#primaryimage\"},\"thumbnailUrl\":\"https:\\\/\\\/kierr.nl\\\/wp-content\\\/uploads\\\/2024\\\/10\\\/Frame-1-7.jpg\",\"datePublished\":\"2024-10-13T09:45:45+00:00\",\"dateModified\":\"2025-05-16T10:33:10+00:00\",\"description\":\"Dieser elegante, kompakte runde T\u00fcrknauf bietet einen bequemen Griff und ist ein echter Blickfang f\u00fcr Ihre Haust\u00fcr. Das Komplettset enth\u00e4lt alles, einschlie\u00dflich einer Option zum Hinzuf\u00fcgen eines Schl\u00fcssellochs.\",\"breadcrumb\":{\"@id\":\"https:\\\/\\\/kierr.nl\\\/de\\\/product\\\/kierr-turgriff-ocean-kopie-kopie\\\/#breadcrumb\"},\"inLanguage\":\"de\",\"potentialAction\":[{\"@type\":\"ReadAction\",\"target\":[\"https:\\\/\\\/kierr.nl\\\/de\\\/product\\\/kierr-turgriff-ocean-kopie-kopie\\\/\"]}]},{\"@type\":\"ImageObject\",\"inLanguage\":\"de\",\"@id\":\"https:\\\/\\\/kierr.nl\\\/de\\\/product\\\/kierr-turgriff-ocean-kopie-kopie\\\/#primaryimage\",\"url\":\"https:\\\/\\\/kierr.nl\\\/wp-content\\\/uploads\\\/2024\\\/10\\\/Frame-1-7.jpg\",\"contentUrl\":\"https:\\\/\\\/kierr.nl\\\/wp-content\\\/uploads\\\/2024\\\/10\\\/Frame-1-7.jpg\",\"width\":1600,\"height\":1920,\"caption\":\"Haust\u00fcrknopf Kierr\"},{\"@type\":\"BreadcrumbList\",\"@id\":\"https:\\\/\\\/kierr.nl\\\/de\\\/product\\\/kierr-turgriff-ocean-kopie-kopie\\\/#breadcrumb\",\"itemListElement\":[{\"@type\":\"ListItem\",\"position\":1,\"name\":\"Startseite\",\"item\":\"https:\\\/\\\/kierr.nl\\\/de\\\/\"},{\"@type\":\"ListItem\",\"position\":2,\"name\":\"Shop\",\"item\":\"https:\\\/\\\/kierr.nl\\\/de\\\/shop\\\/\"},{\"@type\":\"ListItem\",\"position\":3,\"name\":\"Kierr Haust\u00fcrknauf Globe beidseitig\"}]},{\"@type\":\"WebSite\",\"@id\":\"https:\\\/\\\/kierr.nl\\\/de\\\/#website\",\"url\":\"https:\\\/\\\/kierr.nl\\\/de\\\/\",\"name\":\"Kierr.nl\",\"description\":\"Deur- en raambeslag\",\"potentialAction\":[{\"@type\":\"SearchAction\",\"target\":{\"@type\":\"EntryPoint\",\"urlTemplate\":\"https:\\\/\\\/kierr.nl\\\/de\\\/?s={search_term_string}\"},\"query-input\":{\"@type\":\"PropertyValueSpecification\",\"valueRequired\":true,\"valueName\":\"search_term_string\"}}],\"inLanguage\":\"de\"}]}<\/script>\n<!-- \/ Yoast SEO plugin. -->","yoast_head_json":{"title":"Kierr Haust\u00fcrknauf Globe beidseitig - Kierr.nl","description":"Dieser elegante, kompakte runde T\u00fcrknauf bietet einen bequemen Griff und ist ein echter Blickfang f\u00fcr Ihre Haust\u00fcr. Das Komplettset enth\u00e4lt alles, einschlie\u00dflich einer Option zum Hinzuf\u00fcgen eines Schl\u00fcssellochs.","robots":{"index":"index","follow":"follow","max-snippet":"max-snippet:-1","max-image-preview":"max-image-preview:large","max-video-preview":"max-video-preview:-1"},"canonical":"https:\/\/kierr.nl\/de\/product\/kierr-turgriff-ocean-kopie-kopie\/","og_locale":"de_DE","og_type":"article","og_title":"Kierr Haust\u00fcrknauf Globe beidseitig - Kierr.nl","og_description":"Dieser elegante, kompakte runde T\u00fcrknauf bietet einen bequemen Griff und ist ein echter Blickfang f\u00fcr Ihre Haust\u00fcr. Das Komplettset enth\u00e4lt alles, einschlie\u00dflich einer Option zum Hinzuf\u00fcgen eines Schl\u00fcssellochs.","og_url":"https:\/\/kierr.nl\/de\/product\/kierr-turgriff-ocean-kopie-kopie\/","og_site_name":"Kierr.nl","article_modified_time":"2025-05-16T10:33:10+00:00","og_image":[{"width":1600,"height":1920,"url":"https:\/\/kierr.nl\/wp-content\/uploads\/2024\/10\/Frame-1-7.jpg","type":"image\/jpeg"}],"twitter_card":"summary_large_image","schema":{"@context":"https:\/\/schema.org","@graph":[{"@type":"WebPage","@id":"https:\/\/kierr.nl\/de\/product\/kierr-turgriff-ocean-kopie-kopie\/","url":"https:\/\/kierr.nl\/de\/product\/kierr-turgriff-ocean-kopie-kopie\/","name":"Kierr Haust\u00fcrknauf Globe beidseitig - Kierr.nl","isPartOf":{"@id":"https:\/\/kierr.nl\/de\/#website"},"primaryImageOfPage":{"@id":"https:\/\/kierr.nl\/de\/product\/kierr-turgriff-ocean-kopie-kopie\/#primaryimage"},"image":{"@id":"https:\/\/kierr.nl\/de\/product\/kierr-turgriff-ocean-kopie-kopie\/#primaryimage"},"thumbnailUrl":"https:\/\/kierr.nl\/wp-content\/uploads\/2024\/10\/Frame-1-7.jpg","datePublished":"2024-10-13T09:45:45+00:00","dateModified":"2025-05-16T10:33:10+00:00","description":"Dieser elegante, kompakte runde T\u00fcrknauf bietet einen bequemen Griff und ist ein echter Blickfang f\u00fcr Ihre Haust\u00fcr. Das Komplettset enth\u00e4lt alles, einschlie\u00dflich einer Option zum Hinzuf\u00fcgen eines Schl\u00fcssellochs.","breadcrumb":{"@id":"https:\/\/kierr.nl\/de\/product\/kierr-turgriff-ocean-kopie-kopie\/#breadcrumb"},"inLanguage":"de","potentialAction":[{"@type":"ReadAction","target":["https:\/\/kierr.nl\/de\/product\/kierr-turgriff-ocean-kopie-kopie\/"]}]},{"@type":"ImageObject","inLanguage":"de","@id":"https:\/\/kierr.nl\/de\/product\/kierr-turgriff-ocean-kopie-kopie\/#primaryimage","url":"https:\/\/kierr.nl\/wp-content\/uploads\/2024\/10\/Frame-1-7.jpg","contentUrl":"https:\/\/kierr.nl\/wp-content\/uploads\/2024\/10\/Frame-1-7.jpg","width":1600,"height":1920,"caption":"Haust\u00fcrknopf Kierr"},{"@type":"BreadcrumbList","@id":"https:\/\/kierr.nl\/de\/product\/kierr-turgriff-ocean-kopie-kopie\/#breadcrumb","itemListElement":[{"@type":"ListItem","position":1,"name":"Startseite","item":"https:\/\/kierr.nl\/de\/"},{"@type":"ListItem","position":2,"name":"Shop","item":"https:\/\/kierr.nl\/de\/shop\/"},{"@type":"ListItem","position":3,"name":"Kierr Haust\u00fcrknauf Globe beidseitig"}]},{"@type":"WebSite","@id":"https:\/\/kierr.nl\/de\/#website","url":"https:\/\/kierr.nl\/de\/","name":"Kierr.nl","description":"Deur- en raambeslag","potentialAction":[{"@type":"SearchAction","target":{"@type":"EntryPoint","urlTemplate":"https:\/\/kierr.nl\/de\/?s={search_term_string}"},"query-input":{"@type":"PropertyValueSpecification","valueRequired":true,"valueName":"search_term_string"}}],"inLanguage":"de"}]}},"_links":{"self":[{"href":"https:\/\/kierr.nl\/de\/wp-json\/wp\/v2\/product\/3528","targetHints":{"allow":["GET"]}}],"collection":[{"href":"https:\/\/kierr.nl\/de\/wp-json\/wp\/v2\/product"}],"about":[{"href":"https:\/\/kierr.nl\/de\/wp-json\/wp\/v2\/types\/product"}],"wp:featuredmedia":[{"embeddable":true,"href":"https:\/\/kierr.nl\/de\/wp-json\/wp\/v2\/media\/3531"}],"wp:attachment":[{"href":"https:\/\/kierr.nl\/de\/wp-json\/wp\/v2\/media?parent=3528"}],"wp:term":[{"taxonomy":"product_brand","embeddable":true,"href":"https:\/\/kierr.nl\/de\/wp-json\/wp\/v2\/product_brand?post=3528"},{"taxonomy":"product_cat","embeddable":true,"href":"https:\/\/kierr.nl\/de\/wp-json\/wp\/v2\/product_cat?post=3528"},{"taxonomy":"product_tag","embeddable":true,"href":"https:\/\/kierr.nl\/de\/wp-json\/wp\/v2\/product_tag?post=3528"}],"curies":[{"name":"wp","href":"https:\/\/api.w.org\/{rel}","templated":true}]}}