{"id":4385,"date":"2025-02-20T16:08:46","date_gmt":"2025-02-20T15:08:46","guid":{"rendered":"https:\/\/kierr.nl\/?post_type=product&#038;p=4385"},"modified":"2025-05-16T12:33:03","modified_gmt":"2025-05-16T10:33:03","slug":"kierr-turgriff-ocean-kopie-2","status":"publish","type":"product","link":"https:\/\/kierr.nl\/de\/product\/kierr-turgriff-ocean-kopie-2\/","title":{"rendered":"Kierr T\u00fcrgriff Gebogen"},"content":{"rendered":"<p class=\"lead\">Alle Funktionen auf einen Blick<\/p>\n<table class=\"shop_attributes table table-bordered attribute-table table-striped\">\n<thead>\n<tr>\n<th><strong>Eigenschaft<\/strong><\/th>\n<th><strong>Wert<\/strong><\/th>\n<\/tr>\n<\/thead>\n<tbody>\n<tr>\n<th><strong>Material<\/strong><\/th>\n<td class=\"product_dimensions\">ROSTFREIER STAHL<\/td>\n<\/tr>\n<tr>\n<th><strong>Form<\/strong><\/th>\n<td class=\"product_dimensions\">Gebogen<\/td>\n<\/tr>\n<tr>\n<th><strong>L\u00e4nge<\/strong><\/th>\n<td class=\"product_dimensions\">135 mm<\/td>\n<\/tr>\n<tr>\n<th><strong>Breite<\/strong><\/th>\n<td class=\"product_dimensions\">60 mm<\/td>\n<\/tr>\n<tr>\n<th><strong>Dicke des T\u00fcrgriffs<\/strong><\/th>\n<td class=\"product_dimensions\">19 mm<\/td>\n<\/tr>\n<tr>\n<th><strong>Mindestst\u00e4rke der T\u00fcr<\/strong><\/th>\n<td class=\"product_dimensions\">20 mm<\/td>\n<\/tr>\n<tr>\n<th><strong>Maximale Dicke der T\u00fcr<\/strong><\/th>\n<td class=\"product_dimensions\">55 mm<\/td>\n<\/tr>\n<tr class=\"alt\">\n<th><strong>Farbe<\/strong><\/th>\n<td>Silber<\/td>\n<\/tr>\n<tr>\n<th><strong>Verkauft pro<\/strong><\/th>\n<td>Pro St\u00fcck, einschlie\u00dflich Rosette (53 mm) und Befestigungsmaterial<\/td>\n<\/tr>\n<tr class=\"alt\">\n<th><strong>F\u00fcr was ist das Produkt geeignet<\/strong><\/th>\n<td>T\u00fcrgriff f\u00fcr Innent\u00fcren<\/td>\n<\/tr>\n<tr>\n<th><strong>Pr\u00e4vention<\/strong><\/th>\n<td>Die Verwendung erfolgt auf eigene Gefahr.<\/td>\n<\/tr>\n<\/tbody>\n<\/table>\n","protected":false},"excerpt":{"rendered":"<div class=\"flex-shrink-0 flex flex-col relative items-end\">\n<div>\n<div class=\"pt-0\">\n<div class=\"gizmo-bot-avatar flex h-8 w-8 items-center justify-center overflow-hidden rounded-full\">\n<div class=\"relative p-1 rounded-sm flex items-center justify-center bg-token-main-surface-primary text-token-text-primary h-8 w-8\"><span style=\"font-size: 16px;\">Der Kierr Curved T\u00fcrgriff, mit seinem geschwungenen Griff, ist aus langlebigem Edelstahl gefertigt. Verleihen Sie Ihrer T\u00fcr einen luxuri\u00f6sen Look mit unseren sch\u00f6nen silberfarbenen T\u00fcrbeschl\u00e4gen. Entdecken Sie jetzt den perfekten T\u00fcrgriff.  <\/span><\/div>\n<div><\/div>\n<\/div>\n<\/div>\n<\/div>\n<\/div>\n<p>\u2713 Geeignet als T\u00fcrgriff<br \/>\n\u2713 Geeignet f\u00fcr Innent\u00fcren<br \/>\n\u2713 Mindestst\u00e4rke der T\u00fcren 20 mm<br \/>\n\u2713 Maximale St\u00e4rke der T\u00fcren 55 mm<br \/>\n\u2713 Geschwungene Optik aus Edelstahl<\/p>\n","protected":false},"featured_media":4388,"template":"","meta":{"_acf_changed":false,"site-sidebar-layout":"default","site-content-layout":"","ast-site-content-layout":"default","site-content-style":"default","site-sidebar-style":"default","ast-global-header-display":"","ast-banner-title-visibility":"","ast-main-header-display":"","ast-hfb-above-header-display":"","ast-hfb-below-header-display":"","ast-hfb-mobile-header-display":"","site-post-title":"","ast-breadcrumbs-content":"","ast-featured-img":"","footer-sml-layout":"","ast-disable-related-posts":"","theme-transparent-header-meta":"default","adv-header-id-meta":"","stick-header-meta":"","header-above-stick-meta":"","header-main-stick-meta":"","header-below-stick-meta":"","astra-migrate-meta-layouts":"set","ast-page-background-enabled":"default","ast-page-background-meta":{"desktop":{"background-color":"var(--ast-global-color-4)","background-image":"","background-repeat":"repeat","background-position":"center center","background-size":"auto","background-attachment":"scroll","background-type":"","background-media":"","overlay-type":"","overlay-color":"","overlay-opacity":"","overlay-gradient":""},"tablet":{"background-color":"","background-image":"","background-repeat":"repeat","background-position":"center center","background-size":"auto","background-attachment":"scroll","background-type":"","background-media":"","overlay-type":"","overlay-color":"","overlay-opacity":"","overlay-gradient":""},"mobile":{"background-color":"","background-image":"","background-repeat":"repeat","background-position":"center center","background-size":"auto","background-attachment":"scroll","background-type":"","background-media":"","overlay-type":"","overlay-color":"","overlay-opacity":"","overlay-gradient":""}},"ast-content-background-meta":{"desktop":{"background-color":"var(--ast-global-color-5)","background-image":"","background-repeat":"repeat","background-position":"center center","background-size":"auto","background-attachment":"scroll","background-type":"","background-media":"","overlay-type":"","overlay-color":"","overlay-opacity":"","overlay-gradient":""},"tablet":{"background-color":"var(--ast-global-color-5)","background-image":"","background-repeat":"repeat","background-position":"center center","background-size":"auto","background-attachment":"scroll","background-type":"","background-media":"","overlay-type":"","overlay-color":"","overlay-opacity":"","overlay-gradient":""},"mobile":{"background-color":"var(--ast-global-color-5)","background-image":"","background-repeat":"repeat","background-position":"center center","background-size":"auto","background-attachment":"scroll","background-type":"","background-media":"","overlay-type":"","overlay-color":"","overlay-opacity":"","overlay-gradient":""}}},"product_brand":[],"product_cat":[84,87],"product_tag":[],"class_list":{"0":"post-4385","1":"product","2":"type-product","3":"status-publish","4":"has-post-thumbnail","6":"product_cat-turbeschlage","7":"product_cat-turgriff","8":"desktop-align-center","9":"tablet-align-left","10":"mobile-align-left","11":"ast-product-gallery-layout-horizontal-slider","12":"ast-magnify-disabled","13":"ast-product-tabs-layout-horizontal","15":"first","16":"instock","17":"taxable","18":"shipping-taxable","19":"purchasable","20":"product-type-simple"},"acf":[],"yoast_head":"<!-- This site is optimized with the Yoast SEO plugin v27.5 - https:\/\/yoast.com\/product\/yoast-seo-wordpress\/ -->\n<title>Kierr T\u00fcrgriff Gebogen - Kierr.nl<\/title>\n<meta name=\"description\" content=\"Der Kierr Curved T\u00fcrgriff, mit seinem geschwungenen Griff, ist aus langlebigem Edelstahl gefertigt. Verleihen Sie Ihrer T\u00fcr einen luxuri\u00f6sen Look mit unseren sch\u00f6nen silberfarbenen T\u00fcrbeschl\u00e4gen. Entdecken Sie jetzt den perfekten T\u00fcrgriff.\" \/>\n<meta name=\"robots\" content=\"index, follow, max-snippet:-1, max-image-preview:large, max-video-preview:-1\" \/>\n<link rel=\"canonical\" href=\"https:\/\/kierr.nl\/de\/product\/kierr-turgriff-ocean-kopie-2\/\" \/>\n<meta property=\"og:locale\" content=\"de_DE\" \/>\n<meta property=\"og:type\" content=\"article\" \/>\n<meta property=\"og:title\" content=\"Kierr T\u00fcrgriff Gebogen - Kierr.nl\" \/>\n<meta property=\"og:description\" content=\"Der Kierr Curved T\u00fcrgriff, mit seinem geschwungenen Griff, ist aus langlebigem Edelstahl gefertigt. Verleihen Sie Ihrer T\u00fcr einen luxuri\u00f6sen Look mit unseren sch\u00f6nen silberfarbenen T\u00fcrbeschl\u00e4gen. Entdecken Sie jetzt den perfekten T\u00fcrgriff.\" \/>\n<meta property=\"og:url\" content=\"https:\/\/kierr.nl\/de\/product\/kierr-turgriff-ocean-kopie-2\/\" \/>\n<meta property=\"og:site_name\" content=\"Kierr.nl\" \/>\n<meta property=\"article:modified_time\" content=\"2025-05-16T10:33:03+00:00\" \/>\n<meta property=\"og:image\" content=\"https:\/\/kierr.nl\/wp-content\/uploads\/2025\/02\/Frame-1.jpg\" \/>\n\t<meta property=\"og:image:width\" content=\"1600\" \/>\n\t<meta property=\"og:image:height\" content=\"1920\" \/>\n\t<meta property=\"og:image:type\" content=\"image\/jpeg\" \/>\n<meta name=\"twitter:card\" content=\"summary_large_image\" \/>\n<script type=\"application\/ld+json\" class=\"yoast-schema-graph\">{\"@context\":\"https:\\\/\\\/schema.org\",\"@graph\":[{\"@type\":\"WebPage\",\"@id\":\"https:\\\/\\\/kierr.nl\\\/de\\\/product\\\/kierr-turgriff-ocean-kopie-2\\\/\",\"url\":\"https:\\\/\\\/kierr.nl\\\/de\\\/product\\\/kierr-turgriff-ocean-kopie-2\\\/\",\"name\":\"Kierr T\u00fcrgriff Gebogen - Kierr.nl\",\"isPartOf\":{\"@id\":\"https:\\\/\\\/kierr.nl\\\/de\\\/#website\"},\"primaryImageOfPage\":{\"@id\":\"https:\\\/\\\/kierr.nl\\\/de\\\/product\\\/kierr-turgriff-ocean-kopie-2\\\/#primaryimage\"},\"image\":{\"@id\":\"https:\\\/\\\/kierr.nl\\\/de\\\/product\\\/kierr-turgriff-ocean-kopie-2\\\/#primaryimage\"},\"thumbnailUrl\":\"https:\\\/\\\/kierr.nl\\\/wp-content\\\/uploads\\\/2025\\\/02\\\/Frame-1.jpg\",\"datePublished\":\"2025-02-20T15:08:46+00:00\",\"dateModified\":\"2025-05-16T10:33:03+00:00\",\"description\":\"Der Kierr Curved T\u00fcrgriff, mit seinem geschwungenen Griff, ist aus langlebigem Edelstahl gefertigt. Verleihen Sie Ihrer T\u00fcr einen luxuri\u00f6sen Look mit unseren sch\u00f6nen silberfarbenen T\u00fcrbeschl\u00e4gen. Entdecken Sie jetzt den perfekten T\u00fcrgriff.\",\"breadcrumb\":{\"@id\":\"https:\\\/\\\/kierr.nl\\\/de\\\/product\\\/kierr-turgriff-ocean-kopie-2\\\/#breadcrumb\"},\"inLanguage\":\"de\",\"potentialAction\":[{\"@type\":\"ReadAction\",\"target\":[\"https:\\\/\\\/kierr.nl\\\/de\\\/product\\\/kierr-turgriff-ocean-kopie-2\\\/\"]}]},{\"@type\":\"ImageObject\",\"inLanguage\":\"de\",\"@id\":\"https:\\\/\\\/kierr.nl\\\/de\\\/product\\\/kierr-turgriff-ocean-kopie-2\\\/#primaryimage\",\"url\":\"https:\\\/\\\/kierr.nl\\\/wp-content\\\/uploads\\\/2025\\\/02\\\/Frame-1.jpg\",\"contentUrl\":\"https:\\\/\\\/kierr.nl\\\/wp-content\\\/uploads\\\/2025\\\/02\\\/Frame-1.jpg\",\"width\":1600,\"height\":1920,\"caption\":\"T\u00fcrgriff kaufen\"},{\"@type\":\"BreadcrumbList\",\"@id\":\"https:\\\/\\\/kierr.nl\\\/de\\\/product\\\/kierr-turgriff-ocean-kopie-2\\\/#breadcrumb\",\"itemListElement\":[{\"@type\":\"ListItem\",\"position\":1,\"name\":\"Startseite\",\"item\":\"https:\\\/\\\/kierr.nl\\\/de\\\/\"},{\"@type\":\"ListItem\",\"position\":2,\"name\":\"Shop\",\"item\":\"https:\\\/\\\/kierr.nl\\\/de\\\/shop\\\/\"},{\"@type\":\"ListItem\",\"position\":3,\"name\":\"Kierr T\u00fcrgriff Gebogen\"}]},{\"@type\":\"WebSite\",\"@id\":\"https:\\\/\\\/kierr.nl\\\/de\\\/#website\",\"url\":\"https:\\\/\\\/kierr.nl\\\/de\\\/\",\"name\":\"Kierr.nl\",\"description\":\"Deur- en raambeslag\",\"potentialAction\":[{\"@type\":\"SearchAction\",\"target\":{\"@type\":\"EntryPoint\",\"urlTemplate\":\"https:\\\/\\\/kierr.nl\\\/de\\\/?s={search_term_string}\"},\"query-input\":{\"@type\":\"PropertyValueSpecification\",\"valueRequired\":true,\"valueName\":\"search_term_string\"}}],\"inLanguage\":\"de\"}]}<\/script>\n<!-- \/ Yoast SEO plugin. -->","yoast_head_json":{"title":"Kierr T\u00fcrgriff Gebogen - Kierr.nl","description":"Der Kierr Curved T\u00fcrgriff, mit seinem geschwungenen Griff, ist aus langlebigem Edelstahl gefertigt. Verleihen Sie Ihrer T\u00fcr einen luxuri\u00f6sen Look mit unseren sch\u00f6nen silberfarbenen T\u00fcrbeschl\u00e4gen. Entdecken Sie jetzt den perfekten T\u00fcrgriff.","robots":{"index":"index","follow":"follow","max-snippet":"max-snippet:-1","max-image-preview":"max-image-preview:large","max-video-preview":"max-video-preview:-1"},"canonical":"https:\/\/kierr.nl\/de\/product\/kierr-turgriff-ocean-kopie-2\/","og_locale":"de_DE","og_type":"article","og_title":"Kierr T\u00fcrgriff Gebogen - Kierr.nl","og_description":"Der Kierr Curved T\u00fcrgriff, mit seinem geschwungenen Griff, ist aus langlebigem Edelstahl gefertigt. Verleihen Sie Ihrer T\u00fcr einen luxuri\u00f6sen Look mit unseren sch\u00f6nen silberfarbenen T\u00fcrbeschl\u00e4gen. Entdecken Sie jetzt den perfekten T\u00fcrgriff.","og_url":"https:\/\/kierr.nl\/de\/product\/kierr-turgriff-ocean-kopie-2\/","og_site_name":"Kierr.nl","article_modified_time":"2025-05-16T10:33:03+00:00","og_image":[{"width":1600,"height":1920,"url":"https:\/\/kierr.nl\/wp-content\/uploads\/2025\/02\/Frame-1.jpg","type":"image\/jpeg"}],"twitter_card":"summary_large_image","schema":{"@context":"https:\/\/schema.org","@graph":[{"@type":"WebPage","@id":"https:\/\/kierr.nl\/de\/product\/kierr-turgriff-ocean-kopie-2\/","url":"https:\/\/kierr.nl\/de\/product\/kierr-turgriff-ocean-kopie-2\/","name":"Kierr T\u00fcrgriff Gebogen - Kierr.nl","isPartOf":{"@id":"https:\/\/kierr.nl\/de\/#website"},"primaryImageOfPage":{"@id":"https:\/\/kierr.nl\/de\/product\/kierr-turgriff-ocean-kopie-2\/#primaryimage"},"image":{"@id":"https:\/\/kierr.nl\/de\/product\/kierr-turgriff-ocean-kopie-2\/#primaryimage"},"thumbnailUrl":"https:\/\/kierr.nl\/wp-content\/uploads\/2025\/02\/Frame-1.jpg","datePublished":"2025-02-20T15:08:46+00:00","dateModified":"2025-05-16T10:33:03+00:00","description":"Der Kierr Curved T\u00fcrgriff, mit seinem geschwungenen Griff, ist aus langlebigem Edelstahl gefertigt. Verleihen Sie Ihrer T\u00fcr einen luxuri\u00f6sen Look mit unseren sch\u00f6nen silberfarbenen T\u00fcrbeschl\u00e4gen. Entdecken Sie jetzt den perfekten T\u00fcrgriff.","breadcrumb":{"@id":"https:\/\/kierr.nl\/de\/product\/kierr-turgriff-ocean-kopie-2\/#breadcrumb"},"inLanguage":"de","potentialAction":[{"@type":"ReadAction","target":["https:\/\/kierr.nl\/de\/product\/kierr-turgriff-ocean-kopie-2\/"]}]},{"@type":"ImageObject","inLanguage":"de","@id":"https:\/\/kierr.nl\/de\/product\/kierr-turgriff-ocean-kopie-2\/#primaryimage","url":"https:\/\/kierr.nl\/wp-content\/uploads\/2025\/02\/Frame-1.jpg","contentUrl":"https:\/\/kierr.nl\/wp-content\/uploads\/2025\/02\/Frame-1.jpg","width":1600,"height":1920,"caption":"T\u00fcrgriff kaufen"},{"@type":"BreadcrumbList","@id":"https:\/\/kierr.nl\/de\/product\/kierr-turgriff-ocean-kopie-2\/#breadcrumb","itemListElement":[{"@type":"ListItem","position":1,"name":"Startseite","item":"https:\/\/kierr.nl\/de\/"},{"@type":"ListItem","position":2,"name":"Shop","item":"https:\/\/kierr.nl\/de\/shop\/"},{"@type":"ListItem","position":3,"name":"Kierr T\u00fcrgriff Gebogen"}]},{"@type":"WebSite","@id":"https:\/\/kierr.nl\/de\/#website","url":"https:\/\/kierr.nl\/de\/","name":"Kierr.nl","description":"Deur- en raambeslag","potentialAction":[{"@type":"SearchAction","target":{"@type":"EntryPoint","urlTemplate":"https:\/\/kierr.nl\/de\/?s={search_term_string}"},"query-input":{"@type":"PropertyValueSpecification","valueRequired":true,"valueName":"search_term_string"}}],"inLanguage":"de"}]}},"_links":{"self":[{"href":"https:\/\/kierr.nl\/de\/wp-json\/wp\/v2\/product\/4385","targetHints":{"allow":["GET"]}}],"collection":[{"href":"https:\/\/kierr.nl\/de\/wp-json\/wp\/v2\/product"}],"about":[{"href":"https:\/\/kierr.nl\/de\/wp-json\/wp\/v2\/types\/product"}],"wp:featuredmedia":[{"embeddable":true,"href":"https:\/\/kierr.nl\/de\/wp-json\/wp\/v2\/media\/4388"}],"wp:attachment":[{"href":"https:\/\/kierr.nl\/de\/wp-json\/wp\/v2\/media?parent=4385"}],"wp:term":[{"taxonomy":"product_brand","embeddable":true,"href":"https:\/\/kierr.nl\/de\/wp-json\/wp\/v2\/product_brand?post=4385"},{"taxonomy":"product_cat","embeddable":true,"href":"https:\/\/kierr.nl\/de\/wp-json\/wp\/v2\/product_cat?post=4385"},{"taxonomy":"product_tag","embeddable":true,"href":"https:\/\/kierr.nl\/de\/wp-json\/wp\/v2\/product_tag?post=4385"}],"curies":[{"name":"wp","href":"https:\/\/api.w.org\/{rel}","templated":true}]}}