{"id":4418,"date":"2025-02-21T08:54:47","date_gmt":"2025-02-21T07:54:47","guid":{"rendered":"https:\/\/kierr.nl\/?post_type=product&#038;p=4418"},"modified":"2025-05-16T12:33:11","modified_gmt":"2025-05-16T10:33:11","slug":"kierr-stop-200-ohne-bohren-und-schrauben-kopie","status":"publish","type":"product","link":"https:\/\/kierr.nl\/de\/product\/kierr-stop-200-ohne-bohren-und-schrauben-kopie\/","title":{"rendered":"Kierr Duty"},"content":{"rendered":"<p>Eleganter, h\u00f6herer T\u00fcrstopper aus Edelstahl mit Magnet zur einfachen Sicherung und magnetischen Arretierung der T\u00fcr. Sie k\u00f6nnen den T\u00fcrstopper ganz einfach mit den mitgelieferten Schrauben anbringen. Der Kierr Duty T\u00fcrstopper ist aus rostfreiem Stahl gefertigt und hat eine anmutige Ausstrahlung. Dank der magnetischen Kraft m\u00fcssen Sie sich nie wieder mit dem manuellen Verschlie\u00dfen der T\u00fcr herumschlagen!   <\/p>\n<p>Au\u00dferdem bedeutet die magnetische Kraft, dass Sie nichts tun m\u00fcssen, um die T\u00fcr automatisch zu sichern. Achten Sie nur darauf, dass Sie bei der Positionierung keine Stolperfalle schaffen. <\/p>\n<table class=\"shop_attributes table table-bordered attribute-table table-striped\">\n<thead>\n<tr>\n<th><strong>Eigenschaft<\/strong><\/th>\n<th><strong>Wert<\/strong><\/th>\n<\/tr>\n<\/thead>\n<tbody>\n<tr>\n<th><strong>Material<\/strong><\/th>\n<td class=\"product_dimensions\">304 ROSTFREIER STAHL<\/td>\n<\/tr>\n<tr>\n<th><strong>Form<\/strong><\/th>\n<td class=\"product_dimensions\">Elegant<\/td>\n<\/tr>\n<tr>\n<th><strong>Gewicht<\/strong><\/th>\n<td class=\"product_dimensions\">0.12 KG<\/td>\n<\/tr>\n<tr>\n<th><strong>Breite<\/strong><\/th>\n<td class=\"product_dimensions\">50 mm<\/td>\n<\/tr>\n<tr class=\"alt\">\n<th><strong>H\u00f6he<\/strong><\/th>\n<td>80 mm<\/td>\n<\/tr>\n<tr class=\"alt\">\n<th><strong>Durchmesser Magnet f\u00fcr T\u00fcr<\/strong><\/th>\n<td>50 mm<\/td>\n<\/tr>\n<tr>\n<th><strong>Befestigung<\/strong><\/th>\n<td>Schrauben<\/td>\n<\/tr>\n<tr class=\"alt\">\n<th><strong>Farbe<\/strong><\/th>\n<td>ROSTFREIER STAHL<\/td>\n<\/tr>\n<tr>\n<th><strong>Verkauft pro<\/strong><\/th>\n<td>pro St\u00fcck<\/td>\n<\/tr>\n<tr class=\"alt\">\n<th><strong>Wof\u00fcr ist das Produkt geeignet<\/strong><\/th>\n<td>T\u00fcrstopper, Abstand Unterseite der T\u00fcr zum Boden maximal 45 mm<\/td>\n<\/tr>\n<tr>\n<th><strong>Pr\u00e4vention<\/strong><\/th>\n<td>Benutzung auf eigene Gefahr. Achten Sie auf Stolperfallen.  Nicht f\u00fcr den Au\u00dfenbereich geeignet, da die Magnete bei Kontakt mit Wasser korrodieren<\/td>\n<\/tr>\n<\/tbody>\n<\/table>\n","protected":false},"excerpt":{"rendered":"<p>Mit dem Kierr Duty T\u00fcrstopper k\u00f6nnen Sie Innent\u00fcren aus Holz, Kunststoff, Aluminium und Glas anhalten und sichern, indem Sie den selbstklebenden T\u00fcrstopper auf den Boden und den selbstklebenden Magneten auf die T\u00fcr legen. Der Kierr Stop 200 ist h\u00f6her als der Kierr Stop 100, so dass Sie im Verh\u00e4ltnis zum Boden eine gr\u00f6\u00dfere Distanz abdecken k\u00f6nnen. Mit den mitgelieferten Schrauben k\u00f6nnen Sie den T\u00fcrstopper einfach auf dem Boden befestigen. Aber wenn Sie nicht bohren oder schrauben m\u00f6chten, gibt es auch den Kierr Stop 200. Diese Version ist mit einem sehr starken Klebeband ausgestattet, so dass Sie ihn ohne Werkzeug anbringen k\u00f6nnen.     <\/p>\n<p>\u2713 Geeignet als T\u00fcrstopper<br \/>\n\u2713 Magnetisches System<br \/>\n\u2713 Abstand untere T\u00fcr zum Boden max. 45 mm<br \/>\n\u2713 Selbstklebend mit mitgeliefertem Entfettungstuch<br \/>\n\u2713 Schlichtes Aussehen<br \/>\n\u2713 F\u00fcr Innent\u00fcren<br \/>\n\u2713 Einfaches Anhalten und Befestigen<\/p>\n","protected":false},"featured_media":4421,"template":"","meta":{"_acf_changed":false,"site-sidebar-layout":"default","site-content-layout":"","ast-site-content-layout":"default","site-content-style":"default","site-sidebar-style":"default","ast-global-header-display":"","ast-banner-title-visibility":"","ast-main-header-display":"","ast-hfb-above-header-display":"","ast-hfb-below-header-display":"","ast-hfb-mobile-header-display":"","site-post-title":"","ast-breadcrumbs-content":"","ast-featured-img":"","footer-sml-layout":"","ast-disable-related-posts":"","theme-transparent-header-meta":"default","adv-header-id-meta":"","stick-header-meta":"","header-above-stick-meta":"","header-main-stick-meta":"","header-below-stick-meta":"","astra-migrate-meta-layouts":"set","ast-page-background-enabled":"default","ast-page-background-meta":{"desktop":{"background-color":"var(--ast-global-color-4)","background-image":"","background-repeat":"repeat","background-position":"center center","background-size":"auto","background-attachment":"scroll","background-type":"","background-media":"","overlay-type":"","overlay-color":"","overlay-opacity":"","overlay-gradient":""},"tablet":{"background-color":"","background-image":"","background-repeat":"repeat","background-position":"center center","background-size":"auto","background-attachment":"scroll","background-type":"","background-media":"","overlay-type":"","overlay-color":"","overlay-opacity":"","overlay-gradient":""},"mobile":{"background-color":"","background-image":"","background-repeat":"repeat","background-position":"center center","background-size":"auto","background-attachment":"scroll","background-type":"","background-media":"","overlay-type":"","overlay-color":"","overlay-opacity":"","overlay-gradient":""}},"ast-content-background-meta":{"desktop":{"background-color":"var(--ast-global-color-5)","background-image":"","background-repeat":"repeat","background-position":"center center","background-size":"auto","background-attachment":"scroll","background-type":"","background-media":"","overlay-type":"","overlay-color":"","overlay-opacity":"","overlay-gradient":""},"tablet":{"background-color":"var(--ast-global-color-5)","background-image":"","background-repeat":"repeat","background-position":"center center","background-size":"auto","background-attachment":"scroll","background-type":"","background-media":"","overlay-type":"","overlay-color":"","overlay-opacity":"","overlay-gradient":""},"mobile":{"background-color":"var(--ast-global-color-5)","background-image":"","background-repeat":"repeat","background-position":"center center","background-size":"auto","background-attachment":"scroll","background-type":"","background-media":"","overlay-type":"","overlay-color":"","overlay-opacity":"","overlay-gradient":""}}},"product_brand":[],"product_cat":[84,86,93],"product_tag":[],"class_list":{"0":"post-4418","1":"product","2":"type-product","3":"status-publish","4":"has-post-thumbnail","6":"product_cat-turbeschlage","7":"product_cat-turfeststeller","8":"product_cat-turstopper","9":"desktop-align-center","10":"tablet-align-left","11":"mobile-align-left","12":"ast-product-gallery-layout-horizontal-slider","13":"ast-magnify-disabled","14":"ast-product-tabs-layout-horizontal","16":"first","17":"instock","18":"taxable","19":"shipping-taxable","20":"purchasable","21":"product-type-simple"},"acf":[],"yoast_head":"<!-- This site is optimized with the Yoast SEO plugin v27.4 - https:\/\/yoast.com\/product\/yoast-seo-wordpress\/ -->\n<title>Kierr Duty - Kierr.nl<\/title>\n<meta name=\"description\" content=\"Mit diesem Duty T\u00fcrstopper aus Edelstahl k\u00f6nnen Sie Innent\u00fcren m\u00fchelos anhalten und verriegeln. Dank seiner Magnetkraft m\u00fcssen Sie die T\u00fcr nie wieder manuell verriegeln.\" \/>\n<meta name=\"robots\" content=\"index, follow, max-snippet:-1, max-image-preview:large, max-video-preview:-1\" \/>\n<link rel=\"canonical\" href=\"https:\/\/kierr.nl\/de\/product\/kierr-stop-200-ohne-bohren-und-schrauben-kopie\/\" \/>\n<meta property=\"og:locale\" content=\"de_DE\" \/>\n<meta property=\"og:type\" content=\"article\" \/>\n<meta property=\"og:title\" content=\"Kierr Duty - Kierr.nl\" \/>\n<meta property=\"og:description\" content=\"Mit diesem Duty T\u00fcrstopper aus Edelstahl k\u00f6nnen Sie Innent\u00fcren m\u00fchelos anhalten und verriegeln. Dank seiner Magnetkraft m\u00fcssen Sie die T\u00fcr nie wieder manuell verriegeln.\" \/>\n<meta property=\"og:url\" content=\"https:\/\/kierr.nl\/de\/product\/kierr-stop-200-ohne-bohren-und-schrauben-kopie\/\" \/>\n<meta property=\"og:site_name\" content=\"Kierr.nl\" \/>\n<meta property=\"article:modified_time\" content=\"2025-05-16T10:33:11+00:00\" \/>\n<meta property=\"og:image\" content=\"https:\/\/kierr.nl\/wp-content\/uploads\/2025\/02\/Frame-1-2.jpg\" \/>\n\t<meta property=\"og:image:width\" content=\"1600\" \/>\n\t<meta property=\"og:image:height\" content=\"1920\" \/>\n\t<meta property=\"og:image:type\" content=\"image\/jpeg\" \/>\n<meta name=\"twitter:card\" content=\"summary_large_image\" \/>\n<meta name=\"twitter:label1\" content=\"Gesch\u00e4tzte Lesezeit\" \/>\n\t<meta name=\"twitter:data1\" content=\"1\u00a0Minute\" \/>\n<script type=\"application\/ld+json\" class=\"yoast-schema-graph\">{\"@context\":\"https:\\\/\\\/schema.org\",\"@graph\":[{\"@type\":\"WebPage\",\"@id\":\"https:\\\/\\\/kierr.nl\\\/de\\\/product\\\/kierr-stop-200-ohne-bohren-und-schrauben-kopie\\\/\",\"url\":\"https:\\\/\\\/kierr.nl\\\/de\\\/product\\\/kierr-stop-200-ohne-bohren-und-schrauben-kopie\\\/\",\"name\":\"Kierr Duty - Kierr.nl\",\"isPartOf\":{\"@id\":\"https:\\\/\\\/kierr.nl\\\/de\\\/#website\"},\"primaryImageOfPage\":{\"@id\":\"https:\\\/\\\/kierr.nl\\\/de\\\/product\\\/kierr-stop-200-ohne-bohren-und-schrauben-kopie\\\/#primaryimage\"},\"image\":{\"@id\":\"https:\\\/\\\/kierr.nl\\\/de\\\/product\\\/kierr-stop-200-ohne-bohren-und-schrauben-kopie\\\/#primaryimage\"},\"thumbnailUrl\":\"https:\\\/\\\/kierr.nl\\\/wp-content\\\/uploads\\\/2025\\\/02\\\/Frame-1-2.jpg\",\"datePublished\":\"2025-02-21T07:54:47+00:00\",\"dateModified\":\"2025-05-16T10:33:11+00:00\",\"description\":\"Mit diesem Duty T\u00fcrstopper aus Edelstahl k\u00f6nnen Sie Innent\u00fcren m\u00fchelos anhalten und verriegeln. Dank seiner Magnetkraft m\u00fcssen Sie die T\u00fcr nie wieder manuell verriegeln.\",\"breadcrumb\":{\"@id\":\"https:\\\/\\\/kierr.nl\\\/de\\\/product\\\/kierr-stop-200-ohne-bohren-und-schrauben-kopie\\\/#breadcrumb\"},\"inLanguage\":\"de\",\"potentialAction\":[{\"@type\":\"ReadAction\",\"target\":[\"https:\\\/\\\/kierr.nl\\\/de\\\/product\\\/kierr-stop-200-ohne-bohren-und-schrauben-kopie\\\/\"]}]},{\"@type\":\"ImageObject\",\"inLanguage\":\"de\",\"@id\":\"https:\\\/\\\/kierr.nl\\\/de\\\/product\\\/kierr-stop-200-ohne-bohren-und-schrauben-kopie\\\/#primaryimage\",\"url\":\"https:\\\/\\\/kierr.nl\\\/wp-content\\\/uploads\\\/2025\\\/02\\\/Frame-1-2.jpg\",\"contentUrl\":\"https:\\\/\\\/kierr.nl\\\/wp-content\\\/uploads\\\/2025\\\/02\\\/Frame-1-2.jpg\",\"width\":1600,\"height\":1920,\"caption\":\"magnetischer T\u00fcrstopper\"},{\"@type\":\"BreadcrumbList\",\"@id\":\"https:\\\/\\\/kierr.nl\\\/de\\\/product\\\/kierr-stop-200-ohne-bohren-und-schrauben-kopie\\\/#breadcrumb\",\"itemListElement\":[{\"@type\":\"ListItem\",\"position\":1,\"name\":\"Startseite\",\"item\":\"https:\\\/\\\/kierr.nl\\\/de\\\/\"},{\"@type\":\"ListItem\",\"position\":2,\"name\":\"Shop\",\"item\":\"https:\\\/\\\/kierr.nl\\\/de\\\/shop\\\/\"},{\"@type\":\"ListItem\",\"position\":3,\"name\":\"Kierr Duty\"}]},{\"@type\":\"WebSite\",\"@id\":\"https:\\\/\\\/kierr.nl\\\/de\\\/#website\",\"url\":\"https:\\\/\\\/kierr.nl\\\/de\\\/\",\"name\":\"Kierr.nl\",\"description\":\"Deur- en raambeslag\",\"potentialAction\":[{\"@type\":\"SearchAction\",\"target\":{\"@type\":\"EntryPoint\",\"urlTemplate\":\"https:\\\/\\\/kierr.nl\\\/de\\\/?s={search_term_string}\"},\"query-input\":{\"@type\":\"PropertyValueSpecification\",\"valueRequired\":true,\"valueName\":\"search_term_string\"}}],\"inLanguage\":\"de\"}]}<\/script>\n<!-- \/ Yoast SEO plugin. -->","yoast_head_json":{"title":"Kierr Duty - Kierr.nl","description":"Mit diesem Duty T\u00fcrstopper aus Edelstahl k\u00f6nnen Sie Innent\u00fcren m\u00fchelos anhalten und verriegeln. Dank seiner Magnetkraft m\u00fcssen Sie die T\u00fcr nie wieder manuell verriegeln.","robots":{"index":"index","follow":"follow","max-snippet":"max-snippet:-1","max-image-preview":"max-image-preview:large","max-video-preview":"max-video-preview:-1"},"canonical":"https:\/\/kierr.nl\/de\/product\/kierr-stop-200-ohne-bohren-und-schrauben-kopie\/","og_locale":"de_DE","og_type":"article","og_title":"Kierr Duty - Kierr.nl","og_description":"Mit diesem Duty T\u00fcrstopper aus Edelstahl k\u00f6nnen Sie Innent\u00fcren m\u00fchelos anhalten und verriegeln. Dank seiner Magnetkraft m\u00fcssen Sie die T\u00fcr nie wieder manuell verriegeln.","og_url":"https:\/\/kierr.nl\/de\/product\/kierr-stop-200-ohne-bohren-und-schrauben-kopie\/","og_site_name":"Kierr.nl","article_modified_time":"2025-05-16T10:33:11+00:00","og_image":[{"width":1600,"height":1920,"url":"https:\/\/kierr.nl\/wp-content\/uploads\/2025\/02\/Frame-1-2.jpg","type":"image\/jpeg"}],"twitter_card":"summary_large_image","twitter_misc":{"Gesch\u00e4tzte Lesezeit":"1\u00a0Minute"},"schema":{"@context":"https:\/\/schema.org","@graph":[{"@type":"WebPage","@id":"https:\/\/kierr.nl\/de\/product\/kierr-stop-200-ohne-bohren-und-schrauben-kopie\/","url":"https:\/\/kierr.nl\/de\/product\/kierr-stop-200-ohne-bohren-und-schrauben-kopie\/","name":"Kierr Duty - Kierr.nl","isPartOf":{"@id":"https:\/\/kierr.nl\/de\/#website"},"primaryImageOfPage":{"@id":"https:\/\/kierr.nl\/de\/product\/kierr-stop-200-ohne-bohren-und-schrauben-kopie\/#primaryimage"},"image":{"@id":"https:\/\/kierr.nl\/de\/product\/kierr-stop-200-ohne-bohren-und-schrauben-kopie\/#primaryimage"},"thumbnailUrl":"https:\/\/kierr.nl\/wp-content\/uploads\/2025\/02\/Frame-1-2.jpg","datePublished":"2025-02-21T07:54:47+00:00","dateModified":"2025-05-16T10:33:11+00:00","description":"Mit diesem Duty T\u00fcrstopper aus Edelstahl k\u00f6nnen Sie Innent\u00fcren m\u00fchelos anhalten und verriegeln. Dank seiner Magnetkraft m\u00fcssen Sie die T\u00fcr nie wieder manuell verriegeln.","breadcrumb":{"@id":"https:\/\/kierr.nl\/de\/product\/kierr-stop-200-ohne-bohren-und-schrauben-kopie\/#breadcrumb"},"inLanguage":"de","potentialAction":[{"@type":"ReadAction","target":["https:\/\/kierr.nl\/de\/product\/kierr-stop-200-ohne-bohren-und-schrauben-kopie\/"]}]},{"@type":"ImageObject","inLanguage":"de","@id":"https:\/\/kierr.nl\/de\/product\/kierr-stop-200-ohne-bohren-und-schrauben-kopie\/#primaryimage","url":"https:\/\/kierr.nl\/wp-content\/uploads\/2025\/02\/Frame-1-2.jpg","contentUrl":"https:\/\/kierr.nl\/wp-content\/uploads\/2025\/02\/Frame-1-2.jpg","width":1600,"height":1920,"caption":"magnetischer T\u00fcrstopper"},{"@type":"BreadcrumbList","@id":"https:\/\/kierr.nl\/de\/product\/kierr-stop-200-ohne-bohren-und-schrauben-kopie\/#breadcrumb","itemListElement":[{"@type":"ListItem","position":1,"name":"Startseite","item":"https:\/\/kierr.nl\/de\/"},{"@type":"ListItem","position":2,"name":"Shop","item":"https:\/\/kierr.nl\/de\/shop\/"},{"@type":"ListItem","position":3,"name":"Kierr Duty"}]},{"@type":"WebSite","@id":"https:\/\/kierr.nl\/de\/#website","url":"https:\/\/kierr.nl\/de\/","name":"Kierr.nl","description":"Deur- en raambeslag","potentialAction":[{"@type":"SearchAction","target":{"@type":"EntryPoint","urlTemplate":"https:\/\/kierr.nl\/de\/?s={search_term_string}"},"query-input":{"@type":"PropertyValueSpecification","valueRequired":true,"valueName":"search_term_string"}}],"inLanguage":"de"}]}},"_links":{"self":[{"href":"https:\/\/kierr.nl\/de\/wp-json\/wp\/v2\/product\/4418","targetHints":{"allow":["GET"]}}],"collection":[{"href":"https:\/\/kierr.nl\/de\/wp-json\/wp\/v2\/product"}],"about":[{"href":"https:\/\/kierr.nl\/de\/wp-json\/wp\/v2\/types\/product"}],"wp:featuredmedia":[{"embeddable":true,"href":"https:\/\/kierr.nl\/de\/wp-json\/wp\/v2\/media\/4421"}],"wp:attachment":[{"href":"https:\/\/kierr.nl\/de\/wp-json\/wp\/v2\/media?parent=4418"}],"wp:term":[{"taxonomy":"product_brand","embeddable":true,"href":"https:\/\/kierr.nl\/de\/wp-json\/wp\/v2\/product_brand?post=4418"},{"taxonomy":"product_cat","embeddable":true,"href":"https:\/\/kierr.nl\/de\/wp-json\/wp\/v2\/product_cat?post=4418"},{"taxonomy":"product_tag","embeddable":true,"href":"https:\/\/kierr.nl\/de\/wp-json\/wp\/v2\/product_tag?post=4418"}],"curies":[{"name":"wp","href":"https:\/\/api.w.org\/{rel}","templated":true}]}}