{"id":4436,"date":"2025-02-21T09:21:44","date_gmt":"2025-02-21T08:21:44","guid":{"rendered":"https:\/\/kierr.nl\/?post_type=product&#038;p=4436"},"modified":"2025-05-16T12:33:14","modified_gmt":"2025-05-16T10:33:14","slug":"kierr-stop-350-zum-anschrauben-an-die-wand-und-ohne-bohren-und-schrauben-an-der-tur-kopie","status":"publish","type":"product","link":"https:\/\/kierr.nl\/de\/product\/kierr-stop-350-zum-anschrauben-an-die-wand-und-ohne-bohren-und-schrauben-an-der-tur-kopie\/","title":{"rendered":"Kierr Heavy Duty"},"content":{"rendered":"<p>M\u00f6chten Sie Ihre T\u00fcr sowohl innen als auch au\u00dfen fest verschlossen halten? Dann entdecken Sie den T\u00fcrstopper von Kierr! Dieser magnetische T\u00fcrstopper aus rostfreiem Stahl ist f\u00fcr den harten Einsatz gemacht. Mit einer Montageanleitung und einem festen Halt sorgt dieser T\u00fcrstopper daf\u00fcr, dass Ihre T\u00fcr immer an ihrem Platz bleibt. Schaffen Sie Sicherheit und Komfort mit diesem leistungsstarken Produkt.    <\/p>\n<table class=\"shop_attributes table table-bordered attribute-table table-striped\">\n<thead>\n<tr>\n<th><strong>Eigenschaft<\/strong><\/th>\n<th><strong>Wert<\/strong><\/th>\n<\/tr>\n<\/thead>\n<tbody>\n<tr>\n<th><strong>Material<\/strong><\/th>\n<td class=\"product_dimensions\">304 ROSTFREIER STAHL<\/td>\n<\/tr>\n<tr>\n<th><strong>Form<\/strong><\/th>\n<td class=\"product_dimensions\">Rund<\/td>\n<\/tr>\n<tr>\n<th><strong>Gewicht<\/strong><\/th>\n<td class=\"product_dimensions\">0.18 KG<\/td>\n<\/tr>\n<tr>\n<th><strong>Breite<\/strong><\/th>\n<td class=\"product_dimensions\">48 mm<\/td>\n<\/tr>\n<tr class=\"alt\">\n<th><strong>H\u00f6he<\/strong><\/th>\n<td>82 mm<\/td>\n<\/tr>\n<tr class=\"alt\">\n<th><strong>Durchmesser Magnet f\u00fcr T\u00fcr<\/strong><\/th>\n<td>48 mm<\/td>\n<\/tr>\n<tr>\n<th><strong>Befestigung<\/strong><\/th>\n<td>Schrauben<\/td>\n<\/tr>\n<tr class=\"alt\">\n<th><strong>Farbe<\/strong><\/th>\n<td>ROSTFREIER STAHL<\/td>\n<\/tr>\n<tr>\n<th><strong>Verkauft pro<\/strong><\/th>\n<td>pro St\u00fcck<\/td>\n<\/tr>\n<tr class=\"alt\">\n<th><strong>F\u00fcr was ist das Produkt geeignet<\/strong><\/th>\n<td>T\u00fcrstopper<\/td>\n<\/tr>\n<tr>\n<th><strong>Pr\u00e4vention<\/strong><\/th>\n<td>Die Verwendung erfolgt auf eigene Gefahr.<\/td>\n<\/tr>\n<\/tbody>\n<\/table>\n","protected":false},"excerpt":{"rendered":"<p>Mit dem Kierr Heavy Duty T\u00fcrstopper k\u00f6nnen Sie Innent\u00fcren aus Holz, Kunststoff, Aluminium und Glas stoppen und sichern, indem Sie ihn an der T\u00fcr befestigen. Der Kierr Heavy Duty ist ein formsch\u00f6ner, selbstklebender magnetischer T\u00fcrstopper aus rostfreiem Stahl und hat eine enorme Magnetkraft. <\/p>\n<p>Der Kierr Heavy Duty kann auch im Au\u00dfenbereich verwendet werden. Wenn Sie eine Option zum Aufkleben anstelle von Schrauben w\u00fcnschen, k\u00f6nnen Sie auch den Stop 30o oder den Stop 350 zum Bohren in die Wand und Aufkleben auf die T\u00fcr bestellen. <\/p>\n<p>\u2713 Geeignet als T\u00fcrstopper \/ T\u00fcrfeststeller sowohl horizontal als auch vertikal einsetzbar<br \/>\n\u2713 Magnetisches System sehr stark<br \/>\n\u2713 Selbstklebend mit mitgeliefertem Entfettungstuch<br \/>\n\u2713 In die Wand schrauben und auf die T\u00fcr kleben<br \/>\n\u2713 Abgerundetes Aussehen und aus Edelstahl gefertigt und in allen Graden platzierbar<br \/>\n\u2713 F\u00fcr Innen- und Au\u00dfent\u00fcren<br \/>\n\u2713 Einfach zu stoppen und zu sichern<\/p>\n","protected":false},"featured_media":4454,"template":"","meta":{"_acf_changed":false,"site-sidebar-layout":"default","site-content-layout":"","ast-site-content-layout":"default","site-content-style":"default","site-sidebar-style":"default","ast-global-header-display":"","ast-banner-title-visibility":"","ast-main-header-display":"","ast-hfb-above-header-display":"","ast-hfb-below-header-display":"","ast-hfb-mobile-header-display":"","site-post-title":"","ast-breadcrumbs-content":"","ast-featured-img":"","footer-sml-layout":"","ast-disable-related-posts":"","theme-transparent-header-meta":"default","adv-header-id-meta":"","stick-header-meta":"","header-above-stick-meta":"","header-main-stick-meta":"","header-below-stick-meta":"","astra-migrate-meta-layouts":"set","ast-page-background-enabled":"default","ast-page-background-meta":{"desktop":{"background-color":"var(--ast-global-color-4)","background-image":"","background-repeat":"repeat","background-position":"center center","background-size":"auto","background-attachment":"scroll","background-type":"","background-media":"","overlay-type":"","overlay-color":"","overlay-opacity":"","overlay-gradient":""},"tablet":{"background-color":"","background-image":"","background-repeat":"repeat","background-position":"center center","background-size":"auto","background-attachment":"scroll","background-type":"","background-media":"","overlay-type":"","overlay-color":"","overlay-opacity":"","overlay-gradient":""},"mobile":{"background-color":"","background-image":"","background-repeat":"repeat","background-position":"center center","background-size":"auto","background-attachment":"scroll","background-type":"","background-media":"","overlay-type":"","overlay-color":"","overlay-opacity":"","overlay-gradient":""}},"ast-content-background-meta":{"desktop":{"background-color":"var(--ast-global-color-5)","background-image":"","background-repeat":"repeat","background-position":"center center","background-size":"auto","background-attachment":"scroll","background-type":"","background-media":"","overlay-type":"","overlay-color":"","overlay-opacity":"","overlay-gradient":""},"tablet":{"background-color":"var(--ast-global-color-5)","background-image":"","background-repeat":"repeat","background-position":"center center","background-size":"auto","background-attachment":"scroll","background-type":"","background-media":"","overlay-type":"","overlay-color":"","overlay-opacity":"","overlay-gradient":""},"mobile":{"background-color":"var(--ast-global-color-5)","background-image":"","background-repeat":"repeat","background-position":"center center","background-size":"auto","background-attachment":"scroll","background-type":"","background-media":"","overlay-type":"","overlay-color":"","overlay-opacity":"","overlay-gradient":""}}},"product_brand":[],"product_cat":[84,86,93],"product_tag":[],"class_list":{"0":"post-4436","1":"product","2":"type-product","3":"status-publish","4":"has-post-thumbnail","6":"product_cat-turbeschlage","7":"product_cat-turfeststeller","8":"product_cat-turstopper","9":"desktop-align-center","10":"tablet-align-left","11":"mobile-align-left","12":"ast-product-gallery-layout-horizontal-slider","13":"ast-magnify-disabled","14":"ast-product-tabs-layout-horizontal","16":"first","17":"instock","18":"taxable","19":"shipping-taxable","20":"purchasable","21":"product-type-simple"},"acf":[],"yoast_head":"<!-- This site is optimized with the Yoast SEO plugin v27.4 - https:\/\/yoast.com\/product\/yoast-seo-wordpress\/ -->\n<title>Kierr Heavy Duty - Kierr.nl<\/title>\n<meta name=\"description\" content=\"M\u00f6chten Sie Ihre T\u00fcr sowohl drinnen als auch drau\u00dfen fest verschlossen halten? Dann entdecken Sie den robusten T\u00fcrstopper von Kierr, der sowohl f\u00fcr den Innen- als auch f\u00fcr den Au\u00dfenbereich geeignet ist.\" \/>\n<meta name=\"robots\" content=\"index, follow, max-snippet:-1, max-image-preview:large, max-video-preview:-1\" \/>\n<link rel=\"canonical\" href=\"https:\/\/kierr.nl\/de\/product\/kierr-stop-350-zum-anschrauben-an-die-wand-und-ohne-bohren-und-schrauben-an-der-tur-kopie\/\" \/>\n<meta property=\"og:locale\" content=\"de_DE\" \/>\n<meta property=\"og:type\" content=\"article\" \/>\n<meta property=\"og:title\" content=\"Kierr Heavy Duty - Kierr.nl\" \/>\n<meta property=\"og:description\" content=\"M\u00f6chten Sie Ihre T\u00fcr sowohl drinnen als auch drau\u00dfen fest verschlossen halten? Dann entdecken Sie den robusten T\u00fcrstopper von Kierr, der sowohl f\u00fcr den Innen- als auch f\u00fcr den Au\u00dfenbereich geeignet ist.\" \/>\n<meta property=\"og:url\" content=\"https:\/\/kierr.nl\/de\/product\/kierr-stop-350-zum-anschrauben-an-die-wand-und-ohne-bohren-und-schrauben-an-der-tur-kopie\/\" \/>\n<meta property=\"og:site_name\" content=\"Kierr.nl\" \/>\n<meta property=\"article:modified_time\" content=\"2025-05-16T10:33:14+00:00\" \/>\n<meta property=\"og:image\" content=\"https:\/\/kierr.nl\/wp-content\/uploads\/2025\/02\/Kierr_HeavydutyDeurstopper_01.jpg\" \/>\n\t<meta property=\"og:image:width\" content=\"1600\" \/>\n\t<meta property=\"og:image:height\" content=\"1920\" \/>\n\t<meta property=\"og:image:type\" content=\"image\/jpeg\" \/>\n<meta name=\"twitter:card\" content=\"summary_large_image\" \/>\n<meta name=\"twitter:label1\" content=\"Gesch\u00e4tzte Lesezeit\" \/>\n\t<meta name=\"twitter:data1\" content=\"1\u00a0Minute\" \/>\n<script type=\"application\/ld+json\" class=\"yoast-schema-graph\">{\"@context\":\"https:\\\/\\\/schema.org\",\"@graph\":[{\"@type\":\"WebPage\",\"@id\":\"https:\\\/\\\/kierr.nl\\\/de\\\/product\\\/kierr-stop-350-zum-anschrauben-an-die-wand-und-ohne-bohren-und-schrauben-an-der-tur-kopie\\\/\",\"url\":\"https:\\\/\\\/kierr.nl\\\/de\\\/product\\\/kierr-stop-350-zum-anschrauben-an-die-wand-und-ohne-bohren-und-schrauben-an-der-tur-kopie\\\/\",\"name\":\"Kierr Heavy Duty - Kierr.nl\",\"isPartOf\":{\"@id\":\"https:\\\/\\\/kierr.nl\\\/de\\\/#website\"},\"primaryImageOfPage\":{\"@id\":\"https:\\\/\\\/kierr.nl\\\/de\\\/product\\\/kierr-stop-350-zum-anschrauben-an-die-wand-und-ohne-bohren-und-schrauben-an-der-tur-kopie\\\/#primaryimage\"},\"image\":{\"@id\":\"https:\\\/\\\/kierr.nl\\\/de\\\/product\\\/kierr-stop-350-zum-anschrauben-an-die-wand-und-ohne-bohren-und-schrauben-an-der-tur-kopie\\\/#primaryimage\"},\"thumbnailUrl\":\"https:\\\/\\\/kierr.nl\\\/wp-content\\\/uploads\\\/2025\\\/02\\\/Kierr_HeavydutyDeurstopper_01.jpg\",\"datePublished\":\"2025-02-21T08:21:44+00:00\",\"dateModified\":\"2025-05-16T10:33:14+00:00\",\"description\":\"M\u00f6chten Sie Ihre T\u00fcr sowohl drinnen als auch drau\u00dfen fest verschlossen halten? Dann entdecken Sie den robusten T\u00fcrstopper von Kierr, der sowohl f\u00fcr den Innen- als auch f\u00fcr den Au\u00dfenbereich geeignet ist.\",\"breadcrumb\":{\"@id\":\"https:\\\/\\\/kierr.nl\\\/de\\\/product\\\/kierr-stop-350-zum-anschrauben-an-die-wand-und-ohne-bohren-und-schrauben-an-der-tur-kopie\\\/#breadcrumb\"},\"inLanguage\":\"de\",\"potentialAction\":[{\"@type\":\"ReadAction\",\"target\":[\"https:\\\/\\\/kierr.nl\\\/de\\\/product\\\/kierr-stop-350-zum-anschrauben-an-die-wand-und-ohne-bohren-und-schrauben-an-der-tur-kopie\\\/\"]}]},{\"@type\":\"ImageObject\",\"inLanguage\":\"de\",\"@id\":\"https:\\\/\\\/kierr.nl\\\/de\\\/product\\\/kierr-stop-350-zum-anschrauben-an-die-wand-und-ohne-bohren-und-schrauben-an-der-tur-kopie\\\/#primaryimage\",\"url\":\"https:\\\/\\\/kierr.nl\\\/wp-content\\\/uploads\\\/2025\\\/02\\\/Kierr_HeavydutyDeurstopper_01.jpg\",\"contentUrl\":\"https:\\\/\\\/kierr.nl\\\/wp-content\\\/uploads\\\/2025\\\/02\\\/Kierr_HeavydutyDeurstopper_01.jpg\",\"width\":1600,\"height\":1920,\"caption\":\"Schwerer T\u00fcrfeststeller\"},{\"@type\":\"BreadcrumbList\",\"@id\":\"https:\\\/\\\/kierr.nl\\\/de\\\/product\\\/kierr-stop-350-zum-anschrauben-an-die-wand-und-ohne-bohren-und-schrauben-an-der-tur-kopie\\\/#breadcrumb\",\"itemListElement\":[{\"@type\":\"ListItem\",\"position\":1,\"name\":\"Startseite\",\"item\":\"https:\\\/\\\/kierr.nl\\\/de\\\/\"},{\"@type\":\"ListItem\",\"position\":2,\"name\":\"Shop\",\"item\":\"https:\\\/\\\/kierr.nl\\\/de\\\/shop\\\/\"},{\"@type\":\"ListItem\",\"position\":3,\"name\":\"Kierr Heavy Duty\"}]},{\"@type\":\"WebSite\",\"@id\":\"https:\\\/\\\/kierr.nl\\\/de\\\/#website\",\"url\":\"https:\\\/\\\/kierr.nl\\\/de\\\/\",\"name\":\"Kierr.nl\",\"description\":\"Deur- en raambeslag\",\"potentialAction\":[{\"@type\":\"SearchAction\",\"target\":{\"@type\":\"EntryPoint\",\"urlTemplate\":\"https:\\\/\\\/kierr.nl\\\/de\\\/?s={search_term_string}\"},\"query-input\":{\"@type\":\"PropertyValueSpecification\",\"valueRequired\":true,\"valueName\":\"search_term_string\"}}],\"inLanguage\":\"de\"}]}<\/script>\n<!-- \/ Yoast SEO plugin. -->","yoast_head_json":{"title":"Kierr Heavy Duty - Kierr.nl","description":"M\u00f6chten Sie Ihre T\u00fcr sowohl drinnen als auch drau\u00dfen fest verschlossen halten? Dann entdecken Sie den robusten T\u00fcrstopper von Kierr, der sowohl f\u00fcr den Innen- als auch f\u00fcr den Au\u00dfenbereich geeignet ist.","robots":{"index":"index","follow":"follow","max-snippet":"max-snippet:-1","max-image-preview":"max-image-preview:large","max-video-preview":"max-video-preview:-1"},"canonical":"https:\/\/kierr.nl\/de\/product\/kierr-stop-350-zum-anschrauben-an-die-wand-und-ohne-bohren-und-schrauben-an-der-tur-kopie\/","og_locale":"de_DE","og_type":"article","og_title":"Kierr Heavy Duty - Kierr.nl","og_description":"M\u00f6chten Sie Ihre T\u00fcr sowohl drinnen als auch drau\u00dfen fest verschlossen halten? Dann entdecken Sie den robusten T\u00fcrstopper von Kierr, der sowohl f\u00fcr den Innen- als auch f\u00fcr den Au\u00dfenbereich geeignet ist.","og_url":"https:\/\/kierr.nl\/de\/product\/kierr-stop-350-zum-anschrauben-an-die-wand-und-ohne-bohren-und-schrauben-an-der-tur-kopie\/","og_site_name":"Kierr.nl","article_modified_time":"2025-05-16T10:33:14+00:00","og_image":[{"width":1600,"height":1920,"url":"https:\/\/kierr.nl\/wp-content\/uploads\/2025\/02\/Kierr_HeavydutyDeurstopper_01.jpg","type":"image\/jpeg"}],"twitter_card":"summary_large_image","twitter_misc":{"Gesch\u00e4tzte Lesezeit":"1\u00a0Minute"},"schema":{"@context":"https:\/\/schema.org","@graph":[{"@type":"WebPage","@id":"https:\/\/kierr.nl\/de\/product\/kierr-stop-350-zum-anschrauben-an-die-wand-und-ohne-bohren-und-schrauben-an-der-tur-kopie\/","url":"https:\/\/kierr.nl\/de\/product\/kierr-stop-350-zum-anschrauben-an-die-wand-und-ohne-bohren-und-schrauben-an-der-tur-kopie\/","name":"Kierr Heavy Duty - Kierr.nl","isPartOf":{"@id":"https:\/\/kierr.nl\/de\/#website"},"primaryImageOfPage":{"@id":"https:\/\/kierr.nl\/de\/product\/kierr-stop-350-zum-anschrauben-an-die-wand-und-ohne-bohren-und-schrauben-an-der-tur-kopie\/#primaryimage"},"image":{"@id":"https:\/\/kierr.nl\/de\/product\/kierr-stop-350-zum-anschrauben-an-die-wand-und-ohne-bohren-und-schrauben-an-der-tur-kopie\/#primaryimage"},"thumbnailUrl":"https:\/\/kierr.nl\/wp-content\/uploads\/2025\/02\/Kierr_HeavydutyDeurstopper_01.jpg","datePublished":"2025-02-21T08:21:44+00:00","dateModified":"2025-05-16T10:33:14+00:00","description":"M\u00f6chten Sie Ihre T\u00fcr sowohl drinnen als auch drau\u00dfen fest verschlossen halten? Dann entdecken Sie den robusten T\u00fcrstopper von Kierr, der sowohl f\u00fcr den Innen- als auch f\u00fcr den Au\u00dfenbereich geeignet ist.","breadcrumb":{"@id":"https:\/\/kierr.nl\/de\/product\/kierr-stop-350-zum-anschrauben-an-die-wand-und-ohne-bohren-und-schrauben-an-der-tur-kopie\/#breadcrumb"},"inLanguage":"de","potentialAction":[{"@type":"ReadAction","target":["https:\/\/kierr.nl\/de\/product\/kierr-stop-350-zum-anschrauben-an-die-wand-und-ohne-bohren-und-schrauben-an-der-tur-kopie\/"]}]},{"@type":"ImageObject","inLanguage":"de","@id":"https:\/\/kierr.nl\/de\/product\/kierr-stop-350-zum-anschrauben-an-die-wand-und-ohne-bohren-und-schrauben-an-der-tur-kopie\/#primaryimage","url":"https:\/\/kierr.nl\/wp-content\/uploads\/2025\/02\/Kierr_HeavydutyDeurstopper_01.jpg","contentUrl":"https:\/\/kierr.nl\/wp-content\/uploads\/2025\/02\/Kierr_HeavydutyDeurstopper_01.jpg","width":1600,"height":1920,"caption":"Schwerer T\u00fcrfeststeller"},{"@type":"BreadcrumbList","@id":"https:\/\/kierr.nl\/de\/product\/kierr-stop-350-zum-anschrauben-an-die-wand-und-ohne-bohren-und-schrauben-an-der-tur-kopie\/#breadcrumb","itemListElement":[{"@type":"ListItem","position":1,"name":"Startseite","item":"https:\/\/kierr.nl\/de\/"},{"@type":"ListItem","position":2,"name":"Shop","item":"https:\/\/kierr.nl\/de\/shop\/"},{"@type":"ListItem","position":3,"name":"Kierr Heavy Duty"}]},{"@type":"WebSite","@id":"https:\/\/kierr.nl\/de\/#website","url":"https:\/\/kierr.nl\/de\/","name":"Kierr.nl","description":"Deur- en raambeslag","potentialAction":[{"@type":"SearchAction","target":{"@type":"EntryPoint","urlTemplate":"https:\/\/kierr.nl\/de\/?s={search_term_string}"},"query-input":{"@type":"PropertyValueSpecification","valueRequired":true,"valueName":"search_term_string"}}],"inLanguage":"de"}]}},"_links":{"self":[{"href":"https:\/\/kierr.nl\/de\/wp-json\/wp\/v2\/product\/4436","targetHints":{"allow":["GET"]}}],"collection":[{"href":"https:\/\/kierr.nl\/de\/wp-json\/wp\/v2\/product"}],"about":[{"href":"https:\/\/kierr.nl\/de\/wp-json\/wp\/v2\/types\/product"}],"wp:featuredmedia":[{"embeddable":true,"href":"https:\/\/kierr.nl\/de\/wp-json\/wp\/v2\/media\/4454"}],"wp:attachment":[{"href":"https:\/\/kierr.nl\/de\/wp-json\/wp\/v2\/media?parent=4436"}],"wp:term":[{"taxonomy":"product_brand","embeddable":true,"href":"https:\/\/kierr.nl\/de\/wp-json\/wp\/v2\/product_brand?post=4436"},{"taxonomy":"product_cat","embeddable":true,"href":"https:\/\/kierr.nl\/de\/wp-json\/wp\/v2\/product_cat?post=4436"},{"taxonomy":"product_tag","embeddable":true,"href":"https:\/\/kierr.nl\/de\/wp-json\/wp\/v2\/product_tag?post=4436"}],"curies":[{"name":"wp","href":"https:\/\/api.w.org\/{rel}","templated":true}]}}