{"id":4797,"date":"2025-05-22T12:26:13","date_gmt":"2025-05-22T10:26:13","guid":{"rendered":"https:\/\/kierr.nl\/?post_type=product&#038;p=4797"},"modified":"2025-05-22T12:39:08","modified_gmt":"2025-05-22T10:39:08","slug":"kierr-luxury-edelstahl-duschturknopf-stabil-kopie","status":"publish","type":"product","link":"https:\/\/kierr.nl\/de\/product\/kierr-luxury-edelstahl-duschturknopf-stabil-kopie\/","title":{"rendered":"Kierr Runder Griff f\u00fcr Duscht\u00fcrgriff"},"content":{"rendered":"<p class=\"lead\">Alle Funktionen auf einen Blick<\/p>\n<table class=\"shop_attributes table table-bordered attribute-table table-striped\">\n<thead>\n<tr>\n<th><strong>Eigenschaft<\/strong><\/th>\n<th><strong>Wert<\/strong><\/th>\n<\/tr>\n<\/thead>\n<tbody>\n<tr>\n<th><strong>Material<\/strong><\/th>\n<td class=\"product_dimensions\">ROSTFREIER STAHL<\/td>\n<\/tr>\n<tr>\n<th><strong>Form<\/strong><\/th>\n<td class=\"product_dimensions\">Rund<\/td>\n<\/tr>\n<tr>\n<th><strong>L\u00e4nge<\/strong><\/th>\n<td class=\"product_dimensions\">38 mm<\/td>\n<\/tr>\n<tr>\n<th><strong>Breite<\/strong><\/th>\n<td class=\"product_dimensions\">32 mm<\/td>\n<\/tr>\n<tr class=\"alt\">\n<th><strong>Farbe<\/strong><\/th>\n<td>Silber<\/td>\n<\/tr>\n<tr>\n<th><strong>Verkauft pro<\/strong><\/th>\n<td>Pro St\u00fcck, einschlie\u00dflich Befestigungsmaterial<\/td>\n<\/tr>\n<tr class=\"alt\">\n<th><strong>F\u00fcr was ist das Produkt geeignet<\/strong><\/th>\n<td>Glast\u00fcr<\/td>\n<\/tr>\n<tr>\n<th><strong>Pr\u00e4vention<\/strong><\/th>\n<td>Die Verwendung erfolgt auf eigene Gefahr.<\/td>\n<\/tr>\n<\/tbody>\n<\/table>\n","protected":false},"excerpt":{"rendered":"<p>Der runde Kierr Grip Duscht\u00fcrgriff ist das, was Sie brauchen! Er ist aus haltbarem Edelstahl gefertigt und wurde mit Blick auf Qualit\u00e4t entworfen. Dank seiner Rundungen liegt er gut in der Hand! <\/p>\n<p>\u2713 Geeignet als T\u00fcrknauf<br \/>\n\u2713 Geeignet f\u00fcr Glast\u00fcren<br \/>\n\u2713 Geeignet f\u00fcr Duscht\u00fcren<br \/>\n\u2713 Robuste Optik<br \/>\n\u2713 RVS<\/p>\n","protected":false},"featured_media":4806,"template":"","meta":{"_acf_changed":false,"site-sidebar-layout":"default","site-content-layout":"","ast-site-content-layout":"default","site-content-style":"default","site-sidebar-style":"default","ast-global-header-display":"","ast-banner-title-visibility":"","ast-main-header-display":"","ast-hfb-above-header-display":"","ast-hfb-below-header-display":"","ast-hfb-mobile-header-display":"","site-post-title":"","ast-breadcrumbs-content":"","ast-featured-img":"","footer-sml-layout":"","ast-disable-related-posts":"","theme-transparent-header-meta":"default","adv-header-id-meta":"","stick-header-meta":"","header-above-stick-meta":"","header-main-stick-meta":"","header-below-stick-meta":"","astra-migrate-meta-layouts":"set","ast-page-background-enabled":"default","ast-page-background-meta":{"desktop":{"background-color":"var(--ast-global-color-4)","background-image":"","background-repeat":"repeat","background-position":"center center","background-size":"auto","background-attachment":"scroll","background-type":"","background-media":"","overlay-type":"","overlay-color":"","overlay-opacity":"","overlay-gradient":""},"tablet":{"background-color":"","background-image":"","background-repeat":"repeat","background-position":"center center","background-size":"auto","background-attachment":"scroll","background-type":"","background-media":"","overlay-type":"","overlay-color":"","overlay-opacity":"","overlay-gradient":""},"mobile":{"background-color":"","background-image":"","background-repeat":"repeat","background-position":"center center","background-size":"auto","background-attachment":"scroll","background-type":"","background-media":"","overlay-type":"","overlay-color":"","overlay-opacity":"","overlay-gradient":""}},"ast-content-background-meta":{"desktop":{"background-color":"var(--ast-global-color-5)","background-image":"","background-repeat":"repeat","background-position":"center center","background-size":"auto","background-attachment":"scroll","background-type":"","background-media":"","overlay-type":"","overlay-color":"","overlay-opacity":"","overlay-gradient":""},"tablet":{"background-color":"var(--ast-global-color-5)","background-image":"","background-repeat":"repeat","background-position":"center center","background-size":"auto","background-attachment":"scroll","background-type":"","background-media":"","overlay-type":"","overlay-color":"","overlay-opacity":"","overlay-gradient":""},"mobile":{"background-color":"var(--ast-global-color-5)","background-image":"","background-repeat":"repeat","background-position":"center center","background-size":"auto","background-attachment":"scroll","background-type":"","background-media":"","overlay-type":"","overlay-color":"","overlay-opacity":"","overlay-gradient":""}}},"product_brand":[],"product_cat":[84,85],"product_tag":[],"class_list":{"0":"post-4797","1":"product","2":"type-product","3":"status-publish","4":"has-post-thumbnail","6":"product_cat-turbeschlage","7":"product_cat-turknauf","8":"product_shipping_class-briefkastenpaket","9":"desktop-align-center","10":"tablet-align-left","11":"mobile-align-left","12":"ast-product-gallery-layout-horizontal-slider","13":"ast-magnify-disabled","14":"ast-product-tabs-layout-horizontal","16":"first","17":"instock","18":"taxable","19":"shipping-taxable","20":"purchasable","21":"product-type-simple"},"acf":[],"yoast_head":"<!-- This site is optimized with the Yoast SEO plugin v27.4 - https:\/\/yoast.com\/product\/yoast-seo-wordpress\/ -->\n<title>Kierr Runder Griff f\u00fcr Duscht\u00fcrgriff - Kierr.nl<\/title>\n<meta name=\"description\" content=\"Der runde Kierr Grip Duscht\u00fcrgriff ist das, was Sie brauchen! Er ist aus langlebigem Edelstahl gefertigt und wurde mit Blick auf Qualit\u00e4t entworfen.\" \/>\n<meta name=\"robots\" content=\"index, follow, max-snippet:-1, max-image-preview:large, max-video-preview:-1\" \/>\n<link rel=\"canonical\" href=\"https:\/\/kierr.nl\/de\/product\/kierr-luxury-edelstahl-duschturknopf-stabil-kopie\/\" \/>\n<meta property=\"og:locale\" content=\"de_DE\" \/>\n<meta property=\"og:type\" content=\"article\" \/>\n<meta property=\"og:title\" content=\"Kierr Runder Griff f\u00fcr Duscht\u00fcrgriff - Kierr.nl\" \/>\n<meta property=\"og:description\" content=\"Der runde Kierr Grip Duscht\u00fcrgriff ist das, was Sie brauchen! Er ist aus langlebigem Edelstahl gefertigt und wurde mit Blick auf Qualit\u00e4t entworfen.\" \/>\n<meta property=\"og:url\" content=\"https:\/\/kierr.nl\/de\/product\/kierr-luxury-edelstahl-duschturknopf-stabil-kopie\/\" \/>\n<meta property=\"og:site_name\" content=\"Kierr.nl\" \/>\n<meta property=\"article:modified_time\" content=\"2025-05-22T10:39:08+00:00\" \/>\n<meta property=\"og:image\" content=\"https:\/\/kierr.nl\/wp-content\/uploads\/2025\/05\/Grip-knob-2.jpg\" \/>\n\t<meta property=\"og:image:width\" content=\"1920\" \/>\n\t<meta property=\"og:image:height\" content=\"1920\" \/>\n\t<meta property=\"og:image:type\" content=\"image\/jpeg\" \/>\n<meta name=\"twitter:card\" content=\"summary_large_image\" \/>\n<script type=\"application\/ld+json\" class=\"yoast-schema-graph\">{\"@context\":\"https:\\\/\\\/schema.org\",\"@graph\":[{\"@type\":\"WebPage\",\"@id\":\"https:\\\/\\\/kierr.nl\\\/de\\\/product\\\/kierr-luxury-edelstahl-duschturknopf-stabil-kopie\\\/\",\"url\":\"https:\\\/\\\/kierr.nl\\\/de\\\/product\\\/kierr-luxury-edelstahl-duschturknopf-stabil-kopie\\\/\",\"name\":\"Kierr Runder Griff f\u00fcr Duscht\u00fcrgriff - Kierr.nl\",\"isPartOf\":{\"@id\":\"https:\\\/\\\/kierr.nl\\\/de\\\/#website\"},\"primaryImageOfPage\":{\"@id\":\"https:\\\/\\\/kierr.nl\\\/de\\\/product\\\/kierr-luxury-edelstahl-duschturknopf-stabil-kopie\\\/#primaryimage\"},\"image\":{\"@id\":\"https:\\\/\\\/kierr.nl\\\/de\\\/product\\\/kierr-luxury-edelstahl-duschturknopf-stabil-kopie\\\/#primaryimage\"},\"thumbnailUrl\":\"https:\\\/\\\/kierr.nl\\\/wp-content\\\/uploads\\\/2025\\\/05\\\/Grip-knob-2.jpg\",\"datePublished\":\"2025-05-22T10:26:13+00:00\",\"dateModified\":\"2025-05-22T10:39:08+00:00\",\"description\":\"Der runde Kierr Grip Duscht\u00fcrgriff ist das, was Sie brauchen! Er ist aus langlebigem Edelstahl gefertigt und wurde mit Blick auf Qualit\u00e4t entworfen.\",\"breadcrumb\":{\"@id\":\"https:\\\/\\\/kierr.nl\\\/de\\\/product\\\/kierr-luxury-edelstahl-duschturknopf-stabil-kopie\\\/#breadcrumb\"},\"inLanguage\":\"de\",\"potentialAction\":[{\"@type\":\"ReadAction\",\"target\":[\"https:\\\/\\\/kierr.nl\\\/de\\\/product\\\/kierr-luxury-edelstahl-duschturknopf-stabil-kopie\\\/\"]}]},{\"@type\":\"ImageObject\",\"inLanguage\":\"de\",\"@id\":\"https:\\\/\\\/kierr.nl\\\/de\\\/product\\\/kierr-luxury-edelstahl-duschturknopf-stabil-kopie\\\/#primaryimage\",\"url\":\"https:\\\/\\\/kierr.nl\\\/wp-content\\\/uploads\\\/2025\\\/05\\\/Grip-knob-2.jpg\",\"contentUrl\":\"https:\\\/\\\/kierr.nl\\\/wp-content\\\/uploads\\\/2025\\\/05\\\/Grip-knob-2.jpg\",\"width\":1920,\"height\":1920,\"caption\":\"Griff f\u00fcr Duscht\u00fcr\"},{\"@type\":\"BreadcrumbList\",\"@id\":\"https:\\\/\\\/kierr.nl\\\/de\\\/product\\\/kierr-luxury-edelstahl-duschturknopf-stabil-kopie\\\/#breadcrumb\",\"itemListElement\":[{\"@type\":\"ListItem\",\"position\":1,\"name\":\"Startseite\",\"item\":\"https:\\\/\\\/kierr.nl\\\/de\\\/\"},{\"@type\":\"ListItem\",\"position\":2,\"name\":\"Shop\",\"item\":\"https:\\\/\\\/kierr.nl\\\/de\\\/shop\\\/\"},{\"@type\":\"ListItem\",\"position\":3,\"name\":\"Kierr Runder Griff f\u00fcr Duscht\u00fcrgriff\"}]},{\"@type\":\"WebSite\",\"@id\":\"https:\\\/\\\/kierr.nl\\\/de\\\/#website\",\"url\":\"https:\\\/\\\/kierr.nl\\\/de\\\/\",\"name\":\"Kierr.nl\",\"description\":\"Deur- en raambeslag\",\"potentialAction\":[{\"@type\":\"SearchAction\",\"target\":{\"@type\":\"EntryPoint\",\"urlTemplate\":\"https:\\\/\\\/kierr.nl\\\/de\\\/?s={search_term_string}\"},\"query-input\":{\"@type\":\"PropertyValueSpecification\",\"valueRequired\":true,\"valueName\":\"search_term_string\"}}],\"inLanguage\":\"de\"}]}<\/script>\n<!-- \/ Yoast SEO plugin. -->","yoast_head_json":{"title":"Kierr Runder Griff f\u00fcr Duscht\u00fcrgriff - Kierr.nl","description":"Der runde Kierr Grip Duscht\u00fcrgriff ist das, was Sie brauchen! Er ist aus langlebigem Edelstahl gefertigt und wurde mit Blick auf Qualit\u00e4t entworfen.","robots":{"index":"index","follow":"follow","max-snippet":"max-snippet:-1","max-image-preview":"max-image-preview:large","max-video-preview":"max-video-preview:-1"},"canonical":"https:\/\/kierr.nl\/de\/product\/kierr-luxury-edelstahl-duschturknopf-stabil-kopie\/","og_locale":"de_DE","og_type":"article","og_title":"Kierr Runder Griff f\u00fcr Duscht\u00fcrgriff - Kierr.nl","og_description":"Der runde Kierr Grip Duscht\u00fcrgriff ist das, was Sie brauchen! Er ist aus langlebigem Edelstahl gefertigt und wurde mit Blick auf Qualit\u00e4t entworfen.","og_url":"https:\/\/kierr.nl\/de\/product\/kierr-luxury-edelstahl-duschturknopf-stabil-kopie\/","og_site_name":"Kierr.nl","article_modified_time":"2025-05-22T10:39:08+00:00","og_image":[{"width":1920,"height":1920,"url":"https:\/\/kierr.nl\/wp-content\/uploads\/2025\/05\/Grip-knob-2.jpg","type":"image\/jpeg"}],"twitter_card":"summary_large_image","schema":{"@context":"https:\/\/schema.org","@graph":[{"@type":"WebPage","@id":"https:\/\/kierr.nl\/de\/product\/kierr-luxury-edelstahl-duschturknopf-stabil-kopie\/","url":"https:\/\/kierr.nl\/de\/product\/kierr-luxury-edelstahl-duschturknopf-stabil-kopie\/","name":"Kierr Runder Griff f\u00fcr Duscht\u00fcrgriff - Kierr.nl","isPartOf":{"@id":"https:\/\/kierr.nl\/de\/#website"},"primaryImageOfPage":{"@id":"https:\/\/kierr.nl\/de\/product\/kierr-luxury-edelstahl-duschturknopf-stabil-kopie\/#primaryimage"},"image":{"@id":"https:\/\/kierr.nl\/de\/product\/kierr-luxury-edelstahl-duschturknopf-stabil-kopie\/#primaryimage"},"thumbnailUrl":"https:\/\/kierr.nl\/wp-content\/uploads\/2025\/05\/Grip-knob-2.jpg","datePublished":"2025-05-22T10:26:13+00:00","dateModified":"2025-05-22T10:39:08+00:00","description":"Der runde Kierr Grip Duscht\u00fcrgriff ist das, was Sie brauchen! Er ist aus langlebigem Edelstahl gefertigt und wurde mit Blick auf Qualit\u00e4t entworfen.","breadcrumb":{"@id":"https:\/\/kierr.nl\/de\/product\/kierr-luxury-edelstahl-duschturknopf-stabil-kopie\/#breadcrumb"},"inLanguage":"de","potentialAction":[{"@type":"ReadAction","target":["https:\/\/kierr.nl\/de\/product\/kierr-luxury-edelstahl-duschturknopf-stabil-kopie\/"]}]},{"@type":"ImageObject","inLanguage":"de","@id":"https:\/\/kierr.nl\/de\/product\/kierr-luxury-edelstahl-duschturknopf-stabil-kopie\/#primaryimage","url":"https:\/\/kierr.nl\/wp-content\/uploads\/2025\/05\/Grip-knob-2.jpg","contentUrl":"https:\/\/kierr.nl\/wp-content\/uploads\/2025\/05\/Grip-knob-2.jpg","width":1920,"height":1920,"caption":"Griff f\u00fcr Duscht\u00fcr"},{"@type":"BreadcrumbList","@id":"https:\/\/kierr.nl\/de\/product\/kierr-luxury-edelstahl-duschturknopf-stabil-kopie\/#breadcrumb","itemListElement":[{"@type":"ListItem","position":1,"name":"Startseite","item":"https:\/\/kierr.nl\/de\/"},{"@type":"ListItem","position":2,"name":"Shop","item":"https:\/\/kierr.nl\/de\/shop\/"},{"@type":"ListItem","position":3,"name":"Kierr Runder Griff f\u00fcr Duscht\u00fcrgriff"}]},{"@type":"WebSite","@id":"https:\/\/kierr.nl\/de\/#website","url":"https:\/\/kierr.nl\/de\/","name":"Kierr.nl","description":"Deur- en raambeslag","potentialAction":[{"@type":"SearchAction","target":{"@type":"EntryPoint","urlTemplate":"https:\/\/kierr.nl\/de\/?s={search_term_string}"},"query-input":{"@type":"PropertyValueSpecification","valueRequired":true,"valueName":"search_term_string"}}],"inLanguage":"de"}]}},"_links":{"self":[{"href":"https:\/\/kierr.nl\/de\/wp-json\/wp\/v2\/product\/4797","targetHints":{"allow":["GET"]}}],"collection":[{"href":"https:\/\/kierr.nl\/de\/wp-json\/wp\/v2\/product"}],"about":[{"href":"https:\/\/kierr.nl\/de\/wp-json\/wp\/v2\/types\/product"}],"wp:featuredmedia":[{"embeddable":true,"href":"https:\/\/kierr.nl\/de\/wp-json\/wp\/v2\/media\/4806"}],"wp:attachment":[{"href":"https:\/\/kierr.nl\/de\/wp-json\/wp\/v2\/media?parent=4797"}],"wp:term":[{"taxonomy":"product_brand","embeddable":true,"href":"https:\/\/kierr.nl\/de\/wp-json\/wp\/v2\/product_brand?post=4797"},{"taxonomy":"product_cat","embeddable":true,"href":"https:\/\/kierr.nl\/de\/wp-json\/wp\/v2\/product_cat?post=4797"},{"taxonomy":"product_tag","embeddable":true,"href":"https:\/\/kierr.nl\/de\/wp-json\/wp\/v2\/product_tag?post=4797"}],"curies":[{"name":"wp","href":"https:\/\/api.w.org\/{rel}","templated":true}]}}