{"id":5253,"date":"2025-12-23T11:19:22","date_gmt":"2025-12-23T10:19:22","guid":{"rendered":"https:\/\/kierr.nl\/?post_type=product&#038;p=5253"},"modified":"2025-12-23T11:21:30","modified_gmt":"2025-12-23T10:21:30","slug":"kierr-hausturknopf-globe-mit-turgriff-kopie","status":"publish","type":"product","link":"https:\/\/kierr.nl\/de\/product\/kierr-hausturknopf-globe-mit-turgriff-kopie\/","title":{"rendered":"Kierr Haust\u00fcrknauf Globe mit T\u00fcrgriff (rechtsh\u00e4ndig)"},"content":{"rendered":"<p class=\"lead\">Alle Funktionen auf einen Blick<\/p>\n<table class=\"shop_attributes table table-bordered attribute-table table-striped\">\n<thead>\n<tr>\n<th>Eigenschaft<\/th>\n<th>Wert<\/th>\n<\/tr>\n<\/thead>\n<tbody>\n<tr>\n<th>Material<\/th>\n<td class=\"product_dimensions\">ROSTFREIER STAHL<\/td>\n<\/tr>\n<tr>\n<th>Gestalten Sie<\/th>\n<td class=\"product_dimensions\">Stilvoll<\/td>\n<\/tr>\n<tr>\n<th>L\u00e4nge<\/th>\n<td class=\"product_dimensions\">53 mm<\/td>\n<\/tr>\n<tr>\n<th>Breite<\/th>\n<td class=\"product_dimensions\">53 mm<\/td>\n<\/tr>\n<tr>\n<th>H\u00f6he<\/th>\n<td class=\"product_dimensions\">53 mm<\/td>\n<\/tr>\n<tr>\n<th>Mindestst\u00e4rke der T\u00fcr<\/th>\n<td class=\"product_dimensions\">20 mm<\/td>\n<\/tr>\n<tr>\n<th>Maximale Dicke der T\u00fcr<\/th>\n<td class=\"product_dimensions\">55 mm<\/td>\n<\/tr>\n<tr class=\"alt\">\n<th>Farbe<\/th>\n<td>ROSTFREIER STAHL<\/td>\n<\/tr>\n<tr>\n<th>Verkauft pro<\/th>\n<td>Pro St\u00fcck, einschlie\u00dflich Befestigungsmaterial mit T\u00fcrknauf und T\u00fcrgriff<\/td>\n<\/tr>\n<tr class=\"alt\">\n<th>Wof\u00fcr das Produkt geeignet ist<\/th>\n<td>T\u00fcrknauf f\u00fcr Innen- und Au\u00dfent\u00fcren<\/td>\n<\/tr>\n<tr>\n<th>Pr\u00e4vention<\/th>\n<td>Verwendung auf eigene Gefahr<\/td>\n<\/tr>\n<\/tbody>\n<\/table>\n","protected":false},"excerpt":{"rendered":"<p>Werten Sie Ihre Haust\u00fcr mit dem eleganten Kierr\u00ae GLOBE HANDLE T\u00fcrknauf mit Griff auf. Diese moderne Kombination aus Schloss und T\u00fcrknauf verleiht Ihrer Haust\u00fcr einen frischen, zeitgen\u00f6ssischen Look. Das perfekt verarbeitete Set passt m\u00fchelos zu jedem Einrichtungsstil und bietet durch die integrierte Schl\u00fcssellochoption zus\u00e4tzliche Funktionalit\u00e4t. Mit dieser eleganten und funktionellen Erg\u00e4nzung f\u00fcr Ihre T\u00fcr k\u00f6nnen Sie jeden Eingang zu einem Moment machen, auf den Sie stolz sein k\u00f6nnen!   <\/p>\n<p>\u2713 Geeignet als T\u00fcrknauf auf der einen und T\u00fcrgriff auf der anderen Seite<br \/>\n\u2713 Runde Form<br \/>\n\u2713 Mindestst\u00e4rke bei T\u00fcren 20 mm<br \/>\n\u2713 Maximale St\u00e4rke bei T\u00fcren 50 mm<br \/>\n\u2713 Einfache Montage<br \/>\n\u2713 F\u00fcr Innen- und Au\u00dfent\u00fcren<br \/>\n\u2713 Stilvolles Aussehen aus Edelstahl<\/p>\n","protected":false},"featured_media":3537,"template":"","meta":{"_acf_changed":false,"site-sidebar-layout":"default","site-content-layout":"","ast-site-content-layout":"default","site-content-style":"default","site-sidebar-style":"default","ast-global-header-display":"","ast-banner-title-visibility":"","ast-main-header-display":"","ast-hfb-above-header-display":"","ast-hfb-below-header-display":"","ast-hfb-mobile-header-display":"","site-post-title":"","ast-breadcrumbs-content":"","ast-featured-img":"","footer-sml-layout":"","ast-disable-related-posts":"","theme-transparent-header-meta":"default","adv-header-id-meta":"","stick-header-meta":"","header-above-stick-meta":"","header-main-stick-meta":"","header-below-stick-meta":"","astra-migrate-meta-layouts":"set","ast-page-background-enabled":"default","ast-page-background-meta":{"desktop":{"background-color":"var(--ast-global-color-4)","background-image":"","background-repeat":"repeat","background-position":"center center","background-size":"auto","background-attachment":"scroll","background-type":"","background-media":"","overlay-type":"","overlay-color":"","overlay-opacity":"","overlay-gradient":""},"tablet":{"background-color":"","background-image":"","background-repeat":"repeat","background-position":"center center","background-size":"auto","background-attachment":"scroll","background-type":"","background-media":"","overlay-type":"","overlay-color":"","overlay-opacity":"","overlay-gradient":""},"mobile":{"background-color":"","background-image":"","background-repeat":"repeat","background-position":"center center","background-size":"auto","background-attachment":"scroll","background-type":"","background-media":"","overlay-type":"","overlay-color":"","overlay-opacity":"","overlay-gradient":""}},"ast-content-background-meta":{"desktop":{"background-color":"var(--ast-global-color-5)","background-image":"","background-repeat":"repeat","background-position":"center center","background-size":"auto","background-attachment":"scroll","background-type":"","background-media":"","overlay-type":"","overlay-color":"","overlay-opacity":"","overlay-gradient":""},"tablet":{"background-color":"var(--ast-global-color-5)","background-image":"","background-repeat":"repeat","background-position":"center center","background-size":"auto","background-attachment":"scroll","background-type":"","background-media":"","overlay-type":"","overlay-color":"","overlay-opacity":"","overlay-gradient":""},"mobile":{"background-color":"var(--ast-global-color-5)","background-image":"","background-repeat":"repeat","background-position":"center center","background-size":"auto","background-attachment":"scroll","background-type":"","background-media":"","overlay-type":"","overlay-color":"","overlay-opacity":"","overlay-gradient":""}}},"product_brand":[],"product_cat":[84,87,85],"product_tag":[],"class_list":{"0":"post-5253","1":"product","2":"type-product","3":"status-publish","4":"has-post-thumbnail","6":"product_cat-turbeschlage","7":"product_cat-turgriff","8":"product_cat-turknauf","9":"desktop-align-center","10":"tablet-align-left","11":"mobile-align-left","12":"ast-product-gallery-layout-horizontal-slider","13":"ast-magnify-disabled","14":"ast-product-tabs-layout-horizontal","16":"first","17":"instock","18":"taxable","19":"shipping-taxable","20":"purchasable","21":"product-type-simple"},"acf":[],"yoast_head":"<!-- This site is optimized with the Yoast SEO plugin v27.5 - https:\/\/yoast.com\/product\/yoast-seo-wordpress\/ -->\n<title>Kierr Haust\u00fcrknauf Globe mit T\u00fcrgriff (rechtsh\u00e4ndig) - Kierr.nl<\/title>\n<meta name=\"description\" content=\"Diese moderne Kombination aus T\u00fcrgriff und Knauf verleiht Ihrer Haust\u00fcr einen frischen Look. Bietet zus\u00e4tzliche Funktionalit\u00e4t mit einer integrierten Schl\u00fcssellochoption.\" \/>\n<meta name=\"robots\" content=\"index, follow, max-snippet:-1, max-image-preview:large, max-video-preview:-1\" \/>\n<link rel=\"canonical\" href=\"https:\/\/kierr.nl\/de\/product\/kierr-hausturknopf-globe-mit-turgriff-kopie\/\" \/>\n<meta property=\"og:locale\" content=\"de_DE\" \/>\n<meta property=\"og:type\" content=\"article\" \/>\n<meta property=\"og:title\" content=\"Kierr Haust\u00fcrknauf Globe mit T\u00fcrgriff (rechtsh\u00e4ndig) - Kierr.nl\" \/>\n<meta property=\"og:description\" content=\"Diese moderne Kombination aus T\u00fcrgriff und Knauf verleiht Ihrer Haust\u00fcr einen frischen Look. Bietet zus\u00e4tzliche Funktionalit\u00e4t mit einer integrierten Schl\u00fcssellochoption.\" \/>\n<meta property=\"og:url\" content=\"https:\/\/kierr.nl\/de\/product\/kierr-hausturknopf-globe-mit-turgriff-kopie\/\" \/>\n<meta property=\"og:site_name\" content=\"Kierr.nl\" \/>\n<meta property=\"article:modified_time\" content=\"2025-12-23T10:21:30+00:00\" \/>\n<meta property=\"og:image\" content=\"https:\/\/kierr.nl\/wp-content\/uploads\/2024\/10\/Globe-handle-1.jpg\" \/>\n\t<meta property=\"og:image:width\" content=\"1920\" \/>\n\t<meta property=\"og:image:height\" content=\"1920\" \/>\n\t<meta property=\"og:image:type\" content=\"image\/jpeg\" \/>\n<meta name=\"twitter:card\" content=\"summary_large_image\" \/>\n<script type=\"application\/ld+json\" class=\"yoast-schema-graph\">{\"@context\":\"https:\\\/\\\/schema.org\",\"@graph\":[{\"@type\":\"WebPage\",\"@id\":\"https:\\\/\\\/kierr.nl\\\/de\\\/product\\\/kierr-hausturknopf-globe-mit-turgriff-kopie\\\/\",\"url\":\"https:\\\/\\\/kierr.nl\\\/de\\\/product\\\/kierr-hausturknopf-globe-mit-turgriff-kopie\\\/\",\"name\":\"Kierr Haust\u00fcrknauf Globe mit T\u00fcrgriff (rechtsh\u00e4ndig) - Kierr.nl\",\"isPartOf\":{\"@id\":\"https:\\\/\\\/kierr.nl\\\/de\\\/#website\"},\"primaryImageOfPage\":{\"@id\":\"https:\\\/\\\/kierr.nl\\\/de\\\/product\\\/kierr-hausturknopf-globe-mit-turgriff-kopie\\\/#primaryimage\"},\"image\":{\"@id\":\"https:\\\/\\\/kierr.nl\\\/de\\\/product\\\/kierr-hausturknopf-globe-mit-turgriff-kopie\\\/#primaryimage\"},\"thumbnailUrl\":\"https:\\\/\\\/kierr.nl\\\/wp-content\\\/uploads\\\/2024\\\/10\\\/Globe-handle-1.jpg\",\"datePublished\":\"2025-12-23T10:19:22+00:00\",\"dateModified\":\"2025-12-23T10:21:30+00:00\",\"description\":\"Diese moderne Kombination aus T\u00fcrgriff und Knauf verleiht Ihrer Haust\u00fcr einen frischen Look. Bietet zus\u00e4tzliche Funktionalit\u00e4t mit einer integrierten Schl\u00fcssellochoption.\",\"breadcrumb\":{\"@id\":\"https:\\\/\\\/kierr.nl\\\/de\\\/product\\\/kierr-hausturknopf-globe-mit-turgriff-kopie\\\/#breadcrumb\"},\"inLanguage\":\"de\",\"potentialAction\":[{\"@type\":\"ReadAction\",\"target\":[\"https:\\\/\\\/kierr.nl\\\/de\\\/product\\\/kierr-hausturknopf-globe-mit-turgriff-kopie\\\/\"]}]},{\"@type\":\"ImageObject\",\"inLanguage\":\"de\",\"@id\":\"https:\\\/\\\/kierr.nl\\\/de\\\/product\\\/kierr-hausturknopf-globe-mit-turgriff-kopie\\\/#primaryimage\",\"url\":\"https:\\\/\\\/kierr.nl\\\/wp-content\\\/uploads\\\/2024\\\/10\\\/Globe-handle-1.jpg\",\"contentUrl\":\"https:\\\/\\\/kierr.nl\\\/wp-content\\\/uploads\\\/2024\\\/10\\\/Globe-handle-1.jpg\",\"width\":1920,\"height\":1920,\"caption\":\"Duerklink Globe Griff\"},{\"@type\":\"BreadcrumbList\",\"@id\":\"https:\\\/\\\/kierr.nl\\\/de\\\/product\\\/kierr-hausturknopf-globe-mit-turgriff-kopie\\\/#breadcrumb\",\"itemListElement\":[{\"@type\":\"ListItem\",\"position\":1,\"name\":\"Startseite\",\"item\":\"https:\\\/\\\/kierr.nl\\\/de\\\/\"},{\"@type\":\"ListItem\",\"position\":2,\"name\":\"Shop\",\"item\":\"https:\\\/\\\/kierr.nl\\\/de\\\/shop\\\/\"},{\"@type\":\"ListItem\",\"position\":3,\"name\":\"Kierr Haust\u00fcrknauf Globe mit T\u00fcrgriff (rechtsh\u00e4ndig)\"}]},{\"@type\":\"WebSite\",\"@id\":\"https:\\\/\\\/kierr.nl\\\/de\\\/#website\",\"url\":\"https:\\\/\\\/kierr.nl\\\/de\\\/\",\"name\":\"Kierr.nl\",\"description\":\"Deur- en raambeslag\",\"potentialAction\":[{\"@type\":\"SearchAction\",\"target\":{\"@type\":\"EntryPoint\",\"urlTemplate\":\"https:\\\/\\\/kierr.nl\\\/de\\\/?s={search_term_string}\"},\"query-input\":{\"@type\":\"PropertyValueSpecification\",\"valueRequired\":true,\"valueName\":\"search_term_string\"}}],\"inLanguage\":\"de\"}]}<\/script>\n<!-- \/ Yoast SEO plugin. -->","yoast_head_json":{"title":"Kierr Haust\u00fcrknauf Globe mit T\u00fcrgriff (rechtsh\u00e4ndig) - Kierr.nl","description":"Diese moderne Kombination aus T\u00fcrgriff und Knauf verleiht Ihrer Haust\u00fcr einen frischen Look. Bietet zus\u00e4tzliche Funktionalit\u00e4t mit einer integrierten Schl\u00fcssellochoption.","robots":{"index":"index","follow":"follow","max-snippet":"max-snippet:-1","max-image-preview":"max-image-preview:large","max-video-preview":"max-video-preview:-1"},"canonical":"https:\/\/kierr.nl\/de\/product\/kierr-hausturknopf-globe-mit-turgriff-kopie\/","og_locale":"de_DE","og_type":"article","og_title":"Kierr Haust\u00fcrknauf Globe mit T\u00fcrgriff (rechtsh\u00e4ndig) - Kierr.nl","og_description":"Diese moderne Kombination aus T\u00fcrgriff und Knauf verleiht Ihrer Haust\u00fcr einen frischen Look. Bietet zus\u00e4tzliche Funktionalit\u00e4t mit einer integrierten Schl\u00fcssellochoption.","og_url":"https:\/\/kierr.nl\/de\/product\/kierr-hausturknopf-globe-mit-turgriff-kopie\/","og_site_name":"Kierr.nl","article_modified_time":"2025-12-23T10:21:30+00:00","og_image":[{"width":1920,"height":1920,"url":"https:\/\/kierr.nl\/wp-content\/uploads\/2024\/10\/Globe-handle-1.jpg","type":"image\/jpeg"}],"twitter_card":"summary_large_image","schema":{"@context":"https:\/\/schema.org","@graph":[{"@type":"WebPage","@id":"https:\/\/kierr.nl\/de\/product\/kierr-hausturknopf-globe-mit-turgriff-kopie\/","url":"https:\/\/kierr.nl\/de\/product\/kierr-hausturknopf-globe-mit-turgriff-kopie\/","name":"Kierr Haust\u00fcrknauf Globe mit T\u00fcrgriff (rechtsh\u00e4ndig) - Kierr.nl","isPartOf":{"@id":"https:\/\/kierr.nl\/de\/#website"},"primaryImageOfPage":{"@id":"https:\/\/kierr.nl\/de\/product\/kierr-hausturknopf-globe-mit-turgriff-kopie\/#primaryimage"},"image":{"@id":"https:\/\/kierr.nl\/de\/product\/kierr-hausturknopf-globe-mit-turgriff-kopie\/#primaryimage"},"thumbnailUrl":"https:\/\/kierr.nl\/wp-content\/uploads\/2024\/10\/Globe-handle-1.jpg","datePublished":"2025-12-23T10:19:22+00:00","dateModified":"2025-12-23T10:21:30+00:00","description":"Diese moderne Kombination aus T\u00fcrgriff und Knauf verleiht Ihrer Haust\u00fcr einen frischen Look. Bietet zus\u00e4tzliche Funktionalit\u00e4t mit einer integrierten Schl\u00fcssellochoption.","breadcrumb":{"@id":"https:\/\/kierr.nl\/de\/product\/kierr-hausturknopf-globe-mit-turgriff-kopie\/#breadcrumb"},"inLanguage":"de","potentialAction":[{"@type":"ReadAction","target":["https:\/\/kierr.nl\/de\/product\/kierr-hausturknopf-globe-mit-turgriff-kopie\/"]}]},{"@type":"ImageObject","inLanguage":"de","@id":"https:\/\/kierr.nl\/de\/product\/kierr-hausturknopf-globe-mit-turgriff-kopie\/#primaryimage","url":"https:\/\/kierr.nl\/wp-content\/uploads\/2024\/10\/Globe-handle-1.jpg","contentUrl":"https:\/\/kierr.nl\/wp-content\/uploads\/2024\/10\/Globe-handle-1.jpg","width":1920,"height":1920,"caption":"Duerklink Globe Griff"},{"@type":"BreadcrumbList","@id":"https:\/\/kierr.nl\/de\/product\/kierr-hausturknopf-globe-mit-turgriff-kopie\/#breadcrumb","itemListElement":[{"@type":"ListItem","position":1,"name":"Startseite","item":"https:\/\/kierr.nl\/de\/"},{"@type":"ListItem","position":2,"name":"Shop","item":"https:\/\/kierr.nl\/de\/shop\/"},{"@type":"ListItem","position":3,"name":"Kierr Haust\u00fcrknauf Globe mit T\u00fcrgriff (rechtsh\u00e4ndig)"}]},{"@type":"WebSite","@id":"https:\/\/kierr.nl\/de\/#website","url":"https:\/\/kierr.nl\/de\/","name":"Kierr.nl","description":"Deur- en raambeslag","potentialAction":[{"@type":"SearchAction","target":{"@type":"EntryPoint","urlTemplate":"https:\/\/kierr.nl\/de\/?s={search_term_string}"},"query-input":{"@type":"PropertyValueSpecification","valueRequired":true,"valueName":"search_term_string"}}],"inLanguage":"de"}]}},"_links":{"self":[{"href":"https:\/\/kierr.nl\/de\/wp-json\/wp\/v2\/product\/5253","targetHints":{"allow":["GET"]}}],"collection":[{"href":"https:\/\/kierr.nl\/de\/wp-json\/wp\/v2\/product"}],"about":[{"href":"https:\/\/kierr.nl\/de\/wp-json\/wp\/v2\/types\/product"}],"wp:featuredmedia":[{"embeddable":true,"href":"https:\/\/kierr.nl\/de\/wp-json\/wp\/v2\/media\/3537"}],"wp:attachment":[{"href":"https:\/\/kierr.nl\/de\/wp-json\/wp\/v2\/media?parent=5253"}],"wp:term":[{"taxonomy":"product_brand","embeddable":true,"href":"https:\/\/kierr.nl\/de\/wp-json\/wp\/v2\/product_brand?post=5253"},{"taxonomy":"product_cat","embeddable":true,"href":"https:\/\/kierr.nl\/de\/wp-json\/wp\/v2\/product_cat?post=5253"},{"taxonomy":"product_tag","embeddable":true,"href":"https:\/\/kierr.nl\/de\/wp-json\/wp\/v2\/product_tag?post=5253"}],"curies":[{"name":"wp","href":"https:\/\/api.w.org\/{rel}","templated":true}]}}