{"id":5266,"date":"2024-07-05T07:42:40","date_gmt":"2024-07-05T05:42:40","guid":{"rendered":"https:\/\/kierr.nl\/product\/kierr-hold-200-2\/"},"modified":"2024-07-05T07:42:40","modified_gmt":"2024-07-05T05:42:40","slug":"kierr-hold-200-2","status":"publish","type":"product","link":"https:\/\/kierr.nl\/de\/product\/kierr-hold-200-2\/","title":{"rendered":"Kierr Hold 200"},"content":{"rendered":"<p>T\u00fcrfeststeller aus Edelstahl f\u00fcr Au\u00dfent\u00fcren, mit dem Sie Ihre Au\u00dfent\u00fcren ohne Bohren und Schrauben mit Hilfe eines sehr starken Klebebandes in jeder Position befestigen k\u00f6nnen.<br \/>\nDer T\u00fcrfeststeller Kierr Hold 200 ist aus rostfreiem Stahl gefertigt und hat ein elegantes Aussehen und eine Gummikappe f\u00fcr einen festen Halt.<br \/>\nAlso kein Bohren und Schrauben mehr, auch die ideale L\u00f6sung f\u00fcr Kunststofffensterrahmen!<br \/>\nDer T\u00fcrfeststeller \/ T\u00fcrstopper ist einfach zu bedienen, indem Sie mit dem Fu\u00df sanft auf die Druckkappe dr\u00fccken. Die Entriegelung kann auch mit dem Fu\u00df erfolgen, indem Sie auf die Entriegelungsplatte aus Edelstahl dr\u00fccken.<br \/>\nSie brauchen sich nicht zu b\u00fccken, um die T\u00fcr zu ver- oder entriegeln.<br \/>\nDer gro\u00dfe Vorteil gegen\u00fcber einem Bodenstopp ist, dass bei diesem T\u00fcrstopper keine Stolpergefahr besteht.<br \/>\nDar\u00fcber hinaus ist er aufgrund seines gr\u00f6\u00dferen Hubs von 8 cm ideal f\u00fcr Au\u00dfent\u00fcren geeignet.  <strong>Bitte beachten Sie, dass bei einem \u00dcberstand von weniger als 4 cm.<br \/>\nDieser T\u00fcrfeststeller ist nur geeignet, wenn Sie ihn H\u00d6HER an der T\u00fcr montieren, da die Federkraft sonst zu gering ist.  <\/strong><\/p>\n<table class=\"shop_attributes table table-bordered attribute-table table-striped\">\n<thead>\n<tr>\n<th>Eigenschaft<\/th>\n<th>Wert<\/th>\n<\/tr>\n<\/thead>\n<tbody>\n<tr>\n<th>Material<\/th>\n<td class=\"product_dimensions\">ROSTFREIER STAHL<\/td>\n<\/tr>\n<tr>\n<th>Form<\/th>\n<td class=\"product_dimensions\">Elegant<\/td>\n<\/tr>\n<tr>\n<th>L\u00e4nge<\/th>\n<td class=\"product_dimensions\">215 mm<\/td>\n<\/tr>\n<tr>\n<th>Breite<\/th>\n<td class=\"product_dimensions\">30 mm<\/td>\n<\/tr>\n<tr class=\"alt\">\n<th>Verfahrweg<\/th>\n<td>80 mm<\/td>\n<\/tr>\n<tr class=\"alt\">\n<th>Max. Gewicht der T\u00fcr<\/th>\n<td>60 KG<\/td>\n<\/tr>\n<tr>\n<th>Befestigung<\/th>\n<td>Sehr starkes Band<\/td>\n<\/tr>\n<tr class=\"alt\">\n<th>Farbe<\/th>\n<td>Silber<\/td>\n<\/tr>\n<tr>\n<th>Verkauft nach<\/th>\n<td>Nach St\u00fcck<\/td>\n<\/tr>\n<tr class=\"alt\">\n<th>F\u00fcr was ist das Produkt geeignet<\/th>\n<td>T\u00fcraufh\u00e4nger<\/td>\n<\/tr>\n<tr>\n<th>Pr\u00e4vention<\/th>\n<td>Die Verwendung erfolgt auf eigene Gefahr.<\/td>\n<\/tr>\n<\/tbody>\n<\/table>\n","protected":false},"excerpt":{"rendered":"<p>Der Kierr Hold 200 hat einen gro\u00dfen Federweg, mit dem Sie von der T\u00fcr aus gr\u00f6\u00dfere Entfernungen zum Boden zur\u00fccklegen k\u00f6nnen.<br \/>\nDer Kierr Hold 200 kann daher sehr gut f\u00fcr Au\u00dfent\u00fcren verwendet werden.<br \/>\nDer Vorteil gegen\u00fcber einem Bodenstopp ist, dass bei diesem T\u00fcrstopper keine Stolpergefahr besteht.<br \/>\nMontage ohne Bohren und Schrauben mittels des beiliegenden, sehr starken Klebebandes: \u2713 Geeignet als Fu\u00dft\u00fcrfeststeller \u2713 Hervorragend geeignet f\u00fcr Au\u00dfent\u00fcren \u2713 Feststeller bis zu 8 cm (ab Unterkante T\u00fcr) \u2713 Geeignet f\u00fcr T\u00fcren bis zu 60 kg \u2713 Elegante Edelstahloptik mit Klebeband \u2713 Keine Stolpergefahr<\/p>\n","protected":false},"featured_media":3836,"template":"","meta":{"_acf_changed":false,"site-sidebar-layout":"default","site-content-layout":"","ast-site-content-layout":"default","site-content-style":"default","site-sidebar-style":"default","ast-global-header-display":"","ast-banner-title-visibility":"","ast-main-header-display":"","ast-hfb-above-header-display":"","ast-hfb-below-header-display":"","ast-hfb-mobile-header-display":"","site-post-title":"","ast-breadcrumbs-content":"","ast-featured-img":"","footer-sml-layout":"","ast-disable-related-posts":"","theme-transparent-header-meta":"default","adv-header-id-meta":"","stick-header-meta":"","header-above-stick-meta":"","header-main-stick-meta":"","header-below-stick-meta":"","astra-migrate-meta-layouts":"default","ast-page-background-enabled":"default","ast-page-background-meta":{"desktop":{"background-color":"var(--ast-global-color-4)","background-image":"","background-repeat":"repeat","background-position":"center center","background-size":"auto","background-attachment":"scroll","background-type":"","background-media":"","overlay-type":"","overlay-color":"","overlay-opacity":"","overlay-gradient":""},"tablet":{"background-color":"","background-image":"","background-repeat":"repeat","background-position":"center center","background-size":"auto","background-attachment":"scroll","background-type":"","background-media":"","overlay-type":"","overlay-color":"","overlay-opacity":"","overlay-gradient":""},"mobile":{"background-color":"","background-image":"","background-repeat":"repeat","background-position":"center center","background-size":"auto","background-attachment":"scroll","background-type":"","background-media":"","overlay-type":"","overlay-color":"","overlay-opacity":"","overlay-gradient":""}},"ast-content-background-meta":{"desktop":{"background-color":"var(--ast-global-color-5)","background-image":"","background-repeat":"repeat","background-position":"center center","background-size":"auto","background-attachment":"scroll","background-type":"","background-media":"","overlay-type":"","overlay-color":"","overlay-opacity":"","overlay-gradient":""},"tablet":{"background-color":"var(--ast-global-color-5)","background-image":"","background-repeat":"repeat","background-position":"center center","background-size":"auto","background-attachment":"scroll","background-type":"","background-media":"","overlay-type":"","overlay-color":"","overlay-opacity":"","overlay-gradient":""},"mobile":{"background-color":"var(--ast-global-color-5)","background-image":"","background-repeat":"repeat","background-position":"center center","background-size":"auto","background-attachment":"scroll","background-type":"","background-media":"","overlay-type":"","overlay-color":"","overlay-opacity":"","overlay-gradient":""}}},"product_brand":[],"product_cat":[103],"product_tag":[],"class_list":{"0":"post-5266","1":"product","2":"type-product","3":"status-publish","4":"has-post-thumbnail","6":"product_cat-keine-kategorie","7":"desktop-align-center","8":"tablet-align-left","9":"mobile-align-left","10":"ast-product-gallery-layout-horizontal-slider","11":"ast-product-gallery-with-no-image","12":"ast-magnify-disabled","13":"ast-product-tabs-layout-horizontal","15":"first","16":"outofstock","17":"taxable","18":"shipping-taxable","19":"product-type-simple"},"acf":[],"yoast_head":"<!-- This site is optimized with the Yoast SEO plugin v27.4 - https:\/\/yoast.com\/product\/yoast-seo-wordpress\/ -->\n<title>Kierr Hold 200 - Kierr.nl<\/title>\n<meta name=\"robots\" content=\"index, follow, max-snippet:-1, max-image-preview:large, max-video-preview:-1\" \/>\n<link rel=\"canonical\" href=\"https:\/\/kierr.nl\/de\/product\/kierr-hold-200-2\/\" \/>\n<meta property=\"og:locale\" content=\"de_DE\" \/>\n<meta property=\"og:type\" content=\"article\" \/>\n<meta property=\"og:title\" content=\"Kierr Hold 200 - Kierr.nl\" \/>\n<meta property=\"og:description\" content=\"Der Kierr Hold 200 hat einen gro\u00dfen Federweg, mit dem Sie von der T\u00fcr aus gr\u00f6\u00dfere Entfernungen zum Boden zur\u00fccklegen k\u00f6nnen. Der Kierr Hold 200 kann daher sehr gut f\u00fcr Au\u00dfent\u00fcren verwendet werden. Der Vorteil gegen\u00fcber einem Bodenstopp ist, dass bei diesem T\u00fcrstopper keine Stolpergefahr besteht. Montage ohne Bohren und Schrauben mittels des beiliegenden, sehr starken Klebebandes: \u2713 Geeignet als Fu\u00dft\u00fcrfeststeller \u2713 Hervorragend geeignet f\u00fcr Au\u00dfent\u00fcren \u2713 Feststeller bis zu 8 cm (ab Unterkante T\u00fcr) \u2713 Geeignet f\u00fcr T\u00fcren bis zu 60 kg \u2713 Elegante Edelstahloptik mit Klebeband \u2713 Keine Stolpergefahr\" \/>\n<meta property=\"og:url\" content=\"https:\/\/kierr.nl\/de\/product\/kierr-hold-200-2\/\" \/>\n<meta property=\"og:site_name\" content=\"Kierr.nl\" \/>\n<meta property=\"og:image\" content=\"https:\/\/kierr.nl\/wp-content\/uploads\/2024\/07\/Frame-1-NIEUW-zonder.jpg\" \/>\n\t<meta property=\"og:image:width\" content=\"1600\" \/>\n\t<meta property=\"og:image:height\" content=\"1920\" \/>\n\t<meta property=\"og:image:type\" content=\"image\/jpeg\" \/>\n<meta name=\"twitter:card\" content=\"summary_large_image\" \/>\n<meta name=\"twitter:label1\" content=\"Gesch\u00e4tzte Lesezeit\" \/>\n\t<meta name=\"twitter:data1\" content=\"1\u00a0Minute\" \/>\n<script type=\"application\/ld+json\" class=\"yoast-schema-graph\">{\"@context\":\"https:\\\/\\\/schema.org\",\"@graph\":[{\"@type\":\"WebPage\",\"@id\":\"https:\\\/\\\/kierr.nl\\\/de\\\/product\\\/kierr-hold-200-2\\\/\",\"url\":\"https:\\\/\\\/kierr.nl\\\/de\\\/product\\\/kierr-hold-200-2\\\/\",\"name\":\"Kierr Hold 200 - Kierr.nl\",\"isPartOf\":{\"@id\":\"https:\\\/\\\/kierr.nl\\\/de\\\/#website\"},\"primaryImageOfPage\":{\"@id\":\"https:\\\/\\\/kierr.nl\\\/de\\\/product\\\/kierr-hold-200-2\\\/#primaryimage\"},\"image\":{\"@id\":\"https:\\\/\\\/kierr.nl\\\/de\\\/product\\\/kierr-hold-200-2\\\/#primaryimage\"},\"thumbnailUrl\":\"https:\\\/\\\/kierr.nl\\\/wp-content\\\/uploads\\\/2024\\\/07\\\/Frame-1-NIEUW-zonder.jpg\",\"datePublished\":\"2024-07-05T05:42:40+00:00\",\"breadcrumb\":{\"@id\":\"https:\\\/\\\/kierr.nl\\\/de\\\/product\\\/kierr-hold-200-2\\\/#breadcrumb\"},\"inLanguage\":\"de\",\"potentialAction\":[{\"@type\":\"ReadAction\",\"target\":[\"https:\\\/\\\/kierr.nl\\\/de\\\/product\\\/kierr-hold-200-2\\\/\"]}]},{\"@type\":\"ImageObject\",\"inLanguage\":\"de\",\"@id\":\"https:\\\/\\\/kierr.nl\\\/de\\\/product\\\/kierr-hold-200-2\\\/#primaryimage\",\"url\":\"https:\\\/\\\/kierr.nl\\\/wp-content\\\/uploads\\\/2024\\\/07\\\/Frame-1-NIEUW-zonder.jpg\",\"contentUrl\":\"https:\\\/\\\/kierr.nl\\\/wp-content\\\/uploads\\\/2024\\\/07\\\/Frame-1-NIEUW-zonder.jpg\",\"width\":1600,\"height\":1920,\"caption\":\"Kierr hold 200 T\u00fcrfeststeller\"},{\"@type\":\"BreadcrumbList\",\"@id\":\"https:\\\/\\\/kierr.nl\\\/de\\\/product\\\/kierr-hold-200-2\\\/#breadcrumb\",\"itemListElement\":[{\"@type\":\"ListItem\",\"position\":1,\"name\":\"Startseite\",\"item\":\"https:\\\/\\\/kierr.nl\\\/de\\\/\"},{\"@type\":\"ListItem\",\"position\":2,\"name\":\"Shop\",\"item\":\"https:\\\/\\\/kierr.nl\\\/de\\\/shop\\\/\"},{\"@type\":\"ListItem\",\"position\":3,\"name\":\"Kierr Hold 200\"}]},{\"@type\":\"WebSite\",\"@id\":\"https:\\\/\\\/kierr.nl\\\/de\\\/#website\",\"url\":\"https:\\\/\\\/kierr.nl\\\/de\\\/\",\"name\":\"Kierr.nl\",\"description\":\"Deur- en raambeslag\",\"potentialAction\":[{\"@type\":\"SearchAction\",\"target\":{\"@type\":\"EntryPoint\",\"urlTemplate\":\"https:\\\/\\\/kierr.nl\\\/de\\\/?s={search_term_string}\"},\"query-input\":{\"@type\":\"PropertyValueSpecification\",\"valueRequired\":true,\"valueName\":\"search_term_string\"}}],\"inLanguage\":\"de\"}]}<\/script>\n<!-- \/ Yoast SEO plugin. -->","yoast_head_json":{"title":"Kierr Hold 200 - Kierr.nl","robots":{"index":"index","follow":"follow","max-snippet":"max-snippet:-1","max-image-preview":"max-image-preview:large","max-video-preview":"max-video-preview:-1"},"canonical":"https:\/\/kierr.nl\/de\/product\/kierr-hold-200-2\/","og_locale":"de_DE","og_type":"article","og_title":"Kierr Hold 200 - Kierr.nl","og_description":"Der Kierr Hold 200 hat einen gro\u00dfen Federweg, mit dem Sie von der T\u00fcr aus gr\u00f6\u00dfere Entfernungen zum Boden zur\u00fccklegen k\u00f6nnen. Der Kierr Hold 200 kann daher sehr gut f\u00fcr Au\u00dfent\u00fcren verwendet werden. Der Vorteil gegen\u00fcber einem Bodenstopp ist, dass bei diesem T\u00fcrstopper keine Stolpergefahr besteht. Montage ohne Bohren und Schrauben mittels des beiliegenden, sehr starken Klebebandes: \u2713 Geeignet als Fu\u00dft\u00fcrfeststeller \u2713 Hervorragend geeignet f\u00fcr Au\u00dfent\u00fcren \u2713 Feststeller bis zu 8 cm (ab Unterkante T\u00fcr) \u2713 Geeignet f\u00fcr T\u00fcren bis zu 60 kg \u2713 Elegante Edelstahloptik mit Klebeband \u2713 Keine Stolpergefahr","og_url":"https:\/\/kierr.nl\/de\/product\/kierr-hold-200-2\/","og_site_name":"Kierr.nl","og_image":[{"width":1600,"height":1920,"url":"https:\/\/kierr.nl\/wp-content\/uploads\/2024\/07\/Frame-1-NIEUW-zonder.jpg","type":"image\/jpeg"}],"twitter_card":"summary_large_image","twitter_misc":{"Gesch\u00e4tzte Lesezeit":"1\u00a0Minute"},"schema":{"@context":"https:\/\/schema.org","@graph":[{"@type":"WebPage","@id":"https:\/\/kierr.nl\/de\/product\/kierr-hold-200-2\/","url":"https:\/\/kierr.nl\/de\/product\/kierr-hold-200-2\/","name":"Kierr Hold 200 - Kierr.nl","isPartOf":{"@id":"https:\/\/kierr.nl\/de\/#website"},"primaryImageOfPage":{"@id":"https:\/\/kierr.nl\/de\/product\/kierr-hold-200-2\/#primaryimage"},"image":{"@id":"https:\/\/kierr.nl\/de\/product\/kierr-hold-200-2\/#primaryimage"},"thumbnailUrl":"https:\/\/kierr.nl\/wp-content\/uploads\/2024\/07\/Frame-1-NIEUW-zonder.jpg","datePublished":"2024-07-05T05:42:40+00:00","breadcrumb":{"@id":"https:\/\/kierr.nl\/de\/product\/kierr-hold-200-2\/#breadcrumb"},"inLanguage":"de","potentialAction":[{"@type":"ReadAction","target":["https:\/\/kierr.nl\/de\/product\/kierr-hold-200-2\/"]}]},{"@type":"ImageObject","inLanguage":"de","@id":"https:\/\/kierr.nl\/de\/product\/kierr-hold-200-2\/#primaryimage","url":"https:\/\/kierr.nl\/wp-content\/uploads\/2024\/07\/Frame-1-NIEUW-zonder.jpg","contentUrl":"https:\/\/kierr.nl\/wp-content\/uploads\/2024\/07\/Frame-1-NIEUW-zonder.jpg","width":1600,"height":1920,"caption":"Kierr hold 200 T\u00fcrfeststeller"},{"@type":"BreadcrumbList","@id":"https:\/\/kierr.nl\/de\/product\/kierr-hold-200-2\/#breadcrumb","itemListElement":[{"@type":"ListItem","position":1,"name":"Startseite","item":"https:\/\/kierr.nl\/de\/"},{"@type":"ListItem","position":2,"name":"Shop","item":"https:\/\/kierr.nl\/de\/shop\/"},{"@type":"ListItem","position":3,"name":"Kierr Hold 200"}]},{"@type":"WebSite","@id":"https:\/\/kierr.nl\/de\/#website","url":"https:\/\/kierr.nl\/de\/","name":"Kierr.nl","description":"Deur- en raambeslag","potentialAction":[{"@type":"SearchAction","target":{"@type":"EntryPoint","urlTemplate":"https:\/\/kierr.nl\/de\/?s={search_term_string}"},"query-input":{"@type":"PropertyValueSpecification","valueRequired":true,"valueName":"search_term_string"}}],"inLanguage":"de"}]}},"_links":{"self":[{"href":"https:\/\/kierr.nl\/de\/wp-json\/wp\/v2\/product\/5266","targetHints":{"allow":["GET"]}}],"collection":[{"href":"https:\/\/kierr.nl\/de\/wp-json\/wp\/v2\/product"}],"about":[{"href":"https:\/\/kierr.nl\/de\/wp-json\/wp\/v2\/types\/product"}],"wp:featuredmedia":[{"embeddable":true,"href":"https:\/\/kierr.nl\/de\/wp-json\/wp\/v2\/media\/3836"}],"wp:attachment":[{"href":"https:\/\/kierr.nl\/de\/wp-json\/wp\/v2\/media?parent=5266"}],"wp:term":[{"taxonomy":"product_brand","embeddable":true,"href":"https:\/\/kierr.nl\/de\/wp-json\/wp\/v2\/product_brand?post=5266"},{"taxonomy":"product_cat","embeddable":true,"href":"https:\/\/kierr.nl\/de\/wp-json\/wp\/v2\/product_cat?post=5266"},{"taxonomy":"product_tag","embeddable":true,"href":"https:\/\/kierr.nl\/de\/wp-json\/wp\/v2\/product_tag?post=5266"}],"curies":[{"name":"wp","href":"https:\/\/api.w.org\/{rel}","templated":true}]}}